{"id":43684,"date":"2022-01-04T19:19:00","date_gmt":"2022-01-04T18:19:01","guid":{"rendered":"https:\/\/arak.spicehorse.eu\/?post_type=product&#038;p=43684"},"modified":"2025-05-27T20:52:01","modified_gmt":"2025-05-27T18:52:01","slug":"nathalie-refreshing-touch-spray","status":"publish","type":"product","link":"https:\/\/arak.spicehorse.eu\/sk\/produkt\/nathalie-refreshing-touch-spray\/","title":{"rendered":"Nathalie Refreshing Touch spray"},"content":{"rendered":"<p>Nathalie Horse Care Refreshing Touch spray odstra\u0148uje nepr\u00edjemn\u00e9 pachy z\u00a0neum\u00fdvate\u013enej jazdeckej v\u00fdstroje. \u010cistiace a\u00a0akt\u00edvne zlo\u017eky sa staraj\u00fa o\u00a0dostato\u010dn\u00fa hygienu, z\u00e1rove\u0148 udr\u017eiavaj\u00fa jazdeck\u00e9 \u010di\u017emy a\u00a0prilbu \u010dist\u00e9 a\u00a0svie\u017ee.<\/p>\n<p>Po pou\u017eit\u00ed nastriekajte pr\u00edpravok do vn\u00fatra top\u00e1nok, \u010di\u017eiem a\u00a0prilby. Nechajte uschn\u00fa\u0165, va\u0161a v\u00fdbava bude v\u017edy \u010dist\u00e1 so svie\u017eou v\u00f4\u0148ou.<\/p>\n<p><strong>Zlo\u017eenie<\/strong><\/p>\n<p>Aqua, Ethylhexyl Stearate, Cetearyl Alcohol,\u00a0Glycerin, Butyrospermum Parkii Butter, Glyceryl Stearate,\u00a0PEG-100 Stearate, Eucalyptus Globulus Leaf\/Twig Oil,\u00a0Honey Extract, Limonene, Linalool, Citric Acid, Sodium Benzoate, Phenoxyethanol,Chlorhexidine Digluconate, Parfum.<\/p>\n","protected":false},"excerpt":{"rendered":"<p>250ml<\/p>\n","protected":false},"featured_media":43687,"template":"","meta":{"_acf_changed":false},"product_cat":[3231,75,106],"product_tag":[1446,401],"acf":[],"yoast_head":"<!-- This site is optimized with the Yoast SEO plugin v21.4 - https:\/\/yoast.com\/wordpress\/plugins\/seo\/ -->\n<title>Nathalie Refreshing Touch spray - Spicehorse<\/title>\n<meta name=\"description\" content=\"spicehorse.eu | Nathalie Horse Care Refreshing Touch spray odstra\u0148uje nepr\u00edjemn\u00e9 pachy z\u00a0neum\u00fdvate\u013enej jazdeckej v\u00fdstroje.\" \/>\n<meta name=\"robots\" content=\"index, follow, max-snippet:-1, max-image-preview:large, max-video-preview:-1\" \/>\n<link rel=\"canonical\" href=\"https:\/\/arak.spicehorse.eu\/sk\/produkt\/nathalie-refreshing-touch-spray\/\" \/>\n<meta property=\"og:locale\" content=\"sk_SK\" \/>\n<meta property=\"og:type\" content=\"article\" \/>\n<meta property=\"og:title\" content=\"Nathalie Refreshing Touch spray - Spicehorse\" \/>\n<meta property=\"og:description\" content=\"spicehorse.eu | Nathalie Horse Care Refreshing Touch spray odstra\u0148uje nepr\u00edjemn\u00e9 pachy z\u00a0neum\u00fdvate\u013enej jazdeckej v\u00fdstroje.\" \/>\n<meta property=\"og:url\" content=\"https:\/\/arak.spicehorse.eu\/sk\/produkt\/nathalie-refreshing-touch-spray\/\" \/>\n<meta property=\"og:site_name\" content=\"Spicehorse\" \/>\n<meta property=\"article:publisher\" content=\"https:\/\/www.facebook.com\/SPICEHORSE-550385625402457\/\" \/>\n<meta property=\"article:modified_time\" content=\"2025-05-27T18:52:01+00:00\" \/>\n<meta property=\"og:image\" content=\"https:\/\/arak.spicehorse.eu\/wp-content\/uploads\/2022\/01\/Refreshing-Touch_250-ml.jpg\" \/>\n\t<meta property=\"og:image:width\" content=\"2454\" \/>\n\t<meta property=\"og:image:height\" content=\"2454\" \/>\n\t<meta property=\"og:image:type\" content=\"image\/jpeg\" \/>\n<meta name=\"twitter:card\" content=\"summary_large_image\" \/>\n<meta name=\"twitter:label1\" content=\"Predpokladan\u00fd \u010das \u010d\u00edtania\" \/>\n\t<meta name=\"twitter:data1\" content=\"1 min\u00fata\" \/>\n<script type=\"application\/ld+json\" class=\"yoast-schema-graph\">{\"@context\":\"https:\/\/schema.org\",\"@graph\":[{\"@type\":\"WebPage\",\"@id\":\"https:\/\/arak.spicehorse.eu\/sk\/produkt\/nathalie-refreshing-touch-spray\/\",\"url\":\"https:\/\/arak.spicehorse.eu\/sk\/produkt\/nathalie-refreshing-touch-spray\/\",\"name\":\"Nathalie Refreshing Touch spray - Spicehorse\",\"isPartOf\":{\"@id\":\"https:\/\/arak.spicehorse.eu\/en\/#website\"},\"datePublished\":\"2022-01-04T18:19:01+00:00\",\"dateModified\":\"2025-05-27T18:52:01+00:00\",\"description\":\"spicehorse.eu | Nathalie Horse Care Refreshing Touch spray odstra\u0148uje nepr\u00edjemn\u00e9 pachy z\u00a0neum\u00fdvate\u013enej jazdeckej v\u00fdstroje.\",\"breadcrumb\":{\"@id\":\"https:\/\/arak.spicehorse.eu\/sk\/produkt\/nathalie-refreshing-touch-spray\/#breadcrumb\"},\"inLanguage\":\"sk-SK\",\"potentialAction\":[{\"@type\":\"ReadAction\",\"target\":[\"https:\/\/arak.spicehorse.eu\/sk\/produkt\/nathalie-refreshing-touch-spray\/\"]}]},{\"@type\":\"BreadcrumbList\",\"@id\":\"https:\/\/arak.spicehorse.eu\/sk\/produkt\/nathalie-refreshing-touch-spray\/#breadcrumb\",\"itemListElement\":[{\"@type\":\"ListItem\",\"position\":1,\"name\":\"Home\",\"item\":\"https:\/\/arak.spicehorse.eu\/sk\/\"},{\"@type\":\"ListItem\",\"position\":2,\"name\":\"Predaj\u0148a\",\"item\":\"https:\/\/arak.spicehorse.eu\/sk\/predajna\/\"},{\"@type\":\"ListItem\",\"position\":3,\"name\":\"Nathalie Refreshing Touch spray\"}]},{\"@type\":\"WebSite\",\"@id\":\"https:\/\/arak.spicehorse.eu\/en\/#website\",\"url\":\"https:\/\/arak.spicehorse.eu\/en\/\",\"name\":\"Spicehorse\",\"description\":\"UNDER DEVELOPMENT -\",\"potentialAction\":[{\"@type\":\"SearchAction\",\"target\":{\"@type\":\"EntryPoint\",\"urlTemplate\":\"https:\/\/arak.spicehorse.eu\/en\/?s={search_term_string}\"},\"query-input\":\"required name=search_term_string\"}],\"inLanguage\":\"sk-SK\"}]}<\/script>\n<!-- \/ Yoast SEO plugin. -->","yoast_head_json":{"title":"Nathalie Refreshing Touch spray - Spicehorse","description":"spicehorse.eu | Nathalie Horse Care Refreshing Touch spray odstra\u0148uje nepr\u00edjemn\u00e9 pachy z\u00a0neum\u00fdvate\u013enej jazdeckej v\u00fdstroje.","robots":{"index":"index","follow":"follow","max-snippet":"max-snippet:-1","max-image-preview":"max-image-preview:large","max-video-preview":"max-video-preview:-1"},"canonical":"https:\/\/arak.spicehorse.eu\/sk\/produkt\/nathalie-refreshing-touch-spray\/","og_locale":"sk_SK","og_type":"article","og_title":"Nathalie Refreshing Touch spray - Spicehorse","og_description":"spicehorse.eu | Nathalie Horse Care Refreshing Touch spray odstra\u0148uje nepr\u00edjemn\u00e9 pachy z\u00a0neum\u00fdvate\u013enej jazdeckej v\u00fdstroje.","og_url":"https:\/\/arak.spicehorse.eu\/sk\/produkt\/nathalie-refreshing-touch-spray\/","og_site_name":"Spicehorse","article_publisher":"https:\/\/www.facebook.com\/SPICEHORSE-550385625402457\/","article_modified_time":"2025-05-27T18:52:01+00:00","og_image":[{"width":2454,"height":2454,"url":"https:\/\/arak.spicehorse.eu\/wp-content\/uploads\/2022\/01\/Refreshing-Touch_250-ml.jpg","type":"image\/jpeg"}],"twitter_card":"summary_large_image","twitter_misc":{"Predpokladan\u00fd \u010das \u010d\u00edtania":"1 min\u00fata"},"schema":{"@context":"https:\/\/schema.org","@graph":[{"@type":"WebPage","@id":"https:\/\/arak.spicehorse.eu\/sk\/produkt\/nathalie-refreshing-touch-spray\/","url":"https:\/\/arak.spicehorse.eu\/sk\/produkt\/nathalie-refreshing-touch-spray\/","name":"Nathalie Refreshing Touch spray - Spicehorse","isPartOf":{"@id":"https:\/\/arak.spicehorse.eu\/en\/#website"},"datePublished":"2022-01-04T18:19:01+00:00","dateModified":"2025-05-27T18:52:01+00:00","description":"spicehorse.eu | Nathalie Horse Care Refreshing Touch spray odstra\u0148uje nepr\u00edjemn\u00e9 pachy z\u00a0neum\u00fdvate\u013enej jazdeckej v\u00fdstroje.","breadcrumb":{"@id":"https:\/\/arak.spicehorse.eu\/sk\/produkt\/nathalie-refreshing-touch-spray\/#breadcrumb"},"inLanguage":"sk-SK","potentialAction":[{"@type":"ReadAction","target":["https:\/\/arak.spicehorse.eu\/sk\/produkt\/nathalie-refreshing-touch-spray\/"]}]},{"@type":"BreadcrumbList","@id":"https:\/\/arak.spicehorse.eu\/sk\/produkt\/nathalie-refreshing-touch-spray\/#breadcrumb","itemListElement":[{"@type":"ListItem","position":1,"name":"Home","item":"https:\/\/arak.spicehorse.eu\/sk\/"},{"@type":"ListItem","position":2,"name":"Predaj\u0148a","item":"https:\/\/arak.spicehorse.eu\/sk\/predajna\/"},{"@type":"ListItem","position":3,"name":"Nathalie Refreshing Touch spray"}]},{"@type":"WebSite","@id":"https:\/\/arak.spicehorse.eu\/en\/#website","url":"https:\/\/arak.spicehorse.eu\/en\/","name":"Spicehorse","description":"UNDER DEVELOPMENT -","potentialAction":[{"@type":"SearchAction","target":{"@type":"EntryPoint","urlTemplate":"https:\/\/arak.spicehorse.eu\/en\/?s={search_term_string}"},"query-input":"required name=search_term_string"}],"inLanguage":"sk-SK"}]}},"_links":{"self":[{"href":"https:\/\/arak.spicehorse.eu\/sk\/wp-json\/wp\/v2\/product\/43684"}],"collection":[{"href":"https:\/\/arak.spicehorse.eu\/sk\/wp-json\/wp\/v2\/product"}],"about":[{"href":"https:\/\/arak.spicehorse.eu\/sk\/wp-json\/wp\/v2\/types\/product"}],"wp:featuredmedia":[{"embeddable":true,"href":"https:\/\/arak.spicehorse.eu\/sk\/wp-json\/wp\/v2\/media\/43687"}],"wp:attachment":[{"href":"https:\/\/arak.spicehorse.eu\/sk\/wp-json\/wp\/v2\/media?parent=43684"}],"wp:term":[{"taxonomy":"product_cat","embeddable":true,"href":"https:\/\/arak.spicehorse.eu\/sk\/wp-json\/wp\/v2\/product_cat?post=43684"},{"taxonomy":"product_tag","embeddable":true,"href":"https:\/\/arak.spicehorse.eu\/sk\/wp-json\/wp\/v2\/product_tag?post=43684"}],"curies":[{"name":"wp","href":"https:\/\/api.w.org\/{rel}","templated":true}]}}