{"id":43985,"date":"2022-01-06T18:36:01","date_gmt":"2022-01-06T17:36:06","guid":{"rendered":"https:\/\/arak.spicehorse.eu\/?post_type=product&#038;p=43985"},"modified":"2023-11-23T11:26:01","modified_gmt":"2023-11-23T10:26:01","slug":"kentucky-wellington-mencestrova-cabraka-s-kamienkami","status":"publish","type":"product","link":"https:\/\/arak.spicehorse.eu\/sk\/produkt\/kentucky-wellington-mencestrova-cabraka-s-kamienkami\/","title":{"rendered":"Kentucky Wellington men\u010destrov\u00e1 \u010dabraka s kamienkami"},"content":{"rendered":"<p><span lang=\"SK\">Mimoriadne popul\u00e1rna \u010dabraka<\/span><span lang=\"SK\">\u00a0Kentucky\u00a0Horsewear\u00a0Wellington v\u00a0americkom \u0161t\u00fdle\u00a0. \u010cabraka je vyroben\u00e1 ru\u010dne, ve\u013emi odoln\u00fdm \u0161trikovan\u00edm, s men\u010destrov\u00fdmi a\u00a0kamienkov\u00fdmi detailmi, dokonale sa hod\u00ed k\u00a0men\u010destrovej podsedlovej de\u010dke a\u00a0band\u00e1\u017ei Velvet Pearls. <\/span><\/p>\n<p><span lang=\"SK\">\u010cabraka chr\u00e1ni u\u0161i ko\u0148a po\u010das jazdenia. Je modern\u00e1, jedine\u010dn\u00e1, s\u00a0ru\u010dn\u00fdm viazan\u00edm, mimoriadne odoln\u00e1. Oblas\u0165 okolo u\u0161\u00ed je vyroben\u00e1 z\u00a0pru\u017en\u00e9ho materi\u00e1lu,\u00a0slim\u00a0fit.<\/span><\/p>\n<p><span lang=\"SK\">V\u010faka pred\u013a\u017eenej \u010dasti v\u00a0oblasti krku sa \u010dabraka ne\u0161m\u00fdka. Je bez loga, \u013eahko na nej m\u00f4\u017eete umiestni\u0165 svoje vlastn\u00e9 alebo sponzorsk\u00e9 logo.<\/span><\/p>\n<p><span lang=\"SK\">Mo\u017eno pra\u0165 ru\u010dne.<\/span><\/p>\n","protected":false},"excerpt":{"rendered":"<ul>\n<li>S men\u010destrov\u00fdmi a\u00a0kamienkov\u00fdmi detailmi<\/li>\n<li>Ru\u010dne vyroben\u00fd v\u00fdrobok vynikaj\u00facej kvality<\/li>\n<li>Slim fit<\/li>\n<li>S\u00a0pred\u013a\u017eenou kr\u010dnou \u010das\u0165ou, aby sa \u010dabraka ne\u0161m\u00fdkala<\/li>\n<li>Ru\u010dn\u00e9 pranie<\/li>\n<\/ul>\n","protected":false},"featured_media":66403,"template":"","meta":{"_acf_changed":false},"product_cat":[75,108],"product_tag":[265,241,184,324],"acf":[],"yoast_head":"<!-- This site is optimized with the Yoast SEO plugin v21.4 - https:\/\/yoast.com\/wordpress\/plugins\/seo\/ -->\n<title>Kentucky Wellington men\u010destrov\u00e1 \u010dabraka s kamienkami - Spicehorse<\/title>\n<meta name=\"description\" content=\"spicehorse.eu | Mimoriadne popul\u00e1rna \u010dabraka\u00a0Kentucky\u00a0Horsewear\u00a0Wellington v\u00a0americkom \u0161t\u00fdle\u00a0. \u010cabraka je vyroben\u00e1 ru\u010dne, ve\u013emi odoln\u00fdm \u0161trikovan\u00edm, s men\u010destrov\u00fdmi a\u00a0kamienkov\u00fdmi detailmi.\" \/>\n<meta name=\"robots\" content=\"index, follow, max-snippet:-1, max-image-preview:large, max-video-preview:-1\" \/>\n<link rel=\"canonical\" href=\"https:\/\/arak.spicehorse.eu\/sk\/produkt\/kentucky-wellington-mencestrova-cabraka-s-kamienkami\/\" \/>\n<meta property=\"og:locale\" content=\"sk_SK\" \/>\n<meta property=\"og:type\" content=\"article\" \/>\n<meta property=\"og:title\" content=\"Kentucky Wellington men\u010destrov\u00e1 \u010dabraka s kamienkami - Spicehorse\" \/>\n<meta property=\"og:description\" content=\"spicehorse.eu | Mimoriadne popul\u00e1rna \u010dabraka\u00a0Kentucky\u00a0Horsewear\u00a0Wellington v\u00a0americkom \u0161t\u00fdle\u00a0. \u010cabraka je vyroben\u00e1 ru\u010dne, ve\u013emi odoln\u00fdm \u0161trikovan\u00edm, s men\u010destrov\u00fdmi a\u00a0kamienkov\u00fdmi detailmi.\" \/>\n<meta property=\"og:url\" content=\"https:\/\/arak.spicehorse.eu\/sk\/produkt\/kentucky-wellington-mencestrova-cabraka-s-kamienkami\/\" \/>\n<meta property=\"og:site_name\" content=\"Spicehorse\" \/>\n<meta property=\"article:publisher\" content=\"https:\/\/www.facebook.com\/SPICEHORSE-550385625402457\/\" \/>\n<meta property=\"article:modified_time\" content=\"2023-11-23T10:26:01+00:00\" \/>\n<meta property=\"og:image\" content=\"https:\/\/arak.spicehorse.eu\/wp-content\/uploads\/2022\/01\/485a2197-564c22e810080218547dfa1c1093aa08-article-photobook-l.webp\" \/>\n\t<meta property=\"og:image:width\" content=\"728\" \/>\n\t<meta property=\"og:image:height\" content=\"728\" \/>\n\t<meta property=\"og:image:type\" content=\"image\/webp\" \/>\n<meta name=\"twitter:card\" content=\"summary_large_image\" \/>\n<meta name=\"twitter:label1\" content=\"Predpokladan\u00fd \u010das \u010d\u00edtania\" \/>\n\t<meta name=\"twitter:data1\" content=\"1 min\u00fata\" \/>\n<script type=\"application\/ld+json\" class=\"yoast-schema-graph\">{\"@context\":\"https:\/\/schema.org\",\"@graph\":[{\"@type\":\"WebPage\",\"@id\":\"https:\/\/arak.spicehorse.eu\/sk\/produkt\/kentucky-wellington-mencestrova-cabraka-s-kamienkami\/\",\"url\":\"https:\/\/arak.spicehorse.eu\/sk\/produkt\/kentucky-wellington-mencestrova-cabraka-s-kamienkami\/\",\"name\":\"Kentucky Wellington men\u010destrov\u00e1 \u010dabraka s kamienkami - Spicehorse\",\"isPartOf\":{\"@id\":\"https:\/\/arak.spicehorse.eu\/en\/#website\"},\"datePublished\":\"2022-01-06T17:36:06+00:00\",\"dateModified\":\"2023-11-23T10:26:01+00:00\",\"description\":\"spicehorse.eu | Mimoriadne popul\u00e1rna \u010dabraka\u00a0Kentucky\u00a0Horsewear\u00a0Wellington v\u00a0americkom \u0161t\u00fdle\u00a0. \u010cabraka je vyroben\u00e1 ru\u010dne, ve\u013emi odoln\u00fdm \u0161trikovan\u00edm, s men\u010destrov\u00fdmi a\u00a0kamienkov\u00fdmi detailmi.\",\"breadcrumb\":{\"@id\":\"https:\/\/arak.spicehorse.eu\/sk\/produkt\/kentucky-wellington-mencestrova-cabraka-s-kamienkami\/#breadcrumb\"},\"inLanguage\":\"sk-SK\",\"potentialAction\":[{\"@type\":\"ReadAction\",\"target\":[\"https:\/\/arak.spicehorse.eu\/sk\/produkt\/kentucky-wellington-mencestrova-cabraka-s-kamienkami\/\"]}]},{\"@type\":\"BreadcrumbList\",\"@id\":\"https:\/\/arak.spicehorse.eu\/sk\/produkt\/kentucky-wellington-mencestrova-cabraka-s-kamienkami\/#breadcrumb\",\"itemListElement\":[{\"@type\":\"ListItem\",\"position\":1,\"name\":\"Home\",\"item\":\"https:\/\/arak.spicehorse.eu\/sk\/\"},{\"@type\":\"ListItem\",\"position\":2,\"name\":\"Predaj\u0148a\",\"item\":\"https:\/\/arak.spicehorse.eu\/sk\/predajna\/\"},{\"@type\":\"ListItem\",\"position\":3,\"name\":\"Kentucky Wellington men\u010destrov\u00e1 \u010dabraka s kamienkami\"}]},{\"@type\":\"WebSite\",\"@id\":\"https:\/\/arak.spicehorse.eu\/en\/#website\",\"url\":\"https:\/\/arak.spicehorse.eu\/en\/\",\"name\":\"Spicehorse\",\"description\":\"UNDER DEVELOPMENT -\",\"potentialAction\":[{\"@type\":\"SearchAction\",\"target\":{\"@type\":\"EntryPoint\",\"urlTemplate\":\"https:\/\/arak.spicehorse.eu\/en\/?s={search_term_string}\"},\"query-input\":\"required name=search_term_string\"}],\"inLanguage\":\"sk-SK\"}]}<\/script>\n<!-- \/ Yoast SEO plugin. -->","yoast_head_json":{"title":"Kentucky Wellington men\u010destrov\u00e1 \u010dabraka s kamienkami - Spicehorse","description":"spicehorse.eu | Mimoriadne popul\u00e1rna \u010dabraka\u00a0Kentucky\u00a0Horsewear\u00a0Wellington v\u00a0americkom \u0161t\u00fdle\u00a0. \u010cabraka je vyroben\u00e1 ru\u010dne, ve\u013emi odoln\u00fdm \u0161trikovan\u00edm, s men\u010destrov\u00fdmi a\u00a0kamienkov\u00fdmi detailmi.","robots":{"index":"index","follow":"follow","max-snippet":"max-snippet:-1","max-image-preview":"max-image-preview:large","max-video-preview":"max-video-preview:-1"},"canonical":"https:\/\/arak.spicehorse.eu\/sk\/produkt\/kentucky-wellington-mencestrova-cabraka-s-kamienkami\/","og_locale":"sk_SK","og_type":"article","og_title":"Kentucky Wellington men\u010destrov\u00e1 \u010dabraka s kamienkami - Spicehorse","og_description":"spicehorse.eu | Mimoriadne popul\u00e1rna \u010dabraka\u00a0Kentucky\u00a0Horsewear\u00a0Wellington v\u00a0americkom \u0161t\u00fdle\u00a0. \u010cabraka je vyroben\u00e1 ru\u010dne, ve\u013emi odoln\u00fdm \u0161trikovan\u00edm, s men\u010destrov\u00fdmi a\u00a0kamienkov\u00fdmi detailmi.","og_url":"https:\/\/arak.spicehorse.eu\/sk\/produkt\/kentucky-wellington-mencestrova-cabraka-s-kamienkami\/","og_site_name":"Spicehorse","article_publisher":"https:\/\/www.facebook.com\/SPICEHORSE-550385625402457\/","article_modified_time":"2023-11-23T10:26:01+00:00","og_image":[{"width":728,"height":728,"url":"https:\/\/arak.spicehorse.eu\/wp-content\/uploads\/2022\/01\/485a2197-564c22e810080218547dfa1c1093aa08-article-photobook-l.webp","type":"image\/webp"}],"twitter_card":"summary_large_image","twitter_misc":{"Predpokladan\u00fd \u010das \u010d\u00edtania":"1 min\u00fata"},"schema":{"@context":"https:\/\/schema.org","@graph":[{"@type":"WebPage","@id":"https:\/\/arak.spicehorse.eu\/sk\/produkt\/kentucky-wellington-mencestrova-cabraka-s-kamienkami\/","url":"https:\/\/arak.spicehorse.eu\/sk\/produkt\/kentucky-wellington-mencestrova-cabraka-s-kamienkami\/","name":"Kentucky Wellington men\u010destrov\u00e1 \u010dabraka s kamienkami - Spicehorse","isPartOf":{"@id":"https:\/\/arak.spicehorse.eu\/en\/#website"},"datePublished":"2022-01-06T17:36:06+00:00","dateModified":"2023-11-23T10:26:01+00:00","description":"spicehorse.eu | Mimoriadne popul\u00e1rna \u010dabraka\u00a0Kentucky\u00a0Horsewear\u00a0Wellington v\u00a0americkom \u0161t\u00fdle\u00a0. \u010cabraka je vyroben\u00e1 ru\u010dne, ve\u013emi odoln\u00fdm \u0161trikovan\u00edm, s men\u010destrov\u00fdmi a\u00a0kamienkov\u00fdmi detailmi.","breadcrumb":{"@id":"https:\/\/arak.spicehorse.eu\/sk\/produkt\/kentucky-wellington-mencestrova-cabraka-s-kamienkami\/#breadcrumb"},"inLanguage":"sk-SK","potentialAction":[{"@type":"ReadAction","target":["https:\/\/arak.spicehorse.eu\/sk\/produkt\/kentucky-wellington-mencestrova-cabraka-s-kamienkami\/"]}]},{"@type":"BreadcrumbList","@id":"https:\/\/arak.spicehorse.eu\/sk\/produkt\/kentucky-wellington-mencestrova-cabraka-s-kamienkami\/#breadcrumb","itemListElement":[{"@type":"ListItem","position":1,"name":"Home","item":"https:\/\/arak.spicehorse.eu\/sk\/"},{"@type":"ListItem","position":2,"name":"Predaj\u0148a","item":"https:\/\/arak.spicehorse.eu\/sk\/predajna\/"},{"@type":"ListItem","position":3,"name":"Kentucky Wellington men\u010destrov\u00e1 \u010dabraka s kamienkami"}]},{"@type":"WebSite","@id":"https:\/\/arak.spicehorse.eu\/en\/#website","url":"https:\/\/arak.spicehorse.eu\/en\/","name":"Spicehorse","description":"UNDER DEVELOPMENT -","potentialAction":[{"@type":"SearchAction","target":{"@type":"EntryPoint","urlTemplate":"https:\/\/arak.spicehorse.eu\/en\/?s={search_term_string}"},"query-input":"required name=search_term_string"}],"inLanguage":"sk-SK"}]}},"_links":{"self":[{"href":"https:\/\/arak.spicehorse.eu\/sk\/wp-json\/wp\/v2\/product\/43985"}],"collection":[{"href":"https:\/\/arak.spicehorse.eu\/sk\/wp-json\/wp\/v2\/product"}],"about":[{"href":"https:\/\/arak.spicehorse.eu\/sk\/wp-json\/wp\/v2\/types\/product"}],"wp:featuredmedia":[{"embeddable":true,"href":"https:\/\/arak.spicehorse.eu\/sk\/wp-json\/wp\/v2\/media\/66403"}],"wp:attachment":[{"href":"https:\/\/arak.spicehorse.eu\/sk\/wp-json\/wp\/v2\/media?parent=43985"}],"wp:term":[{"taxonomy":"product_cat","embeddable":true,"href":"https:\/\/arak.spicehorse.eu\/sk\/wp-json\/wp\/v2\/product_cat?post=43985"},{"taxonomy":"product_tag","embeddable":true,"href":"https:\/\/arak.spicehorse.eu\/sk\/wp-json\/wp\/v2\/product_tag?post=43985"}],"curies":[{"name":"wp","href":"https:\/\/api.w.org\/{rel}","templated":true}]}}