{"id":46057,"date":"2022-01-25T19:06:09","date_gmt":"2022-01-25T18:06:31","guid":{"rendered":"https:\/\/arak.spicehorse.eu\/?post_type=product&#038;p=46057"},"modified":"2025-07-25T18:07:32","modified_gmt":"2025-07-25T16:07:32","slug":"winderen-podlozka-pod-sedlo-comfort-18mm-skokova","status":"publish","type":"product","link":"https:\/\/arak.spicehorse.eu\/sk\/produkt\/winderen-podlozka-pod-sedlo-comfort-18mm-skokova\/","title":{"rendered":"Winderen podlo\u017eka pod sedlo Comfort 18mm skokov\u00e1"},"content":{"rendered":"<p class=\"s8\"><span class=\"s5\">Winderen<\/span> <span class=\"s5\">Equestrian<\/span> <span class=\"s5\">podlo\u017eka pod sedlo pr\u00e9miovej kvality s technol\u00f3giou<\/span> <span class=\"s5\">Back<\/span><span class=\"s5\">Protect<\/span> <span class=\"s5\">Solution<\/span> <span class=\"s5\">je <\/span><span class=\"s5\">navrhnut\u00e1 s\u00a0t\u00fdm cie\u013eom, aby chr\u00e1nila chrb\u00e1t ko\u0148a aj\u00a0jazdca a\u00a0pom\u00e1hala ko\u0148om uvo\u013eni\u0165 sa v\u00a0sedle, \u010d\u00edm sa zvy\u0161uje z\u00e1\u017eitok z\u00a0jazdenia. Dokonale sp\u00e1ja eleganciu s\u00a0pohodl\u00edm.<\/span><\/p>\n<p class=\"s8\"><strong><span class=\"s9\">V\u00fdhody, ktor\u00e9 pon\u00faka pre kone<\/span><\/strong><\/p>\n<p class=\"s8\"><span class=\"s5\">Dokonale dosad\u00e1, v\u00fdrazne zni\u017euje tlakov\u00e9 body a\u00a0v\u010faka rovnomern\u00e9mu rozlo\u017eeniu v\u00e1hy sedlo primerane dosad\u00e1 na chrb\u00e1t ko\u0148a. Podporuje rozvoj svalov, svaly tiahnuce sa pozd\u013a\u017e konsk\u00e9ho chrbta sa dok\u00e1\u017eu \u013eah\u0161ie uvo\u013e\u0148ova\u0165 a\u00a0s\u0165ahova\u0165 pri ka\u017edodennom jazden\u00ed. K\u00f4\u0148 sa pohybuje po\u013eahky a\u00a0vo\u013ene pri ka\u017edom druhu ch\u00f4dze. Dynamicky zni\u017euje tlak, v\u00fdrazne <\/span><span class=\"s5\">sa <\/span><span class=\"s5\">zni\u017euje tlak na chrb\u00e1t ko\u0148a pri odr\u00e1\u017ean\u00ed sa pri skokoch <\/span><span class=\"s5\">a\u00a0dopade na zem. Vo\u013en\u00fd priestor pre oblas\u0165 citliv\u00e9ho koh\u00fatika, zabezpe\u010duje maxim\u00e1lne pohodlie pre ko\u0148a. <\/span><\/p>\n<p class=\"s8\"><strong><span class=\"s9\">V\u00fdhody, ktor\u00e9 pon\u00faka pre jazdca<\/span><\/strong><\/p>\n<p class=\"s8\"><span class=\"s5\">Ergonomi<\/span><span class=\"s5\">ck\u00e9 tvarovanie, svaly chrbta dok\u00e1\u017eu vo\u013enej\u0161ie pracova\u0165 pri jazden\u00ed a\u00a0pri skokoch<\/span><span class=\"s5\">. Minim\u00e1l<\/span><span class=\"s5\">ne nap\u00e4tie, v\u00fdrazne sa zni\u017euje boles\u0165 <\/span><span class=\"s5\">chrbta a\u00a0krku, ktor\u00fa pozorujeme po tr\u00e9ningoch a\u00a0s\u00fa\u0165a\u017eiach.<\/span><span class=\"s5\"> Stabiliz<\/span><span class=\"s5\">uje sedlo<\/span><span class=\"s5\">, <\/span><span class=\"s5\">nestabilita kles\u00e1 na minim\u00e1lnu mieru. <\/span><\/p>\n<p class=\"s8\"><strong><span class=\"s9\">P\u00e4\u0165vrstvov\u00e1 \u0161trukt\u00fara \u0161pi\u010dkovej technol\u00f3gie<\/span><\/strong><\/p>\n<p class=\"s8\"><span class=\"s5\">Najvrchnej\u0161ia vrstva je obl\u00fakovit\u00fd nylonov\u00fd kryt, ktor\u00fd je mimoriadne odoln\u00fd, neo\u0161\u00facha sa, netrh\u00e1, je vymenite\u013en\u00fd, chr\u00e1ni spodnej\u0161ie vrstvy pred zne\u010disten\u00edm a\u00a0zabra\u0148uje zo\u0161mykovaniu sedla<\/span><span class=\"s5\">. K\u00a0podlo\u017ek\u00e1m pod sedlo <\/span><span class=\"s5\">Winderen<\/span><span class=\"s5\"> si mo\u017eno osobitne zak\u00fapi\u0165 menite\u013en\u00fd po\u0165ah, t\u00fdm p\u00e1dom m\u00f4\u017eete jednu podlo\u017eku po\u013eahky kombinova\u0165 s\u00a0viacer\u00fdmi setmi.<\/span><\/p>\n<p class=\"s8\"><span class=\"s5\">\u010eal\u0161ia vrstva je modern\u00e1, dynamicky stabilizuj\u00faca vrstva, ktor\u00e1 zvy\u0161uje stykov\u00fd povrch sedla s\u00a0chrbtom ko\u0148a a\u00a0stabilizuje sedlo. Pri sedl\u00e1ch, ktor\u00e9 nedosadaj\u00fa dokonale t\u00e1to vrstva kompenzuje telesn\u00fa stavbu ko\u0148a.<\/span><\/p>\n<p class=\"s8\"><span class=\"s5\">Tretia vrstva je materi\u00e1l, ktor\u00fd popiera v\u0161etky fyzik\u00e1lne z\u00e1kony <\/span><span class=\"s5\">(<\/span><span class=\"s5\">non-newtonian<\/span><span class=\"s5\">)<\/span><span class=\"s5\">, pou\u017e\u00edva sa v\u00a0modernom vojenskom priemysle. Je mimoriadne pru\u017en\u00fd a\u00a0je schopn\u00fd <\/span><span class=\"s5\">\u00a0<\/span><span class=\"s5\">schopn\u00e9 uchov\u00e1va\u0165 a absorbova\u0165 zna\u010dn\u00e9 mno\u017estv\u00e1 kinetickej energie<\/span><span class=\"s5\">. <\/span><span class=\"s5\">\u00dalohou je pohlcova\u0165 nadbyto\u010dn\u00fa energiu, ktor\u00e1 vznik\u00e1 po\u010das jazdenia. <\/span><\/p>\n<p class=\"s8\"><span class=\"s5\">\u0160tvrt\u00e1 vrstva je syntetick\u00e9 <\/span><span class=\"s5\">biomechanick\u00e9 spojivov\u00e9 tkanivo<\/span><span class=\"s5\">, ktor\u00e9 je navrhnut\u00e9 tak, aby <\/span><span class=\"s5\">zn\u00ed\u017een\u00edm s\u00edl p\u00f4sobiacich na chrbtov\u00e9 svaly ko\u0148a, chr\u00e1ni<\/span><span class=\"s5\">l<\/span><span class=\"s5\"> svaly<\/span><span class=\"s5\"> umiestnen\u00e9 pod podlo\u017ekou a\u00a0podporoval uvo\u013enenie a\u00a0rozv\u00edjanie svalstva. Chrb\u00e1t ko\u0148a sa t\u00fdm p\u00e1dom uvo\u013en\u00ed a\u00a0u\u013eah\u010d\u00ed sa <\/span><span class=\"s5\">jeho <\/span><span class=\"s5\">pohyb<\/span><span class=\"s5\">.<\/span><\/p>\n<p class=\"s8\"><span class=\"s5\">Funkcia spodn\u00e9ho krytu z <\/span><span class=\"s5\">k<\/span><span class=\"s5\">evlar<\/span><span class=\"s5\">u<\/span><span class=\"s5\"> je, aby pevne udr\u017eala na <\/span><span class=\"s5\">podsedlovej<\/span><span class=\"s5\"> de\u010dke <\/span><span class=\"s5\">Back<\/span><span class=\"s5\">Protect<\/span> <span class=\"s5\">Solution<\/span> <span class=\"s5\">podlo\u017eku pod sedlo a\u00a0zabr\u00e1nila t\u00fdm zo\u0161mykovaniu sedla. <\/span><span class=\"s5\">Por\u00e9zna <\/span><span class=\"s5\">\u0161trukt\u00fara<\/span> <span class=\"s5\">kevlarovej<\/span><span class=\"s5\"> sie\u0165oviny zais\u0165uje, aby <\/span><span class=\"s5\">bol <\/span><span class=\"s5\">syst\u00e9m<\/span><span class=\"s5\">u<\/span><span class=\"s5\"> absorpcie energie <\/span><span class=\"s5\">spr\u00edstupnen\u00fd<\/span><span class=\"s5\"> \u010derstv\u00fd vzduch, <\/span><span class=\"s5\">a <\/span><span class=\"s5\">aby bol <\/span><span class=\"s5\">t\u00fdm p\u00e1dom <\/span><span class=\"s5\">chr\u00e1nen\u00fd pred vlhkos\u0165ou<\/span><span class=\"s5\">.<\/span><\/p>\n<p class=\"s8\"><span class=\"s5\">Winderen<\/span> <span class=\"s5\">podlo\u017eky pod sedlo maj\u00fa mimo pou\u017e\u00edvania merav\u00fd tvar, ktor\u00fd sa po umiestnen\u00ed na chrb\u00e1t ko\u0148a pod vplyvom tepla uvo\u013en\u00ed a\u00a0preberie tvar konsk\u00e9ho chrbta. Po pou\u017eit\u00ed sa vr\u00e1ti do p\u00f4vodnej polohy. Obzvl\u00e1\u0161\u0165 odpor\u00fa\u010dan\u00e9 s\u00fa pre jazdcov s\u00a0probl\u00e9mami chrbtice a\u00a0pre kone s\u00a0citliv\u00fdm chrbtom.<\/span><\/p>\n<p class=\"s8\"><span class=\"s5\">Podlo\u017eka pod sedlo Winderen COMFORT s hr\u00fabkou 18 mm je vhodn\u00e1 k v\u00e4\u010d\u0161ine sediel.<\/span><\/p>\n<p class=\"s8\"><span class=\"s5\">Winderen<\/span> <span class=\"s5\">podlo\u017eku pod sedlo mo\u017eno \u010disti\u0165 pomocou vlhkej utierky alebo \u0161pongie, po\u0165ah mo\u017eno pra\u0165 na 30\u00b0C (po odstr\u00e1nen\u00ed vn\u00fatorn\u00fdch vlo\u017eiek<\/span><span class=\"s5\">).<\/span><\/p>\n<p class=\"s8\"><span class=\"s5\">Je dostupn\u00e1 v\u00a0\u0161irokej palete farieb a\u00a0ve\u013ekost\u00ed.<\/span><\/p>\n","protected":false},"excerpt":{"rendered":"<ul>\n<li class=\"s6\"><span class=\"s5\">Ergonomi<\/span><span class=\"s5\">ck\u00e9 tvarovanie<\/span><\/li>\n<li class=\"s6\"><span class=\"s5\">D<\/span><span class=\"s5\">y<\/span><span class=\"s5\">nami<\/span><span class=\"s5\">cky klesaj\u00faci tlak<\/span><\/li>\n<li class=\"s6\"><span class=\"s5\">Zdokona\u013euje dosadnutie sedla<\/span><\/li>\n<li class=\"s6\"><span class=\"s5\">K\u00f4\u0148 sa pohybuje vo\u013ene a\u00a0po\u013eahky pri ka\u017edom druhu ch\u00f4dze<\/span><\/li>\n<li class=\"s6\"><span class=\"s5\">Podporuje rozvoj svalstva<\/span><\/li>\n<li class=\"s6\"><span class=\"s5\">Menite\u013en\u00fd vonkaj\u0161\u00ed kryt<\/span><\/li>\n<li class=\"s6\"><span class=\"s5\">Vo\u013en\u00e9 miesto pre koh\u00fatik<\/span><\/li>\n<li class=\"s6\"><span class=\"s5\">Jednoduch<\/span><span class=\"s5\">\u00e1 \u00fadr\u017eba<\/span><\/li>\n<li class=\"s6\"><span class=\"s5\">V\u00fdber z\u00a0viacer\u00fdch ve\u013ekost\u00ed<\/span><\/li>\n<\/ul>\n","protected":false},"featured_media":113713,"template":"","meta":{"_acf_changed":false},"product_cat":[75,366],"product_tag":[383,219,192,1410,1591],"acf":[],"yoast_head":"<!-- This site is optimized with the Yoast SEO plugin v21.4 - https:\/\/yoast.com\/wordpress\/plugins\/seo\/ -->\n<title>Winderen podlo\u017eka pod sedlo Comfort 18mm skokov\u00e1 - Spicehorse<\/title>\n<meta name=\"description\" content=\"spicehorse.eu | Winderen Equestrian podlo\u017eka pod sedlo pr\u00e9miovej kvality s technol\u00f3giou BackProtect Solution je navrhnut\u00e1 s\u00a0t\u00fdm cie\u013eom, aby chr\u00e1nila chrb\u00e1t ko\u0148a aj\u00a0jazdca a\u00a0pom\u00e1hala ko\u0148om uvo\u013eni\u0165 sa v\u00a0sedle, \u010d\u00edm sa zvy\u0161uje z\u00e1\u017eitok z\u00a0jazdenia.\" \/>\n<meta name=\"robots\" content=\"index, follow, max-snippet:-1, max-image-preview:large, max-video-preview:-1\" \/>\n<link rel=\"canonical\" href=\"https:\/\/arak.spicehorse.eu\/sk\/produkt\/winderen-podlozka-pod-sedlo-comfort-18mm-skokova\/\" \/>\n<meta property=\"og:locale\" content=\"sk_SK\" \/>\n<meta property=\"og:type\" content=\"article\" \/>\n<meta property=\"og:title\" content=\"Winderen podlo\u017eka pod sedlo Comfort 18mm skokov\u00e1 - Spicehorse\" \/>\n<meta property=\"og:description\" content=\"spicehorse.eu | Winderen Equestrian podlo\u017eka pod sedlo pr\u00e9miovej kvality s technol\u00f3giou BackProtect Solution je navrhnut\u00e1 s\u00a0t\u00fdm cie\u013eom, aby chr\u00e1nila chrb\u00e1t ko\u0148a aj\u00a0jazdca a\u00a0pom\u00e1hala ko\u0148om uvo\u013eni\u0165 sa v\u00a0sedle, \u010d\u00edm sa zvy\u0161uje z\u00e1\u017eitok z\u00a0jazdenia.\" \/>\n<meta property=\"og:url\" content=\"https:\/\/arak.spicehorse.eu\/sk\/produkt\/winderen-podlozka-pod-sedlo-comfort-18mm-skokova\/\" \/>\n<meta property=\"og:site_name\" content=\"Spicehorse\" \/>\n<meta property=\"article:publisher\" content=\"https:\/\/www.facebook.com\/SPICEHORSE-550385625402457\/\" \/>\n<meta property=\"article:modified_time\" content=\"2025-07-25T16:07:32+00:00\" \/>\n<meta property=\"og:image\" content=\"https:\/\/arak.spicehorse.eu\/wp-content\/uploads\/2022\/01\/IMG_3860.jpg\" \/>\n\t<meta property=\"og:image:width\" content=\"1170\" \/>\n\t<meta property=\"og:image:height\" content=\"1635\" \/>\n\t<meta property=\"og:image:type\" content=\"image\/jpeg\" \/>\n<meta name=\"twitter:card\" content=\"summary_large_image\" \/>\n<meta name=\"twitter:label1\" content=\"Predpokladan\u00fd \u010das \u010d\u00edtania\" \/>\n\t<meta name=\"twitter:data1\" content=\"3 min\u00faty\" \/>\n<script type=\"application\/ld+json\" class=\"yoast-schema-graph\">{\"@context\":\"https:\/\/schema.org\",\"@graph\":[{\"@type\":\"WebPage\",\"@id\":\"https:\/\/arak.spicehorse.eu\/sk\/produkt\/winderen-podlozka-pod-sedlo-comfort-18mm-skokova\/\",\"url\":\"https:\/\/arak.spicehorse.eu\/sk\/produkt\/winderen-podlozka-pod-sedlo-comfort-18mm-skokova\/\",\"name\":\"Winderen podlo\u017eka pod sedlo Comfort 18mm skokov\u00e1 - Spicehorse\",\"isPartOf\":{\"@id\":\"https:\/\/arak.spicehorse.eu\/en\/#website\"},\"datePublished\":\"2022-01-25T18:06:31+00:00\",\"dateModified\":\"2025-07-25T16:07:32+00:00\",\"description\":\"spicehorse.eu | Winderen Equestrian podlo\u017eka pod sedlo pr\u00e9miovej kvality s technol\u00f3giou BackProtect Solution je navrhnut\u00e1 s\u00a0t\u00fdm cie\u013eom, aby chr\u00e1nila chrb\u00e1t ko\u0148a aj\u00a0jazdca a\u00a0pom\u00e1hala ko\u0148om uvo\u013eni\u0165 sa v\u00a0sedle, \u010d\u00edm sa zvy\u0161uje z\u00e1\u017eitok z\u00a0jazdenia.\",\"breadcrumb\":{\"@id\":\"https:\/\/arak.spicehorse.eu\/sk\/produkt\/winderen-podlozka-pod-sedlo-comfort-18mm-skokova\/#breadcrumb\"},\"inLanguage\":\"sk-SK\",\"potentialAction\":[{\"@type\":\"ReadAction\",\"target\":[\"https:\/\/arak.spicehorse.eu\/sk\/produkt\/winderen-podlozka-pod-sedlo-comfort-18mm-skokova\/\"]}]},{\"@type\":\"BreadcrumbList\",\"@id\":\"https:\/\/arak.spicehorse.eu\/sk\/produkt\/winderen-podlozka-pod-sedlo-comfort-18mm-skokova\/#breadcrumb\",\"itemListElement\":[{\"@type\":\"ListItem\",\"position\":1,\"name\":\"Home\",\"item\":\"https:\/\/arak.spicehorse.eu\/sk\/\"},{\"@type\":\"ListItem\",\"position\":2,\"name\":\"Predaj\u0148a\",\"item\":\"https:\/\/arak.spicehorse.eu\/sk\/predajna\/\"},{\"@type\":\"ListItem\",\"position\":3,\"name\":\"Winderen podlo\u017eka pod sedlo Comfort 18mm skokov\u00e1\"}]},{\"@type\":\"WebSite\",\"@id\":\"https:\/\/arak.spicehorse.eu\/en\/#website\",\"url\":\"https:\/\/arak.spicehorse.eu\/en\/\",\"name\":\"Spicehorse\",\"description\":\"UNDER DEVELOPMENT -\",\"potentialAction\":[{\"@type\":\"SearchAction\",\"target\":{\"@type\":\"EntryPoint\",\"urlTemplate\":\"https:\/\/arak.spicehorse.eu\/en\/?s={search_term_string}\"},\"query-input\":\"required name=search_term_string\"}],\"inLanguage\":\"sk-SK\"}]}<\/script>\n<!-- \/ Yoast SEO plugin. -->","yoast_head_json":{"title":"Winderen podlo\u017eka pod sedlo Comfort 18mm skokov\u00e1 - Spicehorse","description":"spicehorse.eu | Winderen Equestrian podlo\u017eka pod sedlo pr\u00e9miovej kvality s technol\u00f3giou BackProtect Solution je navrhnut\u00e1 s\u00a0t\u00fdm cie\u013eom, aby chr\u00e1nila chrb\u00e1t ko\u0148a aj\u00a0jazdca a\u00a0pom\u00e1hala ko\u0148om uvo\u013eni\u0165 sa v\u00a0sedle, \u010d\u00edm sa zvy\u0161uje z\u00e1\u017eitok z\u00a0jazdenia.","robots":{"index":"index","follow":"follow","max-snippet":"max-snippet:-1","max-image-preview":"max-image-preview:large","max-video-preview":"max-video-preview:-1"},"canonical":"https:\/\/arak.spicehorse.eu\/sk\/produkt\/winderen-podlozka-pod-sedlo-comfort-18mm-skokova\/","og_locale":"sk_SK","og_type":"article","og_title":"Winderen podlo\u017eka pod sedlo Comfort 18mm skokov\u00e1 - Spicehorse","og_description":"spicehorse.eu | Winderen Equestrian podlo\u017eka pod sedlo pr\u00e9miovej kvality s technol\u00f3giou BackProtect Solution je navrhnut\u00e1 s\u00a0t\u00fdm cie\u013eom, aby chr\u00e1nila chrb\u00e1t ko\u0148a aj\u00a0jazdca a\u00a0pom\u00e1hala ko\u0148om uvo\u013eni\u0165 sa v\u00a0sedle, \u010d\u00edm sa zvy\u0161uje z\u00e1\u017eitok z\u00a0jazdenia.","og_url":"https:\/\/arak.spicehorse.eu\/sk\/produkt\/winderen-podlozka-pod-sedlo-comfort-18mm-skokova\/","og_site_name":"Spicehorse","article_publisher":"https:\/\/www.facebook.com\/SPICEHORSE-550385625402457\/","article_modified_time":"2025-07-25T16:07:32+00:00","og_image":[{"width":1170,"height":1635,"url":"https:\/\/arak.spicehorse.eu\/wp-content\/uploads\/2022\/01\/IMG_3860.jpg","type":"image\/jpeg"}],"twitter_card":"summary_large_image","twitter_misc":{"Predpokladan\u00fd \u010das \u010d\u00edtania":"3 min\u00faty"},"schema":{"@context":"https:\/\/schema.org","@graph":[{"@type":"WebPage","@id":"https:\/\/arak.spicehorse.eu\/sk\/produkt\/winderen-podlozka-pod-sedlo-comfort-18mm-skokova\/","url":"https:\/\/arak.spicehorse.eu\/sk\/produkt\/winderen-podlozka-pod-sedlo-comfort-18mm-skokova\/","name":"Winderen podlo\u017eka pod sedlo Comfort 18mm skokov\u00e1 - Spicehorse","isPartOf":{"@id":"https:\/\/arak.spicehorse.eu\/en\/#website"},"datePublished":"2022-01-25T18:06:31+00:00","dateModified":"2025-07-25T16:07:32+00:00","description":"spicehorse.eu | Winderen Equestrian podlo\u017eka pod sedlo pr\u00e9miovej kvality s technol\u00f3giou BackProtect Solution je navrhnut\u00e1 s\u00a0t\u00fdm cie\u013eom, aby chr\u00e1nila chrb\u00e1t ko\u0148a aj\u00a0jazdca a\u00a0pom\u00e1hala ko\u0148om uvo\u013eni\u0165 sa v\u00a0sedle, \u010d\u00edm sa zvy\u0161uje z\u00e1\u017eitok z\u00a0jazdenia.","breadcrumb":{"@id":"https:\/\/arak.spicehorse.eu\/sk\/produkt\/winderen-podlozka-pod-sedlo-comfort-18mm-skokova\/#breadcrumb"},"inLanguage":"sk-SK","potentialAction":[{"@type":"ReadAction","target":["https:\/\/arak.spicehorse.eu\/sk\/produkt\/winderen-podlozka-pod-sedlo-comfort-18mm-skokova\/"]}]},{"@type":"BreadcrumbList","@id":"https:\/\/arak.spicehorse.eu\/sk\/produkt\/winderen-podlozka-pod-sedlo-comfort-18mm-skokova\/#breadcrumb","itemListElement":[{"@type":"ListItem","position":1,"name":"Home","item":"https:\/\/arak.spicehorse.eu\/sk\/"},{"@type":"ListItem","position":2,"name":"Predaj\u0148a","item":"https:\/\/arak.spicehorse.eu\/sk\/predajna\/"},{"@type":"ListItem","position":3,"name":"Winderen podlo\u017eka pod sedlo Comfort 18mm skokov\u00e1"}]},{"@type":"WebSite","@id":"https:\/\/arak.spicehorse.eu\/en\/#website","url":"https:\/\/arak.spicehorse.eu\/en\/","name":"Spicehorse","description":"UNDER DEVELOPMENT -","potentialAction":[{"@type":"SearchAction","target":{"@type":"EntryPoint","urlTemplate":"https:\/\/arak.spicehorse.eu\/en\/?s={search_term_string}"},"query-input":"required name=search_term_string"}],"inLanguage":"sk-SK"}]}},"_links":{"self":[{"href":"https:\/\/arak.spicehorse.eu\/sk\/wp-json\/wp\/v2\/product\/46057"}],"collection":[{"href":"https:\/\/arak.spicehorse.eu\/sk\/wp-json\/wp\/v2\/product"}],"about":[{"href":"https:\/\/arak.spicehorse.eu\/sk\/wp-json\/wp\/v2\/types\/product"}],"wp:featuredmedia":[{"embeddable":true,"href":"https:\/\/arak.spicehorse.eu\/sk\/wp-json\/wp\/v2\/media\/113713"}],"wp:attachment":[{"href":"https:\/\/arak.spicehorse.eu\/sk\/wp-json\/wp\/v2\/media?parent=46057"}],"wp:term":[{"taxonomy":"product_cat","embeddable":true,"href":"https:\/\/arak.spicehorse.eu\/sk\/wp-json\/wp\/v2\/product_cat?post=46057"},{"taxonomy":"product_tag","embeddable":true,"href":"https:\/\/arak.spicehorse.eu\/sk\/wp-json\/wp\/v2\/product_tag?post=46057"}],"curies":[{"name":"wp","href":"https:\/\/api.w.org\/{rel}","templated":true}]}}