{"id":47544,"date":"2022-02-01T13:31:13","date_gmt":"2022-02-01T12:31:17","guid":{"rendered":"https:\/\/arak.spicehorse.eu\/?post_type=product&#038;p=47544"},"modified":"2025-10-06T20:30:41","modified_gmt":"2025-10-06T18:30:41","slug":"kentucky-teddy-oblecenie-pre-psa","status":"publish","type":"product","link":"https:\/\/arak.spicehorse.eu\/sk\/produkt\/kentucky-teddy-oblecenie-pre-psa\/","title":{"rendered":"Kentucky Teddy oble\u010denie pre psa"},"content":{"rendered":"<p>Pohodln\u00fd a\u00a0jemn\u00fd Kentucky Horsewear svetr\u00edk pre psa, je dokonalou vo\u013ebou po\u010das chladnej\u0161\u00edch dn\u00ed. Kentucky Teddy Fleece svetr\u00edk zo syntetick\u00e9ho vlnen\u00e9ho fl\u00edsu udr\u017e\u00ed n\u00e1\u0161ho psa v\u00a0teple, je pohodln\u00fd a\u00a0dod\u00e1 n\u00e1\u0161mu mil\u00e1\u010dikovi jedine\u010dn\u00fd dizajn! Chr\u00e1ni predn\u00e9 labky, hrudn\u00edk, krk a\u00a0v\u00e4\u010d\u0161inu tela. Svetr\u00edk neobmedzuje psa vo vo\u013enom\u00a0 pohybe.<\/p>\n<p>Svetr\u00edk sa \u013eahko vyzlieka a\u00a0oblieka v\u010faka pevn\u00e9mu such\u00e9mu zipsu v\u00a0prednej \u010dasti. M\u00e1 p\u00fatko na v\u00f4dzku.<\/p>\n<p>Mo\u017eno ho pra\u0165 v\u00a0pr\u00e1\u010dke, (nevkladajte do su\u0161i\u010dky).<\/p>\n","protected":false},"excerpt":{"rendered":"<h3>Pohodln\u00fd a jemn\u00fd svetr\u00edk, dokonal\u00e1 vo\u013eba po\u010das chladnej\u0161\u00edch dn\u00ed.<\/h3>\n<ul>\n<li>Ve\u013emi jemn\u00fd a tepl\u00fd<\/li>\n<li>\u013dahko sa v \u0148om d\u00e1 h\u00fdba\u0165<\/li>\n<li>V\u00f4dzka sa d\u00e1 jednoducho pripn\u00fa\u0165<\/li>\n<li>\u013dahko sa oblieka a vyzlieka<\/li>\n<\/ul>\n","protected":false},"featured_media":47581,"template":"","meta":{"_acf_changed":false},"product_cat":[78,74,299],"product_tag":[184,181,2106],"acf":[],"yoast_head":"<!-- This site is optimized with the Yoast SEO plugin v21.4 - https:\/\/yoast.com\/wordpress\/plugins\/seo\/ -->\n<title>Kentucky Teddy oble\u010denie pre psa - Spicehorse<\/title>\n<meta name=\"description\" content=\"spicehorse.eu | Pohodln\u00fd a\u00a0jemn\u00fd Kentucky Horsewear svetr\u00edk pre psa, je dokonalou vo\u013ebou po\u010das chladnej\u0161\u00edch dn\u00ed.\" \/>\n<meta name=\"robots\" content=\"index, follow, max-snippet:-1, max-image-preview:large, max-video-preview:-1\" \/>\n<link rel=\"canonical\" href=\"https:\/\/arak.spicehorse.eu\/sk\/produkt\/kentucky-teddy-oblecenie-pre-psa\/\" \/>\n<meta property=\"og:locale\" content=\"sk_SK\" \/>\n<meta property=\"og:type\" content=\"article\" \/>\n<meta property=\"og:title\" content=\"Kentucky Teddy oble\u010denie pre psa - Spicehorse\" \/>\n<meta property=\"og:description\" content=\"spicehorse.eu | Pohodln\u00fd a\u00a0jemn\u00fd Kentucky Horsewear svetr\u00edk pre psa, je dokonalou vo\u013ebou po\u010das chladnej\u0161\u00edch dn\u00ed.\" \/>\n<meta property=\"og:url\" content=\"https:\/\/arak.spicehorse.eu\/sk\/produkt\/kentucky-teddy-oblecenie-pre-psa\/\" \/>\n<meta property=\"og:site_name\" content=\"Spicehorse\" \/>\n<meta property=\"article:publisher\" content=\"https:\/\/www.facebook.com\/SPICEHORSE-550385625402457\/\" \/>\n<meta property=\"article:modified_time\" content=\"2025-10-06T18:30:41+00:00\" \/>\n<meta property=\"og:image\" content=\"https:\/\/arak.spicehorse.eu\/wp-content\/uploads\/2022\/02\/5ab29f85044a1de3822bf1b8083f1066ca89c7a7acea738d0e4aa91df82f34bf.jpg\" \/>\n\t<meta property=\"og:image:width\" content=\"2048\" \/>\n\t<meta property=\"og:image:height\" content=\"1365\" \/>\n\t<meta property=\"og:image:type\" content=\"image\/jpeg\" \/>\n<meta name=\"twitter:card\" content=\"summary_large_image\" \/>\n<meta name=\"twitter:label1\" content=\"Predpokladan\u00fd \u010das \u010d\u00edtania\" \/>\n\t<meta name=\"twitter:data1\" content=\"1 min\u00fata\" \/>\n<script type=\"application\/ld+json\" class=\"yoast-schema-graph\">{\"@context\":\"https:\/\/schema.org\",\"@graph\":[{\"@type\":\"WebPage\",\"@id\":\"https:\/\/arak.spicehorse.eu\/sk\/produkt\/kentucky-teddy-oblecenie-pre-psa\/\",\"url\":\"https:\/\/arak.spicehorse.eu\/sk\/produkt\/kentucky-teddy-oblecenie-pre-psa\/\",\"name\":\"Kentucky Teddy oble\u010denie pre psa - Spicehorse\",\"isPartOf\":{\"@id\":\"https:\/\/arak.spicehorse.eu\/en\/#website\"},\"datePublished\":\"2022-02-01T12:31:17+00:00\",\"dateModified\":\"2025-10-06T18:30:41+00:00\",\"description\":\"spicehorse.eu | Pohodln\u00fd a\u00a0jemn\u00fd Kentucky Horsewear svetr\u00edk pre psa, je dokonalou vo\u013ebou po\u010das chladnej\u0161\u00edch dn\u00ed.\",\"breadcrumb\":{\"@id\":\"https:\/\/arak.spicehorse.eu\/sk\/produkt\/kentucky-teddy-oblecenie-pre-psa\/#breadcrumb\"},\"inLanguage\":\"sk-SK\",\"potentialAction\":[{\"@type\":\"ReadAction\",\"target\":[\"https:\/\/arak.spicehorse.eu\/sk\/produkt\/kentucky-teddy-oblecenie-pre-psa\/\"]}]},{\"@type\":\"BreadcrumbList\",\"@id\":\"https:\/\/arak.spicehorse.eu\/sk\/produkt\/kentucky-teddy-oblecenie-pre-psa\/#breadcrumb\",\"itemListElement\":[{\"@type\":\"ListItem\",\"position\":1,\"name\":\"Home\",\"item\":\"https:\/\/arak.spicehorse.eu\/sk\/\"},{\"@type\":\"ListItem\",\"position\":2,\"name\":\"Predaj\u0148a\",\"item\":\"https:\/\/arak.spicehorse.eu\/sk\/predajna\/\"},{\"@type\":\"ListItem\",\"position\":3,\"name\":\"Kentucky Teddy oble\u010denie pre psa\"}]},{\"@type\":\"WebSite\",\"@id\":\"https:\/\/arak.spicehorse.eu\/en\/#website\",\"url\":\"https:\/\/arak.spicehorse.eu\/en\/\",\"name\":\"Spicehorse\",\"description\":\"UNDER DEVELOPMENT -\",\"potentialAction\":[{\"@type\":\"SearchAction\",\"target\":{\"@type\":\"EntryPoint\",\"urlTemplate\":\"https:\/\/arak.spicehorse.eu\/en\/?s={search_term_string}\"},\"query-input\":\"required name=search_term_string\"}],\"inLanguage\":\"sk-SK\"}]}<\/script>\n<!-- \/ Yoast SEO plugin. -->","yoast_head_json":{"title":"Kentucky Teddy oble\u010denie pre psa - Spicehorse","description":"spicehorse.eu | Pohodln\u00fd a\u00a0jemn\u00fd Kentucky Horsewear svetr\u00edk pre psa, je dokonalou vo\u013ebou po\u010das chladnej\u0161\u00edch dn\u00ed.","robots":{"index":"index","follow":"follow","max-snippet":"max-snippet:-1","max-image-preview":"max-image-preview:large","max-video-preview":"max-video-preview:-1"},"canonical":"https:\/\/arak.spicehorse.eu\/sk\/produkt\/kentucky-teddy-oblecenie-pre-psa\/","og_locale":"sk_SK","og_type":"article","og_title":"Kentucky Teddy oble\u010denie pre psa - Spicehorse","og_description":"spicehorse.eu | Pohodln\u00fd a\u00a0jemn\u00fd Kentucky Horsewear svetr\u00edk pre psa, je dokonalou vo\u013ebou po\u010das chladnej\u0161\u00edch dn\u00ed.","og_url":"https:\/\/arak.spicehorse.eu\/sk\/produkt\/kentucky-teddy-oblecenie-pre-psa\/","og_site_name":"Spicehorse","article_publisher":"https:\/\/www.facebook.com\/SPICEHORSE-550385625402457\/","article_modified_time":"2025-10-06T18:30:41+00:00","og_image":[{"width":2048,"height":1365,"url":"https:\/\/arak.spicehorse.eu\/wp-content\/uploads\/2022\/02\/5ab29f85044a1de3822bf1b8083f1066ca89c7a7acea738d0e4aa91df82f34bf.jpg","type":"image\/jpeg"}],"twitter_card":"summary_large_image","twitter_misc":{"Predpokladan\u00fd \u010das \u010d\u00edtania":"1 min\u00fata"},"schema":{"@context":"https:\/\/schema.org","@graph":[{"@type":"WebPage","@id":"https:\/\/arak.spicehorse.eu\/sk\/produkt\/kentucky-teddy-oblecenie-pre-psa\/","url":"https:\/\/arak.spicehorse.eu\/sk\/produkt\/kentucky-teddy-oblecenie-pre-psa\/","name":"Kentucky Teddy oble\u010denie pre psa - Spicehorse","isPartOf":{"@id":"https:\/\/arak.spicehorse.eu\/en\/#website"},"datePublished":"2022-02-01T12:31:17+00:00","dateModified":"2025-10-06T18:30:41+00:00","description":"spicehorse.eu | Pohodln\u00fd a\u00a0jemn\u00fd Kentucky Horsewear svetr\u00edk pre psa, je dokonalou vo\u013ebou po\u010das chladnej\u0161\u00edch dn\u00ed.","breadcrumb":{"@id":"https:\/\/arak.spicehorse.eu\/sk\/produkt\/kentucky-teddy-oblecenie-pre-psa\/#breadcrumb"},"inLanguage":"sk-SK","potentialAction":[{"@type":"ReadAction","target":["https:\/\/arak.spicehorse.eu\/sk\/produkt\/kentucky-teddy-oblecenie-pre-psa\/"]}]},{"@type":"BreadcrumbList","@id":"https:\/\/arak.spicehorse.eu\/sk\/produkt\/kentucky-teddy-oblecenie-pre-psa\/#breadcrumb","itemListElement":[{"@type":"ListItem","position":1,"name":"Home","item":"https:\/\/arak.spicehorse.eu\/sk\/"},{"@type":"ListItem","position":2,"name":"Predaj\u0148a","item":"https:\/\/arak.spicehorse.eu\/sk\/predajna\/"},{"@type":"ListItem","position":3,"name":"Kentucky Teddy oble\u010denie pre psa"}]},{"@type":"WebSite","@id":"https:\/\/arak.spicehorse.eu\/en\/#website","url":"https:\/\/arak.spicehorse.eu\/en\/","name":"Spicehorse","description":"UNDER DEVELOPMENT -","potentialAction":[{"@type":"SearchAction","target":{"@type":"EntryPoint","urlTemplate":"https:\/\/arak.spicehorse.eu\/en\/?s={search_term_string}"},"query-input":"required name=search_term_string"}],"inLanguage":"sk-SK"}]}},"_links":{"self":[{"href":"https:\/\/arak.spicehorse.eu\/sk\/wp-json\/wp\/v2\/product\/47544"}],"collection":[{"href":"https:\/\/arak.spicehorse.eu\/sk\/wp-json\/wp\/v2\/product"}],"about":[{"href":"https:\/\/arak.spicehorse.eu\/sk\/wp-json\/wp\/v2\/types\/product"}],"wp:featuredmedia":[{"embeddable":true,"href":"https:\/\/arak.spicehorse.eu\/sk\/wp-json\/wp\/v2\/media\/47581"}],"wp:attachment":[{"href":"https:\/\/arak.spicehorse.eu\/sk\/wp-json\/wp\/v2\/media?parent=47544"}],"wp:term":[{"taxonomy":"product_cat","embeddable":true,"href":"https:\/\/arak.spicehorse.eu\/sk\/wp-json\/wp\/v2\/product_cat?post=47544"},{"taxonomy":"product_tag","embeddable":true,"href":"https:\/\/arak.spicehorse.eu\/sk\/wp-json\/wp\/v2\/product_tag?post=47544"}],"curies":[{"name":"wp","href":"https:\/\/api.w.org\/{rel}","templated":true}]}}