{"id":47861,"date":"2022-01-28T19:01:46","date_gmt":"2022-01-28T18:01:46","guid":{"rendered":"https:\/\/arak.spicehorse.eu\/product\/sweet-william-revival-krem-na-ruky\/"},"modified":"2024-11-26T11:05:53","modified_gmt":"2024-11-26T10:05:53","slug":"sweet-william-revival-krem-na-ruky","status":"publish","type":"product","link":"https:\/\/arak.spicehorse.eu\/sk\/produkt\/sweet-william-revival-krem-na-ruky\/","title":{"rendered":"Sweet William Revival kr\u00e9m na ruky"},"content":{"rendered":"<p>Sweet William Dog Walkers Revival kr\u00e9m na ruky vysokej kvality je ide\u00e1lny na v\u00fd\u017eivu a o\u0161etrovanie r\u00fak, ktor\u00e9 s\u00fa pri ka\u017edodennom ven\u010den\u00ed psa vystaven\u00e9 nepriazni po\u010dasia.<\/p>\n<p>Je vyroben\u00fd z\u00a0hydratuj\u00faceho kakaov\u00e9ho a\u00a0shea masla, s\u00a0jojobov\u00fdm olejom a\u00a0vitam\u00ednom E.<\/p>\n<p>Nebol nikdy testovan\u00fd na zvierat\u00e1ch \/ Striktne pre \u013eud\u00ed a\u00a0nie pre na\u0161ich \u0161tvornoh\u00fdch mil\u00e1\u010dikov\/ pr\u00edrodn\u00e9 zlo\u017eenie &#8211; Bez SLS ~ Neobsahuje parab\u00e9ny.<\/p>\n<p>Made in England<\/p>\n<p>75ml<\/p>\n","protected":false},"excerpt":{"rendered":"<p>Sweet William Dog Walkers Revival kr\u00e9m na ruky vysokej kvality je ide\u00e1lny na v\u00fd\u017eivu a o\u0161etrovanie r\u00fak, ktor\u00e9 s\u00fa pri ka\u017edodennom ven\u010den\u00ed psa vystaven\u00e9 nepriazni po\u010dasia. Je vyroben\u00fd z\u00a0hydratuj\u00faceho kakaov\u00e9ho a\u00a0shea masla, s\u00a0jojobov\u00fdm olejom a\u00a0vitam\u00ednom E. Nebol nikdy testovan\u00fd na zvierat\u00e1ch \/ Striktne pre \u013eud\u00ed a\u00a0nie pre na\u0161ich \u0161tvornoh\u00fdch mil\u00e1\u010dikov\/ pr\u00edrodn\u00e9 zlo\u017eenie &#8211; Bez SLS [&hellip;]<\/p>\n","protected":false},"featured_media":47167,"template":"","meta":{"_acf_changed":false},"product_cat":[74,1603],"product_tag":[401,1608],"acf":[],"yoast_head":"<!-- This site is optimized with the Yoast SEO plugin v21.4 - https:\/\/yoast.com\/wordpress\/plugins\/seo\/ -->\n<title>Sweet William Revival kr\u00e9m na ruky - Spicehorse<\/title>\n<meta name=\"description\" content=\"spicehorse.eu | Sweet William Dog Walkers Revival kr\u00e9m na ruky vysokej kvality je ide\u00e1lny na v\u00fd\u017eivu a o\u0161etrovanie r\u00fak, ktor\u00e9 s\u00fa pri ka\u017edodennom ven\u010den\u00ed psa vystaven\u00e9 nepriazni po\u010dasia.\" \/>\n<meta name=\"robots\" content=\"index, follow, max-snippet:-1, max-image-preview:large, max-video-preview:-1\" \/>\n<link rel=\"canonical\" href=\"https:\/\/arak.spicehorse.eu\/sk\/produkt\/sweet-william-revival-krem-na-ruky\/\" \/>\n<meta property=\"og:locale\" content=\"sk_SK\" \/>\n<meta property=\"og:type\" content=\"article\" \/>\n<meta property=\"og:title\" content=\"Sweet William Revival kr\u00e9m na ruky - Spicehorse\" \/>\n<meta property=\"og:description\" content=\"spicehorse.eu | Sweet William Dog Walkers Revival kr\u00e9m na ruky vysokej kvality je ide\u00e1lny na v\u00fd\u017eivu a o\u0161etrovanie r\u00fak, ktor\u00e9 s\u00fa pri ka\u017edodennom ven\u010den\u00ed psa vystaven\u00e9 nepriazni po\u010dasia.\" \/>\n<meta property=\"og:url\" content=\"https:\/\/arak.spicehorse.eu\/sk\/produkt\/sweet-william-revival-krem-na-ruky\/\" \/>\n<meta property=\"og:site_name\" content=\"Spicehorse\" \/>\n<meta property=\"article:publisher\" content=\"https:\/\/www.facebook.com\/SPICEHORSE-550385625402457\/\" \/>\n<meta property=\"article:modified_time\" content=\"2024-11-26T10:05:53+00:00\" \/>\n<meta property=\"og:image\" content=\"https:\/\/arak.spicehorse.eu\/wp-content\/uploads\/2022\/01\/ep1_wLjA.jpeg\" \/>\n\t<meta property=\"og:image:width\" content=\"1050\" \/>\n\t<meta property=\"og:image:height\" content=\"1050\" \/>\n\t<meta property=\"og:image:type\" content=\"image\/jpeg\" \/>\n<meta name=\"twitter:card\" content=\"summary_large_image\" \/>\n<script type=\"application\/ld+json\" class=\"yoast-schema-graph\">{\"@context\":\"https:\/\/schema.org\",\"@graph\":[{\"@type\":\"WebPage\",\"@id\":\"https:\/\/arak.spicehorse.eu\/sk\/produkt\/sweet-william-revival-krem-na-ruky\/\",\"url\":\"https:\/\/arak.spicehorse.eu\/sk\/produkt\/sweet-william-revival-krem-na-ruky\/\",\"name\":\"Sweet William Revival kr\u00e9m na ruky - Spicehorse\",\"isPartOf\":{\"@id\":\"https:\/\/arak.spicehorse.eu\/en\/#website\"},\"datePublished\":\"2022-01-28T18:01:46+00:00\",\"dateModified\":\"2024-11-26T10:05:53+00:00\",\"description\":\"spicehorse.eu | Sweet William Dog Walkers Revival kr\u00e9m na ruky vysokej kvality je ide\u00e1lny na v\u00fd\u017eivu a o\u0161etrovanie r\u00fak, ktor\u00e9 s\u00fa pri ka\u017edodennom ven\u010den\u00ed psa vystaven\u00e9 nepriazni po\u010dasia.\",\"breadcrumb\":{\"@id\":\"https:\/\/arak.spicehorse.eu\/sk\/produkt\/sweet-william-revival-krem-na-ruky\/#breadcrumb\"},\"inLanguage\":\"sk-SK\",\"potentialAction\":[{\"@type\":\"ReadAction\",\"target\":[\"https:\/\/arak.spicehorse.eu\/sk\/produkt\/sweet-william-revival-krem-na-ruky\/\"]}]},{\"@type\":\"BreadcrumbList\",\"@id\":\"https:\/\/arak.spicehorse.eu\/sk\/produkt\/sweet-william-revival-krem-na-ruky\/#breadcrumb\",\"itemListElement\":[{\"@type\":\"ListItem\",\"position\":1,\"name\":\"Home\",\"item\":\"https:\/\/arak.spicehorse.eu\/sk\/\"},{\"@type\":\"ListItem\",\"position\":2,\"name\":\"Predaj\u0148a\",\"item\":\"https:\/\/arak.spicehorse.eu\/sk\/predajna\/\"},{\"@type\":\"ListItem\",\"position\":3,\"name\":\"Sweet William Revival kr\u00e9m na ruky\"}]},{\"@type\":\"WebSite\",\"@id\":\"https:\/\/arak.spicehorse.eu\/en\/#website\",\"url\":\"https:\/\/arak.spicehorse.eu\/en\/\",\"name\":\"Spicehorse\",\"description\":\"UNDER DEVELOPMENT -\",\"potentialAction\":[{\"@type\":\"SearchAction\",\"target\":{\"@type\":\"EntryPoint\",\"urlTemplate\":\"https:\/\/arak.spicehorse.eu\/en\/?s={search_term_string}\"},\"query-input\":\"required name=search_term_string\"}],\"inLanguage\":\"sk-SK\"}]}<\/script>\n<!-- \/ Yoast SEO plugin. -->","yoast_head_json":{"title":"Sweet William Revival kr\u00e9m na ruky - Spicehorse","description":"spicehorse.eu | Sweet William Dog Walkers Revival kr\u00e9m na ruky vysokej kvality je ide\u00e1lny na v\u00fd\u017eivu a o\u0161etrovanie r\u00fak, ktor\u00e9 s\u00fa pri ka\u017edodennom ven\u010den\u00ed psa vystaven\u00e9 nepriazni po\u010dasia.","robots":{"index":"index","follow":"follow","max-snippet":"max-snippet:-1","max-image-preview":"max-image-preview:large","max-video-preview":"max-video-preview:-1"},"canonical":"https:\/\/arak.spicehorse.eu\/sk\/produkt\/sweet-william-revival-krem-na-ruky\/","og_locale":"sk_SK","og_type":"article","og_title":"Sweet William Revival kr\u00e9m na ruky - Spicehorse","og_description":"spicehorse.eu | Sweet William Dog Walkers Revival kr\u00e9m na ruky vysokej kvality je ide\u00e1lny na v\u00fd\u017eivu a o\u0161etrovanie r\u00fak, ktor\u00e9 s\u00fa pri ka\u017edodennom ven\u010den\u00ed psa vystaven\u00e9 nepriazni po\u010dasia.","og_url":"https:\/\/arak.spicehorse.eu\/sk\/produkt\/sweet-william-revival-krem-na-ruky\/","og_site_name":"Spicehorse","article_publisher":"https:\/\/www.facebook.com\/SPICEHORSE-550385625402457\/","article_modified_time":"2024-11-26T10:05:53+00:00","og_image":[{"width":1050,"height":1050,"url":"https:\/\/arak.spicehorse.eu\/wp-content\/uploads\/2022\/01\/ep1_wLjA.jpeg","type":"image\/jpeg"}],"twitter_card":"summary_large_image","schema":{"@context":"https:\/\/schema.org","@graph":[{"@type":"WebPage","@id":"https:\/\/arak.spicehorse.eu\/sk\/produkt\/sweet-william-revival-krem-na-ruky\/","url":"https:\/\/arak.spicehorse.eu\/sk\/produkt\/sweet-william-revival-krem-na-ruky\/","name":"Sweet William Revival kr\u00e9m na ruky - Spicehorse","isPartOf":{"@id":"https:\/\/arak.spicehorse.eu\/en\/#website"},"datePublished":"2022-01-28T18:01:46+00:00","dateModified":"2024-11-26T10:05:53+00:00","description":"spicehorse.eu | Sweet William Dog Walkers Revival kr\u00e9m na ruky vysokej kvality je ide\u00e1lny na v\u00fd\u017eivu a o\u0161etrovanie r\u00fak, ktor\u00e9 s\u00fa pri ka\u017edodennom ven\u010den\u00ed psa vystaven\u00e9 nepriazni po\u010dasia.","breadcrumb":{"@id":"https:\/\/arak.spicehorse.eu\/sk\/produkt\/sweet-william-revival-krem-na-ruky\/#breadcrumb"},"inLanguage":"sk-SK","potentialAction":[{"@type":"ReadAction","target":["https:\/\/arak.spicehorse.eu\/sk\/produkt\/sweet-william-revival-krem-na-ruky\/"]}]},{"@type":"BreadcrumbList","@id":"https:\/\/arak.spicehorse.eu\/sk\/produkt\/sweet-william-revival-krem-na-ruky\/#breadcrumb","itemListElement":[{"@type":"ListItem","position":1,"name":"Home","item":"https:\/\/arak.spicehorse.eu\/sk\/"},{"@type":"ListItem","position":2,"name":"Predaj\u0148a","item":"https:\/\/arak.spicehorse.eu\/sk\/predajna\/"},{"@type":"ListItem","position":3,"name":"Sweet William Revival kr\u00e9m na ruky"}]},{"@type":"WebSite","@id":"https:\/\/arak.spicehorse.eu\/en\/#website","url":"https:\/\/arak.spicehorse.eu\/en\/","name":"Spicehorse","description":"UNDER DEVELOPMENT -","potentialAction":[{"@type":"SearchAction","target":{"@type":"EntryPoint","urlTemplate":"https:\/\/arak.spicehorse.eu\/en\/?s={search_term_string}"},"query-input":"required name=search_term_string"}],"inLanguage":"sk-SK"}]}},"_links":{"self":[{"href":"https:\/\/arak.spicehorse.eu\/sk\/wp-json\/wp\/v2\/product\/47861"}],"collection":[{"href":"https:\/\/arak.spicehorse.eu\/sk\/wp-json\/wp\/v2\/product"}],"about":[{"href":"https:\/\/arak.spicehorse.eu\/sk\/wp-json\/wp\/v2\/types\/product"}],"wp:featuredmedia":[{"embeddable":true,"href":"https:\/\/arak.spicehorse.eu\/sk\/wp-json\/wp\/v2\/media\/47167"}],"wp:attachment":[{"href":"https:\/\/arak.spicehorse.eu\/sk\/wp-json\/wp\/v2\/media?parent=47861"}],"wp:term":[{"taxonomy":"product_cat","embeddable":true,"href":"https:\/\/arak.spicehorse.eu\/sk\/wp-json\/wp\/v2\/product_cat?post=47861"},{"taxonomy":"product_tag","embeddable":true,"href":"https:\/\/arak.spicehorse.eu\/sk\/wp-json\/wp\/v2\/product_tag?post=47861"}],"curies":[{"name":"wp","href":"https:\/\/api.w.org\/{rel}","templated":true}]}}