{"id":48273,"date":"2022-02-07T11:27:10","date_gmt":"2022-02-07T10:27:10","guid":{"rendered":"https:\/\/arak.spicehorse.eu\/?post_type=product&#038;p=48273"},"modified":"2025-01-27T12:15:59","modified_gmt":"2025-01-27T11:15:59","slug":"grooming-deluxe-skrabka-na-kopyta-mala","status":"publish","type":"product","link":"https:\/\/arak.spicehorse.eu\/sk\/produkt\/grooming-deluxe-skrabka-na-kopyta-mala\/","title":{"rendered":"Grooming Deluxe \u0161krabka na kopyt\u00e1 mal\u00e1"},"content":{"rendered":"<p>Grooming Deluxe lakovan\u00e1 \u0161krabka na kopyt\u00e1 je vyroben\u00e1 z gumovn\u00edka, je momoriadne odoln\u00e1, ide\u00e1lna vo\u013eba na \u010distenie kop\u00fdt kon\u00ed po\u010das cestovania! Zmest\u00ed sa hoci aj do va\u010dku, preto ju mo\u017eno pou\u017ei\u0165 aj po\u010das s\u00fa\u0165a\u017e\u00ed. Pevn\u00e1 kefa vyroben\u00e1 z polypropyl\u00e9nov\u00fdch vl\u00e1kien. Pomocou nej \u013eahko odstr\u00e1nite z kop\u00fdt piesok a in\u00e9 zne\u010distenia. Mo\u017eno ju zavesi\u0165 kdeko\u013evek. Mal\u00e1 \u0161krabka na kopyt\u00e1 m\u00e1 d\u013a\u017eku 12 cm a \u0161\u00edrku 5 cm. Kefa na kopyt\u00e1 ma ergonomick\u00e9 tvarovanie, proti\u0161mykov\u00fa \u00fapravu, preto sa dobre dr\u017e\u00ed v ruk\u00e1ch. Po\u013eahky sa \u010dist\u00ed nam\u00e1\u010dan\u00edm v teplej mydlovej vode. Je mimoriadne odoln\u00e1.<\/p>\n","protected":false},"excerpt":{"rendered":"<h3>GD mal\u00e1 \u0161krabka na kopyt\u00e1 sa \u013eahko zmest\u00ed aj na mal\u00fdch miestach, m\u00f4\u017eeme \u0148ou kdeko\u013evek vy\u010disti\u0165 kopyt\u00e1 ko\u0148a.<\/h3>\n<ul>\n<li>Mal\u00e9 rozmery<\/li>\n<li>Dokonal\u00fd doplnok po\u010das s\u00fa\u0165a\u017e\u00ed<\/li>\n<li>Lakovan\u00fd gumovn\u00edk<\/li>\n<li>S polypropyl\u00e9nov\u00fdmi vl\u00e1knami<\/li>\n<li>Proti\u0161mykov\u00e9 ergonomick\u00e1 r\u00fa\u010dka<\/li>\n<\/ul>\n","protected":false},"featured_media":190689,"template":"","meta":{"_acf_changed":false},"product_cat":[75,106,120],"product_tag":[486,401],"acf":[],"yoast_head":"<!-- This site is optimized with the Yoast SEO plugin v21.4 - https:\/\/yoast.com\/wordpress\/plugins\/seo\/ -->\n<title>Grooming Deluxe \u0161krabka na kopyt\u00e1 mal\u00e1 - Spicehorse<\/title>\n<meta name=\"description\" content=\"spicehorse.eu | Grooming Deluxe mal\u00e1 \u0161krabka na kopyt\u00e1 sa \u013eahko zmest\u00ed aj na mal\u00fdch miestach, m\u00f4\u017eeme \u0148ou kdeko\u013evek vy\u010disti\u0165 kopyt\u00e1 ko\u0148a.\" \/>\n<meta name=\"robots\" content=\"index, follow, max-snippet:-1, max-image-preview:large, max-video-preview:-1\" \/>\n<link rel=\"canonical\" href=\"https:\/\/arak.spicehorse.eu\/sk\/produkt\/grooming-deluxe-skrabka-na-kopyta-mala\/\" \/>\n<meta property=\"og:locale\" content=\"sk_SK\" \/>\n<meta property=\"og:type\" content=\"article\" \/>\n<meta property=\"og:title\" content=\"Grooming Deluxe \u0161krabka na kopyt\u00e1 mal\u00e1 - Spicehorse\" \/>\n<meta property=\"og:description\" content=\"spicehorse.eu | Grooming Deluxe mal\u00e1 \u0161krabka na kopyt\u00e1 sa \u013eahko zmest\u00ed aj na mal\u00fdch miestach, m\u00f4\u017eeme \u0148ou kdeko\u013evek vy\u010disti\u0165 kopyt\u00e1 ko\u0148a.\" \/>\n<meta property=\"og:url\" content=\"https:\/\/arak.spicehorse.eu\/sk\/produkt\/grooming-deluxe-skrabka-na-kopyta-mala\/\" \/>\n<meta property=\"og:site_name\" content=\"Spicehorse\" \/>\n<meta property=\"article:publisher\" content=\"https:\/\/www.facebook.com\/SPICEHORSE-550385625402457\/\" \/>\n<meta property=\"article:modified_time\" content=\"2025-01-27T11:15:59+00:00\" \/>\n<meta property=\"og:image\" content=\"https:\/\/arak.spicehorse.eu\/wp-content\/uploads\/2022\/02\/82143-05-scaled.jpg\" \/>\n\t<meta property=\"og:image:width\" content=\"2560\" \/>\n\t<meta property=\"og:image:height\" content=\"2560\" \/>\n\t<meta property=\"og:image:type\" content=\"image\/jpeg\" \/>\n<meta name=\"twitter:card\" content=\"summary_large_image\" \/>\n<meta name=\"twitter:label1\" content=\"Predpokladan\u00fd \u010das \u010d\u00edtania\" \/>\n\t<meta name=\"twitter:data1\" content=\"1 min\u00fata\" \/>\n<script type=\"application\/ld+json\" class=\"yoast-schema-graph\">{\"@context\":\"https:\/\/schema.org\",\"@graph\":[{\"@type\":\"WebPage\",\"@id\":\"https:\/\/arak.spicehorse.eu\/sk\/produkt\/grooming-deluxe-skrabka-na-kopyta-mala\/\",\"url\":\"https:\/\/arak.spicehorse.eu\/sk\/produkt\/grooming-deluxe-skrabka-na-kopyta-mala\/\",\"name\":\"Grooming Deluxe \u0161krabka na kopyt\u00e1 mal\u00e1 - Spicehorse\",\"isPartOf\":{\"@id\":\"https:\/\/arak.spicehorse.eu\/en\/#website\"},\"datePublished\":\"2022-02-07T10:27:10+00:00\",\"dateModified\":\"2025-01-27T11:15:59+00:00\",\"description\":\"spicehorse.eu | Grooming Deluxe mal\u00e1 \u0161krabka na kopyt\u00e1 sa \u013eahko zmest\u00ed aj na mal\u00fdch miestach, m\u00f4\u017eeme \u0148ou kdeko\u013evek vy\u010disti\u0165 kopyt\u00e1 ko\u0148a.\",\"breadcrumb\":{\"@id\":\"https:\/\/arak.spicehorse.eu\/sk\/produkt\/grooming-deluxe-skrabka-na-kopyta-mala\/#breadcrumb\"},\"inLanguage\":\"sk-SK\",\"potentialAction\":[{\"@type\":\"ReadAction\",\"target\":[\"https:\/\/arak.spicehorse.eu\/sk\/produkt\/grooming-deluxe-skrabka-na-kopyta-mala\/\"]}]},{\"@type\":\"BreadcrumbList\",\"@id\":\"https:\/\/arak.spicehorse.eu\/sk\/produkt\/grooming-deluxe-skrabka-na-kopyta-mala\/#breadcrumb\",\"itemListElement\":[{\"@type\":\"ListItem\",\"position\":1,\"name\":\"Home\",\"item\":\"https:\/\/arak.spicehorse.eu\/sk\/\"},{\"@type\":\"ListItem\",\"position\":2,\"name\":\"Predaj\u0148a\",\"item\":\"https:\/\/arak.spicehorse.eu\/sk\/predajna\/\"},{\"@type\":\"ListItem\",\"position\":3,\"name\":\"Grooming Deluxe \u0161krabka na kopyt\u00e1 mal\u00e1\"}]},{\"@type\":\"WebSite\",\"@id\":\"https:\/\/arak.spicehorse.eu\/en\/#website\",\"url\":\"https:\/\/arak.spicehorse.eu\/en\/\",\"name\":\"Spicehorse\",\"description\":\"UNDER DEVELOPMENT -\",\"potentialAction\":[{\"@type\":\"SearchAction\",\"target\":{\"@type\":\"EntryPoint\",\"urlTemplate\":\"https:\/\/arak.spicehorse.eu\/en\/?s={search_term_string}\"},\"query-input\":\"required name=search_term_string\"}],\"inLanguage\":\"sk-SK\"}]}<\/script>\n<!-- \/ Yoast SEO plugin. -->","yoast_head_json":{"title":"Grooming Deluxe \u0161krabka na kopyt\u00e1 mal\u00e1 - Spicehorse","description":"spicehorse.eu | Grooming Deluxe mal\u00e1 \u0161krabka na kopyt\u00e1 sa \u013eahko zmest\u00ed aj na mal\u00fdch miestach, m\u00f4\u017eeme \u0148ou kdeko\u013evek vy\u010disti\u0165 kopyt\u00e1 ko\u0148a.","robots":{"index":"index","follow":"follow","max-snippet":"max-snippet:-1","max-image-preview":"max-image-preview:large","max-video-preview":"max-video-preview:-1"},"canonical":"https:\/\/arak.spicehorse.eu\/sk\/produkt\/grooming-deluxe-skrabka-na-kopyta-mala\/","og_locale":"sk_SK","og_type":"article","og_title":"Grooming Deluxe \u0161krabka na kopyt\u00e1 mal\u00e1 - Spicehorse","og_description":"spicehorse.eu | Grooming Deluxe mal\u00e1 \u0161krabka na kopyt\u00e1 sa \u013eahko zmest\u00ed aj na mal\u00fdch miestach, m\u00f4\u017eeme \u0148ou kdeko\u013evek vy\u010disti\u0165 kopyt\u00e1 ko\u0148a.","og_url":"https:\/\/arak.spicehorse.eu\/sk\/produkt\/grooming-deluxe-skrabka-na-kopyta-mala\/","og_site_name":"Spicehorse","article_publisher":"https:\/\/www.facebook.com\/SPICEHORSE-550385625402457\/","article_modified_time":"2025-01-27T11:15:59+00:00","og_image":[{"width":2560,"height":2560,"url":"https:\/\/arak.spicehorse.eu\/wp-content\/uploads\/2022\/02\/82143-05-scaled.jpg","type":"image\/jpeg"}],"twitter_card":"summary_large_image","twitter_misc":{"Predpokladan\u00fd \u010das \u010d\u00edtania":"1 min\u00fata"},"schema":{"@context":"https:\/\/schema.org","@graph":[{"@type":"WebPage","@id":"https:\/\/arak.spicehorse.eu\/sk\/produkt\/grooming-deluxe-skrabka-na-kopyta-mala\/","url":"https:\/\/arak.spicehorse.eu\/sk\/produkt\/grooming-deluxe-skrabka-na-kopyta-mala\/","name":"Grooming Deluxe \u0161krabka na kopyt\u00e1 mal\u00e1 - Spicehorse","isPartOf":{"@id":"https:\/\/arak.spicehorse.eu\/en\/#website"},"datePublished":"2022-02-07T10:27:10+00:00","dateModified":"2025-01-27T11:15:59+00:00","description":"spicehorse.eu | Grooming Deluxe mal\u00e1 \u0161krabka na kopyt\u00e1 sa \u013eahko zmest\u00ed aj na mal\u00fdch miestach, m\u00f4\u017eeme \u0148ou kdeko\u013evek vy\u010disti\u0165 kopyt\u00e1 ko\u0148a.","breadcrumb":{"@id":"https:\/\/arak.spicehorse.eu\/sk\/produkt\/grooming-deluxe-skrabka-na-kopyta-mala\/#breadcrumb"},"inLanguage":"sk-SK","potentialAction":[{"@type":"ReadAction","target":["https:\/\/arak.spicehorse.eu\/sk\/produkt\/grooming-deluxe-skrabka-na-kopyta-mala\/"]}]},{"@type":"BreadcrumbList","@id":"https:\/\/arak.spicehorse.eu\/sk\/produkt\/grooming-deluxe-skrabka-na-kopyta-mala\/#breadcrumb","itemListElement":[{"@type":"ListItem","position":1,"name":"Home","item":"https:\/\/arak.spicehorse.eu\/sk\/"},{"@type":"ListItem","position":2,"name":"Predaj\u0148a","item":"https:\/\/arak.spicehorse.eu\/sk\/predajna\/"},{"@type":"ListItem","position":3,"name":"Grooming Deluxe \u0161krabka na kopyt\u00e1 mal\u00e1"}]},{"@type":"WebSite","@id":"https:\/\/arak.spicehorse.eu\/en\/#website","url":"https:\/\/arak.spicehorse.eu\/en\/","name":"Spicehorse","description":"UNDER DEVELOPMENT -","potentialAction":[{"@type":"SearchAction","target":{"@type":"EntryPoint","urlTemplate":"https:\/\/arak.spicehorse.eu\/en\/?s={search_term_string}"},"query-input":"required name=search_term_string"}],"inLanguage":"sk-SK"}]}},"_links":{"self":[{"href":"https:\/\/arak.spicehorse.eu\/sk\/wp-json\/wp\/v2\/product\/48273"}],"collection":[{"href":"https:\/\/arak.spicehorse.eu\/sk\/wp-json\/wp\/v2\/product"}],"about":[{"href":"https:\/\/arak.spicehorse.eu\/sk\/wp-json\/wp\/v2\/types\/product"}],"wp:featuredmedia":[{"embeddable":true,"href":"https:\/\/arak.spicehorse.eu\/sk\/wp-json\/wp\/v2\/media\/190689"}],"wp:attachment":[{"href":"https:\/\/arak.spicehorse.eu\/sk\/wp-json\/wp\/v2\/media?parent=48273"}],"wp:term":[{"taxonomy":"product_cat","embeddable":true,"href":"https:\/\/arak.spicehorse.eu\/sk\/wp-json\/wp\/v2\/product_cat?post=48273"},{"taxonomy":"product_tag","embeddable":true,"href":"https:\/\/arak.spicehorse.eu\/sk\/wp-json\/wp\/v2\/product_tag?post=48273"}],"curies":[{"name":"wp","href":"https:\/\/api.w.org\/{rel}","templated":true}]}}