{"id":48546,"date":"2022-02-08T13:37:39","date_gmt":"2022-02-08T12:37:45","guid":{"rendered":"https:\/\/arak.spicehorse.eu\/?post_type=product&#038;p=48546"},"modified":"2023-11-23T11:25:26","modified_gmt":"2023-11-23T10:25:26","slug":"kentucky-velvet-pocket-mencestrovy-drziak-na-vrecka-na-psie-exkrementy","status":"publish","type":"product","link":"https:\/\/arak.spicehorse.eu\/sk\/produkt\/kentucky-velvet-pocket-mencestrovy-drziak-na-vrecka-na-psie-exkrementy\/","title":{"rendered":"Kentucky Velvet Pocket men\u010destrov\u00fd dr\u017eiak na vreck\u00e1 na psie exkrementy"},"content":{"rendered":"<p style=\"text-align: justify; margin: 0cm 0cm 7.5pt 0cm;\"><span lang=\"SK\" style=\"font-family: 'Arial',sans-serif; color: #777777;\">Tento mil\u00fd dr\u017eiak vreciek na exkrementy Kentucky Dogwear sa dokonale hod\u00ed k\u00a0v\u00fdbave pre psa z\u00a0kolekcie Velvet. V\u010faka \u0161nurovaniu sa \u013eahko upev\u0148uje k\u00a0v\u00f4dzke. Zo spodnej \u010dasti dr\u017eiaka sa \u013eahko vyberaj\u00fa vreck\u00e1 na exkrementy.<\/span><\/p>\n<p style=\"text-align: justify; margin: 0cm 0cm 7.5pt 0cm;\"><span lang=\"SK\" style=\"font-family: 'Arial',sans-serif; color: #777777;\">Mo\u017eno ho pra\u0165 v\u00a0pr\u00e1\u010dke na 30\u00b0C, nevkladajte do su\u0161i\u010dky.<\/span><\/p>\n","protected":false},"excerpt":{"rendered":"<h3>Je tu Velvet dr\u017eiak na vreck\u00e1 na exkrementy, ktor\u00fd sa dokonale hod\u00ed ku \u00a0Kentucky men\u010destrovej v\u00f4dzke, obojku a\u00a0postroju.<\/h3>\n<ul>\n<li>M\u00e4kk\u00fd men\u010destrov\u00fd materi\u00e1l<\/li>\n<li>\u013dahko sa prip\u00e1ja<\/li>\n<li>Hod\u00ed sa k Velvet men\u010destrovej kolekcii<\/li>\n<\/ul>\n","protected":false},"featured_media":48561,"template":"","meta":{"_acf_changed":false},"product_cat":[74,301],"product_tag":[184,324],"acf":[],"yoast_head":"<!-- This site is optimized with the Yoast SEO plugin v21.4 - https:\/\/yoast.com\/wordpress\/plugins\/seo\/ -->\n<title>Kentucky Velvet Pocket men\u010destrov\u00fd dr\u017eiak na vreck\u00e1 na psie exkrementy - Spicehorse<\/title>\n<meta name=\"description\" content=\"spicehorse.eu | Je tu Velvet dr\u017eiak na vreck\u00e1 na exkrementy, ktor\u00fd sa dokonale hod\u00ed ku \u00a0Kentucky Dogwear men\u010destrovej v\u00f4dzke, obojku a\u00a0postroju.\" \/>\n<meta name=\"robots\" content=\"index, follow, max-snippet:-1, max-image-preview:large, max-video-preview:-1\" \/>\n<link rel=\"canonical\" href=\"https:\/\/arak.spicehorse.eu\/sk\/produkt\/kentucky-velvet-pocket-mencestrovy-drziak-na-vrecka-na-psie-exkrementy\/\" \/>\n<meta property=\"og:locale\" content=\"sk_SK\" \/>\n<meta property=\"og:type\" content=\"article\" \/>\n<meta property=\"og:title\" content=\"Kentucky Velvet Pocket men\u010destrov\u00fd dr\u017eiak na vreck\u00e1 na psie exkrementy - Spicehorse\" \/>\n<meta property=\"og:description\" content=\"spicehorse.eu | Je tu Velvet dr\u017eiak na vreck\u00e1 na exkrementy, ktor\u00fd sa dokonale hod\u00ed ku \u00a0Kentucky Dogwear men\u010destrovej v\u00f4dzke, obojku a\u00a0postroju.\" \/>\n<meta property=\"og:url\" content=\"https:\/\/arak.spicehorse.eu\/sk\/produkt\/kentucky-velvet-pocket-mencestrovy-drziak-na-vrecka-na-psie-exkrementy\/\" \/>\n<meta property=\"og:site_name\" content=\"Spicehorse\" \/>\n<meta property=\"article:publisher\" content=\"https:\/\/www.facebook.com\/SPICEHORSE-550385625402457\/\" \/>\n<meta property=\"article:modified_time\" content=\"2023-11-23T10:25:26+00:00\" \/>\n<meta property=\"og:image\" content=\"https:\/\/arak.spicehorse.eu\/wp-content\/uploads\/2022\/02\/processed-20.jpeg\" \/>\n\t<meta property=\"og:image:width\" content=\"2048\" \/>\n\t<meta property=\"og:image:height\" content=\"2048\" \/>\n\t<meta property=\"og:image:type\" content=\"image\/jpeg\" \/>\n<meta name=\"twitter:card\" content=\"summary_large_image\" \/>\n<script type=\"application\/ld+json\" class=\"yoast-schema-graph\">{\"@context\":\"https:\/\/schema.org\",\"@graph\":[{\"@type\":\"WebPage\",\"@id\":\"https:\/\/arak.spicehorse.eu\/sk\/produkt\/kentucky-velvet-pocket-mencestrovy-drziak-na-vrecka-na-psie-exkrementy\/\",\"url\":\"https:\/\/arak.spicehorse.eu\/sk\/produkt\/kentucky-velvet-pocket-mencestrovy-drziak-na-vrecka-na-psie-exkrementy\/\",\"name\":\"Kentucky Velvet Pocket men\u010destrov\u00fd dr\u017eiak na vreck\u00e1 na psie exkrementy - Spicehorse\",\"isPartOf\":{\"@id\":\"https:\/\/arak.spicehorse.eu\/en\/#website\"},\"datePublished\":\"2022-02-08T12:37:45+00:00\",\"dateModified\":\"2023-11-23T10:25:26+00:00\",\"description\":\"spicehorse.eu | Je tu Velvet dr\u017eiak na vreck\u00e1 na exkrementy, ktor\u00fd sa dokonale hod\u00ed ku \u00a0Kentucky Dogwear men\u010destrovej v\u00f4dzke, obojku a\u00a0postroju.\",\"breadcrumb\":{\"@id\":\"https:\/\/arak.spicehorse.eu\/sk\/produkt\/kentucky-velvet-pocket-mencestrovy-drziak-na-vrecka-na-psie-exkrementy\/#breadcrumb\"},\"inLanguage\":\"sk-SK\",\"potentialAction\":[{\"@type\":\"ReadAction\",\"target\":[\"https:\/\/arak.spicehorse.eu\/sk\/produkt\/kentucky-velvet-pocket-mencestrovy-drziak-na-vrecka-na-psie-exkrementy\/\"]}]},{\"@type\":\"BreadcrumbList\",\"@id\":\"https:\/\/arak.spicehorse.eu\/sk\/produkt\/kentucky-velvet-pocket-mencestrovy-drziak-na-vrecka-na-psie-exkrementy\/#breadcrumb\",\"itemListElement\":[{\"@type\":\"ListItem\",\"position\":1,\"name\":\"Home\",\"item\":\"https:\/\/arak.spicehorse.eu\/sk\/\"},{\"@type\":\"ListItem\",\"position\":2,\"name\":\"Predaj\u0148a\",\"item\":\"https:\/\/arak.spicehorse.eu\/sk\/predajna\/\"},{\"@type\":\"ListItem\",\"position\":3,\"name\":\"Kentucky Velvet Pocket men\u010destrov\u00fd dr\u017eiak na vreck\u00e1 na psie exkrementy\"}]},{\"@type\":\"WebSite\",\"@id\":\"https:\/\/arak.spicehorse.eu\/en\/#website\",\"url\":\"https:\/\/arak.spicehorse.eu\/en\/\",\"name\":\"Spicehorse\",\"description\":\"UNDER DEVELOPMENT -\",\"potentialAction\":[{\"@type\":\"SearchAction\",\"target\":{\"@type\":\"EntryPoint\",\"urlTemplate\":\"https:\/\/arak.spicehorse.eu\/en\/?s={search_term_string}\"},\"query-input\":\"required name=search_term_string\"}],\"inLanguage\":\"sk-SK\"}]}<\/script>\n<!-- \/ Yoast SEO plugin. -->","yoast_head_json":{"title":"Kentucky Velvet Pocket men\u010destrov\u00fd dr\u017eiak na vreck\u00e1 na psie exkrementy - Spicehorse","description":"spicehorse.eu | Je tu Velvet dr\u017eiak na vreck\u00e1 na exkrementy, ktor\u00fd sa dokonale hod\u00ed ku \u00a0Kentucky Dogwear men\u010destrovej v\u00f4dzke, obojku a\u00a0postroju.","robots":{"index":"index","follow":"follow","max-snippet":"max-snippet:-1","max-image-preview":"max-image-preview:large","max-video-preview":"max-video-preview:-1"},"canonical":"https:\/\/arak.spicehorse.eu\/sk\/produkt\/kentucky-velvet-pocket-mencestrovy-drziak-na-vrecka-na-psie-exkrementy\/","og_locale":"sk_SK","og_type":"article","og_title":"Kentucky Velvet Pocket men\u010destrov\u00fd dr\u017eiak na vreck\u00e1 na psie exkrementy - Spicehorse","og_description":"spicehorse.eu | Je tu Velvet dr\u017eiak na vreck\u00e1 na exkrementy, ktor\u00fd sa dokonale hod\u00ed ku \u00a0Kentucky Dogwear men\u010destrovej v\u00f4dzke, obojku a\u00a0postroju.","og_url":"https:\/\/arak.spicehorse.eu\/sk\/produkt\/kentucky-velvet-pocket-mencestrovy-drziak-na-vrecka-na-psie-exkrementy\/","og_site_name":"Spicehorse","article_publisher":"https:\/\/www.facebook.com\/SPICEHORSE-550385625402457\/","article_modified_time":"2023-11-23T10:25:26+00:00","og_image":[{"width":2048,"height":2048,"url":"https:\/\/arak.spicehorse.eu\/wp-content\/uploads\/2022\/02\/processed-20.jpeg","type":"image\/jpeg"}],"twitter_card":"summary_large_image","schema":{"@context":"https:\/\/schema.org","@graph":[{"@type":"WebPage","@id":"https:\/\/arak.spicehorse.eu\/sk\/produkt\/kentucky-velvet-pocket-mencestrovy-drziak-na-vrecka-na-psie-exkrementy\/","url":"https:\/\/arak.spicehorse.eu\/sk\/produkt\/kentucky-velvet-pocket-mencestrovy-drziak-na-vrecka-na-psie-exkrementy\/","name":"Kentucky Velvet Pocket men\u010destrov\u00fd dr\u017eiak na vreck\u00e1 na psie exkrementy - Spicehorse","isPartOf":{"@id":"https:\/\/arak.spicehorse.eu\/en\/#website"},"datePublished":"2022-02-08T12:37:45+00:00","dateModified":"2023-11-23T10:25:26+00:00","description":"spicehorse.eu | Je tu Velvet dr\u017eiak na vreck\u00e1 na exkrementy, ktor\u00fd sa dokonale hod\u00ed ku \u00a0Kentucky Dogwear men\u010destrovej v\u00f4dzke, obojku a\u00a0postroju.","breadcrumb":{"@id":"https:\/\/arak.spicehorse.eu\/sk\/produkt\/kentucky-velvet-pocket-mencestrovy-drziak-na-vrecka-na-psie-exkrementy\/#breadcrumb"},"inLanguage":"sk-SK","potentialAction":[{"@type":"ReadAction","target":["https:\/\/arak.spicehorse.eu\/sk\/produkt\/kentucky-velvet-pocket-mencestrovy-drziak-na-vrecka-na-psie-exkrementy\/"]}]},{"@type":"BreadcrumbList","@id":"https:\/\/arak.spicehorse.eu\/sk\/produkt\/kentucky-velvet-pocket-mencestrovy-drziak-na-vrecka-na-psie-exkrementy\/#breadcrumb","itemListElement":[{"@type":"ListItem","position":1,"name":"Home","item":"https:\/\/arak.spicehorse.eu\/sk\/"},{"@type":"ListItem","position":2,"name":"Predaj\u0148a","item":"https:\/\/arak.spicehorse.eu\/sk\/predajna\/"},{"@type":"ListItem","position":3,"name":"Kentucky Velvet Pocket men\u010destrov\u00fd dr\u017eiak na vreck\u00e1 na psie exkrementy"}]},{"@type":"WebSite","@id":"https:\/\/arak.spicehorse.eu\/en\/#website","url":"https:\/\/arak.spicehorse.eu\/en\/","name":"Spicehorse","description":"UNDER DEVELOPMENT -","potentialAction":[{"@type":"SearchAction","target":{"@type":"EntryPoint","urlTemplate":"https:\/\/arak.spicehorse.eu\/en\/?s={search_term_string}"},"query-input":"required name=search_term_string"}],"inLanguage":"sk-SK"}]}},"_links":{"self":[{"href":"https:\/\/arak.spicehorse.eu\/sk\/wp-json\/wp\/v2\/product\/48546"}],"collection":[{"href":"https:\/\/arak.spicehorse.eu\/sk\/wp-json\/wp\/v2\/product"}],"about":[{"href":"https:\/\/arak.spicehorse.eu\/sk\/wp-json\/wp\/v2\/types\/product"}],"wp:featuredmedia":[{"embeddable":true,"href":"https:\/\/arak.spicehorse.eu\/sk\/wp-json\/wp\/v2\/media\/48561"}],"wp:attachment":[{"href":"https:\/\/arak.spicehorse.eu\/sk\/wp-json\/wp\/v2\/media?parent=48546"}],"wp:term":[{"taxonomy":"product_cat","embeddable":true,"href":"https:\/\/arak.spicehorse.eu\/sk\/wp-json\/wp\/v2\/product_cat?post=48546"},{"taxonomy":"product_tag","embeddable":true,"href":"https:\/\/arak.spicehorse.eu\/sk\/wp-json\/wp\/v2\/product_tag?post=48546"}],"curies":[{"name":"wp","href":"https:\/\/api.w.org\/{rel}","templated":true}]}}