{"id":49552,"date":"2022-02-13T14:29:34","date_gmt":"2022-02-13T13:29:36","guid":{"rendered":"https:\/\/arak.spicehorse.eu\/?post_type=product&#038;p=49552"},"modified":"2025-07-27T12:09:29","modified_gmt":"2025-07-27T10:09:29","slug":"winderen-oliv-zubadlo","status":"publish","type":"product","link":"https:\/\/arak.spicehorse.eu\/sk\/produkt\/winderen-oliv-zubadlo\/","title":{"rendered":"Winderen ol\u00edv zubadlo"},"content":{"rendered":"<p>Zubadl\u00e1 Winderen g\u00e9lov\u00e9ho syst\u00e9mu zubadiel s\u00fa vyroben\u00e9 z\u00a0ve\u013emi odoln\u00e9ho syntetick\u00e9ho g\u00e9lu, ktor\u00fd je pohodln\u00fd a\u00a0ko\u0148mi ve\u013emi dobre tolerovan\u00fd, z\u00e1rove\u0148 ve\u013emi dobre odol\u00e1va prehryz\u00e1vaniu. G\u00e9lov\u00fd syst\u00e9m zubadiel z\u00e1rove\u0148 poskytuje inovat\u00edvne rie\u0161enie pre t\u00fdch jazdcov, ktor\u00ed pou\u017e\u00edvaj\u00fa nieko\u013eko zubadiel po\u010das ka\u017edodenn\u00e9ho tr\u00e9ningu. V\u00a0z\u00e1ujme vyvinutia vhodn\u00e9ho zubadla mo\u017eno ka\u017ed\u00fa \u00fastnu \u010das\u0165 kombinova\u0165 s\u00a0r\u00f4znymi typmi zubadlov\u00fdch kr\u00fa\u017ekov. V\u00fdmena zubadlov\u00fdch kr\u00fa\u017ekov je ve\u013emi jednoduch\u00e1, t\u00fato \u00falohu mo\u017eno zvl\u00e1dnu\u0165 za okamih.<\/p>\n<p>Winderen g\u00e9lov\u00e9 \u00fastne \u010dasti sa odpor\u00fa\u010daj\u00fa predov\u0161etk\u00fdm pre tak\u00e9 kone, ktor\u00e9:<\/p>\n<ul>\n<li>ktor\u00e9 maj\u00fa probl\u00e9m s akcept\u00e1ciou zubadla a nereaguj\u00fa na ru\u010dn\u00fa pomoc<\/li>\n<li>s\u00fa citliv\u00e9, preto odmietaj\u00fa kovov\u00e9 zubadl\u00e1<\/li>\n<li>neust\u00e1lym hryzen\u00edm ni\u010dia syntetick\u00e9 \u00fastne \u010dasti zubadiel<\/li>\n<li>s\u00fa alergick\u00e9 na kovov\u00e9 \u010dasti zubadiel<\/li>\n<\/ul>\n<p><strong>Zubadl\u00e1 priate\u013esk\u00e9 ku ko\u0148om<\/strong><\/p>\n<p>Winderen vykon\u00e1val viac ako tri roky d\u00f4kladn\u00e9 v\u00fdskumy a\u00a0pozorovania, v\u00fdsledkom ktor\u00fdch je vypracovanie fin\u00e1lneho konceptu g\u00e9lovej \u00fastnej \u010dasti zubadiel. V\u00a0r\u00e1mci tohto obdobia sme na\u0161e zubadl\u00e1 testovali na stovke kon\u00ed a\u00a0jazdcov s\u00a0r\u00f4znymi \u00farov\u0148ami jazdeck\u00fdch schopnost\u00ed. \u00a0V\u00a0pr\u00e1ci n\u00e1m v\u00fdrazne pomohla profesion\u00e1lnych, amat\u00e9rskych aj hobby jazdcov. V\u00fdsledkom spolo\u010dn\u00e9ho vynalo\u017eenia s\u00edl bolo vytvorenie tak\u00e9ho g\u00e9lov\u00e9ho zubadla, ktor\u00e9 testovan\u00e9 kone \u013eahko akceptovali, a\u00a0ktor\u00e9 mimoriadne dobre odol\u00e1valo\u00a0 de\u0161trukt\u00edvnym \u00fa\u010dinkom konsk\u00fdch zubov. Jazdci, ktor\u00ed sa testovania z\u00fa\u010dastnili postrehli, v\u00e4\u010d\u0161ina kon\u00ed rada \u017euje na\u0161e zubadl\u00e1, pri ich pou\u017eit\u00ed sa kone r\u00fdchlej\u0161ie uvo\u013enia, z\u00e1rove\u0148 kone poskytovali jazdcom spr\u00e1vny kontakt, \u010do umo\u017enilo robi\u0165 tr\u00e9ningy e\u0161te efekt\u00edvnej\u0161ie a\u00a0bez stresu.<\/p>\n<p><strong>Bezpe\u010dn\u00e9 pre kone<\/strong><\/p>\n<p>Syntetick\u00fd g\u00e9l, z ktor\u00e9ho s\u00fa vyroben\u00e9 zubadla Winderen, bol d\u00f4kladne otestovan\u00fd a pre kone je \u00faplne bezpe\u010dn\u00fd. G\u00e9l dostal medzin\u00e1rodne uzn\u00e1van\u00fd certifik\u00e1t FDA, ktor\u00fd je d\u00f4kazom vysokej kvality a bezpe\u010dnosti. V\u010faka tomu si m\u00f4\u017eete by\u0165 ist\u00ed t\u00fdm, \u017ee k\u00f4\u0148 m\u00f4\u017ee \u017euva\u0165 zubadlo Winderen pod\u013ea \u013eubov\u00f4le bez toho, aby bolo ohrozen\u00e9 jeho zdravie.<\/p>\n<p><strong>Odoln\u00e9 vo\u010di prehryz\u00e1vaniu<\/strong><\/p>\n<p>Po\u010das v\u00fdvoja sa ako najv\u00e4\u010d\u0161ia v\u00fdzva uk\u00e1zala nutnos\u0165 vytvori\u0165 tak\u00fa \u00fastnu \u010das\u0165, ktor\u00e1 je m\u00e4kk\u00e1 a\u00a0pohodln\u00e1 pre kone a\u00a0z\u00e1rove\u0148 je dostato\u010dne siln\u00e1 na to, aby odol\u00e1vala prehryz\u00e1vaniu. Po mnoh\u00fdch testovaniach sa to v\u0161ak nakoniec podarilo docieli\u0165. M\u00e4kk\u00e1, g\u00e9lov\u00e1 \u0161trukt\u00fara zubadla koni radi prij\u00edmaj\u00fa a\u00a0\u017euj\u00fa, a z\u00e1rove\u0148 je neoby\u010dajne odoln\u00e1 proti prehryz\u00e1vaniu.<\/p>\n<p>Vykonali sme mnoho testov s ko\u0148mi, ktor\u00ed predt\u00fdm k ne\u0161\u0165astiu majite\u013eov likvidovali syntetick\u00e9 zubadl\u00e1 ako na be\u017eiacom p\u00e1se. Tieto ist\u00e9 kone nedok\u00e1zali po\u0161kodi\u0165 g\u00e9lov\u00e9 \u00fastne \u010dasti zubadiel Winderen. Aby sme sa v\u0161ak uistili skuto\u010dnou odolnos\u0165ou tohto materi\u00e1lu, do testovania sme zapojili aj psy. T\u00ed, ako m\u00e4so\u017eravce, maj\u00fa ove\u013ea silnej\u0161\u00ed stisk a ostrej\u0161ie zuby. Zubadl\u00e1 Winderen stato\u010dne odolali aj tejto sk\u00fa\u0161ke.<\/p>\n<p><strong>Syst\u00e9m vymenite\u013en\u00fdch \u00fastnych \u010dast\u00ed a\u00a0kr\u00fa\u017ekov<\/strong><\/p>\n<p>V\u00fdber spr\u00e1vneho zubadla je pre jazdcov v\u017edy ve\u013ekou v\u00fdzvou. N\u00e1roky kon\u00ed sa m\u00f4\u017eu \u010dasom meni\u0165, preto sme po\u010das v\u00fdvoja Winderen g\u00e9lov\u00e9ho syst\u00e9mu chceli v\u00a0maxim\u00e1lnej miere u\u013eah\u010di\u0165 v\u00fdber spr\u00e1vneho zubadla v z\u00e1vislosti na \u0161pecifick\u00fdch potreb\u00e1ch a\u00a0temperamente v\u00e1\u0161ho ko\u0148a.<\/p>\n<p>Pr\u00e1ve preto sme vyvinuli syst\u00e9m vymenite\u013en\u00fdch \u00fastnych \u010dast\u00ed a kr\u00fa\u017ekov. Toto inovat\u00edvne rie\u0161enie umo\u017e\u0148uje spoji\u0165 ak\u00e9ko\u013evek na\u0161e stihlo s celou \u0161k\u00e1lou na\u0161ich zubadlov\u00fdch kr\u00fa\u017ekov, \u010do umo\u017e\u0148uje vytvori\u0165 ve\u013ek\u00e9 mno\u017estvo r\u00f4znych modifik\u00e1ci\u00ed a upravova\u0165 fungovanie na\u0161ich zubadiel. Za zmienku stoj\u00ed tie\u017e to, \u017ee stihla a kr\u00fa\u017eky je mo\u017en\u00e9 vymeni\u0165 ko\u013ekokr\u00e1t sa chcete, nez\u00e1visle od seba a vo ve\u013emi kr\u00e1tkom \u010dase.<\/p>\n<p><strong>Vyhovuj\u00fa predpisom Medzin\u00e1rodnej jazdeckej feder\u00e1cie (FEI)<\/strong><\/p>\n<p>Pri v\u00fdvoji g\u00e9lov\u00fdch zubadiel Winderen bolo jedn\u00fdm z\u00a0vyt\u00fd\u010den\u00fdch cie\u013eov, aby zubadl\u00e1 sp\u013a\u0148ali predpisy FEI. V\u00fdsledkom je, \u017ee zubadl\u00e1 Winderen sp\u013a\u0148aj\u00fa pravidl\u00e1 pre park\u00farov\u00e9 sk\u00e1kanie, drez\u00faru a jazdectvo:<\/p>\n<ul>\n<li>zubadlo m\u00e1 hladk\u00fd povrch<\/li>\n<li>materi\u00e1l je syntetick\u00fd a odoln\u00fd<\/li>\n<li>v\u0161etky stupne tvrdosti \u00fastnej \u010dasti s\u00fa povolen\u00e9 predpismi<\/li>\n<li>obl\u00fak vytvoren\u00fd pre jazyk m\u00e1 vyhovuj\u00facu v\u00fd\u0161ku<\/li>\n<li>hr\u00fabka je 18 mm, \u010do vyhovuje z\u00e1rove\u0148 pre kone aj pon\u00edky<\/li>\n<li>zubadlov\u00e9 kr\u00fa\u017eky povolen\u00e9 pre drez\u00faru (vo\u013ene sa pohybuj\u00face kr\u00fa\u017eky \u2018Loose Ring\u2019, ol\u00edv, D-kr\u00fa\u017eky a Baucher)<\/li>\n<li>tvar re\u0165aze na bradu a v\u0161etky d\u013a\u017eky zubadlov\u00fdch kr\u00fa\u017ekov s\u00fa povolen\u00e9 predpismi<\/li>\n<li>ani jedno odvetvie jazdectva nezakazuje bielu a oran\u017eov\u00fa farbu zubadla<\/li>\n<\/ul>\n<p><img decoding=\"async\" class=\"img-fill\" src=\"https:\/\/www.winderen.com\/dat\/images\/2020-07\/\/3855b.jpg\" \/><\/p>\n<h4><strong>Zubadl\u00e1 Mullen so stredov\u00fdm obl\u00fakom a ochranou \u00fastia (Ported Mullen + Bit Guards)<\/strong><\/h4>\n<ul>\n<li>Merav\u00e1, nehrdzavej\u00faca oce\u013e so stredn\u00fdm portom<\/li>\n<li>Anatomick\u00fd tvar, ktor\u00fd poskytuje miesto pre jazyk<\/li>\n<li>S itegrovanou ochranou \u00fastia<\/li>\n<li>Dostupn\u00e9 ve\u013ekosti: 115 mm \/ 125 mm \/ 135 mm \/ 145 mm<\/li>\n<\/ul>\n<h4><strong>Mullen \u00fastie (Ported Mullen)<\/strong><\/h4>\n<ul>\n<li>Merav\u00e9, s vn\u00fatorn\u00fdm jadrom z nehrdzavej\u00facej ocele<\/li>\n<li>Anatomick\u00fd tvar, ktor\u00fd poskytuje miesto pre jazyk<\/li>\n<li>Dostupn\u00e9 ve\u013ekosti: 115 mm \/ 125 mm \/ 135 mm \/ 145 mm<\/li>\n<\/ul>\n<h4><strong>Merav\u00e9 Mullen \u00fastie (Rigid Mullen)<\/strong><\/h4>\n<ul>\n<li>Merav\u00e9, s vn\u00fatorn\u00fdm jadrom z nehrdzavej\u00facej ocele<\/li>\n<li>Anatomick\u00fd tvar, ktor\u00fd poskytuje miesto pre jazyk<\/li>\n<li>Dostupn\u00e9 ve\u013ekosti: 115 mm \/ 125 mm \/ 135 mm \/ 140 mm<\/li>\n<\/ul>\n<h4><strong>Flexibiln\u00e9 Mullen \u00fastie Flexi (Flexi Mullen)<\/strong><\/h4>\n<ul>\n<li>S flexibiln\u00fdm vn\u00fatorn\u00fdm jadrom<\/li>\n<li>Ohybnos\u0165: stredn\u00e1<\/li>\n<li>Dostupn\u00e9 ve\u013ekosti: 115 mm \/ 125 mm \/ 135 mm \/ 145 mm<\/li>\n<\/ul>\n<h4><strong>Mimoriadne flexibiln\u00e9 Mullen \u00fastie Super Flexi (Super Flexi)<\/strong><\/h4>\n<ul>\n<li>S flexibiln\u00fdm vn\u00fatorn\u00fdm jadrom<\/li>\n<li>Ohybnos\u0165: vysok\u00e1<\/li>\n<li>Dostupn\u00e9 ve\u013ekosti: 115 mm \/ 125 mm \/ 135 mm \/ 140 mm<\/li>\n<\/ul>\n<h4>Double Broken Mullen Mouth Mouthpiece<\/h4>\n<div class=\"row row-vertical-center\">\n<div class=\"col-6 col-12-sm push-6\">\n<ul>\n<li>Dostupn\u00e9 ve\u013ekosti: 115 mm \/ 125 mm \/ 135 mm \/ 140 mm<\/li>\n<\/ul>\n<\/div>\n<\/div>\n","protected":false},"excerpt":{"rendered":"<ul>\n<li>G\u00e9lov\u00e9 \u00fastne \u010dasti priate\u013esk\u00e9 ku ko\u0148om<\/li>\n<li>Odol\u00e1vaj\u00fa prehryz\u00e1vaniu<\/li>\n<li>So syst\u00e9mom v\u00fdmenn\u00fdch kr\u00fa\u017ekov<\/li>\n<\/ul>\n","protected":false},"featured_media":49562,"template":"","meta":{"_acf_changed":false},"product_cat":[75,674],"product_tag":[1654,1591,694],"acf":[],"yoast_head":"<!-- This site is optimized with the Yoast SEO plugin v21.4 - https:\/\/yoast.com\/wordpress\/plugins\/seo\/ -->\n<title>Winderen ol\u00edv zubadlo - Spicehorse<\/title>\n<meta name=\"description\" content=\"spicehorse.eu | Zubadl\u00e1 Winderen g\u00e9lov\u00e9ho syst\u00e9mu zubadiel s\u00fa vyroben\u00e9 z\u00a0ve\u013emi odoln\u00e9ho syntetick\u00e9ho g\u00e9lu, ktor\u00fd je pohodln\u00fd a\u00a0ko\u0148mi ve\u013emi dobre tolerovan\u00fd, z\u00e1rove\u0148 ve\u013emi dobre odol\u00e1va prehryz\u00e1vaniu.\" \/>\n<meta name=\"robots\" content=\"index, follow, max-snippet:-1, max-image-preview:large, max-video-preview:-1\" \/>\n<link rel=\"canonical\" href=\"https:\/\/arak.spicehorse.eu\/sk\/produkt\/winderen-oliv-zubadlo\/\" \/>\n<meta property=\"og:locale\" content=\"sk_SK\" \/>\n<meta property=\"og:type\" content=\"article\" \/>\n<meta property=\"og:title\" content=\"Winderen ol\u00edv zubadlo - Spicehorse\" \/>\n<meta property=\"og:description\" content=\"spicehorse.eu | Zubadl\u00e1 Winderen g\u00e9lov\u00e9ho syst\u00e9mu zubadiel s\u00fa vyroben\u00e9 z\u00a0ve\u013emi odoln\u00e9ho syntetick\u00e9ho g\u00e9lu, ktor\u00fd je pohodln\u00fd a\u00a0ko\u0148mi ve\u013emi dobre tolerovan\u00fd, z\u00e1rove\u0148 ve\u013emi dobre odol\u00e1va prehryz\u00e1vaniu.\" \/>\n<meta property=\"og:url\" content=\"https:\/\/arak.spicehorse.eu\/sk\/produkt\/winderen-oliv-zubadlo\/\" \/>\n<meta property=\"og:site_name\" content=\"Spicehorse\" \/>\n<meta property=\"article:publisher\" content=\"https:\/\/www.facebook.com\/SPICEHORSE-550385625402457\/\" \/>\n<meta property=\"article:modified_time\" content=\"2025-07-27T10:09:29+00:00\" \/>\n<meta property=\"og:image\" content=\"https:\/\/arak.spicehorse.eu\/wp-content\/uploads\/2022\/02\/852683.jpg\" \/>\n\t<meta property=\"og:image:width\" content=\"714\" \/>\n\t<meta property=\"og:image:height\" content=\"714\" \/>\n\t<meta property=\"og:image:type\" content=\"image\/jpeg\" \/>\n<meta name=\"twitter:card\" content=\"summary_large_image\" \/>\n<meta name=\"twitter:label1\" content=\"Predpokladan\u00fd \u010das \u010d\u00edtania\" \/>\n\t<meta name=\"twitter:data1\" content=\"1 min\u00fata\" \/>\n<script type=\"application\/ld+json\" class=\"yoast-schema-graph\">{\"@context\":\"https:\/\/schema.org\",\"@graph\":[{\"@type\":\"WebPage\",\"@id\":\"https:\/\/arak.spicehorse.eu\/sk\/produkt\/winderen-oliv-zubadlo\/\",\"url\":\"https:\/\/arak.spicehorse.eu\/sk\/produkt\/winderen-oliv-zubadlo\/\",\"name\":\"Winderen ol\u00edv zubadlo - Spicehorse\",\"isPartOf\":{\"@id\":\"https:\/\/arak.spicehorse.eu\/en\/#website\"},\"datePublished\":\"2022-02-13T13:29:36+00:00\",\"dateModified\":\"2025-07-27T10:09:29+00:00\",\"description\":\"spicehorse.eu | Zubadl\u00e1 Winderen g\u00e9lov\u00e9ho syst\u00e9mu zubadiel s\u00fa vyroben\u00e9 z\u00a0ve\u013emi odoln\u00e9ho syntetick\u00e9ho g\u00e9lu, ktor\u00fd je pohodln\u00fd a\u00a0ko\u0148mi ve\u013emi dobre tolerovan\u00fd, z\u00e1rove\u0148 ve\u013emi dobre odol\u00e1va prehryz\u00e1vaniu.\",\"breadcrumb\":{\"@id\":\"https:\/\/arak.spicehorse.eu\/sk\/produkt\/winderen-oliv-zubadlo\/#breadcrumb\"},\"inLanguage\":\"sk-SK\",\"potentialAction\":[{\"@type\":\"ReadAction\",\"target\":[\"https:\/\/arak.spicehorse.eu\/sk\/produkt\/winderen-oliv-zubadlo\/\"]}]},{\"@type\":\"BreadcrumbList\",\"@id\":\"https:\/\/arak.spicehorse.eu\/sk\/produkt\/winderen-oliv-zubadlo\/#breadcrumb\",\"itemListElement\":[{\"@type\":\"ListItem\",\"position\":1,\"name\":\"Home\",\"item\":\"https:\/\/arak.spicehorse.eu\/sk\/\"},{\"@type\":\"ListItem\",\"position\":2,\"name\":\"Predaj\u0148a\",\"item\":\"https:\/\/arak.spicehorse.eu\/sk\/predajna\/\"},{\"@type\":\"ListItem\",\"position\":3,\"name\":\"Winderen ol\u00edv zubadlo\"}]},{\"@type\":\"WebSite\",\"@id\":\"https:\/\/arak.spicehorse.eu\/en\/#website\",\"url\":\"https:\/\/arak.spicehorse.eu\/en\/\",\"name\":\"Spicehorse\",\"description\":\"UNDER DEVELOPMENT -\",\"potentialAction\":[{\"@type\":\"SearchAction\",\"target\":{\"@type\":\"EntryPoint\",\"urlTemplate\":\"https:\/\/arak.spicehorse.eu\/en\/?s={search_term_string}\"},\"query-input\":\"required name=search_term_string\"}],\"inLanguage\":\"sk-SK\"}]}<\/script>\n<!-- \/ Yoast SEO plugin. -->","yoast_head_json":{"title":"Winderen ol\u00edv zubadlo - Spicehorse","description":"spicehorse.eu | Zubadl\u00e1 Winderen g\u00e9lov\u00e9ho syst\u00e9mu zubadiel s\u00fa vyroben\u00e9 z\u00a0ve\u013emi odoln\u00e9ho syntetick\u00e9ho g\u00e9lu, ktor\u00fd je pohodln\u00fd a\u00a0ko\u0148mi ve\u013emi dobre tolerovan\u00fd, z\u00e1rove\u0148 ve\u013emi dobre odol\u00e1va prehryz\u00e1vaniu.","robots":{"index":"index","follow":"follow","max-snippet":"max-snippet:-1","max-image-preview":"max-image-preview:large","max-video-preview":"max-video-preview:-1"},"canonical":"https:\/\/arak.spicehorse.eu\/sk\/produkt\/winderen-oliv-zubadlo\/","og_locale":"sk_SK","og_type":"article","og_title":"Winderen ol\u00edv zubadlo - Spicehorse","og_description":"spicehorse.eu | Zubadl\u00e1 Winderen g\u00e9lov\u00e9ho syst\u00e9mu zubadiel s\u00fa vyroben\u00e9 z\u00a0ve\u013emi odoln\u00e9ho syntetick\u00e9ho g\u00e9lu, ktor\u00fd je pohodln\u00fd a\u00a0ko\u0148mi ve\u013emi dobre tolerovan\u00fd, z\u00e1rove\u0148 ve\u013emi dobre odol\u00e1va prehryz\u00e1vaniu.","og_url":"https:\/\/arak.spicehorse.eu\/sk\/produkt\/winderen-oliv-zubadlo\/","og_site_name":"Spicehorse","article_publisher":"https:\/\/www.facebook.com\/SPICEHORSE-550385625402457\/","article_modified_time":"2025-07-27T10:09:29+00:00","og_image":[{"width":714,"height":714,"url":"https:\/\/arak.spicehorse.eu\/wp-content\/uploads\/2022\/02\/852683.jpg","type":"image\/jpeg"}],"twitter_card":"summary_large_image","twitter_misc":{"Predpokladan\u00fd \u010das \u010d\u00edtania":"1 min\u00fata"},"schema":{"@context":"https:\/\/schema.org","@graph":[{"@type":"WebPage","@id":"https:\/\/arak.spicehorse.eu\/sk\/produkt\/winderen-oliv-zubadlo\/","url":"https:\/\/arak.spicehorse.eu\/sk\/produkt\/winderen-oliv-zubadlo\/","name":"Winderen ol\u00edv zubadlo - Spicehorse","isPartOf":{"@id":"https:\/\/arak.spicehorse.eu\/en\/#website"},"datePublished":"2022-02-13T13:29:36+00:00","dateModified":"2025-07-27T10:09:29+00:00","description":"spicehorse.eu | Zubadl\u00e1 Winderen g\u00e9lov\u00e9ho syst\u00e9mu zubadiel s\u00fa vyroben\u00e9 z\u00a0ve\u013emi odoln\u00e9ho syntetick\u00e9ho g\u00e9lu, ktor\u00fd je pohodln\u00fd a\u00a0ko\u0148mi ve\u013emi dobre tolerovan\u00fd, z\u00e1rove\u0148 ve\u013emi dobre odol\u00e1va prehryz\u00e1vaniu.","breadcrumb":{"@id":"https:\/\/arak.spicehorse.eu\/sk\/produkt\/winderen-oliv-zubadlo\/#breadcrumb"},"inLanguage":"sk-SK","potentialAction":[{"@type":"ReadAction","target":["https:\/\/arak.spicehorse.eu\/sk\/produkt\/winderen-oliv-zubadlo\/"]}]},{"@type":"BreadcrumbList","@id":"https:\/\/arak.spicehorse.eu\/sk\/produkt\/winderen-oliv-zubadlo\/#breadcrumb","itemListElement":[{"@type":"ListItem","position":1,"name":"Home","item":"https:\/\/arak.spicehorse.eu\/sk\/"},{"@type":"ListItem","position":2,"name":"Predaj\u0148a","item":"https:\/\/arak.spicehorse.eu\/sk\/predajna\/"},{"@type":"ListItem","position":3,"name":"Winderen ol\u00edv zubadlo"}]},{"@type":"WebSite","@id":"https:\/\/arak.spicehorse.eu\/en\/#website","url":"https:\/\/arak.spicehorse.eu\/en\/","name":"Spicehorse","description":"UNDER DEVELOPMENT -","potentialAction":[{"@type":"SearchAction","target":{"@type":"EntryPoint","urlTemplate":"https:\/\/arak.spicehorse.eu\/en\/?s={search_term_string}"},"query-input":"required name=search_term_string"}],"inLanguage":"sk-SK"}]}},"_links":{"self":[{"href":"https:\/\/arak.spicehorse.eu\/sk\/wp-json\/wp\/v2\/product\/49552"}],"collection":[{"href":"https:\/\/arak.spicehorse.eu\/sk\/wp-json\/wp\/v2\/product"}],"about":[{"href":"https:\/\/arak.spicehorse.eu\/sk\/wp-json\/wp\/v2\/types\/product"}],"wp:featuredmedia":[{"embeddable":true,"href":"https:\/\/arak.spicehorse.eu\/sk\/wp-json\/wp\/v2\/media\/49562"}],"wp:attachment":[{"href":"https:\/\/arak.spicehorse.eu\/sk\/wp-json\/wp\/v2\/media?parent=49552"}],"wp:term":[{"taxonomy":"product_cat","embeddable":true,"href":"https:\/\/arak.spicehorse.eu\/sk\/wp-json\/wp\/v2\/product_cat?post=49552"},{"taxonomy":"product_tag","embeddable":true,"href":"https:\/\/arak.spicehorse.eu\/sk\/wp-json\/wp\/v2\/product_tag?post=49552"}],"curies":[{"name":"wp","href":"https:\/\/api.w.org\/{rel}","templated":true}]}}