{"id":49978,"date":"2022-02-16T21:10:48","date_gmt":"2022-02-16T20:10:50","guid":{"rendered":"https:\/\/arak.spicehorse.eu\/?post_type=product&#038;p=49978"},"modified":"2022-03-01T18:28:58","modified_gmt":"2022-03-01T17:28:58","slug":"winderen-anatomicky-drezurny-popruh","status":"publish","type":"product","link":"https:\/\/arak.spicehorse.eu\/sk\/produkt\/winderen-anatomicky-drezurny-popruh\/","title":{"rendered":"Winderen anatomick\u00fd drez\u00farny popruh"},"content":{"rendered":"<p>Cie\u013eom drez\u00farneho popruhu Winderen Pressure Relief je, aby v\u00fdrazne zn\u00ed\u017eil tlak na hrudn\u00fa kos\u0165 ko\u0148a. Pressure Relief popruh je vyroben\u00fd z\u00a0osved\u010den\u00e9ho materi\u00e1lu s\u00a0modernou technol\u00f3giou, ak\u00fd sa pou\u017e\u00edva aj v\u00a0pr\u00edpade podlo\u017eky pod sedlo Back Protect Solution. Anatomick\u00e9 tvarovanie, v\u00fdstrih v\u00a0oblasti lak\u0165a ko\u0148a, a\u00a0naopak roz\u0161\u00edrenie v\u00a0oblasti hrudnej kosti, t\u00fdm p\u00e1dom je tento popruh dokonal\u00fdm rie\u0161en\u00edm aj pre ve\u013emi citliv\u00e9 kone. Tieto vlastnosti pom\u00e1haj\u00fa zni\u017eova\u0165 tlak vyv\u00edjan\u00fd na hrudn\u00fa kos\u0165 a\u00a0na svaly ko\u0148a, zlep\u0161uje sa t\u00fdm vo\u013enos\u0165 pohybu, d\u00fdchanie a\u00a0v\u0161eobecn\u00fd pocit komfortu pri jazden\u00ed.<\/p>\n<p>Pri tr\u00e9ningu sa hrudn\u00edk ko\u0148a roz\u0161iruje do v\u0161etk\u00fdch str\u00e1n ako bal\u00f3n, tak\u017ee popruh vyv\u00edja tlak na hrudn\u00fa kos\u0165, citliv\u00e9 svaly a\u00a0nervy.\u00a0 Zv\u00fd\u0161en\u00fd tlak v\u00a0oblasti popruhu m\u00f4\u017ee\u00a0 ovplyvni\u0165 r\u00f4zne procesy v tele ko\u0148a, \u010do sp\u00f4sob\u00ed nervozitu ko\u0148a pri za\u0165ahovan\u00ed popruhu.<\/p>\n<p>Winderen Pressure Relief popruh sa anatomicky prisp\u00f4sobuje stavbe tela ko\u0148a. Povrch popruhu je jemn\u00fd, v\u00a0oblasti lak\u0165ov s\u00fa v\u00fdstrihy, \u010d\u00edm sa zabezpe\u010d\u00ed v\u00e4\u010d\u0161ia vo\u013enos\u0165 pohybu a\u00a0extra pohodlie pre citliv\u00fa poko\u017eku lak\u0165a ko\u0148a. \u0160irok\u00e1 forma pom\u00e1ha zni\u017eova\u0165 tlakov\u00e9 body rozlo\u017een\u00edm tlaku na v\u00e4\u010d\u0161iu plochu.<\/p>\n<p>Popruh m\u00e1 po oboch stran\u00e1ch flexibiln\u00e9 spony vynikaj\u00facej kvality. Spony s\u00fa ploch\u00e9 a\u00a0pru\u017en\u00e9, napriek tomu pevn\u00e9 a\u00a0odoln\u00e9.<\/p>\n<p>V\u00a0pr\u00edpade skokov\u00e9ho popruhu maj\u00fa pru\u017en\u00e9 konce rozdielnu d\u013a\u017eku, preto je predn\u00e1 spona umiestnen\u00e1 ni\u017e\u0161ie a\u00a0zadn\u00e1 vy\u0161\u0161ie. T\u00fdm p\u00e1dom sa popruh lep\u0161ie prisp\u00f4sobuje tvaru tela ko\u0148a. Toto zvy\u0161uje pohodlie a\u00a0stabilitu l\u00fdtka ko\u0148a a\u00a0jazdec dok\u00e1\u017ee dr\u017ea\u0165 svoje nohy bli\u017e\u0161ie k\u00a0telu ko\u0148a.<\/p>\n<p>Polstrovanie popruhu inovat\u00edvnymi materi\u00e1lmi zni\u017euje tlak vyv\u00edjan\u00fd na hrudn\u00fa kos\u0165 ko\u0148a, zabezpe\u010duje v\u00e4\u010d\u0161iu vo\u013enos\u0165 pohybu a\u00a0zlep\u0161uje d\u00fdchanie ko\u0148a. Popri tom poskytuje tie\u017e ochranu pred vonkaj\u0161\u00edmi vplyvmi, napr\u00edklad ke\u010f k\u00f4\u0148 naraz\u00ed na prek\u00e1\u017eku v\u00a0ter\u00e9ne, alebo ak sa pri skokoch dotkne predn\u00fdm kopytom oblasti popruhu. Pod\u0161\u00edvka absorbuje a rozpty\u013euje silu n\u00e1razu, \u00fa\u010dinne chr\u00e1ni a povzbudzuje ko\u0148a k \u013eahk\u00e9mu a sebavedom\u00e9mu skoku.<\/p>\n<p>Na v\u00fdrobu popruhu Winderen Pressure Relief bola pou\u017eit\u00e1 ko\u017ea prvotriednej kvality, ktorej vn\u00fatorn\u00e9 strana je m\u00e4kk\u00e1 a\u00a0pohodln\u00e1, k\u00fdm vonkaj\u0161ia odoln\u00e1 a\u00a0elegantn\u00e1. Winderen popruh si spr\u00e1vnou starostlivos\u0165ou m\u00f4\u017eete u\u017e\u00edva\u0165 dlh\u00e9 roky, v\u010faka v\u00fdnimo\u010dnej kvalite materi\u00e1lov pou\u017eit\u00fdch pri jeho v\u00fdrobe.<\/p>\n<p>Popruh je vyroben\u00fd s\u00a0jednou ve\u013ekou a\u00a0bezpe\u010dnou karab\u00ednou. T\u00e1to karab\u00edna sa d\u00e1 \u013eahko vytiahnu\u0165 spod krytu, tak\u017ee je mo\u017en\u00e9 po\u013eahky pripoji\u0165 poprs\u00e1k. Ak karab\u00ednu nepotrebujeme, zost\u00e1va bezpe\u010dne pod krytom, do ni\u010doho sa nezachyt\u00e1va. Nad karab\u00ednou je umiestnen\u00fd ve\u013ek\u00fd, tie\u017e kryt\u00fd kr\u00fa\u017eok pre r\u00fdchle a bezpe\u010dn\u00e9 pripevnenie pomocn\u00fdch o\u0165a\u017e\u00ed.<\/p>\n<p>Odpor\u00fa\u010da sa vyslovene pre nasledovn\u00e9 kone:<\/p>\n<ul>\n<li>citliv\u00e9 kone<\/li>\n<li>nerv\u00f3zne kone<\/li>\n<li>kone trpiace averziou k popruhu<\/li>\n<li>kone so \u0161peci\u00e1lnymi zdravotn\u00fdmi probl\u00e9mami<\/li>\n<li>mlad\u00e9 kone, ktor\u00e9 si e\u0161te nezvykli na popruh<\/li>\n<\/ul>\n<p>Pri vo\u013ebe spr\u00e1vnej d\u013a\u017eky popruhu Winderen Pressure Relief v\u00a0prvom rade premerajte d\u013a\u017eku v\u00e1\u0161ho aktu\u00e1lneho popruhu. N\u00e1sledne porovnajte v\u00fdsledky merania s\u00a0d\u013a\u017ekami popruhov Winderen.<\/p>\n<p>D\u00f4le\u017eit\u00e9 upozornenie: Nespoliehajte sa iba na v\u00fdrobn\u00fa d\u013a\u017eku s\u00fa\u010dasn\u00e9ho \u00a0popruhu. U niektor\u00fdch sedlov\u00fdch popruhov sa m\u00f4\u017eu ko\u017een\u00e9 a elastick\u00e9 vlo\u017eky pri pravidelnom pou\u017e\u00edvan\u00ed natiahnu\u0165. Popruhy Winderen maj\u00fa extr\u00e9mne siln\u00e9 vn\u00fatorn\u00e9 v\u00fdstu\u017ee, ktor\u00e9 zabra\u0148uj\u00fa nadmern\u00e9mu natiahnutiu pri pravidelnom pou\u017e\u00edvan\u00ed.<\/p>\n<p>Dostupn\u00e9 v\u00a0dvoch farb\u00e1ch<strong><br \/>\n<\/strong><\/p>\n<p><strong>\u00a0<\/strong><\/p>\n","protected":false},"excerpt":{"rendered":"<ul>\n<li>V\u00fdrazn\u00e9 zn\u00ed\u017eenie tlakov\u00fdch bodov<\/li>\n<li>V\u00e4\u010d\u0161ia vo\u013enos\u0165 pohybu<\/li>\n<li>Vysok\u00e1 miera stability sedla<\/li>\n<li>Anatomick\u00fd tvar<\/li>\n<\/ul>\n","protected":false},"featured_media":50179,"template":"","meta":{"_acf_changed":false},"product_cat":[75,110],"product_tag":[217,183,1591],"acf":[],"yoast_head":"<!-- This site is optimized with the Yoast SEO plugin v21.4 - https:\/\/yoast.com\/wordpress\/plugins\/seo\/ -->\n<title>Winderen anatomick\u00fd drez\u00farny popruh - Spicehorse<\/title>\n<meta name=\"description\" content=\"spicehorse.eu | Cie\u013eom drez\u00farneho popruhu Winderen Pressure Relief je, aby v\u00fdrazne zn\u00ed\u017eil tlak na hrudn\u00fa kos\u0165 ko\u0148a.\" \/>\n<meta name=\"robots\" content=\"index, follow, max-snippet:-1, max-image-preview:large, max-video-preview:-1\" \/>\n<link rel=\"canonical\" href=\"https:\/\/arak.spicehorse.eu\/termek\/winderen-anatomiai-dijlovas-heveder\/\" \/>\n<meta property=\"og:locale\" content=\"sk_SK\" \/>\n<meta property=\"og:type\" content=\"article\" \/>\n<meta property=\"og:title\" content=\"Winderen anatomick\u00fd drez\u00farny popruh - Spicehorse\" \/>\n<meta property=\"og:description\" content=\"spicehorse.eu | Cie\u013eom drez\u00farneho popruhu Winderen Pressure Relief je, aby v\u00fdrazne zn\u00ed\u017eil tlak na hrudn\u00fa kos\u0165 ko\u0148a.\" \/>\n<meta property=\"og:url\" content=\"https:\/\/arak.spicehorse.eu\/termek\/winderen-anatomiai-dijlovas-heveder\/\" \/>\n<meta property=\"og:site_name\" content=\"Spicehorse\" \/>\n<meta property=\"article:publisher\" content=\"https:\/\/www.facebook.com\/SPICEHORSE-550385625402457\/\" \/>\n<meta property=\"article:modified_time\" content=\"2022-03-01T17:28:58+00:00\" \/>\n<meta property=\"og:image\" content=\"https:\/\/arak.spicehorse.eu\/wp-content\/uploads\/2022\/02\/1837b.jpg\" \/>\n\t<meta property=\"og:image:width\" content=\"800\" \/>\n\t<meta property=\"og:image:height\" content=\"800\" \/>\n\t<meta property=\"og:image:type\" content=\"image\/jpeg\" \/>\n<meta name=\"twitter:card\" content=\"summary_large_image\" \/>\n<meta name=\"twitter:label1\" content=\"Predpokladan\u00fd \u010das \u010d\u00edtania\" \/>\n\t<meta name=\"twitter:data1\" content=\"3 min\u00faty\" \/>\n<script type=\"application\/ld+json\" class=\"yoast-schema-graph\">{\"@context\":\"https:\/\/schema.org\",\"@graph\":[{\"@type\":\"WebPage\",\"@id\":\"https:\/\/arak.spicehorse.eu\/termek\/winderen-anatomiai-dijlovas-heveder\/\",\"url\":\"https:\/\/arak.spicehorse.eu\/termek\/winderen-anatomiai-dijlovas-heveder\/\",\"name\":\"Winderen anatomick\u00fd drez\u00farny popruh - Spicehorse\",\"isPartOf\":{\"@id\":\"https:\/\/arak.spicehorse.eu\/en\/#website\"},\"datePublished\":\"2022-02-16T20:10:50+00:00\",\"dateModified\":\"2022-03-01T17:28:58+00:00\",\"description\":\"spicehorse.eu | Cie\u013eom drez\u00farneho popruhu Winderen Pressure Relief je, aby v\u00fdrazne zn\u00ed\u017eil tlak na hrudn\u00fa kos\u0165 ko\u0148a.\",\"breadcrumb\":{\"@id\":\"https:\/\/arak.spicehorse.eu\/termek\/winderen-anatomiai-dijlovas-heveder\/#breadcrumb\"},\"inLanguage\":\"sk-SK\",\"potentialAction\":[{\"@type\":\"ReadAction\",\"target\":[\"https:\/\/arak.spicehorse.eu\/termek\/winderen-anatomiai-dijlovas-heveder\/\"]}]},{\"@type\":\"BreadcrumbList\",\"@id\":\"https:\/\/arak.spicehorse.eu\/termek\/winderen-anatomiai-dijlovas-heveder\/#breadcrumb\",\"itemListElement\":[{\"@type\":\"ListItem\",\"position\":1,\"name\":\"Home\",\"item\":\"https:\/\/arak.spicehorse.eu\/sk\/\"},{\"@type\":\"ListItem\",\"position\":2,\"name\":\"Predaj\u0148a\",\"item\":\"https:\/\/arak.spicehorse.eu\/sk\/predajna\/\"},{\"@type\":\"ListItem\",\"position\":3,\"name\":\"Winderen anatomick\u00fd drez\u00farny popruh\"}]},{\"@type\":\"WebSite\",\"@id\":\"https:\/\/arak.spicehorse.eu\/en\/#website\",\"url\":\"https:\/\/arak.spicehorse.eu\/en\/\",\"name\":\"Spicehorse\",\"description\":\"UNDER DEVELOPMENT -\",\"potentialAction\":[{\"@type\":\"SearchAction\",\"target\":{\"@type\":\"EntryPoint\",\"urlTemplate\":\"https:\/\/arak.spicehorse.eu\/en\/?s={search_term_string}\"},\"query-input\":\"required name=search_term_string\"}],\"inLanguage\":\"sk-SK\"}]}<\/script>\n<!-- \/ Yoast SEO plugin. -->","yoast_head_json":{"title":"Winderen anatomick\u00fd drez\u00farny popruh - Spicehorse","description":"spicehorse.eu | Cie\u013eom drez\u00farneho popruhu Winderen Pressure Relief je, aby v\u00fdrazne zn\u00ed\u017eil tlak na hrudn\u00fa kos\u0165 ko\u0148a.","robots":{"index":"index","follow":"follow","max-snippet":"max-snippet:-1","max-image-preview":"max-image-preview:large","max-video-preview":"max-video-preview:-1"},"canonical":"https:\/\/arak.spicehorse.eu\/termek\/winderen-anatomiai-dijlovas-heveder\/","og_locale":"sk_SK","og_type":"article","og_title":"Winderen anatomick\u00fd drez\u00farny popruh - Spicehorse","og_description":"spicehorse.eu | Cie\u013eom drez\u00farneho popruhu Winderen Pressure Relief je, aby v\u00fdrazne zn\u00ed\u017eil tlak na hrudn\u00fa kos\u0165 ko\u0148a.","og_url":"https:\/\/arak.spicehorse.eu\/termek\/winderen-anatomiai-dijlovas-heveder\/","og_site_name":"Spicehorse","article_publisher":"https:\/\/www.facebook.com\/SPICEHORSE-550385625402457\/","article_modified_time":"2022-03-01T17:28:58+00:00","og_image":[{"width":800,"height":800,"url":"https:\/\/arak.spicehorse.eu\/wp-content\/uploads\/2022\/02\/1837b.jpg","type":"image\/jpeg"}],"twitter_card":"summary_large_image","twitter_misc":{"Predpokladan\u00fd \u010das \u010d\u00edtania":"3 min\u00faty"},"schema":{"@context":"https:\/\/schema.org","@graph":[{"@type":"WebPage","@id":"https:\/\/arak.spicehorse.eu\/termek\/winderen-anatomiai-dijlovas-heveder\/","url":"https:\/\/arak.spicehorse.eu\/termek\/winderen-anatomiai-dijlovas-heveder\/","name":"Winderen anatomick\u00fd drez\u00farny popruh - Spicehorse","isPartOf":{"@id":"https:\/\/arak.spicehorse.eu\/en\/#website"},"datePublished":"2022-02-16T20:10:50+00:00","dateModified":"2022-03-01T17:28:58+00:00","description":"spicehorse.eu | Cie\u013eom drez\u00farneho popruhu Winderen Pressure Relief je, aby v\u00fdrazne zn\u00ed\u017eil tlak na hrudn\u00fa kos\u0165 ko\u0148a.","breadcrumb":{"@id":"https:\/\/arak.spicehorse.eu\/termek\/winderen-anatomiai-dijlovas-heveder\/#breadcrumb"},"inLanguage":"sk-SK","potentialAction":[{"@type":"ReadAction","target":["https:\/\/arak.spicehorse.eu\/termek\/winderen-anatomiai-dijlovas-heveder\/"]}]},{"@type":"BreadcrumbList","@id":"https:\/\/arak.spicehorse.eu\/termek\/winderen-anatomiai-dijlovas-heveder\/#breadcrumb","itemListElement":[{"@type":"ListItem","position":1,"name":"Home","item":"https:\/\/arak.spicehorse.eu\/sk\/"},{"@type":"ListItem","position":2,"name":"Predaj\u0148a","item":"https:\/\/arak.spicehorse.eu\/sk\/predajna\/"},{"@type":"ListItem","position":3,"name":"Winderen anatomick\u00fd drez\u00farny popruh"}]},{"@type":"WebSite","@id":"https:\/\/arak.spicehorse.eu\/en\/#website","url":"https:\/\/arak.spicehorse.eu\/en\/","name":"Spicehorse","description":"UNDER DEVELOPMENT -","potentialAction":[{"@type":"SearchAction","target":{"@type":"EntryPoint","urlTemplate":"https:\/\/arak.spicehorse.eu\/en\/?s={search_term_string}"},"query-input":"required name=search_term_string"}],"inLanguage":"sk-SK"}]}},"_links":{"self":[{"href":"https:\/\/arak.spicehorse.eu\/sk\/wp-json\/wp\/v2\/product\/49978"}],"collection":[{"href":"https:\/\/arak.spicehorse.eu\/sk\/wp-json\/wp\/v2\/product"}],"about":[{"href":"https:\/\/arak.spicehorse.eu\/sk\/wp-json\/wp\/v2\/types\/product"}],"wp:featuredmedia":[{"embeddable":true,"href":"https:\/\/arak.spicehorse.eu\/sk\/wp-json\/wp\/v2\/media\/50179"}],"wp:attachment":[{"href":"https:\/\/arak.spicehorse.eu\/sk\/wp-json\/wp\/v2\/media?parent=49978"}],"wp:term":[{"taxonomy":"product_cat","embeddable":true,"href":"https:\/\/arak.spicehorse.eu\/sk\/wp-json\/wp\/v2\/product_cat?post=49978"},{"taxonomy":"product_tag","embeddable":true,"href":"https:\/\/arak.spicehorse.eu\/sk\/wp-json\/wp\/v2\/product_tag?post=49978"}],"curies":[{"name":"wp","href":"https:\/\/api.w.org\/{rel}","templated":true}]}}