{"id":50100,"date":"2022-02-19T09:00:31","date_gmt":"2022-02-19T08:00:31","guid":{"rendered":"https:\/\/arak.spicehorse.eu\/?post_type=product&#038;p=50100"},"modified":"2025-02-09T16:33:43","modified_gmt":"2025-02-09T15:33:43","slug":"grooming-deluxe-overall-kefa-jemna","status":"publish","type":"product","link":"https:\/\/arak.spicehorse.eu\/sk\/produkt\/grooming-deluxe-overall-kefa-jemna\/","title":{"rendered":"Grooming Deluxe Overall kefa jemn\u00e1"},"content":{"rendered":"<p>Lakovan\u00e1 ov\u00e1lna Grooming Deluxe kefa na v\u0161eobecn\u00e9 pou\u017eitie s kr\u00e1tkymi nylonov\u00fdmi \u0161tetinami, jej pou\u017e\u00edvanie podporuje rovnomern\u00e9 rozpt\u00fdlenie prirodzenej olejovej vrstvy konskej srsti, v\u00fdsledkom je leskl\u00e1 a \u017eiarov\u00e1 srs\u0165. Je ide\u00e1lnou vo\u013ebou pre strihan\u00e9 kone, pre kone s tenkou srs\u0165ou a citliv\u00e9 kone. S bavlnen\u00fdm dr\u017eiakom, \u013eahko a stabilne sa dr\u017e\u00ed v ruke.<\/p>\n<p>Kefu mo\u017eno \u013eahko \u010disti\u0165 namo\u010den\u00edm do mydlovej teplej vody.<\/p>\n","protected":false},"excerpt":{"rendered":"<h3>Lakovan\u00e1 ov\u00e1lna GD kefa je id\u00e1lna pre strihan\u00e1 kone s jemnej\u0161ou srs\u0165ou a pre citliv\u00e9 kone.<\/h3>\n<ul>\n<li>Kr\u00e1tke jemn\u00e9 nylonov\u00e9 \u0161tetiny<\/li>\n<li>Bavlnen\u00fd dr\u017eiak<\/li>\n<li>Odoln\u00e1<\/li>\n<li>2 gripov\u00fd anatomick\u00fd tvar<\/li>\n<\/ul>\n","protected":false},"featured_media":50103,"template":"","meta":{"_acf_changed":false},"product_cat":[75,106,120],"product_tag":[486],"acf":[],"yoast_head":"<!-- This site is optimized with the Yoast SEO plugin v21.4 - https:\/\/yoast.com\/wordpress\/plugins\/seo\/ -->\n<title>Grooming Deluxe Overall kefa jemn\u00e1 - Spicehorse<\/title>\n<meta name=\"description\" content=\"spicehorse.eu | Lakovan\u00e1 ov\u00e1lna GD kefa je id\u00e1lna pre strihan\u00e1 kone s jemnej\u0161ou srs\u0165ou a pre citliv\u00e9 kone.\" \/>\n<meta name=\"robots\" content=\"index, follow, max-snippet:-1, max-image-preview:large, max-video-preview:-1\" \/>\n<link rel=\"canonical\" href=\"https:\/\/arak.spicehorse.eu\/termek\/grooming-deluxe-overall-kefe-puha\/\" \/>\n<meta property=\"og:locale\" content=\"sk_SK\" \/>\n<meta property=\"og:type\" content=\"article\" \/>\n<meta property=\"og:title\" content=\"Grooming Deluxe Overall kefa jemn\u00e1 - Spicehorse\" \/>\n<meta property=\"og:description\" content=\"spicehorse.eu | Lakovan\u00e1 ov\u00e1lna GD kefa je id\u00e1lna pre strihan\u00e1 kone s jemnej\u0161ou srs\u0165ou a pre citliv\u00e9 kone.\" \/>\n<meta property=\"og:url\" content=\"https:\/\/arak.spicehorse.eu\/termek\/grooming-deluxe-overall-kefe-puha\/\" \/>\n<meta property=\"og:site_name\" content=\"Spicehorse\" \/>\n<meta property=\"article:publisher\" content=\"https:\/\/www.facebook.com\/SPICEHORSE-550385625402457\/\" \/>\n<meta property=\"article:modified_time\" content=\"2025-02-09T15:33:43+00:00\" \/>\n<meta property=\"og:image\" content=\"https:\/\/arak.spicehorse.eu\/wp-content\/uploads\/2022\/02\/3f50e1be1123d0aa35d955a318c5ba4d6f4266f060edfaedf2c152b196d62b7e.jpg\" \/>\n\t<meta property=\"og:image:width\" content=\"2048\" \/>\n\t<meta property=\"og:image:height\" content=\"2048\" \/>\n\t<meta property=\"og:image:type\" content=\"image\/jpeg\" \/>\n<meta name=\"twitter:card\" content=\"summary_large_image\" \/>\n<script type=\"application\/ld+json\" class=\"yoast-schema-graph\">{\"@context\":\"https:\/\/schema.org\",\"@graph\":[{\"@type\":\"WebPage\",\"@id\":\"https:\/\/arak.spicehorse.eu\/termek\/grooming-deluxe-overall-kefe-puha\/\",\"url\":\"https:\/\/arak.spicehorse.eu\/termek\/grooming-deluxe-overall-kefe-puha\/\",\"name\":\"Grooming Deluxe Overall kefa jemn\u00e1 - Spicehorse\",\"isPartOf\":{\"@id\":\"https:\/\/arak.spicehorse.eu\/en\/#website\"},\"datePublished\":\"2022-02-19T08:00:31+00:00\",\"dateModified\":\"2025-02-09T15:33:43+00:00\",\"description\":\"spicehorse.eu | Lakovan\u00e1 ov\u00e1lna GD kefa je id\u00e1lna pre strihan\u00e1 kone s jemnej\u0161ou srs\u0165ou a pre citliv\u00e9 kone.\",\"breadcrumb\":{\"@id\":\"https:\/\/arak.spicehorse.eu\/termek\/grooming-deluxe-overall-kefe-puha\/#breadcrumb\"},\"inLanguage\":\"sk-SK\",\"potentialAction\":[{\"@type\":\"ReadAction\",\"target\":[\"https:\/\/arak.spicehorse.eu\/termek\/grooming-deluxe-overall-kefe-puha\/\"]}]},{\"@type\":\"BreadcrumbList\",\"@id\":\"https:\/\/arak.spicehorse.eu\/termek\/grooming-deluxe-overall-kefe-puha\/#breadcrumb\",\"itemListElement\":[{\"@type\":\"ListItem\",\"position\":1,\"name\":\"Home\",\"item\":\"https:\/\/arak.spicehorse.eu\/sk\/\"},{\"@type\":\"ListItem\",\"position\":2,\"name\":\"Predaj\u0148a\",\"item\":\"https:\/\/arak.spicehorse.eu\/sk\/predajna\/\"},{\"@type\":\"ListItem\",\"position\":3,\"name\":\"Grooming Deluxe Overall kefa jemn\u00e1\"}]},{\"@type\":\"WebSite\",\"@id\":\"https:\/\/arak.spicehorse.eu\/en\/#website\",\"url\":\"https:\/\/arak.spicehorse.eu\/en\/\",\"name\":\"Spicehorse\",\"description\":\"UNDER DEVELOPMENT -\",\"potentialAction\":[{\"@type\":\"SearchAction\",\"target\":{\"@type\":\"EntryPoint\",\"urlTemplate\":\"https:\/\/arak.spicehorse.eu\/en\/?s={search_term_string}\"},\"query-input\":\"required name=search_term_string\"}],\"inLanguage\":\"sk-SK\"}]}<\/script>\n<!-- \/ Yoast SEO plugin. -->","yoast_head_json":{"title":"Grooming Deluxe Overall kefa jemn\u00e1 - Spicehorse","description":"spicehorse.eu | Lakovan\u00e1 ov\u00e1lna GD kefa je id\u00e1lna pre strihan\u00e1 kone s jemnej\u0161ou srs\u0165ou a pre citliv\u00e9 kone.","robots":{"index":"index","follow":"follow","max-snippet":"max-snippet:-1","max-image-preview":"max-image-preview:large","max-video-preview":"max-video-preview:-1"},"canonical":"https:\/\/arak.spicehorse.eu\/termek\/grooming-deluxe-overall-kefe-puha\/","og_locale":"sk_SK","og_type":"article","og_title":"Grooming Deluxe Overall kefa jemn\u00e1 - Spicehorse","og_description":"spicehorse.eu | Lakovan\u00e1 ov\u00e1lna GD kefa je id\u00e1lna pre strihan\u00e1 kone s jemnej\u0161ou srs\u0165ou a pre citliv\u00e9 kone.","og_url":"https:\/\/arak.spicehorse.eu\/termek\/grooming-deluxe-overall-kefe-puha\/","og_site_name":"Spicehorse","article_publisher":"https:\/\/www.facebook.com\/SPICEHORSE-550385625402457\/","article_modified_time":"2025-02-09T15:33:43+00:00","og_image":[{"width":2048,"height":2048,"url":"https:\/\/arak.spicehorse.eu\/wp-content\/uploads\/2022\/02\/3f50e1be1123d0aa35d955a318c5ba4d6f4266f060edfaedf2c152b196d62b7e.jpg","type":"image\/jpeg"}],"twitter_card":"summary_large_image","schema":{"@context":"https:\/\/schema.org","@graph":[{"@type":"WebPage","@id":"https:\/\/arak.spicehorse.eu\/termek\/grooming-deluxe-overall-kefe-puha\/","url":"https:\/\/arak.spicehorse.eu\/termek\/grooming-deluxe-overall-kefe-puha\/","name":"Grooming Deluxe Overall kefa jemn\u00e1 - Spicehorse","isPartOf":{"@id":"https:\/\/arak.spicehorse.eu\/en\/#website"},"datePublished":"2022-02-19T08:00:31+00:00","dateModified":"2025-02-09T15:33:43+00:00","description":"spicehorse.eu | Lakovan\u00e1 ov\u00e1lna GD kefa je id\u00e1lna pre strihan\u00e1 kone s jemnej\u0161ou srs\u0165ou a pre citliv\u00e9 kone.","breadcrumb":{"@id":"https:\/\/arak.spicehorse.eu\/termek\/grooming-deluxe-overall-kefe-puha\/#breadcrumb"},"inLanguage":"sk-SK","potentialAction":[{"@type":"ReadAction","target":["https:\/\/arak.spicehorse.eu\/termek\/grooming-deluxe-overall-kefe-puha\/"]}]},{"@type":"BreadcrumbList","@id":"https:\/\/arak.spicehorse.eu\/termek\/grooming-deluxe-overall-kefe-puha\/#breadcrumb","itemListElement":[{"@type":"ListItem","position":1,"name":"Home","item":"https:\/\/arak.spicehorse.eu\/sk\/"},{"@type":"ListItem","position":2,"name":"Predaj\u0148a","item":"https:\/\/arak.spicehorse.eu\/sk\/predajna\/"},{"@type":"ListItem","position":3,"name":"Grooming Deluxe Overall kefa jemn\u00e1"}]},{"@type":"WebSite","@id":"https:\/\/arak.spicehorse.eu\/en\/#website","url":"https:\/\/arak.spicehorse.eu\/en\/","name":"Spicehorse","description":"UNDER DEVELOPMENT -","potentialAction":[{"@type":"SearchAction","target":{"@type":"EntryPoint","urlTemplate":"https:\/\/arak.spicehorse.eu\/en\/?s={search_term_string}"},"query-input":"required name=search_term_string"}],"inLanguage":"sk-SK"}]}},"_links":{"self":[{"href":"https:\/\/arak.spicehorse.eu\/sk\/wp-json\/wp\/v2\/product\/50100"}],"collection":[{"href":"https:\/\/arak.spicehorse.eu\/sk\/wp-json\/wp\/v2\/product"}],"about":[{"href":"https:\/\/arak.spicehorse.eu\/sk\/wp-json\/wp\/v2\/types\/product"}],"wp:featuredmedia":[{"embeddable":true,"href":"https:\/\/arak.spicehorse.eu\/sk\/wp-json\/wp\/v2\/media\/50103"}],"wp:attachment":[{"href":"https:\/\/arak.spicehorse.eu\/sk\/wp-json\/wp\/v2\/media?parent=50100"}],"wp:term":[{"taxonomy":"product_cat","embeddable":true,"href":"https:\/\/arak.spicehorse.eu\/sk\/wp-json\/wp\/v2\/product_cat?post=50100"},{"taxonomy":"product_tag","embeddable":true,"href":"https:\/\/arak.spicehorse.eu\/sk\/wp-json\/wp\/v2\/product_tag?post=50100"}],"curies":[{"name":"wp","href":"https:\/\/api.w.org\/{rel}","templated":true}]}}