{"id":50146,"date":"2022-02-19T18:01:25","date_gmt":"2022-02-19T17:01:26","guid":{"rendered":"https:\/\/arak.spicehorse.eu\/?post_type=product&#038;p=50146"},"modified":"2022-03-02T13:21:11","modified_gmt":"2022-03-02T12:21:11","slug":"nathalie-all-red-sampon","status":"publish","type":"product","link":"https:\/\/arak.spicehorse.eu\/sk\/produkt\/nathalie-all-red-sampon\/","title":{"rendered":"Nathalie All Red \u0161amp\u00f3n"},"content":{"rendered":"<p>Nathalie All Red \u0161amp\u00f3n pre \u017elt\u00e9 kone. Vyzdvihuje \u017elt\u00fa farbu, dod\u00e1 srsti hlbok\u00fd, jasn\u00fd lesk. M\u00e1 vynikaj\u00face \u010distiace \u00fa\u010dinky, z\u00e1rove\u0148 pritom hydratuje a\u00a0o\u0161etruje srs\u0165 kon\u00ed.<\/p>\n<p>Nalejte mal\u00e9 mno\u017estvo \u0161amp\u00f3nu do vedra s\u00a0vodou. Pomer mie\u0161ania je 1:10. Roztokom navlh\u010dite srs\u0165 ko\u0148a, n\u00e1sledne ko\u0148a umyte obvykl\u00fdm sp\u00f4sobom. Mastnota a\u00a0\u0161pina a\u00a0r\u00fdchlo rozpustia, u\u0161etr\u00edme t\u00fdm vodu aj \u010das. Ak sa hriva\/ chvost zamotaj\u00fa a\u00a0s\u00fa nepoddajn\u00e9, odpor\u00fa\u010dame pou\u017ei\u0165 Nathalie Digby kondicion\u00e9r.<\/p>\n<p><strong>Zlo\u017eenie<\/strong><\/p>\n<p>Aloe Barbadensis Leaf Juice, Aqua, Sodium Laureth Sulfate, Glycerin, Cocamidopropyl Betaine, Betaine, PEG-7 Glyceryl Cocoate, Hydroxypropyl, Guar Hydroxypropyltrimonium, Chloride, Polyquaternium-10, Dicaprylyl Ether, Glyceryl Oleate, Glycol Distearate, Sodium Sulfate, Decyl Glucoside, Sodium Cocoamphoacetate, Laureth-4, Parfum, Sodium Chloride, Sodium Gluconat,\u00a0Citric Acid, Sodium Benzoate, Phenoxyethanol, Benzoic Acid, CI 15985, CI 19140, CI 28440.<\/p>\n","protected":false},"excerpt":{"rendered":"<p>Nathalie All Red \u0161amp\u00f3n pre \u017elt\u00e9 kone. Vyzdvihuje \u017elt\u00fa farbu, dod\u00e1 srsti hlbok\u00fd, jasn\u00fd lesk. M\u00e1 vynikaj\u00face \u010distiace \u00fa\u010dinky, z\u00e1rove\u0148 pritom hydratuje a\u00a0o\u0161etruje srs\u0165 kon\u00ed. Nalejte mal\u00e9 mno\u017estvo \u0161amp\u00f3nu do vedra s\u00a0vodou. Pomer mie\u0161ania je 1:10. Roztokom navlh\u010dite srs\u0165 ko\u0148a, n\u00e1sledne ko\u0148a umyte obvykl\u00fdm sp\u00f4sobom. Mastnota a\u00a0\u0161pina a\u00a0r\u00fdchlo rozpustia, u\u0161etr\u00edme t\u00fdm vodu aj \u010das. Ak [&hellip;]<\/p>\n","protected":false},"featured_media":50149,"template":"","meta":{"_acf_changed":false},"product_cat":[75,106],"product_tag":[1446,401],"acf":[],"yoast_head":"<!-- This site is optimized with the Yoast SEO plugin v21.4 - https:\/\/yoast.com\/wordpress\/plugins\/seo\/ -->\n<title>Nathalie All Red \u0161amp\u00f3n - Spicehorse<\/title>\n<meta name=\"description\" content=\"spicehorse.eu | Nathalie All Red \u0161amp\u00f3n pre \u017elt\u00e9 kone. Vyzdvihuje \u017elt\u00fa farbu, dod\u00e1 srsti hlbok\u00fd, jasn\u00fd lesk.\" \/>\n<meta name=\"robots\" content=\"index, follow, max-snippet:-1, max-image-preview:large, max-video-preview:-1\" \/>\n<link rel=\"canonical\" href=\"https:\/\/arak.spicehorse.eu\/termek\/nathalie-all-red-sampon\/\" \/>\n<meta property=\"og:locale\" content=\"sk_SK\" \/>\n<meta property=\"og:type\" content=\"article\" \/>\n<meta property=\"og:title\" content=\"Nathalie All Red \u0161amp\u00f3n - Spicehorse\" \/>\n<meta property=\"og:description\" content=\"spicehorse.eu | Nathalie All Red \u0161amp\u00f3n pre \u017elt\u00e9 kone. Vyzdvihuje \u017elt\u00fa farbu, dod\u00e1 srsti hlbok\u00fd, jasn\u00fd lesk.\" \/>\n<meta property=\"og:url\" content=\"https:\/\/arak.spicehorse.eu\/termek\/nathalie-all-red-sampon\/\" \/>\n<meta property=\"og:site_name\" content=\"Spicehorse\" \/>\n<meta property=\"article:publisher\" content=\"https:\/\/www.facebook.com\/SPICEHORSE-550385625402457\/\" \/>\n<meta property=\"article:modified_time\" content=\"2022-03-02T12:21:11+00:00\" \/>\n<meta property=\"og:image\" content=\"https:\/\/arak.spicehorse.eu\/wp-content\/uploads\/2022\/02\/All-Red-Shampoo_500-ml.jpg\" \/>\n\t<meta property=\"og:image:width\" content=\"2454\" \/>\n\t<meta property=\"og:image:height\" content=\"2454\" \/>\n\t<meta property=\"og:image:type\" content=\"image\/jpeg\" \/>\n<meta name=\"twitter:card\" content=\"summary_large_image\" \/>\n<meta name=\"twitter:label1\" content=\"Predpokladan\u00fd \u010das \u010d\u00edtania\" \/>\n\t<meta name=\"twitter:data1\" content=\"1 min\u00fata\" \/>\n<script type=\"application\/ld+json\" class=\"yoast-schema-graph\">{\"@context\":\"https:\/\/schema.org\",\"@graph\":[{\"@type\":\"WebPage\",\"@id\":\"https:\/\/arak.spicehorse.eu\/termek\/nathalie-all-red-sampon\/\",\"url\":\"https:\/\/arak.spicehorse.eu\/termek\/nathalie-all-red-sampon\/\",\"name\":\"Nathalie All Red \u0161amp\u00f3n - Spicehorse\",\"isPartOf\":{\"@id\":\"https:\/\/arak.spicehorse.eu\/en\/#website\"},\"datePublished\":\"2022-02-19T17:01:26+00:00\",\"dateModified\":\"2022-03-02T12:21:11+00:00\",\"description\":\"spicehorse.eu | Nathalie All Red \u0161amp\u00f3n pre \u017elt\u00e9 kone. Vyzdvihuje \u017elt\u00fa farbu, dod\u00e1 srsti hlbok\u00fd, jasn\u00fd lesk.\",\"breadcrumb\":{\"@id\":\"https:\/\/arak.spicehorse.eu\/termek\/nathalie-all-red-sampon\/#breadcrumb\"},\"inLanguage\":\"sk-SK\",\"potentialAction\":[{\"@type\":\"ReadAction\",\"target\":[\"https:\/\/arak.spicehorse.eu\/termek\/nathalie-all-red-sampon\/\"]}]},{\"@type\":\"BreadcrumbList\",\"@id\":\"https:\/\/arak.spicehorse.eu\/termek\/nathalie-all-red-sampon\/#breadcrumb\",\"itemListElement\":[{\"@type\":\"ListItem\",\"position\":1,\"name\":\"Home\",\"item\":\"https:\/\/arak.spicehorse.eu\/sk\/\"},{\"@type\":\"ListItem\",\"position\":2,\"name\":\"Predaj\u0148a\",\"item\":\"https:\/\/arak.spicehorse.eu\/sk\/predajna\/\"},{\"@type\":\"ListItem\",\"position\":3,\"name\":\"Nathalie All Red \u0161amp\u00f3n\"}]},{\"@type\":\"WebSite\",\"@id\":\"https:\/\/arak.spicehorse.eu\/en\/#website\",\"url\":\"https:\/\/arak.spicehorse.eu\/en\/\",\"name\":\"Spicehorse\",\"description\":\"UNDER DEVELOPMENT -\",\"potentialAction\":[{\"@type\":\"SearchAction\",\"target\":{\"@type\":\"EntryPoint\",\"urlTemplate\":\"https:\/\/arak.spicehorse.eu\/en\/?s={search_term_string}\"},\"query-input\":\"required name=search_term_string\"}],\"inLanguage\":\"sk-SK\"}]}<\/script>\n<!-- \/ Yoast SEO plugin. -->","yoast_head_json":{"title":"Nathalie All Red \u0161amp\u00f3n - Spicehorse","description":"spicehorse.eu | Nathalie All Red \u0161amp\u00f3n pre \u017elt\u00e9 kone. Vyzdvihuje \u017elt\u00fa farbu, dod\u00e1 srsti hlbok\u00fd, jasn\u00fd lesk.","robots":{"index":"index","follow":"follow","max-snippet":"max-snippet:-1","max-image-preview":"max-image-preview:large","max-video-preview":"max-video-preview:-1"},"canonical":"https:\/\/arak.spicehorse.eu\/termek\/nathalie-all-red-sampon\/","og_locale":"sk_SK","og_type":"article","og_title":"Nathalie All Red \u0161amp\u00f3n - Spicehorse","og_description":"spicehorse.eu | Nathalie All Red \u0161amp\u00f3n pre \u017elt\u00e9 kone. Vyzdvihuje \u017elt\u00fa farbu, dod\u00e1 srsti hlbok\u00fd, jasn\u00fd lesk.","og_url":"https:\/\/arak.spicehorse.eu\/termek\/nathalie-all-red-sampon\/","og_site_name":"Spicehorse","article_publisher":"https:\/\/www.facebook.com\/SPICEHORSE-550385625402457\/","article_modified_time":"2022-03-02T12:21:11+00:00","og_image":[{"width":2454,"height":2454,"url":"https:\/\/arak.spicehorse.eu\/wp-content\/uploads\/2022\/02\/All-Red-Shampoo_500-ml.jpg","type":"image\/jpeg"}],"twitter_card":"summary_large_image","twitter_misc":{"Predpokladan\u00fd \u010das \u010d\u00edtania":"1 min\u00fata"},"schema":{"@context":"https:\/\/schema.org","@graph":[{"@type":"WebPage","@id":"https:\/\/arak.spicehorse.eu\/termek\/nathalie-all-red-sampon\/","url":"https:\/\/arak.spicehorse.eu\/termek\/nathalie-all-red-sampon\/","name":"Nathalie All Red \u0161amp\u00f3n - Spicehorse","isPartOf":{"@id":"https:\/\/arak.spicehorse.eu\/en\/#website"},"datePublished":"2022-02-19T17:01:26+00:00","dateModified":"2022-03-02T12:21:11+00:00","description":"spicehorse.eu | Nathalie All Red \u0161amp\u00f3n pre \u017elt\u00e9 kone. Vyzdvihuje \u017elt\u00fa farbu, dod\u00e1 srsti hlbok\u00fd, jasn\u00fd lesk.","breadcrumb":{"@id":"https:\/\/arak.spicehorse.eu\/termek\/nathalie-all-red-sampon\/#breadcrumb"},"inLanguage":"sk-SK","potentialAction":[{"@type":"ReadAction","target":["https:\/\/arak.spicehorse.eu\/termek\/nathalie-all-red-sampon\/"]}]},{"@type":"BreadcrumbList","@id":"https:\/\/arak.spicehorse.eu\/termek\/nathalie-all-red-sampon\/#breadcrumb","itemListElement":[{"@type":"ListItem","position":1,"name":"Home","item":"https:\/\/arak.spicehorse.eu\/sk\/"},{"@type":"ListItem","position":2,"name":"Predaj\u0148a","item":"https:\/\/arak.spicehorse.eu\/sk\/predajna\/"},{"@type":"ListItem","position":3,"name":"Nathalie All Red \u0161amp\u00f3n"}]},{"@type":"WebSite","@id":"https:\/\/arak.spicehorse.eu\/en\/#website","url":"https:\/\/arak.spicehorse.eu\/en\/","name":"Spicehorse","description":"UNDER DEVELOPMENT -","potentialAction":[{"@type":"SearchAction","target":{"@type":"EntryPoint","urlTemplate":"https:\/\/arak.spicehorse.eu\/en\/?s={search_term_string}"},"query-input":"required name=search_term_string"}],"inLanguage":"sk-SK"}]}},"_links":{"self":[{"href":"https:\/\/arak.spicehorse.eu\/sk\/wp-json\/wp\/v2\/product\/50146"}],"collection":[{"href":"https:\/\/arak.spicehorse.eu\/sk\/wp-json\/wp\/v2\/product"}],"about":[{"href":"https:\/\/arak.spicehorse.eu\/sk\/wp-json\/wp\/v2\/types\/product"}],"wp:featuredmedia":[{"embeddable":true,"href":"https:\/\/arak.spicehorse.eu\/sk\/wp-json\/wp\/v2\/media\/50149"}],"wp:attachment":[{"href":"https:\/\/arak.spicehorse.eu\/sk\/wp-json\/wp\/v2\/media?parent=50146"}],"wp:term":[{"taxonomy":"product_cat","embeddable":true,"href":"https:\/\/arak.spicehorse.eu\/sk\/wp-json\/wp\/v2\/product_cat?post=50146"},{"taxonomy":"product_tag","embeddable":true,"href":"https:\/\/arak.spicehorse.eu\/sk\/wp-json\/wp\/v2\/product_tag?post=50146"}],"curies":[{"name":"wp","href":"https:\/\/api.w.org\/{rel}","templated":true}]}}