{"id":5057,"date":"2019-06-06T20:25:41","date_gmt":"2019-06-06T18:25:41","guid":{"rendered":"https:\/\/arak.spicehorse.eu\/product\/kentucky-stallion-chain\/"},"modified":"2023-11-23T11:43:47","modified_gmt":"2023-11-23T10:43:47","slug":"kentucky-stallion-retaz-k-voditku","status":"publish","type":"product","link":"https:\/\/arak.spicehorse.eu\/sk\/produkt\/kentucky-stallion-retaz-k-voditku\/","title":{"rendered":"Kentucky Stallion re\u0165az k vod\u00edtku"},"content":{"rendered":"<p>Kentucky Horsewear Stallion re\u0165az je re\u0165az dlh\u00e1 60 cm, ktor\u00fa mo\u017eno pripoji\u0165 k\u00a0vod\u00edtku, je zlatej farby, dokonale sa hod\u00ed ku v\u0161etk\u00fdm Kentucky vod\u00edtkam a ohl\u00e1vkam.<\/p>\n<p>Pomocou re\u0165aze Stallion, ktor\u00fa mo\u017eno pripoji\u0165 k\u00a0vod\u00edtku m\u00f4\u017eeme \u013eah\u0161ie ovl\u00e1da\u0165 \u017erebce alebo kone s\u00a0pevnou v\u00f4\u013eou a\u00a0vystra\u0161enej\u0161ie kone.<\/p>\n","protected":false},"excerpt":{"rendered":"<h3><strong>Re\u0165az Stallion sa prip\u00e1ja k\u00a0vod\u00edtku ko\u0148a, pomocou nej m\u00f4\u017eeme \u013eah\u0161ie ovl\u00e1da\u0165 \u017erebce alebo kone s\u00a0pevnou v\u00f4\u013eou a vystra\u0161enej\u0161ie kone. <\/strong><\/h3>\n<p><strong>Ve\u013ekos\u0165: 60 cm<\/strong><br \/>\n<strong>Farba: zlat\u00e1<\/strong><\/p>\n<ul>\n<li>Pevnej\u0161ia kontrola<\/li>\n<li>Dokonale sa hod\u00ed ku v\u0161etk\u00fdm Kentucky vod\u00edtkam a ohl\u00e1vkam<\/li>\n<li>Ve\u013ekos\u0165: 60 cm<\/li>\n<\/ul>\n","protected":false},"featured_media":5093,"template":"","meta":{"_acf_changed":false},"product_cat":[75,114],"product_tag":[184,248],"acf":[],"yoast_head":"<!-- This site is optimized with the Yoast SEO plugin v21.4 - https:\/\/yoast.com\/wordpress\/plugins\/seo\/ -->\n<title>Kentucky Stallion re\u0165az k vod\u00edtku - Spicehorse<\/title>\n<meta name=\"description\" content=\"spicehorse.eu | The Kentucky Horsewear Stallion chain is used to have more control over stallions or horses with a lot of character. Matches all Kentucky leads and halters\" \/>\n<meta name=\"robots\" content=\"index, follow, max-snippet:-1, max-image-preview:large, max-video-preview:-1\" \/>\n<link rel=\"canonical\" href=\"https:\/\/arak.spicehorse.eu\/sk\/produkt\/kentucky-stallion-retaz-k-voditku\/\" \/>\n<meta property=\"og:locale\" content=\"sk_SK\" \/>\n<meta property=\"og:type\" content=\"article\" \/>\n<meta property=\"og:title\" content=\"Kentucky Stallion re\u0165az k vod\u00edtku - Spicehorse\" \/>\n<meta property=\"og:description\" content=\"spicehorse.eu | The Kentucky Horsewear Stallion chain is used to have more control over stallions or horses with a lot of character. Matches all Kentucky leads and halters\" \/>\n<meta property=\"og:url\" content=\"https:\/\/arak.spicehorse.eu\/sk\/produkt\/kentucky-stallion-retaz-k-voditku\/\" \/>\n<meta property=\"og:site_name\" content=\"Spicehorse\" \/>\n<meta property=\"article:publisher\" content=\"https:\/\/www.facebook.com\/SPICEHORSE-550385625402457\/\" \/>\n<meta property=\"article:modified_time\" content=\"2023-11-23T10:43:47+00:00\" \/>\n<meta property=\"og:image\" content=\"https:\/\/arak.spicehorse.eu\/wp-content\/uploads\/2019\/06\/42531.jpg\" \/>\n\t<meta property=\"og:image:width\" content=\"600\" \/>\n\t<meta property=\"og:image:height\" content=\"600\" \/>\n\t<meta property=\"og:image:type\" content=\"image\/jpeg\" \/>\n<meta name=\"twitter:card\" content=\"summary_large_image\" \/>\n<script type=\"application\/ld+json\" class=\"yoast-schema-graph\">{\"@context\":\"https:\/\/schema.org\",\"@graph\":[{\"@type\":\"WebPage\",\"@id\":\"https:\/\/arak.spicehorse.eu\/sk\/produkt\/kentucky-stallion-retaz-k-voditku\/\",\"url\":\"https:\/\/arak.spicehorse.eu\/sk\/produkt\/kentucky-stallion-retaz-k-voditku\/\",\"name\":\"Kentucky Stallion re\u0165az k vod\u00edtku - Spicehorse\",\"isPartOf\":{\"@id\":\"https:\/\/arak.spicehorse.eu\/en\/#website\"},\"datePublished\":\"2019-06-06T18:25:41+00:00\",\"dateModified\":\"2023-11-23T10:43:47+00:00\",\"description\":\"spicehorse.eu | The Kentucky Horsewear Stallion chain is used to have more control over stallions or horses with a lot of character. Matches all Kentucky leads and halters\",\"breadcrumb\":{\"@id\":\"https:\/\/arak.spicehorse.eu\/sk\/produkt\/kentucky-stallion-retaz-k-voditku\/#breadcrumb\"},\"inLanguage\":\"sk-SK\",\"potentialAction\":[{\"@type\":\"ReadAction\",\"target\":[\"https:\/\/arak.spicehorse.eu\/sk\/produkt\/kentucky-stallion-retaz-k-voditku\/\"]}]},{\"@type\":\"BreadcrumbList\",\"@id\":\"https:\/\/arak.spicehorse.eu\/sk\/produkt\/kentucky-stallion-retaz-k-voditku\/#breadcrumb\",\"itemListElement\":[{\"@type\":\"ListItem\",\"position\":1,\"name\":\"Home\",\"item\":\"https:\/\/arak.spicehorse.eu\/sk\/\"},{\"@type\":\"ListItem\",\"position\":2,\"name\":\"Predaj\u0148a\",\"item\":\"https:\/\/arak.spicehorse.eu\/sk\/predajna\/\"},{\"@type\":\"ListItem\",\"position\":3,\"name\":\"Kentucky Stallion re\u0165az k vod\u00edtku\"}]},{\"@type\":\"WebSite\",\"@id\":\"https:\/\/arak.spicehorse.eu\/en\/#website\",\"url\":\"https:\/\/arak.spicehorse.eu\/en\/\",\"name\":\"Spicehorse\",\"description\":\"UNDER DEVELOPMENT -\",\"potentialAction\":[{\"@type\":\"SearchAction\",\"target\":{\"@type\":\"EntryPoint\",\"urlTemplate\":\"https:\/\/arak.spicehorse.eu\/en\/?s={search_term_string}\"},\"query-input\":\"required name=search_term_string\"}],\"inLanguage\":\"sk-SK\"}]}<\/script>\n<!-- \/ Yoast SEO plugin. -->","yoast_head_json":{"title":"Kentucky Stallion re\u0165az k vod\u00edtku - Spicehorse","description":"spicehorse.eu | The Kentucky Horsewear Stallion chain is used to have more control over stallions or horses with a lot of character. Matches all Kentucky leads and halters","robots":{"index":"index","follow":"follow","max-snippet":"max-snippet:-1","max-image-preview":"max-image-preview:large","max-video-preview":"max-video-preview:-1"},"canonical":"https:\/\/arak.spicehorse.eu\/sk\/produkt\/kentucky-stallion-retaz-k-voditku\/","og_locale":"sk_SK","og_type":"article","og_title":"Kentucky Stallion re\u0165az k vod\u00edtku - Spicehorse","og_description":"spicehorse.eu | The Kentucky Horsewear Stallion chain is used to have more control over stallions or horses with a lot of character. Matches all Kentucky leads and halters","og_url":"https:\/\/arak.spicehorse.eu\/sk\/produkt\/kentucky-stallion-retaz-k-voditku\/","og_site_name":"Spicehorse","article_publisher":"https:\/\/www.facebook.com\/SPICEHORSE-550385625402457\/","article_modified_time":"2023-11-23T10:43:47+00:00","og_image":[{"width":600,"height":600,"url":"https:\/\/arak.spicehorse.eu\/wp-content\/uploads\/2019\/06\/42531.jpg","type":"image\/jpeg"}],"twitter_card":"summary_large_image","schema":{"@context":"https:\/\/schema.org","@graph":[{"@type":"WebPage","@id":"https:\/\/arak.spicehorse.eu\/sk\/produkt\/kentucky-stallion-retaz-k-voditku\/","url":"https:\/\/arak.spicehorse.eu\/sk\/produkt\/kentucky-stallion-retaz-k-voditku\/","name":"Kentucky Stallion re\u0165az k vod\u00edtku - Spicehorse","isPartOf":{"@id":"https:\/\/arak.spicehorse.eu\/en\/#website"},"datePublished":"2019-06-06T18:25:41+00:00","dateModified":"2023-11-23T10:43:47+00:00","description":"spicehorse.eu | The Kentucky Horsewear Stallion chain is used to have more control over stallions or horses with a lot of character. Matches all Kentucky leads and halters","breadcrumb":{"@id":"https:\/\/arak.spicehorse.eu\/sk\/produkt\/kentucky-stallion-retaz-k-voditku\/#breadcrumb"},"inLanguage":"sk-SK","potentialAction":[{"@type":"ReadAction","target":["https:\/\/arak.spicehorse.eu\/sk\/produkt\/kentucky-stallion-retaz-k-voditku\/"]}]},{"@type":"BreadcrumbList","@id":"https:\/\/arak.spicehorse.eu\/sk\/produkt\/kentucky-stallion-retaz-k-voditku\/#breadcrumb","itemListElement":[{"@type":"ListItem","position":1,"name":"Home","item":"https:\/\/arak.spicehorse.eu\/sk\/"},{"@type":"ListItem","position":2,"name":"Predaj\u0148a","item":"https:\/\/arak.spicehorse.eu\/sk\/predajna\/"},{"@type":"ListItem","position":3,"name":"Kentucky Stallion re\u0165az k vod\u00edtku"}]},{"@type":"WebSite","@id":"https:\/\/arak.spicehorse.eu\/en\/#website","url":"https:\/\/arak.spicehorse.eu\/en\/","name":"Spicehorse","description":"UNDER DEVELOPMENT -","potentialAction":[{"@type":"SearchAction","target":{"@type":"EntryPoint","urlTemplate":"https:\/\/arak.spicehorse.eu\/en\/?s={search_term_string}"},"query-input":"required name=search_term_string"}],"inLanguage":"sk-SK"}]}},"_links":{"self":[{"href":"https:\/\/arak.spicehorse.eu\/sk\/wp-json\/wp\/v2\/product\/5057"}],"collection":[{"href":"https:\/\/arak.spicehorse.eu\/sk\/wp-json\/wp\/v2\/product"}],"about":[{"href":"https:\/\/arak.spicehorse.eu\/sk\/wp-json\/wp\/v2\/types\/product"}],"wp:featuredmedia":[{"embeddable":true,"href":"https:\/\/arak.spicehorse.eu\/sk\/wp-json\/wp\/v2\/media\/5093"}],"wp:attachment":[{"href":"https:\/\/arak.spicehorse.eu\/sk\/wp-json\/wp\/v2\/media?parent=5057"}],"wp:term":[{"taxonomy":"product_cat","embeddable":true,"href":"https:\/\/arak.spicehorse.eu\/sk\/wp-json\/wp\/v2\/product_cat?post=5057"},{"taxonomy":"product_tag","embeddable":true,"href":"https:\/\/arak.spicehorse.eu\/sk\/wp-json\/wp\/v2\/product_tag?post=5057"}],"curies":[{"name":"wp","href":"https:\/\/api.w.org\/{rel}","templated":true}]}}