{"id":50571,"date":"2022-02-23T12:11:26","date_gmt":"2022-02-23T11:11:27","guid":{"rendered":"https:\/\/arak.spicehorse.eu\/?post_type=product&#038;p=50571"},"modified":"2022-03-02T14:37:21","modified_gmt":"2022-03-02T13:37:21","slug":"nathalie-deep-cleansing-sampon","status":"publish","type":"product","link":"https:\/\/arak.spicehorse.eu\/sk\/produkt\/nathalie-deep-cleansing-sampon\/","title":{"rendered":"Nathalie Deep Cleansing \u0161amp\u00f3n"},"content":{"rendered":"<p>Nathalie Horse Care Deep Cleansing \u0161amp\u00f3n d\u00f4kladne vy\u010dist\u00ed srs\u0165 a poko\u017eku kon\u00ed, zjem\u0148uje drobn\u00e9 jazvy, zni\u017euje podr\u00e1\u017edenie a upokojuje podr\u00e1\u017eden\u00fa poko\u017eku. Jedine\u010dn\u00e1 a osved\u010den\u00e1 recept\u00fara \u200b\u200bs chl\u00f3rhexid\u00ednom, j\u00f3dom, v\u00fd\u0165a\u017ekami z \u010du\u010doriedok, Aloe Vera a bio kokosov\u00fdm olejom. Srs\u0165 premen\u00ed na \u010dist\u00fa, pekn\u00fa a leskl\u00fa.<\/p>\n<p>Vmas\u00edrujte \u0161amp\u00f3n do srsti ko\u0148a, n\u00e1sledne d\u00f4kladne opl\u00e1chnite. Postup opakujte a\u00a0\u0161amp\u00f3n nechajte p\u00f4sobi\u0165 10-15 min\u00fat. Zmyte ho \u010distou vodou. Dbajte na to, aby sa nedostal do o\u010d\u00ed a\u00a0u\u0161\u00ed ko\u0148a.<\/p>\n<p><strong>Zlo\u017eenie<\/strong><\/p>\n<p>Aloe Barbadensis Leaf Juice, Aqua, Glycerin,\u00a0Cocamidopropyl Betaine, Lauryl Glucoside, Pentylene Glycol, Sodium Cocoamphoacetate, Glyceryl Laurate, Vaccinium Macrocarpon Fruit Extract, Hydroxypropyl Guar Hydroxypropyltrimonium Chloride, Cocos Nucifera Oil, Sodium Usnate, Sodium Chloride, Sodium Gluconate, Citric Acid, Sodium Hydroxide, Phenoxyethanol, Iodopropynyl Butylcarbamate, Chlorhexidine Digluconate, Sodium Benzoate, Potassium Sorbate.<\/p>\n","protected":false},"excerpt":{"rendered":"<p>Nathalie Horse Care Deep Cleansing \u0161amp\u00f3n d\u00f4kladne vy\u010dist\u00ed srs\u0165 a poko\u017eku kon\u00ed, zjem\u0148uje drobn\u00e9 jazvy, zni\u017euje podr\u00e1\u017edenie a upokojuje podr\u00e1\u017eden\u00fa poko\u017eku. Jedine\u010dn\u00e1 a osved\u010den\u00e1 recept\u00fara \u200b\u200bs chl\u00f3rhexid\u00ednom, j\u00f3dom, v\u00fd\u0165a\u017ekami z \u010du\u010doriedok, Aloe Vera a bio kokosov\u00fdm olejom. Srs\u0165 premen\u00ed na \u010dist\u00fa, pekn\u00fa a leskl\u00fa. Vmas\u00edrujte \u0161amp\u00f3n do srsti ko\u0148a, n\u00e1sledne d\u00f4kladne opl\u00e1chnite. Postup opakujte a\u00a0\u0161amp\u00f3n [&hellip;]<\/p>\n","protected":false},"featured_media":50576,"template":"","meta":{"_acf_changed":false},"product_cat":[75,106],"product_tag":[1446,401],"acf":[],"yoast_head":"<!-- This site is optimized with the Yoast SEO plugin v21.4 - https:\/\/yoast.com\/wordpress\/plugins\/seo\/ -->\n<title>Nathalie Deep Cleansing \u0161amp\u00f3n - Spicehorse<\/title>\n<meta name=\"description\" content=\"spicehorse.eu | Nathalie Horse Care Deep Cleansing \u0161amp\u00f3n d\u00f4kladne vy\u010dist\u00ed srs\u0165 a poko\u017eku kon\u00ed, zjem\u0148uje drobn\u00e9 jazvy, zni\u017euje podr\u00e1\u017edenie a upokojuje podr\u00e1\u017eden\u00fa poko\u017eku.\" \/>\n<meta name=\"robots\" content=\"index, follow, max-snippet:-1, max-image-preview:large, max-video-preview:-1\" \/>\n<link rel=\"canonical\" href=\"https:\/\/arak.spicehorse.eu\/termek\/nathalie-deep-cleansing-sampon\/\" \/>\n<meta property=\"og:locale\" content=\"sk_SK\" \/>\n<meta property=\"og:type\" content=\"article\" \/>\n<meta property=\"og:title\" content=\"Nathalie Deep Cleansing \u0161amp\u00f3n - Spicehorse\" \/>\n<meta property=\"og:description\" content=\"spicehorse.eu | Nathalie Horse Care Deep Cleansing \u0161amp\u00f3n d\u00f4kladne vy\u010dist\u00ed srs\u0165 a poko\u017eku kon\u00ed, zjem\u0148uje drobn\u00e9 jazvy, zni\u017euje podr\u00e1\u017edenie a upokojuje podr\u00e1\u017eden\u00fa poko\u017eku.\" \/>\n<meta property=\"og:url\" content=\"https:\/\/arak.spicehorse.eu\/termek\/nathalie-deep-cleansing-sampon\/\" \/>\n<meta property=\"og:site_name\" content=\"Spicehorse\" \/>\n<meta property=\"article:publisher\" content=\"https:\/\/www.facebook.com\/SPICEHORSE-550385625402457\/\" \/>\n<meta property=\"article:modified_time\" content=\"2022-03-02T13:37:21+00:00\" \/>\n<meta property=\"og:image\" content=\"https:\/\/arak.spicehorse.eu\/wp-content\/uploads\/2022\/02\/Deep-Cleansing-Shampoo_250-ml.jpg\" \/>\n\t<meta property=\"og:image:width\" content=\"2454\" \/>\n\t<meta property=\"og:image:height\" content=\"2454\" \/>\n\t<meta property=\"og:image:type\" content=\"image\/jpeg\" \/>\n<meta name=\"twitter:card\" content=\"summary_large_image\" \/>\n<meta name=\"twitter:label1\" content=\"Predpokladan\u00fd \u010das \u010d\u00edtania\" \/>\n\t<meta name=\"twitter:data1\" content=\"1 min\u00fata\" \/>\n<script type=\"application\/ld+json\" class=\"yoast-schema-graph\">{\"@context\":\"https:\/\/schema.org\",\"@graph\":[{\"@type\":\"WebPage\",\"@id\":\"https:\/\/arak.spicehorse.eu\/termek\/nathalie-deep-cleansing-sampon\/\",\"url\":\"https:\/\/arak.spicehorse.eu\/termek\/nathalie-deep-cleansing-sampon\/\",\"name\":\"Nathalie Deep Cleansing \u0161amp\u00f3n - Spicehorse\",\"isPartOf\":{\"@id\":\"https:\/\/arak.spicehorse.eu\/en\/#website\"},\"datePublished\":\"2022-02-23T11:11:27+00:00\",\"dateModified\":\"2022-03-02T13:37:21+00:00\",\"description\":\"spicehorse.eu | Nathalie Horse Care Deep Cleansing \u0161amp\u00f3n d\u00f4kladne vy\u010dist\u00ed srs\u0165 a poko\u017eku kon\u00ed, zjem\u0148uje drobn\u00e9 jazvy, zni\u017euje podr\u00e1\u017edenie a upokojuje podr\u00e1\u017eden\u00fa poko\u017eku.\",\"breadcrumb\":{\"@id\":\"https:\/\/arak.spicehorse.eu\/termek\/nathalie-deep-cleansing-sampon\/#breadcrumb\"},\"inLanguage\":\"sk-SK\",\"potentialAction\":[{\"@type\":\"ReadAction\",\"target\":[\"https:\/\/arak.spicehorse.eu\/termek\/nathalie-deep-cleansing-sampon\/\"]}]},{\"@type\":\"BreadcrumbList\",\"@id\":\"https:\/\/arak.spicehorse.eu\/termek\/nathalie-deep-cleansing-sampon\/#breadcrumb\",\"itemListElement\":[{\"@type\":\"ListItem\",\"position\":1,\"name\":\"Home\",\"item\":\"https:\/\/arak.spicehorse.eu\/sk\/\"},{\"@type\":\"ListItem\",\"position\":2,\"name\":\"Predaj\u0148a\",\"item\":\"https:\/\/arak.spicehorse.eu\/sk\/predajna\/\"},{\"@type\":\"ListItem\",\"position\":3,\"name\":\"Nathalie Deep Cleansing \u0161amp\u00f3n\"}]},{\"@type\":\"WebSite\",\"@id\":\"https:\/\/arak.spicehorse.eu\/en\/#website\",\"url\":\"https:\/\/arak.spicehorse.eu\/en\/\",\"name\":\"Spicehorse\",\"description\":\"UNDER DEVELOPMENT -\",\"potentialAction\":[{\"@type\":\"SearchAction\",\"target\":{\"@type\":\"EntryPoint\",\"urlTemplate\":\"https:\/\/arak.spicehorse.eu\/en\/?s={search_term_string}\"},\"query-input\":\"required name=search_term_string\"}],\"inLanguage\":\"sk-SK\"}]}<\/script>\n<!-- \/ Yoast SEO plugin. -->","yoast_head_json":{"title":"Nathalie Deep Cleansing \u0161amp\u00f3n - Spicehorse","description":"spicehorse.eu | Nathalie Horse Care Deep Cleansing \u0161amp\u00f3n d\u00f4kladne vy\u010dist\u00ed srs\u0165 a poko\u017eku kon\u00ed, zjem\u0148uje drobn\u00e9 jazvy, zni\u017euje podr\u00e1\u017edenie a upokojuje podr\u00e1\u017eden\u00fa poko\u017eku.","robots":{"index":"index","follow":"follow","max-snippet":"max-snippet:-1","max-image-preview":"max-image-preview:large","max-video-preview":"max-video-preview:-1"},"canonical":"https:\/\/arak.spicehorse.eu\/termek\/nathalie-deep-cleansing-sampon\/","og_locale":"sk_SK","og_type":"article","og_title":"Nathalie Deep Cleansing \u0161amp\u00f3n - Spicehorse","og_description":"spicehorse.eu | Nathalie Horse Care Deep Cleansing \u0161amp\u00f3n d\u00f4kladne vy\u010dist\u00ed srs\u0165 a poko\u017eku kon\u00ed, zjem\u0148uje drobn\u00e9 jazvy, zni\u017euje podr\u00e1\u017edenie a upokojuje podr\u00e1\u017eden\u00fa poko\u017eku.","og_url":"https:\/\/arak.spicehorse.eu\/termek\/nathalie-deep-cleansing-sampon\/","og_site_name":"Spicehorse","article_publisher":"https:\/\/www.facebook.com\/SPICEHORSE-550385625402457\/","article_modified_time":"2022-03-02T13:37:21+00:00","og_image":[{"width":2454,"height":2454,"url":"https:\/\/arak.spicehorse.eu\/wp-content\/uploads\/2022\/02\/Deep-Cleansing-Shampoo_250-ml.jpg","type":"image\/jpeg"}],"twitter_card":"summary_large_image","twitter_misc":{"Predpokladan\u00fd \u010das \u010d\u00edtania":"1 min\u00fata"},"schema":{"@context":"https:\/\/schema.org","@graph":[{"@type":"WebPage","@id":"https:\/\/arak.spicehorse.eu\/termek\/nathalie-deep-cleansing-sampon\/","url":"https:\/\/arak.spicehorse.eu\/termek\/nathalie-deep-cleansing-sampon\/","name":"Nathalie Deep Cleansing \u0161amp\u00f3n - Spicehorse","isPartOf":{"@id":"https:\/\/arak.spicehorse.eu\/en\/#website"},"datePublished":"2022-02-23T11:11:27+00:00","dateModified":"2022-03-02T13:37:21+00:00","description":"spicehorse.eu | Nathalie Horse Care Deep Cleansing \u0161amp\u00f3n d\u00f4kladne vy\u010dist\u00ed srs\u0165 a poko\u017eku kon\u00ed, zjem\u0148uje drobn\u00e9 jazvy, zni\u017euje podr\u00e1\u017edenie a upokojuje podr\u00e1\u017eden\u00fa poko\u017eku.","breadcrumb":{"@id":"https:\/\/arak.spicehorse.eu\/termek\/nathalie-deep-cleansing-sampon\/#breadcrumb"},"inLanguage":"sk-SK","potentialAction":[{"@type":"ReadAction","target":["https:\/\/arak.spicehorse.eu\/termek\/nathalie-deep-cleansing-sampon\/"]}]},{"@type":"BreadcrumbList","@id":"https:\/\/arak.spicehorse.eu\/termek\/nathalie-deep-cleansing-sampon\/#breadcrumb","itemListElement":[{"@type":"ListItem","position":1,"name":"Home","item":"https:\/\/arak.spicehorse.eu\/sk\/"},{"@type":"ListItem","position":2,"name":"Predaj\u0148a","item":"https:\/\/arak.spicehorse.eu\/sk\/predajna\/"},{"@type":"ListItem","position":3,"name":"Nathalie Deep Cleansing \u0161amp\u00f3n"}]},{"@type":"WebSite","@id":"https:\/\/arak.spicehorse.eu\/en\/#website","url":"https:\/\/arak.spicehorse.eu\/en\/","name":"Spicehorse","description":"UNDER DEVELOPMENT -","potentialAction":[{"@type":"SearchAction","target":{"@type":"EntryPoint","urlTemplate":"https:\/\/arak.spicehorse.eu\/en\/?s={search_term_string}"},"query-input":"required name=search_term_string"}],"inLanguage":"sk-SK"}]}},"_links":{"self":[{"href":"https:\/\/arak.spicehorse.eu\/sk\/wp-json\/wp\/v2\/product\/50571"}],"collection":[{"href":"https:\/\/arak.spicehorse.eu\/sk\/wp-json\/wp\/v2\/product"}],"about":[{"href":"https:\/\/arak.spicehorse.eu\/sk\/wp-json\/wp\/v2\/types\/product"}],"wp:featuredmedia":[{"embeddable":true,"href":"https:\/\/arak.spicehorse.eu\/sk\/wp-json\/wp\/v2\/media\/50576"}],"wp:attachment":[{"href":"https:\/\/arak.spicehorse.eu\/sk\/wp-json\/wp\/v2\/media?parent=50571"}],"wp:term":[{"taxonomy":"product_cat","embeddable":true,"href":"https:\/\/arak.spicehorse.eu\/sk\/wp-json\/wp\/v2\/product_cat?post=50571"},{"taxonomy":"product_tag","embeddable":true,"href":"https:\/\/arak.spicehorse.eu\/sk\/wp-json\/wp\/v2\/product_tag?post=50571"}],"curies":[{"name":"wp","href":"https:\/\/api.w.org\/{rel}","templated":true}]}}