{"id":50590,"date":"2022-02-23T12:30:51","date_gmt":"2022-02-23T11:30:52","guid":{"rendered":"https:\/\/arak.spicehorse.eu\/?post_type=product&#038;p=50590"},"modified":"2022-04-04T15:04:14","modified_gmt":"2022-04-04T13:04:14","slug":"nathalie-after-work-wellness","status":"publish","type":"product","link":"https:\/\/arak.spicehorse.eu\/sk\/produkt\/nathalie-after-work-wellness\/","title":{"rendered":"Nathalie After Work Wellness"},"content":{"rendered":"<p>Nathalie Horse Care After Work Wellness je ide\u00e1lny pr\u00edpravok na umytie tela a n\u00f4h kon\u00ed po tr\u00e9ningu. After Work je siln\u00e9 a \u00fa\u010dinn\u00e9 mydlo, ktor\u00e9 je skuto\u010dn\u00fdm wellness rozmazn\u00e1van\u00edm pre rozp\u00e1len\u00e9 \/ spoten\u00e9 kone. M\u00e1 chladiace a osvie\u017euj\u00face \u00fa\u010dinky, srs\u0165 kon\u00ed sa d\u00f4kladne o\u010dist\u00ed od potu, zjemn\u00ed sa a r\u00fdchlo uschne.<\/p>\n<p>Nalejte mal\u00e9 mno\u017estvo pr\u00edpravku do vedra s\u00a0vodou. Pomer mie\u0161ania je 1:20. Umyte telo a\u00a0nohy ko\u0148a \u0161pongiou alebo jemnou kefou. Neoplachujte.<\/p>\n<p><strong>\u00d6sszetev\u0151k<\/strong><\/p>\n<p>Aqua, Aloe Barbadensis Leaf Juice, Alcohol denat.,\u00a0Betaine, Glycerin, PEG-40 Hydrogenated\u00a0Castor Oil, PEG-4 Rapeseedamide,\u00a0Octadecyl Di-t-Butyl-4-Hydroxyhydrocinnamate,\u00a0Menthol, Camphor, Coco-Betaine,\u00a0Sodium Lactate, Denatonium Benzoate,\u00a0Sodium Chloride, Sodium Gluconate,\u00a0Lactic Acid, Phenoxyethanol, Parfum.<\/p>\n","protected":false},"excerpt":{"rendered":"<p>Nathalie Horse Care After Work Wellness je ide\u00e1lny pr\u00edpravok na umytie tela a n\u00f4h kon\u00ed po tr\u00e9ningu. After Work je siln\u00e9 a \u00fa\u010dinn\u00e9 mydlo, ktor\u00e9 je skuto\u010dn\u00fdm wellness rozmazn\u00e1van\u00edm pre rozp\u00e1len\u00e9 \/ spoten\u00e9 kone. M\u00e1 chladiace a osvie\u017euj\u00face \u00fa\u010dinky, srs\u0165 kon\u00ed sa d\u00f4kladne o\u010dist\u00ed od potu, zjemn\u00ed sa a r\u00fdchlo uschne. Nalejte mal\u00e9 mno\u017estvo pr\u00edpravku [&hellip;]<\/p>\n","protected":false},"featured_media":50593,"template":"","meta":{"_acf_changed":false},"product_cat":[75,106],"product_tag":[1446,401],"acf":[],"yoast_head":"<!-- This site is optimized with the Yoast SEO plugin v21.4 - https:\/\/yoast.com\/wordpress\/plugins\/seo\/ -->\n<title>Nathalie After Work Wellness - Spicehorse<\/title>\n<meta name=\"description\" content=\"spicehorse.eu | Nathalie Horse Care After Work Wellness je ide\u00e1lny pr\u00edpravok na umytie tela a\u00a0n\u00f4h kon\u00ed po tr\u00e9ningu.\" \/>\n<meta name=\"robots\" content=\"index, follow, max-snippet:-1, max-image-preview:large, max-video-preview:-1\" \/>\n<link rel=\"canonical\" href=\"https:\/\/arak.spicehorse.eu\/sk\/produkt\/nathalie-after-work-wellness\/\" \/>\n<meta property=\"og:locale\" content=\"sk_SK\" \/>\n<meta property=\"og:type\" content=\"article\" \/>\n<meta property=\"og:title\" content=\"Nathalie After Work Wellness - Spicehorse\" \/>\n<meta property=\"og:description\" content=\"spicehorse.eu | Nathalie Horse Care After Work Wellness je ide\u00e1lny pr\u00edpravok na umytie tela a\u00a0n\u00f4h kon\u00ed po tr\u00e9ningu.\" \/>\n<meta property=\"og:url\" content=\"https:\/\/arak.spicehorse.eu\/sk\/produkt\/nathalie-after-work-wellness\/\" \/>\n<meta property=\"og:site_name\" content=\"Spicehorse\" \/>\n<meta property=\"article:publisher\" content=\"https:\/\/www.facebook.com\/SPICEHORSE-550385625402457\/\" \/>\n<meta property=\"article:modified_time\" content=\"2022-04-04T13:04:14+00:00\" \/>\n<meta property=\"og:image\" content=\"https:\/\/arak.spicehorse.eu\/wp-content\/uploads\/2022\/02\/After-Work-Wellness_750-ml.jpg\" \/>\n\t<meta property=\"og:image:width\" content=\"2454\" \/>\n\t<meta property=\"og:image:height\" content=\"2454\" \/>\n\t<meta property=\"og:image:type\" content=\"image\/jpeg\" \/>\n<meta name=\"twitter:card\" content=\"summary_large_image\" \/>\n<meta name=\"twitter:label1\" content=\"Predpokladan\u00fd \u010das \u010d\u00edtania\" \/>\n\t<meta name=\"twitter:data1\" content=\"1 min\u00fata\" \/>\n<script type=\"application\/ld+json\" class=\"yoast-schema-graph\">{\"@context\":\"https:\/\/schema.org\",\"@graph\":[{\"@type\":\"WebPage\",\"@id\":\"https:\/\/arak.spicehorse.eu\/sk\/produkt\/nathalie-after-work-wellness\/\",\"url\":\"https:\/\/arak.spicehorse.eu\/sk\/produkt\/nathalie-after-work-wellness\/\",\"name\":\"Nathalie After Work Wellness - Spicehorse\",\"isPartOf\":{\"@id\":\"https:\/\/arak.spicehorse.eu\/en\/#website\"},\"datePublished\":\"2022-02-23T11:30:52+00:00\",\"dateModified\":\"2022-04-04T13:04:14+00:00\",\"description\":\"spicehorse.eu | Nathalie Horse Care After Work Wellness je ide\u00e1lny pr\u00edpravok na umytie tela a\u00a0n\u00f4h kon\u00ed po tr\u00e9ningu.\",\"breadcrumb\":{\"@id\":\"https:\/\/arak.spicehorse.eu\/sk\/produkt\/nathalie-after-work-wellness\/#breadcrumb\"},\"inLanguage\":\"sk-SK\",\"potentialAction\":[{\"@type\":\"ReadAction\",\"target\":[\"https:\/\/arak.spicehorse.eu\/sk\/produkt\/nathalie-after-work-wellness\/\"]}]},{\"@type\":\"BreadcrumbList\",\"@id\":\"https:\/\/arak.spicehorse.eu\/sk\/produkt\/nathalie-after-work-wellness\/#breadcrumb\",\"itemListElement\":[{\"@type\":\"ListItem\",\"position\":1,\"name\":\"Home\",\"item\":\"https:\/\/arak.spicehorse.eu\/sk\/\"},{\"@type\":\"ListItem\",\"position\":2,\"name\":\"Predaj\u0148a\",\"item\":\"https:\/\/arak.spicehorse.eu\/sk\/predajna\/\"},{\"@type\":\"ListItem\",\"position\":3,\"name\":\"Nathalie After Work Wellness\"}]},{\"@type\":\"WebSite\",\"@id\":\"https:\/\/arak.spicehorse.eu\/en\/#website\",\"url\":\"https:\/\/arak.spicehorse.eu\/en\/\",\"name\":\"Spicehorse\",\"description\":\"UNDER DEVELOPMENT -\",\"potentialAction\":[{\"@type\":\"SearchAction\",\"target\":{\"@type\":\"EntryPoint\",\"urlTemplate\":\"https:\/\/arak.spicehorse.eu\/en\/?s={search_term_string}\"},\"query-input\":\"required name=search_term_string\"}],\"inLanguage\":\"sk-SK\"}]}<\/script>\n<!-- \/ Yoast SEO plugin. -->","yoast_head_json":{"title":"Nathalie After Work Wellness - Spicehorse","description":"spicehorse.eu | Nathalie Horse Care After Work Wellness je ide\u00e1lny pr\u00edpravok na umytie tela a\u00a0n\u00f4h kon\u00ed po tr\u00e9ningu.","robots":{"index":"index","follow":"follow","max-snippet":"max-snippet:-1","max-image-preview":"max-image-preview:large","max-video-preview":"max-video-preview:-1"},"canonical":"https:\/\/arak.spicehorse.eu\/sk\/produkt\/nathalie-after-work-wellness\/","og_locale":"sk_SK","og_type":"article","og_title":"Nathalie After Work Wellness - Spicehorse","og_description":"spicehorse.eu | Nathalie Horse Care After Work Wellness je ide\u00e1lny pr\u00edpravok na umytie tela a\u00a0n\u00f4h kon\u00ed po tr\u00e9ningu.","og_url":"https:\/\/arak.spicehorse.eu\/sk\/produkt\/nathalie-after-work-wellness\/","og_site_name":"Spicehorse","article_publisher":"https:\/\/www.facebook.com\/SPICEHORSE-550385625402457\/","article_modified_time":"2022-04-04T13:04:14+00:00","og_image":[{"width":2454,"height":2454,"url":"https:\/\/arak.spicehorse.eu\/wp-content\/uploads\/2022\/02\/After-Work-Wellness_750-ml.jpg","type":"image\/jpeg"}],"twitter_card":"summary_large_image","twitter_misc":{"Predpokladan\u00fd \u010das \u010d\u00edtania":"1 min\u00fata"},"schema":{"@context":"https:\/\/schema.org","@graph":[{"@type":"WebPage","@id":"https:\/\/arak.spicehorse.eu\/sk\/produkt\/nathalie-after-work-wellness\/","url":"https:\/\/arak.spicehorse.eu\/sk\/produkt\/nathalie-after-work-wellness\/","name":"Nathalie After Work Wellness - Spicehorse","isPartOf":{"@id":"https:\/\/arak.spicehorse.eu\/en\/#website"},"datePublished":"2022-02-23T11:30:52+00:00","dateModified":"2022-04-04T13:04:14+00:00","description":"spicehorse.eu | Nathalie Horse Care After Work Wellness je ide\u00e1lny pr\u00edpravok na umytie tela a\u00a0n\u00f4h kon\u00ed po tr\u00e9ningu.","breadcrumb":{"@id":"https:\/\/arak.spicehorse.eu\/sk\/produkt\/nathalie-after-work-wellness\/#breadcrumb"},"inLanguage":"sk-SK","potentialAction":[{"@type":"ReadAction","target":["https:\/\/arak.spicehorse.eu\/sk\/produkt\/nathalie-after-work-wellness\/"]}]},{"@type":"BreadcrumbList","@id":"https:\/\/arak.spicehorse.eu\/sk\/produkt\/nathalie-after-work-wellness\/#breadcrumb","itemListElement":[{"@type":"ListItem","position":1,"name":"Home","item":"https:\/\/arak.spicehorse.eu\/sk\/"},{"@type":"ListItem","position":2,"name":"Predaj\u0148a","item":"https:\/\/arak.spicehorse.eu\/sk\/predajna\/"},{"@type":"ListItem","position":3,"name":"Nathalie After Work Wellness"}]},{"@type":"WebSite","@id":"https:\/\/arak.spicehorse.eu\/en\/#website","url":"https:\/\/arak.spicehorse.eu\/en\/","name":"Spicehorse","description":"UNDER DEVELOPMENT -","potentialAction":[{"@type":"SearchAction","target":{"@type":"EntryPoint","urlTemplate":"https:\/\/arak.spicehorse.eu\/en\/?s={search_term_string}"},"query-input":"required name=search_term_string"}],"inLanguage":"sk-SK"}]}},"_links":{"self":[{"href":"https:\/\/arak.spicehorse.eu\/sk\/wp-json\/wp\/v2\/product\/50590"}],"collection":[{"href":"https:\/\/arak.spicehorse.eu\/sk\/wp-json\/wp\/v2\/product"}],"about":[{"href":"https:\/\/arak.spicehorse.eu\/sk\/wp-json\/wp\/v2\/types\/product"}],"wp:featuredmedia":[{"embeddable":true,"href":"https:\/\/arak.spicehorse.eu\/sk\/wp-json\/wp\/v2\/media\/50593"}],"wp:attachment":[{"href":"https:\/\/arak.spicehorse.eu\/sk\/wp-json\/wp\/v2\/media?parent=50590"}],"wp:term":[{"taxonomy":"product_cat","embeddable":true,"href":"https:\/\/arak.spicehorse.eu\/sk\/wp-json\/wp\/v2\/product_cat?post=50590"},{"taxonomy":"product_tag","embeddable":true,"href":"https:\/\/arak.spicehorse.eu\/sk\/wp-json\/wp\/v2\/product_tag?post=50590"}],"curies":[{"name":"wp","href":"https:\/\/api.w.org\/{rel}","templated":true}]}}