{"id":52422,"date":"2022-03-15T09:28:58","date_gmt":"2022-03-15T08:29:00","guid":{"rendered":"https:\/\/arak.spicehorse.eu\/?post_type=product&#038;p=52422"},"modified":"2022-03-16T14:56:18","modified_gmt":"2022-03-16T13:56:18","slug":"trust-sweet-iron-eliptical-d-zubadlo","status":"publish","type":"product","link":"https:\/\/arak.spicehorse.eu\/sk\/produkt\/trust-sweet-iron-eliptical-d-zubadlo\/","title":{"rendered":"TRUST Sweet Iron Eliptical D zubadlo"},"content":{"rendered":"<p><span lang=\"SK\">Zubadl\u00e1 TRUST Equestrian Sweet Iron (sladk\u00e9 \u017eelezo) s\u00fa vyroben\u00e9 z\u00a0ocele s\u00a0charakteristickou modrou farbou. Sladk\u00e9 \u017eelezo za\u010d\u00edna hrdzavie\u0165 pri styku s\u00a0vlhkos\u0165ou vzduchu a\u00a0zubadlo dostane sladk\u00fa chu\u0165, \u010do samozrejme stimuluje tvorbu sl\u00edn u\u00a0kon\u00ed a\u00a0podporuje, aby k\u00f4\u0148 \u013eah\u0161ie prijal zubadlo. Pri procese hrdzavenia v\u00a0d\u00f4sledku oxid\u00e1cie sa zmen\u00ed modr\u00e1 farba TRUST zubadla na hned\u00fa, \u010do je vyvolan\u00fd \u00fa\u010dinok zubadla zo sladk\u00e9ho \u017eeleza. Ak Sweet Iron zubadlo ur\u010dit\u00fa dobu prestaneme pou\u017e\u00edva\u0165, m\u00f4\u017ee sa na zubadle vytvori\u0165 oran\u017eovo- hned\u00e1 hrdzav\u00e1 vrstva. Pred pou\u017eit\u00edm ju jednoducho zotrite vlhkou handrou.<\/span><\/p>\n<p><span lang=\"SK\">Sweet Iron zubadl\u00e1 s\u00fa odpor\u00fa\u010dan\u00e9 pre v\u0161etky kone. Sladk\u00e9 \u017eelezo stimuluje tvorbu sl\u00edn u\u00a0kon\u00ed a\u00a0podporuje, aby k\u00f4\u0148 \u013eah\u0161ie prijal zubadlo.<\/span><\/p>\n<p><span lang=\"SK\">TRUST Sweet Iron zubadl\u00e1 existuj\u00fa v\u00a0mnoh\u00fdch vari\u00e1ci\u00e1ch, r\u00f4zne tel\u00e1 zubadiel maj\u00fa svoje \u0161peci\u00e1lne \u00fa\u010dinky.<\/span><\/p>\n<p><span lang=\"SK\">TRUST Sweet Iron Eliptical dvakr\u00e1t lomen\u00e9 telo zubadla m\u00e1 dva k\u013aby, formovan\u00e9 smerom k\u00a0\u00fastam, prelo le\u017e\u00ed v\u00a0\u00fastach ko\u0148a vo\u013enej\u0161ie. Dvakr\u00e1t lomen\u00e9 zubadlo Eliptical vyv\u00edja tlak na jazyk a\u00a0na k\u00fatik \u00fast. Oproti raz lomen\u00fdm zubadl\u00e1m vyv\u00edjaj\u00fa dvakr\u00e1t lomen\u00e9 zubadl\u00e1 v\u00e4\u010d\u0161\u00ed tlak na jazyk ko\u0148a.<\/span><\/p>\n<p>DEE, in\u00fdm n\u00e1zvom kr\u00fa\u017eok D zubadla m\u00e1 tvar D. Kr\u00fa\u017eok D zubadla le\u017e\u00ed bezpe\u010dne a pohodlne v \u00fastach ko\u0148a. Obr\u00e1ten\u00edm do smeru, ktor\u00fd vyhovuje hlave ko\u0148a mo\u017eno ko\u0148a \u013eah\u0161ie oto\u010di\u0165 v\u010faka tlaku, ktor\u00fd zubadlo vyv\u00edja na l\u00edce. Je ide\u00e1lnou vo\u013ebou aj pre mlad\u00e9 kone.<\/p>\n<p><span lang=\"SK\">Hr\u00fabka 16 mm<\/span><\/p>\n","protected":false},"excerpt":{"rendered":"<p>Zubadl\u00e1 TRUST Equestrian Sweet Iron (sladk\u00e9 \u017eelezo) s\u00fa vyroben\u00e9 z\u00a0ocele s\u00a0charakteristickou modrou farbou. Sladk\u00e9 \u017eelezo za\u010d\u00edna hrdzavie\u0165 pri styku s\u00a0vlhkos\u0165ou vzduchu a\u00a0zubadlo dostane sladk\u00fa chu\u0165, \u010do samozrejme stimuluje tvorbu sl\u00edn u\u00a0kon\u00ed a\u00a0podporuje, aby k\u00f4\u0148 \u013eah\u0161ie prijal zubadlo. Pri procese hrdzavenia v\u00a0d\u00f4sledku oxid\u00e1cie sa zmen\u00ed modr\u00e1 farba TRUST zubadla na hned\u00fa, \u010do je vyvolan\u00fd \u00fa\u010dinok zubadla [&hellip;]<\/p>\n","protected":false},"featured_media":52429,"template":"","meta":{"_acf_changed":false},"product_cat":[78,75,674],"product_tag":[700,692,694],"acf":[],"yoast_head":"<!-- This site is optimized with the Yoast SEO plugin v21.4 - https:\/\/yoast.com\/wordpress\/plugins\/seo\/ -->\n<title>TRUST Sweet Iron Eliptical D zubadlo - Spicehorse<\/title>\n<meta name=\"description\" content=\"spicehorse.eu | Zubadl\u00e1 TRUST Equestrian Sweet Iron (sladk\u00e9 \u017eelezo) s\u00fa vyroben\u00e9 z\u00a0ocele s\u00a0charakteristickou modrou farbou.\" \/>\n<meta name=\"robots\" content=\"index, follow, max-snippet:-1, max-image-preview:large, max-video-preview:-1\" \/>\n<link rel=\"canonical\" href=\"https:\/\/arak.spicehorse.eu\/sk\/produkt\/trust-sweet-iron-eliptical-d-zubadlo\/\" \/>\n<meta property=\"og:locale\" content=\"sk_SK\" \/>\n<meta property=\"og:type\" content=\"article\" \/>\n<meta property=\"og:title\" content=\"TRUST Sweet Iron Eliptical D zubadlo - Spicehorse\" \/>\n<meta property=\"og:description\" content=\"spicehorse.eu | Zubadl\u00e1 TRUST Equestrian Sweet Iron (sladk\u00e9 \u017eelezo) s\u00fa vyroben\u00e9 z\u00a0ocele s\u00a0charakteristickou modrou farbou.\" \/>\n<meta property=\"og:url\" content=\"https:\/\/arak.spicehorse.eu\/sk\/produkt\/trust-sweet-iron-eliptical-d-zubadlo\/\" \/>\n<meta property=\"og:site_name\" content=\"Spicehorse\" \/>\n<meta property=\"article:publisher\" content=\"https:\/\/www.facebook.com\/SPICEHORSE-550385625402457\/\" \/>\n<meta property=\"article:modified_time\" content=\"2022-03-16T13:56:18+00:00\" \/>\n<meta property=\"og:image\" content=\"https:\/\/arak.spicehorse.eu\/wp-content\/uploads\/2022\/03\/Sweet-Iron-dee-eliptical.png\" \/>\n\t<meta property=\"og:image:width\" content=\"1200\" \/>\n\t<meta property=\"og:image:height\" content=\"1200\" \/>\n\t<meta property=\"og:image:type\" content=\"image\/png\" \/>\n<meta name=\"twitter:card\" content=\"summary_large_image\" \/>\n<meta name=\"twitter:label1\" content=\"Predpokladan\u00fd \u010das \u010d\u00edtania\" \/>\n\t<meta name=\"twitter:data1\" content=\"1 min\u00fata\" \/>\n<script type=\"application\/ld+json\" class=\"yoast-schema-graph\">{\"@context\":\"https:\/\/schema.org\",\"@graph\":[{\"@type\":\"WebPage\",\"@id\":\"https:\/\/arak.spicehorse.eu\/sk\/produkt\/trust-sweet-iron-eliptical-d-zubadlo\/\",\"url\":\"https:\/\/arak.spicehorse.eu\/sk\/produkt\/trust-sweet-iron-eliptical-d-zubadlo\/\",\"name\":\"TRUST Sweet Iron Eliptical D zubadlo - Spicehorse\",\"isPartOf\":{\"@id\":\"https:\/\/arak.spicehorse.eu\/en\/#website\"},\"datePublished\":\"2022-03-15T08:29:00+00:00\",\"dateModified\":\"2022-03-16T13:56:18+00:00\",\"description\":\"spicehorse.eu | Zubadl\u00e1 TRUST Equestrian Sweet Iron (sladk\u00e9 \u017eelezo) s\u00fa vyroben\u00e9 z\u00a0ocele s\u00a0charakteristickou modrou farbou.\",\"breadcrumb\":{\"@id\":\"https:\/\/arak.spicehorse.eu\/sk\/produkt\/trust-sweet-iron-eliptical-d-zubadlo\/#breadcrumb\"},\"inLanguage\":\"sk-SK\",\"potentialAction\":[{\"@type\":\"ReadAction\",\"target\":[\"https:\/\/arak.spicehorse.eu\/sk\/produkt\/trust-sweet-iron-eliptical-d-zubadlo\/\"]}]},{\"@type\":\"BreadcrumbList\",\"@id\":\"https:\/\/arak.spicehorse.eu\/sk\/produkt\/trust-sweet-iron-eliptical-d-zubadlo\/#breadcrumb\",\"itemListElement\":[{\"@type\":\"ListItem\",\"position\":1,\"name\":\"Home\",\"item\":\"https:\/\/arak.spicehorse.eu\/sk\/\"},{\"@type\":\"ListItem\",\"position\":2,\"name\":\"Predaj\u0148a\",\"item\":\"https:\/\/arak.spicehorse.eu\/sk\/predajna\/\"},{\"@type\":\"ListItem\",\"position\":3,\"name\":\"TRUST Sweet Iron Eliptical D zubadlo\"}]},{\"@type\":\"WebSite\",\"@id\":\"https:\/\/arak.spicehorse.eu\/en\/#website\",\"url\":\"https:\/\/arak.spicehorse.eu\/en\/\",\"name\":\"Spicehorse\",\"description\":\"UNDER DEVELOPMENT -\",\"potentialAction\":[{\"@type\":\"SearchAction\",\"target\":{\"@type\":\"EntryPoint\",\"urlTemplate\":\"https:\/\/arak.spicehorse.eu\/en\/?s={search_term_string}\"},\"query-input\":\"required name=search_term_string\"}],\"inLanguage\":\"sk-SK\"}]}<\/script>\n<!-- \/ Yoast SEO plugin. -->","yoast_head_json":{"title":"TRUST Sweet Iron Eliptical D zubadlo - Spicehorse","description":"spicehorse.eu | Zubadl\u00e1 TRUST Equestrian Sweet Iron (sladk\u00e9 \u017eelezo) s\u00fa vyroben\u00e9 z\u00a0ocele s\u00a0charakteristickou modrou farbou.","robots":{"index":"index","follow":"follow","max-snippet":"max-snippet:-1","max-image-preview":"max-image-preview:large","max-video-preview":"max-video-preview:-1"},"canonical":"https:\/\/arak.spicehorse.eu\/sk\/produkt\/trust-sweet-iron-eliptical-d-zubadlo\/","og_locale":"sk_SK","og_type":"article","og_title":"TRUST Sweet Iron Eliptical D zubadlo - Spicehorse","og_description":"spicehorse.eu | Zubadl\u00e1 TRUST Equestrian Sweet Iron (sladk\u00e9 \u017eelezo) s\u00fa vyroben\u00e9 z\u00a0ocele s\u00a0charakteristickou modrou farbou.","og_url":"https:\/\/arak.spicehorse.eu\/sk\/produkt\/trust-sweet-iron-eliptical-d-zubadlo\/","og_site_name":"Spicehorse","article_publisher":"https:\/\/www.facebook.com\/SPICEHORSE-550385625402457\/","article_modified_time":"2022-03-16T13:56:18+00:00","og_image":[{"width":1200,"height":1200,"url":"https:\/\/arak.spicehorse.eu\/wp-content\/uploads\/2022\/03\/Sweet-Iron-dee-eliptical.png","type":"image\/png"}],"twitter_card":"summary_large_image","twitter_misc":{"Predpokladan\u00fd \u010das \u010d\u00edtania":"1 min\u00fata"},"schema":{"@context":"https:\/\/schema.org","@graph":[{"@type":"WebPage","@id":"https:\/\/arak.spicehorse.eu\/sk\/produkt\/trust-sweet-iron-eliptical-d-zubadlo\/","url":"https:\/\/arak.spicehorse.eu\/sk\/produkt\/trust-sweet-iron-eliptical-d-zubadlo\/","name":"TRUST Sweet Iron Eliptical D zubadlo - Spicehorse","isPartOf":{"@id":"https:\/\/arak.spicehorse.eu\/en\/#website"},"datePublished":"2022-03-15T08:29:00+00:00","dateModified":"2022-03-16T13:56:18+00:00","description":"spicehorse.eu | Zubadl\u00e1 TRUST Equestrian Sweet Iron (sladk\u00e9 \u017eelezo) s\u00fa vyroben\u00e9 z\u00a0ocele s\u00a0charakteristickou modrou farbou.","breadcrumb":{"@id":"https:\/\/arak.spicehorse.eu\/sk\/produkt\/trust-sweet-iron-eliptical-d-zubadlo\/#breadcrumb"},"inLanguage":"sk-SK","potentialAction":[{"@type":"ReadAction","target":["https:\/\/arak.spicehorse.eu\/sk\/produkt\/trust-sweet-iron-eliptical-d-zubadlo\/"]}]},{"@type":"BreadcrumbList","@id":"https:\/\/arak.spicehorse.eu\/sk\/produkt\/trust-sweet-iron-eliptical-d-zubadlo\/#breadcrumb","itemListElement":[{"@type":"ListItem","position":1,"name":"Home","item":"https:\/\/arak.spicehorse.eu\/sk\/"},{"@type":"ListItem","position":2,"name":"Predaj\u0148a","item":"https:\/\/arak.spicehorse.eu\/sk\/predajna\/"},{"@type":"ListItem","position":3,"name":"TRUST Sweet Iron Eliptical D zubadlo"}]},{"@type":"WebSite","@id":"https:\/\/arak.spicehorse.eu\/en\/#website","url":"https:\/\/arak.spicehorse.eu\/en\/","name":"Spicehorse","description":"UNDER DEVELOPMENT -","potentialAction":[{"@type":"SearchAction","target":{"@type":"EntryPoint","urlTemplate":"https:\/\/arak.spicehorse.eu\/en\/?s={search_term_string}"},"query-input":"required name=search_term_string"}],"inLanguage":"sk-SK"}]}},"_links":{"self":[{"href":"https:\/\/arak.spicehorse.eu\/sk\/wp-json\/wp\/v2\/product\/52422"}],"collection":[{"href":"https:\/\/arak.spicehorse.eu\/sk\/wp-json\/wp\/v2\/product"}],"about":[{"href":"https:\/\/arak.spicehorse.eu\/sk\/wp-json\/wp\/v2\/types\/product"}],"wp:featuredmedia":[{"embeddable":true,"href":"https:\/\/arak.spicehorse.eu\/sk\/wp-json\/wp\/v2\/media\/52429"}],"wp:attachment":[{"href":"https:\/\/arak.spicehorse.eu\/sk\/wp-json\/wp\/v2\/media?parent=52422"}],"wp:term":[{"taxonomy":"product_cat","embeddable":true,"href":"https:\/\/arak.spicehorse.eu\/sk\/wp-json\/wp\/v2\/product_cat?post=52422"},{"taxonomy":"product_tag","embeddable":true,"href":"https:\/\/arak.spicehorse.eu\/sk\/wp-json\/wp\/v2\/product_tag?post=52422"}],"curies":[{"name":"wp","href":"https:\/\/api.w.org\/{rel}","templated":true}]}}