{"id":52498,"date":"2022-03-15T10:34:45","date_gmt":"2022-03-15T09:34:47","guid":{"rendered":"https:\/\/arak.spicehorse.eu\/?post_type=product&#038;p=52498"},"modified":"2022-03-16T14:57:35","modified_gmt":"2022-03-16T13:57:35","slug":"trust-leather-kozene-d-zubadlo","status":"publish","type":"product","link":"https:\/\/arak.spicehorse.eu\/sk\/produkt\/trust-leather-kozene-d-zubadlo\/","title":{"rendered":"TRUST Leather ko\u017een\u00e9 D zubadlo"},"content":{"rendered":"<p>Ko\u017een\u00e9 zubadl\u00e1 TRUST Leather existuj\u00fa v\u00a0mnoh\u00fdch variantoch, rozdielne zubadlov\u00e9 kr\u00fa\u017eky maj\u00fa svoje \u0161peci\u00e1lne \u00fa\u010dinky.<\/p>\n<p>(Ko\u017een\u00e9) zubadl\u00e1 TRUST Equestrian Leather s\u00fa skuto\u010dne nev\u0161edn\u00e9. Vn\u00fatorn\u00e1 \u010das\u0165 ko\u017een\u00e9ho zubadla je vyroben\u00e1 z\u00a0posilnen\u00e9ho nylonu. \u0160it\u00e9 z\u00a0pr\u00edrodnej, \u010distej u\u0161ne, bez chemik\u00e1li\u00ed. Produkcia sl\u00edn zjem\u0148uje ko\u017een\u00e9 zubadlo, t\u00fdm p\u00e1dom bude jeho pou\u017e\u00edvanie pre kone pr\u00edjemnej\u0161ie. Zaoblen\u00e9 tvarovanie a\u00a0pru\u017enos\u0165 ko\u017ee robia tento typ zubadla jedine\u010dn\u00fdm. Kv\u00f4li pru\u017enosti a\u00a0pr\u00edjemnej chuti s\u00fa zubadl\u00e1 TRUST Leather mimoriadne vhodn\u00e9 pre kone s\u00a0citliv\u00fdmi \u00fastami. \u010ealej v\u00fdvoj\u00e1ri zistili, \u017ee kobyly v\u00fdslovne ob\u013eubuj\u00fa chu\u0165 ko\u017ee, a\u00a0t\u00fdm p\u00e1dom ove\u013ea \u013eah\u0161ie prijm\u00fa zubadlo.<\/p>\n<p>DEE, in\u00fdm n\u00e1zvom kr\u00fa\u017eok D zubadla m\u00e1 tvar D. Kr\u00fa\u017eok D zubadla le\u017e\u00ed bezpe\u010dne a pohodlne v \u00fastach ko\u0148a. Obr\u00e1ten\u00edm do smeru, ktor\u00fd vyhovuje hlave ko\u0148a mo\u017eno ko\u0148a \u013eah\u0161ie oto\u010di\u0165 v\u010faka tlaku, ktor\u00fd zubadlo vyv\u00edja na l\u00edce. Je ide\u00e1lnou vo\u013ebou aj pre mlad\u00e9 kone.<\/p>\n<p>Tip: V\u00a0z\u00e1ujme zachovania pru\u017enosti zubadlo pravidelne o\u0161etrujte olivov\u00fdm olejom.<\/p>\n<p>D\u00f4le\u017eit\u00e9: Presved\u010dte sa o\u00a0tom, \u017ee \u0161itie smeruje smerom von, \u010di\u017ee smerom k\u00a0\u00fastnemu otvoru.<\/p>\n<p>Hr\u00fabka 20 mm<\/p>\n","protected":false},"excerpt":{"rendered":"<p>Ko\u017een\u00e9 zubadl\u00e1 TRUST Leather existuj\u00fa v\u00a0mnoh\u00fdch variantoch, rozdielne zubadlov\u00e9 kr\u00fa\u017eky maj\u00fa svoje \u0161peci\u00e1lne \u00fa\u010dinky. (Ko\u017een\u00e9) zubadl\u00e1 TRUST Equestrian Leather s\u00fa skuto\u010dne nev\u0161edn\u00e9. Vn\u00fatorn\u00e1 \u010das\u0165 ko\u017een\u00e9ho zubadla je vyroben\u00e1 z\u00a0posilnen\u00e9ho nylonu. \u0160it\u00e9 z\u00a0pr\u00edrodnej, \u010distej u\u0161ne, bez chemik\u00e1li\u00ed. Produkcia sl\u00edn zjem\u0148uje ko\u017een\u00e9 zubadlo, t\u00fdm p\u00e1dom bude jeho pou\u017e\u00edvanie pre kone pr\u00edjemnej\u0161ie. Zaoblen\u00e9 tvarovanie a\u00a0pru\u017enos\u0165 ko\u017ee robia tento [&hellip;]<\/p>\n","protected":false},"featured_media":52505,"template":"","meta":{"_acf_changed":false},"product_cat":[75,674],"product_tag":[335,816,692,694],"acf":[],"yoast_head":"<!-- This site is optimized with the Yoast SEO plugin v21.4 - https:\/\/yoast.com\/wordpress\/plugins\/seo\/ -->\n<title>TRUST Leather ko\u017een\u00e9 D zubadlo - Spicehorse<\/title>\n<meta name=\"description\" content=\"spicehorse.eu | (Ko\u017een\u00e9) zubadl\u00e1 TRUST Equestrian Leather s\u00fa skuto\u010dne nev\u0161edn\u00e9. Vn\u00fatorn\u00e1 \u010das\u0165 ko\u017een\u00e9ho zubadla je vyroben\u00e1 z\u00a0posilnen\u00e9ho nylonu. \u0160it\u00e9 z\u00a0pr\u00edrodnej, \u010distej u\u0161ne, bez chemik\u00e1li\u00ed.\" \/>\n<meta name=\"robots\" content=\"index, follow, max-snippet:-1, max-image-preview:large, max-video-preview:-1\" \/>\n<link rel=\"canonical\" href=\"https:\/\/arak.spicehorse.eu\/sk\/produkt\/trust-leather-kozene-d-zubadlo\/\" \/>\n<meta property=\"og:locale\" content=\"sk_SK\" \/>\n<meta property=\"og:type\" content=\"article\" \/>\n<meta property=\"og:title\" content=\"TRUST Leather ko\u017een\u00e9 D zubadlo - Spicehorse\" \/>\n<meta property=\"og:description\" content=\"spicehorse.eu | (Ko\u017een\u00e9) zubadl\u00e1 TRUST Equestrian Leather s\u00fa skuto\u010dne nev\u0161edn\u00e9. Vn\u00fatorn\u00e1 \u010das\u0165 ko\u017een\u00e9ho zubadla je vyroben\u00e1 z\u00a0posilnen\u00e9ho nylonu. \u0160it\u00e9 z\u00a0pr\u00edrodnej, \u010distej u\u0161ne, bez chemik\u00e1li\u00ed.\" \/>\n<meta property=\"og:url\" content=\"https:\/\/arak.spicehorse.eu\/sk\/produkt\/trust-leather-kozene-d-zubadlo\/\" \/>\n<meta property=\"og:site_name\" content=\"Spicehorse\" \/>\n<meta property=\"article:publisher\" content=\"https:\/\/www.facebook.com\/SPICEHORSE-550385625402457\/\" \/>\n<meta property=\"article:modified_time\" content=\"2022-03-16T13:57:35+00:00\" \/>\n<meta property=\"og:image\" content=\"https:\/\/arak.spicehorse.eu\/wp-content\/uploads\/2022\/03\/dee-leather.png\" \/>\n\t<meta property=\"og:image:width\" content=\"1200\" \/>\n\t<meta property=\"og:image:height\" content=\"1200\" \/>\n\t<meta property=\"og:image:type\" content=\"image\/png\" \/>\n<meta name=\"twitter:card\" content=\"summary_large_image\" \/>\n<meta name=\"twitter:label1\" content=\"Predpokladan\u00fd \u010das \u010d\u00edtania\" \/>\n\t<meta name=\"twitter:data1\" content=\"1 min\u00fata\" \/>\n<script type=\"application\/ld+json\" class=\"yoast-schema-graph\">{\"@context\":\"https:\/\/schema.org\",\"@graph\":[{\"@type\":\"WebPage\",\"@id\":\"https:\/\/arak.spicehorse.eu\/sk\/produkt\/trust-leather-kozene-d-zubadlo\/\",\"url\":\"https:\/\/arak.spicehorse.eu\/sk\/produkt\/trust-leather-kozene-d-zubadlo\/\",\"name\":\"TRUST Leather ko\u017een\u00e9 D zubadlo - Spicehorse\",\"isPartOf\":{\"@id\":\"https:\/\/arak.spicehorse.eu\/en\/#website\"},\"datePublished\":\"2022-03-15T09:34:47+00:00\",\"dateModified\":\"2022-03-16T13:57:35+00:00\",\"description\":\"spicehorse.eu | (Ko\u017een\u00e9) zubadl\u00e1 TRUST Equestrian Leather s\u00fa skuto\u010dne nev\u0161edn\u00e9. Vn\u00fatorn\u00e1 \u010das\u0165 ko\u017een\u00e9ho zubadla je vyroben\u00e1 z\u00a0posilnen\u00e9ho nylonu. \u0160it\u00e9 z\u00a0pr\u00edrodnej, \u010distej u\u0161ne, bez chemik\u00e1li\u00ed.\",\"breadcrumb\":{\"@id\":\"https:\/\/arak.spicehorse.eu\/sk\/produkt\/trust-leather-kozene-d-zubadlo\/#breadcrumb\"},\"inLanguage\":\"sk-SK\",\"potentialAction\":[{\"@type\":\"ReadAction\",\"target\":[\"https:\/\/arak.spicehorse.eu\/sk\/produkt\/trust-leather-kozene-d-zubadlo\/\"]}]},{\"@type\":\"BreadcrumbList\",\"@id\":\"https:\/\/arak.spicehorse.eu\/sk\/produkt\/trust-leather-kozene-d-zubadlo\/#breadcrumb\",\"itemListElement\":[{\"@type\":\"ListItem\",\"position\":1,\"name\":\"Home\",\"item\":\"https:\/\/arak.spicehorse.eu\/sk\/\"},{\"@type\":\"ListItem\",\"position\":2,\"name\":\"Predaj\u0148a\",\"item\":\"https:\/\/arak.spicehorse.eu\/sk\/predajna\/\"},{\"@type\":\"ListItem\",\"position\":3,\"name\":\"TRUST Leather ko\u017een\u00e9 D zubadlo\"}]},{\"@type\":\"WebSite\",\"@id\":\"https:\/\/arak.spicehorse.eu\/en\/#website\",\"url\":\"https:\/\/arak.spicehorse.eu\/en\/\",\"name\":\"Spicehorse\",\"description\":\"UNDER DEVELOPMENT -\",\"potentialAction\":[{\"@type\":\"SearchAction\",\"target\":{\"@type\":\"EntryPoint\",\"urlTemplate\":\"https:\/\/arak.spicehorse.eu\/en\/?s={search_term_string}\"},\"query-input\":\"required name=search_term_string\"}],\"inLanguage\":\"sk-SK\"}]}<\/script>\n<!-- \/ Yoast SEO plugin. -->","yoast_head_json":{"title":"TRUST Leather ko\u017een\u00e9 D zubadlo - Spicehorse","description":"spicehorse.eu | (Ko\u017een\u00e9) zubadl\u00e1 TRUST Equestrian Leather s\u00fa skuto\u010dne nev\u0161edn\u00e9. Vn\u00fatorn\u00e1 \u010das\u0165 ko\u017een\u00e9ho zubadla je vyroben\u00e1 z\u00a0posilnen\u00e9ho nylonu. \u0160it\u00e9 z\u00a0pr\u00edrodnej, \u010distej u\u0161ne, bez chemik\u00e1li\u00ed.","robots":{"index":"index","follow":"follow","max-snippet":"max-snippet:-1","max-image-preview":"max-image-preview:large","max-video-preview":"max-video-preview:-1"},"canonical":"https:\/\/arak.spicehorse.eu\/sk\/produkt\/trust-leather-kozene-d-zubadlo\/","og_locale":"sk_SK","og_type":"article","og_title":"TRUST Leather ko\u017een\u00e9 D zubadlo - Spicehorse","og_description":"spicehorse.eu | (Ko\u017een\u00e9) zubadl\u00e1 TRUST Equestrian Leather s\u00fa skuto\u010dne nev\u0161edn\u00e9. Vn\u00fatorn\u00e1 \u010das\u0165 ko\u017een\u00e9ho zubadla je vyroben\u00e1 z\u00a0posilnen\u00e9ho nylonu. \u0160it\u00e9 z\u00a0pr\u00edrodnej, \u010distej u\u0161ne, bez chemik\u00e1li\u00ed.","og_url":"https:\/\/arak.spicehorse.eu\/sk\/produkt\/trust-leather-kozene-d-zubadlo\/","og_site_name":"Spicehorse","article_publisher":"https:\/\/www.facebook.com\/SPICEHORSE-550385625402457\/","article_modified_time":"2022-03-16T13:57:35+00:00","og_image":[{"width":1200,"height":1200,"url":"https:\/\/arak.spicehorse.eu\/wp-content\/uploads\/2022\/03\/dee-leather.png","type":"image\/png"}],"twitter_card":"summary_large_image","twitter_misc":{"Predpokladan\u00fd \u010das \u010d\u00edtania":"1 min\u00fata"},"schema":{"@context":"https:\/\/schema.org","@graph":[{"@type":"WebPage","@id":"https:\/\/arak.spicehorse.eu\/sk\/produkt\/trust-leather-kozene-d-zubadlo\/","url":"https:\/\/arak.spicehorse.eu\/sk\/produkt\/trust-leather-kozene-d-zubadlo\/","name":"TRUST Leather ko\u017een\u00e9 D zubadlo - Spicehorse","isPartOf":{"@id":"https:\/\/arak.spicehorse.eu\/en\/#website"},"datePublished":"2022-03-15T09:34:47+00:00","dateModified":"2022-03-16T13:57:35+00:00","description":"spicehorse.eu | (Ko\u017een\u00e9) zubadl\u00e1 TRUST Equestrian Leather s\u00fa skuto\u010dne nev\u0161edn\u00e9. Vn\u00fatorn\u00e1 \u010das\u0165 ko\u017een\u00e9ho zubadla je vyroben\u00e1 z\u00a0posilnen\u00e9ho nylonu. \u0160it\u00e9 z\u00a0pr\u00edrodnej, \u010distej u\u0161ne, bez chemik\u00e1li\u00ed.","breadcrumb":{"@id":"https:\/\/arak.spicehorse.eu\/sk\/produkt\/trust-leather-kozene-d-zubadlo\/#breadcrumb"},"inLanguage":"sk-SK","potentialAction":[{"@type":"ReadAction","target":["https:\/\/arak.spicehorse.eu\/sk\/produkt\/trust-leather-kozene-d-zubadlo\/"]}]},{"@type":"BreadcrumbList","@id":"https:\/\/arak.spicehorse.eu\/sk\/produkt\/trust-leather-kozene-d-zubadlo\/#breadcrumb","itemListElement":[{"@type":"ListItem","position":1,"name":"Home","item":"https:\/\/arak.spicehorse.eu\/sk\/"},{"@type":"ListItem","position":2,"name":"Predaj\u0148a","item":"https:\/\/arak.spicehorse.eu\/sk\/predajna\/"},{"@type":"ListItem","position":3,"name":"TRUST Leather ko\u017een\u00e9 D zubadlo"}]},{"@type":"WebSite","@id":"https:\/\/arak.spicehorse.eu\/en\/#website","url":"https:\/\/arak.spicehorse.eu\/en\/","name":"Spicehorse","description":"UNDER DEVELOPMENT -","potentialAction":[{"@type":"SearchAction","target":{"@type":"EntryPoint","urlTemplate":"https:\/\/arak.spicehorse.eu\/en\/?s={search_term_string}"},"query-input":"required name=search_term_string"}],"inLanguage":"sk-SK"}]}},"_links":{"self":[{"href":"https:\/\/arak.spicehorse.eu\/sk\/wp-json\/wp\/v2\/product\/52498"}],"collection":[{"href":"https:\/\/arak.spicehorse.eu\/sk\/wp-json\/wp\/v2\/product"}],"about":[{"href":"https:\/\/arak.spicehorse.eu\/sk\/wp-json\/wp\/v2\/types\/product"}],"wp:featuredmedia":[{"embeddable":true,"href":"https:\/\/arak.spicehorse.eu\/sk\/wp-json\/wp\/v2\/media\/52505"}],"wp:attachment":[{"href":"https:\/\/arak.spicehorse.eu\/sk\/wp-json\/wp\/v2\/media?parent=52498"}],"wp:term":[{"taxonomy":"product_cat","embeddable":true,"href":"https:\/\/arak.spicehorse.eu\/sk\/wp-json\/wp\/v2\/product_cat?post=52498"},{"taxonomy":"product_tag","embeddable":true,"href":"https:\/\/arak.spicehorse.eu\/sk\/wp-json\/wp\/v2\/product_tag?post=52498"}],"curies":[{"name":"wp","href":"https:\/\/api.w.org\/{rel}","templated":true}]}}