{"id":5267,"date":"2019-06-12T20:24:07","date_gmt":"2019-06-12T18:24:07","guid":{"rendered":"https:\/\/arak.spicehorse.eu\/product\/kentucky-stable-curtain\/"},"modified":"2023-11-23T11:43:41","modified_gmt":"2023-11-23T10:43:41","slug":"kentucky-stajnovy-zaves","status":"publish","type":"product","link":"https:\/\/arak.spicehorse.eu\/sk\/produkt\/kentucky-stajnovy-zaves\/","title":{"rendered":"Kentucky staj\u0148ov\u00fd z\u00e1ves"},"content":{"rendered":"<p>Pou\u017eit\u00edm staj\u0148ov\u00e9ho z\u00e1vesu Kentucky Horsewear si m\u00f4\u017ee v\u00e1\u0161 k\u00f4\u0148 vychutna\u0165 zasl\u00fa\u017een\u00fd oddych \u010di u\u017e po\u010das s\u00fa\u0165a\u017e\u00ed alebo doma.<\/p>\n<p>Staj\u0148ov\u00fd z\u00e1ves je mo\u017en\u00e9 pripoji\u0165 k\u00a0boxu v\u010faka piatim posilnen\u00fdm kr\u00fa\u017ekom zlatej farby. V\u00a0hornej \u010dasti mo\u017eno za pomoci piatich skryt\u00fdch ve\u0161iakov umiestni\u0165 vybavenie (ohl\u00e1vku, deku, pr\u00edpravky na o\u0161etrenie).<\/p>\n<p>Kentucky logo z\u00a0ko\u017eenky so \u0161tepovan\u00edm v\u00a0tvare diamantu dod\u00e1va skuto\u010dne nev\u0161edn\u00fd a\u00a0modern\u00fd vzh\u013ead.<\/p>\n<p>Dokonale sa hod\u00ed ku chr\u00e1ni\u010du hlavy a\u00a0parav\u00e1nu na dvere boxu.<\/p>\n<p>Kentucky Horsewear staj\u0148ov\u00fd z\u00e1ves je vyroben\u00fd z\u00a0odoln\u00e9ho a\u00a0pevn\u00e9ho 600D polyesteru, mo\u017eno ho pra\u0165 v\u00a0pr\u00e1\u010dke na 30\u00b0 (nevkladajte do su\u0161i\u010dky).<\/p>\n","protected":false},"excerpt":{"rendered":"<h3><strong>Pou\u017eit\u00edm staj\u0148ov\u00e9ho z\u00e1vesu Kentucky Horsewear si m\u00f4\u017ee v\u00e1\u0161 k\u00f4\u0148 vychutna\u0165 zasl\u00fa\u017een\u00fd oddych \u010di u\u017e po\u010das s\u00fa\u0165a\u017e\u00ed alebo doma.\u00a0 <\/strong><\/h3>\n<p><strong>Ve\u013ekos\u0165: jedna ve\u013ekos\u0165<\/strong><br \/>\n<strong>Farba: tmavomodr\u00e1, bordov\u00e1, \u010dierna<\/strong><\/p>\n<ul>\n<li>Je d\u00f4le\u017eit\u00fdm doplnkom pri zasl\u00fa\u017eenom oddychu<\/li>\n<li>K\u00a0boxu ho mo\u017eno jednoducho pripoji\u0165 v\u010faka piatim posilnen\u00fdm kr\u00fa\u017ekom<\/li>\n<li>V\u00a0hornej \u010dasti sa nach\u00e1dza p\u00e4\u0165 skryt\u00fdch ve\u0161iakov na umiestnenie vybavenia<\/li>\n<li>Kentucky logo z\u00a0ko\u017eenky<\/li>\n<li>Modern\u00fd dizajn<\/li>\n<li>Dokonale sa hod\u00ed ku chr\u00e1ni\u010du hlavy a\u00a0parav\u00e1nu na dvere boxu<\/li>\n<li>Mo\u017eno ho pra\u0165 v\u00a0pr\u00e1\u010dke na 30\u00b0 (nevkladajte do su\u0161i\u010dky)<\/li>\n<li>Farba: tmavomodr\u00e1, bordov\u00e1, \u010dierna<\/li>\n<li>1 ve\u013ekos\u0165 : 142x220cm<\/li>\n<\/ul>\n","protected":false},"featured_media":143326,"template":"","meta":{"_acf_changed":false},"product_cat":[75,120],"product_tag":[184,467],"acf":[],"yoast_head":"<!-- This site is optimized with the Yoast SEO plugin v21.4 - https:\/\/yoast.com\/wordpress\/plugins\/seo\/ -->\n<title>Kentucky staj\u0148ov\u00fd z\u00e1ves - Spicehorse<\/title>\n<meta name=\"description\" content=\"spicehorse.eu |\u00a0Pou\u017eit\u00edm staj\u0148ov\u00e9ho z\u00e1vesu Kentucky Horsewear si m\u00f4\u017ee v\u00e1\u0161 k\u00f4\u0148 vychutna\u0165 zasl\u00fa\u017een\u00fd oddych \u010di u\u017e po\u010das s\u00fa\u0165a\u017e\u00ed alebo doma.\u00a0\" \/>\n<meta name=\"robots\" content=\"index, follow, max-snippet:-1, max-image-preview:large, max-video-preview:-1\" \/>\n<link rel=\"canonical\" href=\"https:\/\/arak.spicehorse.eu\/sk\/produkt\/kentucky-stajnovy-zaves\/\" \/>\n<meta property=\"og:locale\" content=\"sk_SK\" \/>\n<meta property=\"og:type\" content=\"article\" \/>\n<meta property=\"og:title\" content=\"Kentucky staj\u0148ov\u00fd z\u00e1ves - Spicehorse\" \/>\n<meta property=\"og:description\" content=\"spicehorse.eu |\u00a0Pou\u017eit\u00edm staj\u0148ov\u00e9ho z\u00e1vesu Kentucky Horsewear si m\u00f4\u017ee v\u00e1\u0161 k\u00f4\u0148 vychutna\u0165 zasl\u00fa\u017een\u00fd oddych \u010di u\u017e po\u010das s\u00fa\u0165a\u017e\u00ed alebo doma.\u00a0\" \/>\n<meta property=\"og:url\" content=\"https:\/\/arak.spicehorse.eu\/sk\/produkt\/kentucky-stajnovy-zaves\/\" \/>\n<meta property=\"og:site_name\" content=\"Spicehorse\" \/>\n<meta property=\"article:publisher\" content=\"https:\/\/www.facebook.com\/SPICEHORSE-550385625402457\/\" \/>\n<meta property=\"article:modified_time\" content=\"2023-11-23T10:43:41+00:00\" \/>\n<meta property=\"og:image\" content=\"https:\/\/arak.spicehorse.eu\/wp-content\/uploads\/2021\/05\/Kentucky-istallo-fuggony-navy.jpg\" \/>\n\t<meta property=\"og:image:width\" content=\"2000\" \/>\n\t<meta property=\"og:image:height\" content=\"1999\" \/>\n\t<meta property=\"og:image:type\" content=\"image\/jpeg\" \/>\n<meta name=\"twitter:card\" content=\"summary_large_image\" \/>\n<meta name=\"twitter:label1\" content=\"Predpokladan\u00fd \u010das \u010d\u00edtania\" \/>\n\t<meta name=\"twitter:data1\" content=\"1 min\u00fata\" \/>\n<script type=\"application\/ld+json\" class=\"yoast-schema-graph\">{\"@context\":\"https:\/\/schema.org\",\"@graph\":[{\"@type\":\"WebPage\",\"@id\":\"https:\/\/arak.spicehorse.eu\/sk\/produkt\/kentucky-stajnovy-zaves\/\",\"url\":\"https:\/\/arak.spicehorse.eu\/sk\/produkt\/kentucky-stajnovy-zaves\/\",\"name\":\"Kentucky staj\u0148ov\u00fd z\u00e1ves - Spicehorse\",\"isPartOf\":{\"@id\":\"https:\/\/arak.spicehorse.eu\/en\/#website\"},\"datePublished\":\"2019-06-12T18:24:07+00:00\",\"dateModified\":\"2023-11-23T10:43:41+00:00\",\"description\":\"spicehorse.eu |\u00a0Pou\u017eit\u00edm staj\u0148ov\u00e9ho z\u00e1vesu Kentucky Horsewear si m\u00f4\u017ee v\u00e1\u0161 k\u00f4\u0148 vychutna\u0165 zasl\u00fa\u017een\u00fd oddych \u010di u\u017e po\u010das s\u00fa\u0165a\u017e\u00ed alebo doma.\u00a0\",\"breadcrumb\":{\"@id\":\"https:\/\/arak.spicehorse.eu\/sk\/produkt\/kentucky-stajnovy-zaves\/#breadcrumb\"},\"inLanguage\":\"sk-SK\",\"potentialAction\":[{\"@type\":\"ReadAction\",\"target\":[\"https:\/\/arak.spicehorse.eu\/sk\/produkt\/kentucky-stajnovy-zaves\/\"]}]},{\"@type\":\"BreadcrumbList\",\"@id\":\"https:\/\/arak.spicehorse.eu\/sk\/produkt\/kentucky-stajnovy-zaves\/#breadcrumb\",\"itemListElement\":[{\"@type\":\"ListItem\",\"position\":1,\"name\":\"Home\",\"item\":\"https:\/\/arak.spicehorse.eu\/sk\/\"},{\"@type\":\"ListItem\",\"position\":2,\"name\":\"Predaj\u0148a\",\"item\":\"https:\/\/arak.spicehorse.eu\/sk\/predajna\/\"},{\"@type\":\"ListItem\",\"position\":3,\"name\":\"Kentucky staj\u0148ov\u00fd z\u00e1ves\"}]},{\"@type\":\"WebSite\",\"@id\":\"https:\/\/arak.spicehorse.eu\/en\/#website\",\"url\":\"https:\/\/arak.spicehorse.eu\/en\/\",\"name\":\"Spicehorse\",\"description\":\"UNDER DEVELOPMENT -\",\"potentialAction\":[{\"@type\":\"SearchAction\",\"target\":{\"@type\":\"EntryPoint\",\"urlTemplate\":\"https:\/\/arak.spicehorse.eu\/en\/?s={search_term_string}\"},\"query-input\":\"required name=search_term_string\"}],\"inLanguage\":\"sk-SK\"}]}<\/script>\n<!-- \/ Yoast SEO plugin. -->","yoast_head_json":{"title":"Kentucky staj\u0148ov\u00fd z\u00e1ves - Spicehorse","description":"spicehorse.eu |\u00a0Pou\u017eit\u00edm staj\u0148ov\u00e9ho z\u00e1vesu Kentucky Horsewear si m\u00f4\u017ee v\u00e1\u0161 k\u00f4\u0148 vychutna\u0165 zasl\u00fa\u017een\u00fd oddych \u010di u\u017e po\u010das s\u00fa\u0165a\u017e\u00ed alebo doma.\u00a0","robots":{"index":"index","follow":"follow","max-snippet":"max-snippet:-1","max-image-preview":"max-image-preview:large","max-video-preview":"max-video-preview:-1"},"canonical":"https:\/\/arak.spicehorse.eu\/sk\/produkt\/kentucky-stajnovy-zaves\/","og_locale":"sk_SK","og_type":"article","og_title":"Kentucky staj\u0148ov\u00fd z\u00e1ves - Spicehorse","og_description":"spicehorse.eu |\u00a0Pou\u017eit\u00edm staj\u0148ov\u00e9ho z\u00e1vesu Kentucky Horsewear si m\u00f4\u017ee v\u00e1\u0161 k\u00f4\u0148 vychutna\u0165 zasl\u00fa\u017een\u00fd oddych \u010di u\u017e po\u010das s\u00fa\u0165a\u017e\u00ed alebo doma.\u00a0","og_url":"https:\/\/arak.spicehorse.eu\/sk\/produkt\/kentucky-stajnovy-zaves\/","og_site_name":"Spicehorse","article_publisher":"https:\/\/www.facebook.com\/SPICEHORSE-550385625402457\/","article_modified_time":"2023-11-23T10:43:41+00:00","og_image":[{"width":2000,"height":1999,"url":"https:\/\/arak.spicehorse.eu\/wp-content\/uploads\/2021\/05\/Kentucky-istallo-fuggony-navy.jpg","type":"image\/jpeg"}],"twitter_card":"summary_large_image","twitter_misc":{"Predpokladan\u00fd \u010das \u010d\u00edtania":"1 min\u00fata"},"schema":{"@context":"https:\/\/schema.org","@graph":[{"@type":"WebPage","@id":"https:\/\/arak.spicehorse.eu\/sk\/produkt\/kentucky-stajnovy-zaves\/","url":"https:\/\/arak.spicehorse.eu\/sk\/produkt\/kentucky-stajnovy-zaves\/","name":"Kentucky staj\u0148ov\u00fd z\u00e1ves - Spicehorse","isPartOf":{"@id":"https:\/\/arak.spicehorse.eu\/en\/#website"},"datePublished":"2019-06-12T18:24:07+00:00","dateModified":"2023-11-23T10:43:41+00:00","description":"spicehorse.eu |\u00a0Pou\u017eit\u00edm staj\u0148ov\u00e9ho z\u00e1vesu Kentucky Horsewear si m\u00f4\u017ee v\u00e1\u0161 k\u00f4\u0148 vychutna\u0165 zasl\u00fa\u017een\u00fd oddych \u010di u\u017e po\u010das s\u00fa\u0165a\u017e\u00ed alebo doma.\u00a0","breadcrumb":{"@id":"https:\/\/arak.spicehorse.eu\/sk\/produkt\/kentucky-stajnovy-zaves\/#breadcrumb"},"inLanguage":"sk-SK","potentialAction":[{"@type":"ReadAction","target":["https:\/\/arak.spicehorse.eu\/sk\/produkt\/kentucky-stajnovy-zaves\/"]}]},{"@type":"BreadcrumbList","@id":"https:\/\/arak.spicehorse.eu\/sk\/produkt\/kentucky-stajnovy-zaves\/#breadcrumb","itemListElement":[{"@type":"ListItem","position":1,"name":"Home","item":"https:\/\/arak.spicehorse.eu\/sk\/"},{"@type":"ListItem","position":2,"name":"Predaj\u0148a","item":"https:\/\/arak.spicehorse.eu\/sk\/predajna\/"},{"@type":"ListItem","position":3,"name":"Kentucky staj\u0148ov\u00fd z\u00e1ves"}]},{"@type":"WebSite","@id":"https:\/\/arak.spicehorse.eu\/en\/#website","url":"https:\/\/arak.spicehorse.eu\/en\/","name":"Spicehorse","description":"UNDER DEVELOPMENT -","potentialAction":[{"@type":"SearchAction","target":{"@type":"EntryPoint","urlTemplate":"https:\/\/arak.spicehorse.eu\/en\/?s={search_term_string}"},"query-input":"required name=search_term_string"}],"inLanguage":"sk-SK"}]}},"_links":{"self":[{"href":"https:\/\/arak.spicehorse.eu\/sk\/wp-json\/wp\/v2\/product\/5267"}],"collection":[{"href":"https:\/\/arak.spicehorse.eu\/sk\/wp-json\/wp\/v2\/product"}],"about":[{"href":"https:\/\/arak.spicehorse.eu\/sk\/wp-json\/wp\/v2\/types\/product"}],"wp:featuredmedia":[{"embeddable":true,"href":"https:\/\/arak.spicehorse.eu\/sk\/wp-json\/wp\/v2\/media\/143326"}],"wp:attachment":[{"href":"https:\/\/arak.spicehorse.eu\/sk\/wp-json\/wp\/v2\/media?parent=5267"}],"wp:term":[{"taxonomy":"product_cat","embeddable":true,"href":"https:\/\/arak.spicehorse.eu\/sk\/wp-json\/wp\/v2\/product_cat?post=5267"},{"taxonomy":"product_tag","embeddable":true,"href":"https:\/\/arak.spicehorse.eu\/sk\/wp-json\/wp\/v2\/product_tag?post=5267"}],"curies":[{"name":"wp","href":"https:\/\/api.w.org\/{rel}","templated":true}]}}