{"id":55182,"date":"2022-03-31T19:13:47","date_gmt":"2022-03-31T17:13:49","guid":{"rendered":"https:\/\/arak.spicehorse.eu\/?post_type=product&#038;p=55182"},"modified":"2022-04-27T08:29:31","modified_gmt":"2022-04-27T06:29:31","slug":"trust-sweet-iron-wideport-segundo-pelham-zubadlo","status":"publish","type":"product","link":"https:\/\/arak.spicehorse.eu\/sk\/produkt\/trust-sweet-iron-wideport-segundo-pelham-zubadlo\/","title":{"rendered":"TRUST Sweet Iron Wideport Segundo Pelham zubadlo"},"content":{"rendered":"<p><span lang=\"SK\">Zubadl\u00e1 TRUST Equestrian Sweet Iron (sladk\u00e9 \u017eelezo) s\u00fa vyroben\u00e9 z\u00a0ocele s\u00a0charakteristickou modrou farbou. Sladk\u00e9 \u017eelezo za\u010d\u00edna hrdzavie\u0165 pri styku s\u00a0vlhkos\u0165ou vzduchu a\u00a0zubadlo dostane sladk\u00fa chu\u0165, \u010do samozrejme stimuluje tvorbu sl\u00edn u\u00a0kon\u00ed a\u00a0podporuje, aby k\u00f4\u0148 \u013eah\u0161ie prijal zubadlo. Pri procese hrdzavenia v\u00a0d\u00f4sledku oxid\u00e1cie sa zmen\u00ed modr\u00e1 farba TRUST zubadla na hned\u00fa, \u010do je vyvolan\u00fd \u00fa\u010dinok zubadla zo sladk\u00e9ho \u017eeleza. Ak Sweet Iron zubadlo ur\u010dit\u00fa dobu prestaneme pou\u017e\u00edva\u0165, m\u00f4\u017ee sa na zubadle vytvori\u0165 oran\u017eovo- hned\u00e1 hrdzav\u00e1 vrstva. Pred pou\u017eit\u00edm ju jednoducho zotrite vlhkou handrou.<\/span><\/p>\n<p><span lang=\"SK\">Sweet Iron zubadl\u00e1 s\u00fa odpor\u00fa\u010dan\u00e9 pre v\u0161etky kone. Sladk\u00e9 \u017eelezo stimuluje tvorbu sl\u00edn u\u00a0kon\u00ed a\u00a0podporuje, aby k\u00f4\u0148 \u013eah\u0161ie prijal zubadlo.<\/span><\/p>\n<p><span lang=\"SK\">TRUST Sweet Iron zubadl\u00e1 existuj\u00fa v\u00a0mnoh\u00fdch vari\u00e1ci\u00e1ch, r\u00f4zne tel\u00e1 zubadiel maj\u00fa svoje \u0161peci\u00e1lne \u00fa\u010dinky.<\/span><\/p>\n<p>TRUST Sweet Wideport Segundo je \u0161peci\u00e1lne dvojito lomen\u00e9 ohnut\u00e9 jazykov\u00e9 zubadlo. Oproti ostatn\u00fdm lomen\u00fdm zubadl\u00e1m sa dok\u00e1\u017ee v \u00fastach ko\u0148a pohybova\u0165 vo\u013enej\u0161ie a vyv\u00edja mierny pohyb smerom do str\u00e1n. \u00dastna \u010das\u0165 je vyv\u00fd\u0161en\u00e1, t\u00fdm p\u00e1dom m\u00e1 jazyk ko\u0148a dostato\u010dn\u00e9 miesto a zni\u017euje sa tlak na stred jazyka. \u00a0Ostr\u00e9 \u010dasti portu vyv\u00edjaj\u00fa mimoriadny tlak na jazyk (na okraj jazyka a k\u00fatiky \u00fast). Ke\u010f\u017ee sa ohnut\u00e1 \u010das\u0165 h\u00fdbe, kone sa do\u0148 \u0165a\u017e\u0161ie zahryzn\u00fa.<\/p>\n<p>Pelham zubadlo zjednocuje \u00fa\u010dinky uzdy pre \u017erieb\u00e4t\u00e1 a\u00a0uzde\u010dky. M\u00e1 jeden kr\u00fa\u017eok, pri jazden\u00ed mo\u017eno pou\u017ei\u0165 jednu alebo dve o\u0165a\u017ee. Ak pripoj\u00edme jedny o\u0165a\u017ee, mus\u00edme pou\u017ei\u0165 aj Pelham spojovac\u00ed reme\u0148. \u010c\u00edm s\u00fa dlh\u0161ie ty\u010dky zubadla, t\u00fdm je \u00fa\u010dinok silnej\u0161\u00ed. V\u010faka tomu je zubadlo Pelham silnej\u0161ie ako baby Pelham zubadlo. \u00a0Pelham zubadlo sa pou\u017e\u00edva v\u00e4\u010d\u0161inou pre tie kone, ktor\u00e9 maj\u00fa men\u0161ie \u00fasta a\u00a0\u0165a\u017eko sa do nich zmestia dve zubadl\u00e1, resp. s\u00fa ide\u00e1lnou vo\u013ebou pri zvykan\u00ed si na uzde\u010dku.<\/p>\n<p><span lang=\"SK\">Hr\u00fabka 16 mm<\/span><\/p>\n","protected":false},"excerpt":{"rendered":"<p>Zubadl\u00e1 TRUST Equestrian Sweet Iron (sladk\u00e9 \u017eelezo) s\u00fa vyroben\u00e9 z\u00a0ocele s\u00a0charakteristickou modrou farbou. Sladk\u00e9 \u017eelezo za\u010d\u00edna hrdzavie\u0165 pri styku s\u00a0vlhkos\u0165ou vzduchu a\u00a0zubadlo dostane sladk\u00fa chu\u0165, \u010do samozrejme stimuluje tvorbu sl\u00edn u\u00a0kon\u00ed a\u00a0podporuje, aby k\u00f4\u0148 \u013eah\u0161ie prijal zubadlo. Pri procese hrdzavenia v\u00a0d\u00f4sledku oxid\u00e1cie sa zmen\u00ed modr\u00e1 farba TRUST zubadla na hned\u00fa, \u010do je vyvolan\u00fd \u00fa\u010dinok zubadla [&hellip;]<\/p>\n","protected":false},"featured_media":55194,"template":"","meta":{"_acf_changed":false},"product_cat":[75,674],"product_tag":[700,692,694],"acf":[],"yoast_head":"<!-- This site is optimized with the Yoast SEO plugin v21.4 - https:\/\/yoast.com\/wordpress\/plugins\/seo\/ -->\n<title>TRUST Sweet Iron Wideport Segundo Pelham zubadlo - Spicehorse<\/title>\n<meta name=\"description\" content=\"spicehorse.eu | Zubadl\u00e1 TRUST Equestrian Sweet Iron (sladk\u00e9 \u017eelezo) s\u00fa vyroben\u00e9 z\u00a0ocele s\u00a0charakteristickou modrou farbou.\" \/>\n<meta name=\"robots\" content=\"index, follow, max-snippet:-1, max-image-preview:large, max-video-preview:-1\" \/>\n<link rel=\"canonical\" href=\"https:\/\/arak.spicehorse.eu\/termek\/trust-sweet-iron-wideport-segundo-pelham-zabla\/\" \/>\n<meta property=\"og:locale\" content=\"sk_SK\" \/>\n<meta property=\"og:type\" content=\"article\" \/>\n<meta property=\"og:title\" content=\"TRUST Sweet Iron Wideport Segundo Pelham zubadlo - Spicehorse\" \/>\n<meta property=\"og:description\" content=\"spicehorse.eu | Zubadl\u00e1 TRUST Equestrian Sweet Iron (sladk\u00e9 \u017eelezo) s\u00fa vyroben\u00e9 z\u00a0ocele s\u00a0charakteristickou modrou farbou.\" \/>\n<meta property=\"og:url\" content=\"https:\/\/arak.spicehorse.eu\/termek\/trust-sweet-iron-wideport-segundo-pelham-zabla\/\" \/>\n<meta property=\"og:site_name\" content=\"Spicehorse\" \/>\n<meta property=\"article:publisher\" content=\"https:\/\/www.facebook.com\/SPICEHORSE-550385625402457\/\" \/>\n<meta property=\"article:modified_time\" content=\"2022-04-27T06:29:31+00:00\" \/>\n<meta property=\"og:image\" content=\"https:\/\/arak.spicehorse.eu\/wp-content\/uploads\/2022\/03\/Sweet-Iron-pelham-wideport-segundo.jpg\" \/>\n\t<meta property=\"og:image:width\" content=\"800\" \/>\n\t<meta property=\"og:image:height\" content=\"800\" \/>\n\t<meta property=\"og:image:type\" content=\"image\/jpeg\" \/>\n<meta name=\"twitter:card\" content=\"summary_large_image\" \/>\n<meta name=\"twitter:label1\" content=\"Predpokladan\u00fd \u010das \u010d\u00edtania\" \/>\n\t<meta name=\"twitter:data1\" content=\"1 min\u00fata\" \/>\n<script type=\"application\/ld+json\" class=\"yoast-schema-graph\">{\"@context\":\"https:\/\/schema.org\",\"@graph\":[{\"@type\":\"WebPage\",\"@id\":\"https:\/\/arak.spicehorse.eu\/termek\/trust-sweet-iron-wideport-segundo-pelham-zabla\/\",\"url\":\"https:\/\/arak.spicehorse.eu\/termek\/trust-sweet-iron-wideport-segundo-pelham-zabla\/\",\"name\":\"TRUST Sweet Iron Wideport Segundo Pelham zubadlo - Spicehorse\",\"isPartOf\":{\"@id\":\"https:\/\/arak.spicehorse.eu\/en\/#website\"},\"datePublished\":\"2022-03-31T17:13:49+00:00\",\"dateModified\":\"2022-04-27T06:29:31+00:00\",\"description\":\"spicehorse.eu | Zubadl\u00e1 TRUST Equestrian Sweet Iron (sladk\u00e9 \u017eelezo) s\u00fa vyroben\u00e9 z\u00a0ocele s\u00a0charakteristickou modrou farbou.\",\"breadcrumb\":{\"@id\":\"https:\/\/arak.spicehorse.eu\/termek\/trust-sweet-iron-wideport-segundo-pelham-zabla\/#breadcrumb\"},\"inLanguage\":\"sk-SK\",\"potentialAction\":[{\"@type\":\"ReadAction\",\"target\":[\"https:\/\/arak.spicehorse.eu\/termek\/trust-sweet-iron-wideport-segundo-pelham-zabla\/\"]}]},{\"@type\":\"BreadcrumbList\",\"@id\":\"https:\/\/arak.spicehorse.eu\/termek\/trust-sweet-iron-wideport-segundo-pelham-zabla\/#breadcrumb\",\"itemListElement\":[{\"@type\":\"ListItem\",\"position\":1,\"name\":\"Home\",\"item\":\"https:\/\/arak.spicehorse.eu\/sk\/\"},{\"@type\":\"ListItem\",\"position\":2,\"name\":\"Predaj\u0148a\",\"item\":\"https:\/\/arak.spicehorse.eu\/sk\/predajna\/\"},{\"@type\":\"ListItem\",\"position\":3,\"name\":\"TRUST Sweet Iron Wideport Segundo Pelham zubadlo\"}]},{\"@type\":\"WebSite\",\"@id\":\"https:\/\/arak.spicehorse.eu\/en\/#website\",\"url\":\"https:\/\/arak.spicehorse.eu\/en\/\",\"name\":\"Spicehorse\",\"description\":\"UNDER DEVELOPMENT -\",\"potentialAction\":[{\"@type\":\"SearchAction\",\"target\":{\"@type\":\"EntryPoint\",\"urlTemplate\":\"https:\/\/arak.spicehorse.eu\/en\/?s={search_term_string}\"},\"query-input\":\"required name=search_term_string\"}],\"inLanguage\":\"sk-SK\"}]}<\/script>\n<!-- \/ Yoast SEO plugin. -->","yoast_head_json":{"title":"TRUST Sweet Iron Wideport Segundo Pelham zubadlo - Spicehorse","description":"spicehorse.eu | Zubadl\u00e1 TRUST Equestrian Sweet Iron (sladk\u00e9 \u017eelezo) s\u00fa vyroben\u00e9 z\u00a0ocele s\u00a0charakteristickou modrou farbou.","robots":{"index":"index","follow":"follow","max-snippet":"max-snippet:-1","max-image-preview":"max-image-preview:large","max-video-preview":"max-video-preview:-1"},"canonical":"https:\/\/arak.spicehorse.eu\/termek\/trust-sweet-iron-wideport-segundo-pelham-zabla\/","og_locale":"sk_SK","og_type":"article","og_title":"TRUST Sweet Iron Wideport Segundo Pelham zubadlo - Spicehorse","og_description":"spicehorse.eu | Zubadl\u00e1 TRUST Equestrian Sweet Iron (sladk\u00e9 \u017eelezo) s\u00fa vyroben\u00e9 z\u00a0ocele s\u00a0charakteristickou modrou farbou.","og_url":"https:\/\/arak.spicehorse.eu\/termek\/trust-sweet-iron-wideport-segundo-pelham-zabla\/","og_site_name":"Spicehorse","article_publisher":"https:\/\/www.facebook.com\/SPICEHORSE-550385625402457\/","article_modified_time":"2022-04-27T06:29:31+00:00","og_image":[{"width":800,"height":800,"url":"https:\/\/arak.spicehorse.eu\/wp-content\/uploads\/2022\/03\/Sweet-Iron-pelham-wideport-segundo.jpg","type":"image\/jpeg"}],"twitter_card":"summary_large_image","twitter_misc":{"Predpokladan\u00fd \u010das \u010d\u00edtania":"1 min\u00fata"},"schema":{"@context":"https:\/\/schema.org","@graph":[{"@type":"WebPage","@id":"https:\/\/arak.spicehorse.eu\/termek\/trust-sweet-iron-wideport-segundo-pelham-zabla\/","url":"https:\/\/arak.spicehorse.eu\/termek\/trust-sweet-iron-wideport-segundo-pelham-zabla\/","name":"TRUST Sweet Iron Wideport Segundo Pelham zubadlo - Spicehorse","isPartOf":{"@id":"https:\/\/arak.spicehorse.eu\/en\/#website"},"datePublished":"2022-03-31T17:13:49+00:00","dateModified":"2022-04-27T06:29:31+00:00","description":"spicehorse.eu | Zubadl\u00e1 TRUST Equestrian Sweet Iron (sladk\u00e9 \u017eelezo) s\u00fa vyroben\u00e9 z\u00a0ocele s\u00a0charakteristickou modrou farbou.","breadcrumb":{"@id":"https:\/\/arak.spicehorse.eu\/termek\/trust-sweet-iron-wideport-segundo-pelham-zabla\/#breadcrumb"},"inLanguage":"sk-SK","potentialAction":[{"@type":"ReadAction","target":["https:\/\/arak.spicehorse.eu\/termek\/trust-sweet-iron-wideport-segundo-pelham-zabla\/"]}]},{"@type":"BreadcrumbList","@id":"https:\/\/arak.spicehorse.eu\/termek\/trust-sweet-iron-wideport-segundo-pelham-zabla\/#breadcrumb","itemListElement":[{"@type":"ListItem","position":1,"name":"Home","item":"https:\/\/arak.spicehorse.eu\/sk\/"},{"@type":"ListItem","position":2,"name":"Predaj\u0148a","item":"https:\/\/arak.spicehorse.eu\/sk\/predajna\/"},{"@type":"ListItem","position":3,"name":"TRUST Sweet Iron Wideport Segundo Pelham zubadlo"}]},{"@type":"WebSite","@id":"https:\/\/arak.spicehorse.eu\/en\/#website","url":"https:\/\/arak.spicehorse.eu\/en\/","name":"Spicehorse","description":"UNDER DEVELOPMENT -","potentialAction":[{"@type":"SearchAction","target":{"@type":"EntryPoint","urlTemplate":"https:\/\/arak.spicehorse.eu\/en\/?s={search_term_string}"},"query-input":"required name=search_term_string"}],"inLanguage":"sk-SK"}]}},"_links":{"self":[{"href":"https:\/\/arak.spicehorse.eu\/sk\/wp-json\/wp\/v2\/product\/55182"}],"collection":[{"href":"https:\/\/arak.spicehorse.eu\/sk\/wp-json\/wp\/v2\/product"}],"about":[{"href":"https:\/\/arak.spicehorse.eu\/sk\/wp-json\/wp\/v2\/types\/product"}],"wp:featuredmedia":[{"embeddable":true,"href":"https:\/\/arak.spicehorse.eu\/sk\/wp-json\/wp\/v2\/media\/55194"}],"wp:attachment":[{"href":"https:\/\/arak.spicehorse.eu\/sk\/wp-json\/wp\/v2\/media?parent=55182"}],"wp:term":[{"taxonomy":"product_cat","embeddable":true,"href":"https:\/\/arak.spicehorse.eu\/sk\/wp-json\/wp\/v2\/product_cat?post=55182"},{"taxonomy":"product_tag","embeddable":true,"href":"https:\/\/arak.spicehorse.eu\/sk\/wp-json\/wp\/v2\/product_tag?post=55182"}],"curies":[{"name":"wp","href":"https:\/\/api.w.org\/{rel}","templated":true}]}}