{"id":56143,"date":"2022-04-11T18:59:16","date_gmt":"2022-04-11T16:59:18","guid":{"rendered":"https:\/\/arak.spicehorse.eu\/?post_type=product&#038;p=56143"},"modified":"2023-11-16T09:55:05","modified_gmt":"2023-11-16T08:55:05","slug":"tech-stirrups-venice-safety-drezurne-strmene","status":"publish","type":"product","link":"https:\/\/arak.spicehorse.eu\/sk\/produkt\/tech-stirrups-venice-safety-drezurne-strmene\/","title":{"rendered":"Tech Stirrups Venice Safety drez\u00farne strmene"},"content":{"rendered":"<p>Bezpe\u010dnostn\u00e9 Tech Stirrups drez\u00farne strmene.<\/p>\n<p>V\u00fdrobky Tech Stirrups s\u00fa vyroben\u00e9 z kovu vysokej kvality, maj\u00fa naj\u0161ir\u0161\u00ed bezpe\u010dnostn\u00fd otvor zo v\u0161etk\u00fdch strme\u0148ov dostupn\u00fdch na trhu.<\/p>\n<p>V\u010faka bezpe\u010dnostn\u00e9mu mechanizmu Tech Stirrups sa v\u00a0pr\u00edpade p\u00e1du strmene otvoria a\u00a0n\u00e1sledne sa automaticky vr\u00e1ti do zatvorenej polohy.<\/p>\n<p>Proti\u0161mykov\u00e1 vlo\u017eka do strme\u0148ov je vyvinut\u00e1 vyslovene pre drez\u00farne jazdenie: zabezpe\u010duje dokonal\u00e9 pri\u013enutie, 2,5\u00b0 sklon napom\u00e1ha spr\u00e1vnemu dr\u017eaniu n\u00f4h.<\/p>\n<p>V\u00a0pr\u00edpade potreby mo\u017eno vlo\u017eku po\u013eahky vymeni\u0165.<\/p>\n<p>Pom\u00e1haj\u00fa udr\u017ea\u0165 nohy a\u00a0\u010dlenky v\u00a0spr\u00e1vnej polohe a\u00a0t\u00fdm p\u00e1dom n\u00e1js\u0165 dokonal\u00fa rovnov\u00e1hu.<\/p>\n","protected":false},"excerpt":{"rendered":"<ul>\n<li>V\u00e1ha: 560g \/ 19,70oz<\/li>\n<li>Rozmery: 12\u00d76,5cm \/ 4-3\/4 in<\/li>\n<li>Sklon: 2,5\u00b0<\/li>\n<li>Leskl\u00e9<\/li>\n<\/ul>\n","protected":false},"featured_media":56148,"template":"","meta":{"_acf_changed":false},"product_cat":[75,1577],"product_tag":[1596,1744],"acf":[],"yoast_head":"<!-- This site is optimized with the Yoast SEO plugin v21.4 - https:\/\/yoast.com\/wordpress\/plugins\/seo\/ -->\n<title>Tech Stirrups Venice Safety drez\u00farne strmene - Spicehorse<\/title>\n<meta name=\"description\" content=\"spicehorse.eu | Bezpe\u010dnostn\u00e9 Tech Stirrups drez\u00farne strmene. V\u00fdrobky Tech Stirrups s\u00fa vyroben\u00e9 z\u00a0kovu vysokej kvality, maj\u00fa naj\u0161ir\u0161\u00ed bezpe\u010dnostn\u00fd otvor zo v\u0161etk\u00fdch strme\u0148ov dostupn\u00fdch na trhu.\" \/>\n<meta name=\"robots\" content=\"index, follow, max-snippet:-1, max-image-preview:large, max-video-preview:-1\" \/>\n<link rel=\"canonical\" href=\"https:\/\/arak.spicehorse.eu\/sk\/produkt\/tech-stirrups-venice-safety-drezurne-strmene\/\" \/>\n<meta property=\"og:locale\" content=\"sk_SK\" \/>\n<meta property=\"og:type\" content=\"article\" \/>\n<meta property=\"og:title\" content=\"Tech Stirrups Venice Safety drez\u00farne strmene - Spicehorse\" \/>\n<meta property=\"og:description\" content=\"spicehorse.eu | Bezpe\u010dnostn\u00e9 Tech Stirrups drez\u00farne strmene. V\u00fdrobky Tech Stirrups s\u00fa vyroben\u00e9 z\u00a0kovu vysokej kvality, maj\u00fa naj\u0161ir\u0161\u00ed bezpe\u010dnostn\u00fd otvor zo v\u0161etk\u00fdch strme\u0148ov dostupn\u00fdch na trhu.\" \/>\n<meta property=\"og:url\" content=\"https:\/\/arak.spicehorse.eu\/sk\/produkt\/tech-stirrups-venice-safety-drezurne-strmene\/\" \/>\n<meta property=\"og:site_name\" content=\"Spicehorse\" \/>\n<meta property=\"article:publisher\" content=\"https:\/\/www.facebook.com\/SPICEHORSE-550385625402457\/\" \/>\n<meta property=\"article:modified_time\" content=\"2023-11-16T08:55:05+00:00\" \/>\n<meta property=\"og:image\" content=\"https:\/\/arak.spicehorse.eu\/wp-content\/uploads\/2022\/04\/dressage-sloped-gal-b.jpg\" \/>\n\t<meta property=\"og:image:width\" content=\"800\" \/>\n\t<meta property=\"og:image:height\" content=\"800\" \/>\n\t<meta property=\"og:image:type\" content=\"image\/jpeg\" \/>\n<meta name=\"twitter:card\" content=\"summary_large_image\" \/>\n<meta name=\"twitter:label1\" content=\"Predpokladan\u00fd \u010das \u010d\u00edtania\" \/>\n\t<meta name=\"twitter:data1\" content=\"1 min\u00fata\" \/>\n<script type=\"application\/ld+json\" class=\"yoast-schema-graph\">{\"@context\":\"https:\/\/schema.org\",\"@graph\":[{\"@type\":\"WebPage\",\"@id\":\"https:\/\/arak.spicehorse.eu\/sk\/produkt\/tech-stirrups-venice-safety-drezurne-strmene\/\",\"url\":\"https:\/\/arak.spicehorse.eu\/sk\/produkt\/tech-stirrups-venice-safety-drezurne-strmene\/\",\"name\":\"Tech Stirrups Venice Safety drez\u00farne strmene - Spicehorse\",\"isPartOf\":{\"@id\":\"https:\/\/arak.spicehorse.eu\/en\/#website\"},\"datePublished\":\"2022-04-11T16:59:18+00:00\",\"dateModified\":\"2023-11-16T08:55:05+00:00\",\"description\":\"spicehorse.eu | Bezpe\u010dnostn\u00e9 Tech Stirrups drez\u00farne strmene. V\u00fdrobky Tech Stirrups s\u00fa vyroben\u00e9 z\u00a0kovu vysokej kvality, maj\u00fa naj\u0161ir\u0161\u00ed bezpe\u010dnostn\u00fd otvor zo v\u0161etk\u00fdch strme\u0148ov dostupn\u00fdch na trhu.\",\"breadcrumb\":{\"@id\":\"https:\/\/arak.spicehorse.eu\/sk\/produkt\/tech-stirrups-venice-safety-drezurne-strmene\/#breadcrumb\"},\"inLanguage\":\"sk-SK\",\"potentialAction\":[{\"@type\":\"ReadAction\",\"target\":[\"https:\/\/arak.spicehorse.eu\/sk\/produkt\/tech-stirrups-venice-safety-drezurne-strmene\/\"]}]},{\"@type\":\"BreadcrumbList\",\"@id\":\"https:\/\/arak.spicehorse.eu\/sk\/produkt\/tech-stirrups-venice-safety-drezurne-strmene\/#breadcrumb\",\"itemListElement\":[{\"@type\":\"ListItem\",\"position\":1,\"name\":\"Home\",\"item\":\"https:\/\/arak.spicehorse.eu\/sk\/\"},{\"@type\":\"ListItem\",\"position\":2,\"name\":\"Predaj\u0148a\",\"item\":\"https:\/\/arak.spicehorse.eu\/sk\/predajna\/\"},{\"@type\":\"ListItem\",\"position\":3,\"name\":\"Tech Stirrups Venice Safety drez\u00farne strmene\"}]},{\"@type\":\"WebSite\",\"@id\":\"https:\/\/arak.spicehorse.eu\/en\/#website\",\"url\":\"https:\/\/arak.spicehorse.eu\/en\/\",\"name\":\"Spicehorse\",\"description\":\"UNDER DEVELOPMENT -\",\"potentialAction\":[{\"@type\":\"SearchAction\",\"target\":{\"@type\":\"EntryPoint\",\"urlTemplate\":\"https:\/\/arak.spicehorse.eu\/en\/?s={search_term_string}\"},\"query-input\":\"required name=search_term_string\"}],\"inLanguage\":\"sk-SK\"}]}<\/script>\n<!-- \/ Yoast SEO plugin. -->","yoast_head_json":{"title":"Tech Stirrups Venice Safety drez\u00farne strmene - Spicehorse","description":"spicehorse.eu | Bezpe\u010dnostn\u00e9 Tech Stirrups drez\u00farne strmene. V\u00fdrobky Tech Stirrups s\u00fa vyroben\u00e9 z\u00a0kovu vysokej kvality, maj\u00fa naj\u0161ir\u0161\u00ed bezpe\u010dnostn\u00fd otvor zo v\u0161etk\u00fdch strme\u0148ov dostupn\u00fdch na trhu.","robots":{"index":"index","follow":"follow","max-snippet":"max-snippet:-1","max-image-preview":"max-image-preview:large","max-video-preview":"max-video-preview:-1"},"canonical":"https:\/\/arak.spicehorse.eu\/sk\/produkt\/tech-stirrups-venice-safety-drezurne-strmene\/","og_locale":"sk_SK","og_type":"article","og_title":"Tech Stirrups Venice Safety drez\u00farne strmene - Spicehorse","og_description":"spicehorse.eu | Bezpe\u010dnostn\u00e9 Tech Stirrups drez\u00farne strmene. V\u00fdrobky Tech Stirrups s\u00fa vyroben\u00e9 z\u00a0kovu vysokej kvality, maj\u00fa naj\u0161ir\u0161\u00ed bezpe\u010dnostn\u00fd otvor zo v\u0161etk\u00fdch strme\u0148ov dostupn\u00fdch na trhu.","og_url":"https:\/\/arak.spicehorse.eu\/sk\/produkt\/tech-stirrups-venice-safety-drezurne-strmene\/","og_site_name":"Spicehorse","article_publisher":"https:\/\/www.facebook.com\/SPICEHORSE-550385625402457\/","article_modified_time":"2023-11-16T08:55:05+00:00","og_image":[{"width":800,"height":800,"url":"https:\/\/arak.spicehorse.eu\/wp-content\/uploads\/2022\/04\/dressage-sloped-gal-b.jpg","type":"image\/jpeg"}],"twitter_card":"summary_large_image","twitter_misc":{"Predpokladan\u00fd \u010das \u010d\u00edtania":"1 min\u00fata"},"schema":{"@context":"https:\/\/schema.org","@graph":[{"@type":"WebPage","@id":"https:\/\/arak.spicehorse.eu\/sk\/produkt\/tech-stirrups-venice-safety-drezurne-strmene\/","url":"https:\/\/arak.spicehorse.eu\/sk\/produkt\/tech-stirrups-venice-safety-drezurne-strmene\/","name":"Tech Stirrups Venice Safety drez\u00farne strmene - Spicehorse","isPartOf":{"@id":"https:\/\/arak.spicehorse.eu\/en\/#website"},"datePublished":"2022-04-11T16:59:18+00:00","dateModified":"2023-11-16T08:55:05+00:00","description":"spicehorse.eu | Bezpe\u010dnostn\u00e9 Tech Stirrups drez\u00farne strmene. V\u00fdrobky Tech Stirrups s\u00fa vyroben\u00e9 z\u00a0kovu vysokej kvality, maj\u00fa naj\u0161ir\u0161\u00ed bezpe\u010dnostn\u00fd otvor zo v\u0161etk\u00fdch strme\u0148ov dostupn\u00fdch na trhu.","breadcrumb":{"@id":"https:\/\/arak.spicehorse.eu\/sk\/produkt\/tech-stirrups-venice-safety-drezurne-strmene\/#breadcrumb"},"inLanguage":"sk-SK","potentialAction":[{"@type":"ReadAction","target":["https:\/\/arak.spicehorse.eu\/sk\/produkt\/tech-stirrups-venice-safety-drezurne-strmene\/"]}]},{"@type":"BreadcrumbList","@id":"https:\/\/arak.spicehorse.eu\/sk\/produkt\/tech-stirrups-venice-safety-drezurne-strmene\/#breadcrumb","itemListElement":[{"@type":"ListItem","position":1,"name":"Home","item":"https:\/\/arak.spicehorse.eu\/sk\/"},{"@type":"ListItem","position":2,"name":"Predaj\u0148a","item":"https:\/\/arak.spicehorse.eu\/sk\/predajna\/"},{"@type":"ListItem","position":3,"name":"Tech Stirrups Venice Safety drez\u00farne strmene"}]},{"@type":"WebSite","@id":"https:\/\/arak.spicehorse.eu\/en\/#website","url":"https:\/\/arak.spicehorse.eu\/en\/","name":"Spicehorse","description":"UNDER DEVELOPMENT -","potentialAction":[{"@type":"SearchAction","target":{"@type":"EntryPoint","urlTemplate":"https:\/\/arak.spicehorse.eu\/en\/?s={search_term_string}"},"query-input":"required name=search_term_string"}],"inLanguage":"sk-SK"}]}},"_links":{"self":[{"href":"https:\/\/arak.spicehorse.eu\/sk\/wp-json\/wp\/v2\/product\/56143"}],"collection":[{"href":"https:\/\/arak.spicehorse.eu\/sk\/wp-json\/wp\/v2\/product"}],"about":[{"href":"https:\/\/arak.spicehorse.eu\/sk\/wp-json\/wp\/v2\/types\/product"}],"wp:featuredmedia":[{"embeddable":true,"href":"https:\/\/arak.spicehorse.eu\/sk\/wp-json\/wp\/v2\/media\/56148"}],"wp:attachment":[{"href":"https:\/\/arak.spicehorse.eu\/sk\/wp-json\/wp\/v2\/media?parent=56143"}],"wp:term":[{"taxonomy":"product_cat","embeddable":true,"href":"https:\/\/arak.spicehorse.eu\/sk\/wp-json\/wp\/v2\/product_cat?post=56143"},{"taxonomy":"product_tag","embeddable":true,"href":"https:\/\/arak.spicehorse.eu\/sk\/wp-json\/wp\/v2\/product_tag?post=56143"}],"curies":[{"name":"wp","href":"https:\/\/api.w.org\/{rel}","templated":true}]}}