{"id":56275,"date":"2022-04-11T21:51:24","date_gmt":"2022-04-11T19:51:28","guid":{"rendered":"https:\/\/arak.spicehorse.eu\/?post_type=product&#038;p=56275"},"modified":"2023-06-29T17:35:43","modified_gmt":"2023-06-29T15:35:43","slug":"equestrian-stockholm-orchid-bloom-zvony-na-kopyta","status":"publish","type":"product","link":"https:\/\/arak.spicehorse.eu\/sk\/produkt\/equestrian-stockholm-orchid-bloom-zvony-na-kopyta\/","title":{"rendered":"Equestrian Stockholm Orchid Bloom zvony na kopyt\u00e1"},"content":{"rendered":"<p>Equestrian Stockholm zvony na kopyt\u00e1 vysokej kvality s\u00fa z\u00a0lesklej imit\u00e1cie krokod\u00edlej ko\u017ee, s\u00a0m\u00e4kkou pod\u0161\u00edvkou zo syntetickej ko\u017eu\u0161iny. Zvony na kopyt\u00e1 s\u00fa vyroben\u00e9 so 6 mm hrubou neopr\u00e9novou stielkou, dok\u00e1\u017eu \u00fa\u010dinne ochr\u00e1ni\u0165 pred poraneniami. So \u0161irok\u00fdmi such\u00fdmi zipsmi, s\u00a0vy\u0161\u00edvan\u00fdm\u00a0 Equestrian Stockholm logom.<\/p>\n<p>Dokonale sa hodia k ostatn\u00fdm v\u00fdrobkom kolekcie Equestrian Stockholm Orchid Bloom.<\/p>\n","protected":false},"excerpt":{"rendered":"<ul>\n<li>Farba: fialov\u00e1<\/li>\n<li>Materi\u00e1l: 100% syntetick\u00e1 ko\u017eu\u0161ina, jemn\u00e1 ko\u017eu\u0161inov\u00e1 pod\u0161\u00edvka 100% polyester<\/li>\n<li>Pranie: mo\u017eno pra\u0165 v\u00a0pr\u00e1\u010dke na 30\u00b0 \/ nevkladajte do su\u0161i\u010dky<\/li>\n<\/ul>\n","protected":false},"featured_media":56281,"template":"","meta":{"_acf_changed":false},"product_cat":[1747,2505,78,75,116],"product_tag":[351,1344,255],"acf":[],"yoast_head":"<!-- This site is optimized with the Yoast SEO plugin v21.4 - https:\/\/yoast.com\/wordpress\/plugins\/seo\/ -->\n<title>Equestrian Stockholm Orchid Bloom zvony na kopyt\u00e1 - Spicehorse<\/title>\n<meta name=\"description\" content=\"spicehorse.eu | Equestrian Stockholm zvony na kopyt\u00e1 vysokej kvality s\u00fa z\u00a0lesklej imit\u00e1cie krokod\u00edlej ko\u017ee, s\u00a0m\u00e4kkou pod\u0161\u00edvkou zo syntetickej ko\u017eu\u0161iny.\" \/>\n<meta name=\"robots\" content=\"index, follow, max-snippet:-1, max-image-preview:large, max-video-preview:-1\" \/>\n<link rel=\"canonical\" href=\"https:\/\/arak.spicehorse.eu\/termek\/equestrian-stockholm-pataharang-orchid-bloom\/\" \/>\n<meta property=\"og:locale\" content=\"sk_SK\" \/>\n<meta property=\"og:type\" content=\"article\" \/>\n<meta property=\"og:title\" content=\"Equestrian Stockholm Orchid Bloom zvony na kopyt\u00e1 - Spicehorse\" \/>\n<meta property=\"og:description\" content=\"spicehorse.eu | Equestrian Stockholm zvony na kopyt\u00e1 vysokej kvality s\u00fa z\u00a0lesklej imit\u00e1cie krokod\u00edlej ko\u017ee, s\u00a0m\u00e4kkou pod\u0161\u00edvkou zo syntetickej ko\u017eu\u0161iny.\" \/>\n<meta property=\"og:url\" content=\"https:\/\/arak.spicehorse.eu\/termek\/equestrian-stockholm-pataharang-orchid-bloom\/\" \/>\n<meta property=\"og:site_name\" content=\"Spicehorse\" \/>\n<meta property=\"article:publisher\" content=\"https:\/\/www.facebook.com\/SPICEHORSE-550385625402457\/\" \/>\n<meta property=\"article:modified_time\" content=\"2023-06-29T15:35:43+00:00\" \/>\n<meta property=\"og:image\" content=\"https:\/\/arak.spicehorse.eu\/wp-content\/uploads\/2022\/04\/orchid_bloom-bell-boots_webb.jpg\" \/>\n\t<meta property=\"og:image:width\" content=\"900\" \/>\n\t<meta property=\"og:image:height\" content=\"1200\" \/>\n\t<meta property=\"og:image:type\" content=\"image\/jpeg\" \/>\n<meta name=\"twitter:card\" content=\"summary_large_image\" \/>\n<meta name=\"twitter:label1\" content=\"Predpokladan\u00fd \u010das \u010d\u00edtania\" \/>\n\t<meta name=\"twitter:data1\" content=\"1 min\u00fata\" \/>\n<script type=\"application\/ld+json\" class=\"yoast-schema-graph\">{\"@context\":\"https:\/\/schema.org\",\"@graph\":[{\"@type\":\"WebPage\",\"@id\":\"https:\/\/arak.spicehorse.eu\/termek\/equestrian-stockholm-pataharang-orchid-bloom\/\",\"url\":\"https:\/\/arak.spicehorse.eu\/termek\/equestrian-stockholm-pataharang-orchid-bloom\/\",\"name\":\"Equestrian Stockholm Orchid Bloom zvony na kopyt\u00e1 - Spicehorse\",\"isPartOf\":{\"@id\":\"https:\/\/arak.spicehorse.eu\/en\/#website\"},\"datePublished\":\"2022-04-11T19:51:28+00:00\",\"dateModified\":\"2023-06-29T15:35:43+00:00\",\"description\":\"spicehorse.eu | Equestrian Stockholm zvony na kopyt\u00e1 vysokej kvality s\u00fa z\u00a0lesklej imit\u00e1cie krokod\u00edlej ko\u017ee, s\u00a0m\u00e4kkou pod\u0161\u00edvkou zo syntetickej ko\u017eu\u0161iny.\",\"breadcrumb\":{\"@id\":\"https:\/\/arak.spicehorse.eu\/termek\/equestrian-stockholm-pataharang-orchid-bloom\/#breadcrumb\"},\"inLanguage\":\"sk-SK\",\"potentialAction\":[{\"@type\":\"ReadAction\",\"target\":[\"https:\/\/arak.spicehorse.eu\/termek\/equestrian-stockholm-pataharang-orchid-bloom\/\"]}]},{\"@type\":\"BreadcrumbList\",\"@id\":\"https:\/\/arak.spicehorse.eu\/termek\/equestrian-stockholm-pataharang-orchid-bloom\/#breadcrumb\",\"itemListElement\":[{\"@type\":\"ListItem\",\"position\":1,\"name\":\"Home\",\"item\":\"https:\/\/arak.spicehorse.eu\/sk\/\"},{\"@type\":\"ListItem\",\"position\":2,\"name\":\"Predaj\u0148a\",\"item\":\"https:\/\/arak.spicehorse.eu\/sk\/predajna\/\"},{\"@type\":\"ListItem\",\"position\":3,\"name\":\"Equestrian Stockholm Orchid Bloom zvony na kopyt\u00e1\"}]},{\"@type\":\"WebSite\",\"@id\":\"https:\/\/arak.spicehorse.eu\/en\/#website\",\"url\":\"https:\/\/arak.spicehorse.eu\/en\/\",\"name\":\"Spicehorse\",\"description\":\"UNDER DEVELOPMENT -\",\"potentialAction\":[{\"@type\":\"SearchAction\",\"target\":{\"@type\":\"EntryPoint\",\"urlTemplate\":\"https:\/\/arak.spicehorse.eu\/en\/?s={search_term_string}\"},\"query-input\":\"required name=search_term_string\"}],\"inLanguage\":\"sk-SK\"}]}<\/script>\n<!-- \/ Yoast SEO plugin. -->","yoast_head_json":{"title":"Equestrian Stockholm Orchid Bloom zvony na kopyt\u00e1 - Spicehorse","description":"spicehorse.eu | Equestrian Stockholm zvony na kopyt\u00e1 vysokej kvality s\u00fa z\u00a0lesklej imit\u00e1cie krokod\u00edlej ko\u017ee, s\u00a0m\u00e4kkou pod\u0161\u00edvkou zo syntetickej ko\u017eu\u0161iny.","robots":{"index":"index","follow":"follow","max-snippet":"max-snippet:-1","max-image-preview":"max-image-preview:large","max-video-preview":"max-video-preview:-1"},"canonical":"https:\/\/arak.spicehorse.eu\/termek\/equestrian-stockholm-pataharang-orchid-bloom\/","og_locale":"sk_SK","og_type":"article","og_title":"Equestrian Stockholm Orchid Bloom zvony na kopyt\u00e1 - Spicehorse","og_description":"spicehorse.eu | Equestrian Stockholm zvony na kopyt\u00e1 vysokej kvality s\u00fa z\u00a0lesklej imit\u00e1cie krokod\u00edlej ko\u017ee, s\u00a0m\u00e4kkou pod\u0161\u00edvkou zo syntetickej ko\u017eu\u0161iny.","og_url":"https:\/\/arak.spicehorse.eu\/termek\/equestrian-stockholm-pataharang-orchid-bloom\/","og_site_name":"Spicehorse","article_publisher":"https:\/\/www.facebook.com\/SPICEHORSE-550385625402457\/","article_modified_time":"2023-06-29T15:35:43+00:00","og_image":[{"width":900,"height":1200,"url":"https:\/\/arak.spicehorse.eu\/wp-content\/uploads\/2022\/04\/orchid_bloom-bell-boots_webb.jpg","type":"image\/jpeg"}],"twitter_card":"summary_large_image","twitter_misc":{"Predpokladan\u00fd \u010das \u010d\u00edtania":"1 min\u00fata"},"schema":{"@context":"https:\/\/schema.org","@graph":[{"@type":"WebPage","@id":"https:\/\/arak.spicehorse.eu\/termek\/equestrian-stockholm-pataharang-orchid-bloom\/","url":"https:\/\/arak.spicehorse.eu\/termek\/equestrian-stockholm-pataharang-orchid-bloom\/","name":"Equestrian Stockholm Orchid Bloom zvony na kopyt\u00e1 - Spicehorse","isPartOf":{"@id":"https:\/\/arak.spicehorse.eu\/en\/#website"},"datePublished":"2022-04-11T19:51:28+00:00","dateModified":"2023-06-29T15:35:43+00:00","description":"spicehorse.eu | Equestrian Stockholm zvony na kopyt\u00e1 vysokej kvality s\u00fa z\u00a0lesklej imit\u00e1cie krokod\u00edlej ko\u017ee, s\u00a0m\u00e4kkou pod\u0161\u00edvkou zo syntetickej ko\u017eu\u0161iny.","breadcrumb":{"@id":"https:\/\/arak.spicehorse.eu\/termek\/equestrian-stockholm-pataharang-orchid-bloom\/#breadcrumb"},"inLanguage":"sk-SK","potentialAction":[{"@type":"ReadAction","target":["https:\/\/arak.spicehorse.eu\/termek\/equestrian-stockholm-pataharang-orchid-bloom\/"]}]},{"@type":"BreadcrumbList","@id":"https:\/\/arak.spicehorse.eu\/termek\/equestrian-stockholm-pataharang-orchid-bloom\/#breadcrumb","itemListElement":[{"@type":"ListItem","position":1,"name":"Home","item":"https:\/\/arak.spicehorse.eu\/sk\/"},{"@type":"ListItem","position":2,"name":"Predaj\u0148a","item":"https:\/\/arak.spicehorse.eu\/sk\/predajna\/"},{"@type":"ListItem","position":3,"name":"Equestrian Stockholm Orchid Bloom zvony na kopyt\u00e1"}]},{"@type":"WebSite","@id":"https:\/\/arak.spicehorse.eu\/en\/#website","url":"https:\/\/arak.spicehorse.eu\/en\/","name":"Spicehorse","description":"UNDER DEVELOPMENT -","potentialAction":[{"@type":"SearchAction","target":{"@type":"EntryPoint","urlTemplate":"https:\/\/arak.spicehorse.eu\/en\/?s={search_term_string}"},"query-input":"required name=search_term_string"}],"inLanguage":"sk-SK"}]}},"_links":{"self":[{"href":"https:\/\/arak.spicehorse.eu\/sk\/wp-json\/wp\/v2\/product\/56275"}],"collection":[{"href":"https:\/\/arak.spicehorse.eu\/sk\/wp-json\/wp\/v2\/product"}],"about":[{"href":"https:\/\/arak.spicehorse.eu\/sk\/wp-json\/wp\/v2\/types\/product"}],"wp:featuredmedia":[{"embeddable":true,"href":"https:\/\/arak.spicehorse.eu\/sk\/wp-json\/wp\/v2\/media\/56281"}],"wp:attachment":[{"href":"https:\/\/arak.spicehorse.eu\/sk\/wp-json\/wp\/v2\/media?parent=56275"}],"wp:term":[{"taxonomy":"product_cat","embeddable":true,"href":"https:\/\/arak.spicehorse.eu\/sk\/wp-json\/wp\/v2\/product_cat?post=56275"},{"taxonomy":"product_tag","embeddable":true,"href":"https:\/\/arak.spicehorse.eu\/sk\/wp-json\/wp\/v2\/product_tag?post=56275"}],"curies":[{"name":"wp","href":"https:\/\/api.w.org\/{rel}","templated":true}]}}