{"id":58259,"date":"2022-05-10T14:54:13","date_gmt":"2022-05-10T12:54:16","guid":{"rendered":"https:\/\/arak.spicehorse.eu\/?post_type=product&#038;p=58259"},"modified":"2024-01-19T17:50:58","modified_gmt":"2024-01-19T16:50:58","slug":"kentucky-glitter-rope-skokova-podsedlova-decka","status":"publish","type":"product","link":"https:\/\/arak.spicehorse.eu\/sk\/produkt\/kentucky-glitter-rope-skokova-podsedlova-decka\/","title":{"rendered":"Kentucky Glitter Rope skokov\u00e1 podsedlov\u00e1 de\u010dka"},"content":{"rendered":"<p>Kentucky Horsewear Glitter Rope de\u010dka je m\u00e4kko polstrovan\u00e1 a\u00a0dokonale dosad\u00e1 medzi sedlo a\u00a0chrb\u00e1t ko\u0148a, pri\u010dom chr\u00e1ni chrb\u00e1t ko\u0148a pred vy\u0161\u00fachan\u00edm. Kentucky podsedlov\u00e1 de\u010dka s jedine\u010dn\u00fdm \u0161tepovan\u00edm v tvare hviezdy, s n\u00e1dhern\u00fdm leskl\u00fdm lemom. Bez ru\u0161iv\u00fdch such\u00fdch zipsov, iba s\u00a0jedn\u00fdm remienkom na pripevnenie k\u00a0popruhu.<\/p>\n<p>Mo\u017eno pra\u0165 v pr\u00e1\u010dke na 30\u00b0 (nevkladajte do su\u0161i\u010dky).<\/p>\n","protected":false},"excerpt":{"rendered":"<ul>\n<li>\u0160tepovanie v\u00a0tvare hviezdy<\/li>\n<li>Glitter Rope leskl\u00fd lem<\/li>\n<li>Bez sedlov\u00e9ho reme\u0148a, iba s\u00a0popruhov\u00fdm reme\u0148om<\/li>\n<\/ul>\n","protected":false},"featured_media":71089,"template":"","meta":{"_acf_changed":false},"product_cat":[75,367],"product_tag":[566,219],"acf":[],"yoast_head":"<!-- This site is optimized with the Yoast SEO plugin v21.4 - https:\/\/yoast.com\/wordpress\/plugins\/seo\/ -->\n<title>Kentucky Glitter Rope skokov\u00e1 podsedlov\u00e1 de\u010dka - Spicehorse<\/title>\n<meta name=\"description\" content=\"spicehorse.eu | Kentucky Horsewear Glitter Rope de\u010dka je m\u00e4kko polstrovan\u00e1 a\u00a0dokonale dosad\u00e1 medzi sedlo a\u00a0chrb\u00e1t ko\u0148a, pri\u010dom chr\u00e1ni chrb\u00e1t ko\u0148a pred vy\u0161\u00fachan\u00edm.\" \/>\n<meta name=\"robots\" content=\"index, follow, max-snippet:-1, max-image-preview:large, max-video-preview:-1\" \/>\n<link rel=\"canonical\" href=\"https:\/\/arak.spicehorse.eu\/sk\/produkt\/kentucky-glitter-rope-skokova-podsedlova-decka\/\" \/>\n<meta property=\"og:locale\" content=\"sk_SK\" \/>\n<meta property=\"og:type\" content=\"article\" \/>\n<meta property=\"og:title\" content=\"Kentucky Glitter Rope skokov\u00e1 podsedlov\u00e1 de\u010dka - Spicehorse\" \/>\n<meta property=\"og:description\" content=\"spicehorse.eu | Kentucky Horsewear Glitter Rope de\u010dka je m\u00e4kko polstrovan\u00e1 a\u00a0dokonale dosad\u00e1 medzi sedlo a\u00a0chrb\u00e1t ko\u0148a, pri\u010dom chr\u00e1ni chrb\u00e1t ko\u0148a pred vy\u0161\u00fachan\u00edm.\" \/>\n<meta property=\"og:url\" content=\"https:\/\/arak.spicehorse.eu\/sk\/produkt\/kentucky-glitter-rope-skokova-podsedlova-decka\/\" \/>\n<meta property=\"og:site_name\" content=\"Spicehorse\" \/>\n<meta property=\"article:publisher\" content=\"https:\/\/www.facebook.com\/SPICEHORSE-550385625402457\/\" \/>\n<meta property=\"article:modified_time\" content=\"2024-01-19T16:50:58+00:00\" \/>\n<meta property=\"og:image\" content=\"https:\/\/arak.spicehorse.eu\/wp-content\/uploads\/2022\/05\/d67ba78cb21d0bb16336a5a4f21e42fc4a4c1213ad599860cb616be725c7669d.jpg\" \/>\n\t<meta property=\"og:image:width\" content=\"2048\" \/>\n\t<meta property=\"og:image:height\" content=\"2048\" \/>\n\t<meta property=\"og:image:type\" content=\"image\/jpeg\" \/>\n<meta name=\"twitter:card\" content=\"summary_large_image\" \/>\n<script type=\"application\/ld+json\" class=\"yoast-schema-graph\">{\"@context\":\"https:\/\/schema.org\",\"@graph\":[{\"@type\":\"WebPage\",\"@id\":\"https:\/\/arak.spicehorse.eu\/sk\/produkt\/kentucky-glitter-rope-skokova-podsedlova-decka\/\",\"url\":\"https:\/\/arak.spicehorse.eu\/sk\/produkt\/kentucky-glitter-rope-skokova-podsedlova-decka\/\",\"name\":\"Kentucky Glitter Rope skokov\u00e1 podsedlov\u00e1 de\u010dka - Spicehorse\",\"isPartOf\":{\"@id\":\"https:\/\/arak.spicehorse.eu\/en\/#website\"},\"datePublished\":\"2022-05-10T12:54:16+00:00\",\"dateModified\":\"2024-01-19T16:50:58+00:00\",\"description\":\"spicehorse.eu | Kentucky Horsewear Glitter Rope de\u010dka je m\u00e4kko polstrovan\u00e1 a\u00a0dokonale dosad\u00e1 medzi sedlo a\u00a0chrb\u00e1t ko\u0148a, pri\u010dom chr\u00e1ni chrb\u00e1t ko\u0148a pred vy\u0161\u00fachan\u00edm.\",\"breadcrumb\":{\"@id\":\"https:\/\/arak.spicehorse.eu\/sk\/produkt\/kentucky-glitter-rope-skokova-podsedlova-decka\/#breadcrumb\"},\"inLanguage\":\"sk-SK\",\"potentialAction\":[{\"@type\":\"ReadAction\",\"target\":[\"https:\/\/arak.spicehorse.eu\/sk\/produkt\/kentucky-glitter-rope-skokova-podsedlova-decka\/\"]}]},{\"@type\":\"BreadcrumbList\",\"@id\":\"https:\/\/arak.spicehorse.eu\/sk\/produkt\/kentucky-glitter-rope-skokova-podsedlova-decka\/#breadcrumb\",\"itemListElement\":[{\"@type\":\"ListItem\",\"position\":1,\"name\":\"Home\",\"item\":\"https:\/\/arak.spicehorse.eu\/sk\/\"},{\"@type\":\"ListItem\",\"position\":2,\"name\":\"Predaj\u0148a\",\"item\":\"https:\/\/arak.spicehorse.eu\/sk\/predajna\/\"},{\"@type\":\"ListItem\",\"position\":3,\"name\":\"Kentucky Glitter Rope skokov\u00e1 podsedlov\u00e1 de\u010dka\"}]},{\"@type\":\"WebSite\",\"@id\":\"https:\/\/arak.spicehorse.eu\/en\/#website\",\"url\":\"https:\/\/arak.spicehorse.eu\/en\/\",\"name\":\"Spicehorse\",\"description\":\"UNDER DEVELOPMENT -\",\"potentialAction\":[{\"@type\":\"SearchAction\",\"target\":{\"@type\":\"EntryPoint\",\"urlTemplate\":\"https:\/\/arak.spicehorse.eu\/en\/?s={search_term_string}\"},\"query-input\":\"required name=search_term_string\"}],\"inLanguage\":\"sk-SK\"}]}<\/script>\n<!-- \/ Yoast SEO plugin. -->","yoast_head_json":{"title":"Kentucky Glitter Rope skokov\u00e1 podsedlov\u00e1 de\u010dka - Spicehorse","description":"spicehorse.eu | Kentucky Horsewear Glitter Rope de\u010dka je m\u00e4kko polstrovan\u00e1 a\u00a0dokonale dosad\u00e1 medzi sedlo a\u00a0chrb\u00e1t ko\u0148a, pri\u010dom chr\u00e1ni chrb\u00e1t ko\u0148a pred vy\u0161\u00fachan\u00edm.","robots":{"index":"index","follow":"follow","max-snippet":"max-snippet:-1","max-image-preview":"max-image-preview:large","max-video-preview":"max-video-preview:-1"},"canonical":"https:\/\/arak.spicehorse.eu\/sk\/produkt\/kentucky-glitter-rope-skokova-podsedlova-decka\/","og_locale":"sk_SK","og_type":"article","og_title":"Kentucky Glitter Rope skokov\u00e1 podsedlov\u00e1 de\u010dka - Spicehorse","og_description":"spicehorse.eu | Kentucky Horsewear Glitter Rope de\u010dka je m\u00e4kko polstrovan\u00e1 a\u00a0dokonale dosad\u00e1 medzi sedlo a\u00a0chrb\u00e1t ko\u0148a, pri\u010dom chr\u00e1ni chrb\u00e1t ko\u0148a pred vy\u0161\u00fachan\u00edm.","og_url":"https:\/\/arak.spicehorse.eu\/sk\/produkt\/kentucky-glitter-rope-skokova-podsedlova-decka\/","og_site_name":"Spicehorse","article_publisher":"https:\/\/www.facebook.com\/SPICEHORSE-550385625402457\/","article_modified_time":"2024-01-19T16:50:58+00:00","og_image":[{"width":2048,"height":2048,"url":"https:\/\/arak.spicehorse.eu\/wp-content\/uploads\/2022\/05\/d67ba78cb21d0bb16336a5a4f21e42fc4a4c1213ad599860cb616be725c7669d.jpg","type":"image\/jpeg"}],"twitter_card":"summary_large_image","schema":{"@context":"https:\/\/schema.org","@graph":[{"@type":"WebPage","@id":"https:\/\/arak.spicehorse.eu\/sk\/produkt\/kentucky-glitter-rope-skokova-podsedlova-decka\/","url":"https:\/\/arak.spicehorse.eu\/sk\/produkt\/kentucky-glitter-rope-skokova-podsedlova-decka\/","name":"Kentucky Glitter Rope skokov\u00e1 podsedlov\u00e1 de\u010dka - Spicehorse","isPartOf":{"@id":"https:\/\/arak.spicehorse.eu\/en\/#website"},"datePublished":"2022-05-10T12:54:16+00:00","dateModified":"2024-01-19T16:50:58+00:00","description":"spicehorse.eu | Kentucky Horsewear Glitter Rope de\u010dka je m\u00e4kko polstrovan\u00e1 a\u00a0dokonale dosad\u00e1 medzi sedlo a\u00a0chrb\u00e1t ko\u0148a, pri\u010dom chr\u00e1ni chrb\u00e1t ko\u0148a pred vy\u0161\u00fachan\u00edm.","breadcrumb":{"@id":"https:\/\/arak.spicehorse.eu\/sk\/produkt\/kentucky-glitter-rope-skokova-podsedlova-decka\/#breadcrumb"},"inLanguage":"sk-SK","potentialAction":[{"@type":"ReadAction","target":["https:\/\/arak.spicehorse.eu\/sk\/produkt\/kentucky-glitter-rope-skokova-podsedlova-decka\/"]}]},{"@type":"BreadcrumbList","@id":"https:\/\/arak.spicehorse.eu\/sk\/produkt\/kentucky-glitter-rope-skokova-podsedlova-decka\/#breadcrumb","itemListElement":[{"@type":"ListItem","position":1,"name":"Home","item":"https:\/\/arak.spicehorse.eu\/sk\/"},{"@type":"ListItem","position":2,"name":"Predaj\u0148a","item":"https:\/\/arak.spicehorse.eu\/sk\/predajna\/"},{"@type":"ListItem","position":3,"name":"Kentucky Glitter Rope skokov\u00e1 podsedlov\u00e1 de\u010dka"}]},{"@type":"WebSite","@id":"https:\/\/arak.spicehorse.eu\/en\/#website","url":"https:\/\/arak.spicehorse.eu\/en\/","name":"Spicehorse","description":"UNDER DEVELOPMENT -","potentialAction":[{"@type":"SearchAction","target":{"@type":"EntryPoint","urlTemplate":"https:\/\/arak.spicehorse.eu\/en\/?s={search_term_string}"},"query-input":"required name=search_term_string"}],"inLanguage":"sk-SK"}]}},"_links":{"self":[{"href":"https:\/\/arak.spicehorse.eu\/sk\/wp-json\/wp\/v2\/product\/58259"}],"collection":[{"href":"https:\/\/arak.spicehorse.eu\/sk\/wp-json\/wp\/v2\/product"}],"about":[{"href":"https:\/\/arak.spicehorse.eu\/sk\/wp-json\/wp\/v2\/types\/product"}],"wp:featuredmedia":[{"embeddable":true,"href":"https:\/\/arak.spicehorse.eu\/sk\/wp-json\/wp\/v2\/media\/71089"}],"wp:attachment":[{"href":"https:\/\/arak.spicehorse.eu\/sk\/wp-json\/wp\/v2\/media?parent=58259"}],"wp:term":[{"taxonomy":"product_cat","embeddable":true,"href":"https:\/\/arak.spicehorse.eu\/sk\/wp-json\/wp\/v2\/product_cat?post=58259"},{"taxonomy":"product_tag","embeddable":true,"href":"https:\/\/arak.spicehorse.eu\/sk\/wp-json\/wp\/v2\/product_tag?post=58259"}],"curies":[{"name":"wp","href":"https:\/\/api.w.org\/{rel}","templated":true}]}}