{"id":59145,"date":"2022-05-17T14:12:10","date_gmt":"2022-05-17T12:12:27","guid":{"rendered":"https:\/\/arak.spicehorse.eu\/?post_type=product&#038;p=59145"},"modified":"2025-09-08T22:36:59","modified_gmt":"2025-09-08T20:36:59","slug":"one-equestrian-director-stolicka","status":"publish","type":"product","link":"https:\/\/arak.spicehorse.eu\/sk\/produkt\/one-equestrian-director-stolicka\/","title":{"rendered":"ONE Equestrian Director stoli\u010dka"},"content":{"rendered":"<p>ONE Equestrian skladacia stoli\u010dka Director z\u00a0dreva. Vyberte si k\u00a0nej ONE Equestrian po\u0165ah a navrhnite si vlastn\u00fa jedine\u010dn\u00fa\u00a0 Director re\u017eis\u00e9rsku stoli\u010dku. Po\u0165ah si m\u00f4\u017eete zak\u00fapi\u0165 samostatne. Vo ve\u013ekosti norm\u00e1lna a vysok\u00e1.<\/p>\n<p>Norm\u00e1lna stoli\u010dka: 90cm<br \/>\nVysok\u00e1 stoli\u010dka: 120cm<\/p>\n","protected":false},"excerpt":{"rendered":"<h3>Skladujte svoje podsedlov\u00e9 de\u010dky \u00fa\u010dinne a \u0161t\u00fdlovo pomocou GD z\u00e1vesn\u00e9ho dr\u017eiaka.<\/h3>\n<ul>\n<li>Vyroben\u00fd z bambusu<\/li>\n<li>Extra trv\u00e1cny<\/li>\n<li>Vhodn\u00fd na ulo\u017eenie 4 podsedlov\u00fdch de\u010diek alebo diek<\/li>\n<\/ul>\n","protected":false},"featured_media":59164,"template":"","meta":{"_acf_changed":false},"product_cat":[75,120],"product_tag":[467,1292,338],"acf":[],"yoast_head":"<!-- This site is optimized with the Yoast SEO plugin v21.4 - https:\/\/yoast.com\/wordpress\/plugins\/seo\/ -->\n<title>ONE Equestrian Director stoli\u010dka - Spicehorse<\/title>\n<meta name=\"description\" content=\"spicehorse.eu | ONE Equestrian skladacia stoli\u010dka Director z\u00a0dreva. Vyberte si k\u00a0nej ONE Equestrian po\u0165ah a navrhnite si vlastn\u00fa jedine\u010dn\u00fa\u00a0 Director re\u017eis\u00e9rsku stoli\u010dku.\" \/>\n<meta name=\"robots\" content=\"index, follow, max-snippet:-1, max-image-preview:large, max-video-preview:-1\" \/>\n<link rel=\"canonical\" href=\"https:\/\/arak.spicehorse.eu\/termek\/one-equestrian-director-szek\/\" \/>\n<meta property=\"og:locale\" content=\"sk_SK\" \/>\n<meta property=\"og:type\" content=\"article\" \/>\n<meta property=\"og:title\" content=\"ONE Equestrian Director stoli\u010dka - Spicehorse\" \/>\n<meta property=\"og:description\" content=\"spicehorse.eu | ONE Equestrian skladacia stoli\u010dka Director z\u00a0dreva. Vyberte si k\u00a0nej ONE Equestrian po\u0165ah a navrhnite si vlastn\u00fa jedine\u010dn\u00fa\u00a0 Director re\u017eis\u00e9rsku stoli\u010dku.\" \/>\n<meta property=\"og:url\" content=\"https:\/\/arak.spicehorse.eu\/termek\/one-equestrian-director-szek\/\" \/>\n<meta property=\"og:site_name\" content=\"Spicehorse\" \/>\n<meta property=\"article:publisher\" content=\"https:\/\/www.facebook.com\/SPICEHORSE-550385625402457\/\" \/>\n<meta property=\"article:modified_time\" content=\"2025-09-08T20:36:59+00:00\" \/>\n<meta property=\"og:image\" content=\"https:\/\/arak.spicehorse.eu\/wp-content\/uploads\/2022\/05\/01100044.jpg\" \/>\n\t<meta property=\"og:image:width\" content=\"800\" \/>\n\t<meta property=\"og:image:height\" content=\"800\" \/>\n\t<meta property=\"og:image:type\" content=\"image\/jpeg\" \/>\n<meta name=\"twitter:card\" content=\"summary_large_image\" \/>\n<script type=\"application\/ld+json\" class=\"yoast-schema-graph\">{\"@context\":\"https:\/\/schema.org\",\"@graph\":[{\"@type\":\"WebPage\",\"@id\":\"https:\/\/arak.spicehorse.eu\/termek\/one-equestrian-director-szek\/\",\"url\":\"https:\/\/arak.spicehorse.eu\/termek\/one-equestrian-director-szek\/\",\"name\":\"ONE Equestrian Director stoli\u010dka - Spicehorse\",\"isPartOf\":{\"@id\":\"https:\/\/arak.spicehorse.eu\/en\/#website\"},\"datePublished\":\"2022-05-17T12:12:27+00:00\",\"dateModified\":\"2025-09-08T20:36:59+00:00\",\"description\":\"spicehorse.eu | ONE Equestrian skladacia stoli\u010dka Director z\u00a0dreva. Vyberte si k\u00a0nej ONE Equestrian po\u0165ah a navrhnite si vlastn\u00fa jedine\u010dn\u00fa\u00a0 Director re\u017eis\u00e9rsku stoli\u010dku.\",\"breadcrumb\":{\"@id\":\"https:\/\/arak.spicehorse.eu\/termek\/one-equestrian-director-szek\/#breadcrumb\"},\"inLanguage\":\"sk-SK\",\"potentialAction\":[{\"@type\":\"ReadAction\",\"target\":[\"https:\/\/arak.spicehorse.eu\/termek\/one-equestrian-director-szek\/\"]}]},{\"@type\":\"BreadcrumbList\",\"@id\":\"https:\/\/arak.spicehorse.eu\/termek\/one-equestrian-director-szek\/#breadcrumb\",\"itemListElement\":[{\"@type\":\"ListItem\",\"position\":1,\"name\":\"Home\",\"item\":\"https:\/\/arak.spicehorse.eu\/sk\/\"},{\"@type\":\"ListItem\",\"position\":2,\"name\":\"Predaj\u0148a\",\"item\":\"https:\/\/arak.spicehorse.eu\/sk\/predajna\/\"},{\"@type\":\"ListItem\",\"position\":3,\"name\":\"ONE Equestrian Director stoli\u010dka\"}]},{\"@type\":\"WebSite\",\"@id\":\"https:\/\/arak.spicehorse.eu\/en\/#website\",\"url\":\"https:\/\/arak.spicehorse.eu\/en\/\",\"name\":\"Spicehorse\",\"description\":\"UNDER DEVELOPMENT -\",\"potentialAction\":[{\"@type\":\"SearchAction\",\"target\":{\"@type\":\"EntryPoint\",\"urlTemplate\":\"https:\/\/arak.spicehorse.eu\/en\/?s={search_term_string}\"},\"query-input\":\"required name=search_term_string\"}],\"inLanguage\":\"sk-SK\"}]}<\/script>\n<!-- \/ Yoast SEO plugin. -->","yoast_head_json":{"title":"ONE Equestrian Director stoli\u010dka - Spicehorse","description":"spicehorse.eu | ONE Equestrian skladacia stoli\u010dka Director z\u00a0dreva. Vyberte si k\u00a0nej ONE Equestrian po\u0165ah a navrhnite si vlastn\u00fa jedine\u010dn\u00fa\u00a0 Director re\u017eis\u00e9rsku stoli\u010dku.","robots":{"index":"index","follow":"follow","max-snippet":"max-snippet:-1","max-image-preview":"max-image-preview:large","max-video-preview":"max-video-preview:-1"},"canonical":"https:\/\/arak.spicehorse.eu\/termek\/one-equestrian-director-szek\/","og_locale":"sk_SK","og_type":"article","og_title":"ONE Equestrian Director stoli\u010dka - Spicehorse","og_description":"spicehorse.eu | ONE Equestrian skladacia stoli\u010dka Director z\u00a0dreva. Vyberte si k\u00a0nej ONE Equestrian po\u0165ah a navrhnite si vlastn\u00fa jedine\u010dn\u00fa\u00a0 Director re\u017eis\u00e9rsku stoli\u010dku.","og_url":"https:\/\/arak.spicehorse.eu\/termek\/one-equestrian-director-szek\/","og_site_name":"Spicehorse","article_publisher":"https:\/\/www.facebook.com\/SPICEHORSE-550385625402457\/","article_modified_time":"2025-09-08T20:36:59+00:00","og_image":[{"width":800,"height":800,"url":"https:\/\/arak.spicehorse.eu\/wp-content\/uploads\/2022\/05\/01100044.jpg","type":"image\/jpeg"}],"twitter_card":"summary_large_image","schema":{"@context":"https:\/\/schema.org","@graph":[{"@type":"WebPage","@id":"https:\/\/arak.spicehorse.eu\/termek\/one-equestrian-director-szek\/","url":"https:\/\/arak.spicehorse.eu\/termek\/one-equestrian-director-szek\/","name":"ONE Equestrian Director stoli\u010dka - Spicehorse","isPartOf":{"@id":"https:\/\/arak.spicehorse.eu\/en\/#website"},"datePublished":"2022-05-17T12:12:27+00:00","dateModified":"2025-09-08T20:36:59+00:00","description":"spicehorse.eu | ONE Equestrian skladacia stoli\u010dka Director z\u00a0dreva. Vyberte si k\u00a0nej ONE Equestrian po\u0165ah a navrhnite si vlastn\u00fa jedine\u010dn\u00fa\u00a0 Director re\u017eis\u00e9rsku stoli\u010dku.","breadcrumb":{"@id":"https:\/\/arak.spicehorse.eu\/termek\/one-equestrian-director-szek\/#breadcrumb"},"inLanguage":"sk-SK","potentialAction":[{"@type":"ReadAction","target":["https:\/\/arak.spicehorse.eu\/termek\/one-equestrian-director-szek\/"]}]},{"@type":"BreadcrumbList","@id":"https:\/\/arak.spicehorse.eu\/termek\/one-equestrian-director-szek\/#breadcrumb","itemListElement":[{"@type":"ListItem","position":1,"name":"Home","item":"https:\/\/arak.spicehorse.eu\/sk\/"},{"@type":"ListItem","position":2,"name":"Predaj\u0148a","item":"https:\/\/arak.spicehorse.eu\/sk\/predajna\/"},{"@type":"ListItem","position":3,"name":"ONE Equestrian Director stoli\u010dka"}]},{"@type":"WebSite","@id":"https:\/\/arak.spicehorse.eu\/en\/#website","url":"https:\/\/arak.spicehorse.eu\/en\/","name":"Spicehorse","description":"UNDER DEVELOPMENT -","potentialAction":[{"@type":"SearchAction","target":{"@type":"EntryPoint","urlTemplate":"https:\/\/arak.spicehorse.eu\/en\/?s={search_term_string}"},"query-input":"required name=search_term_string"}],"inLanguage":"sk-SK"}]}},"_links":{"self":[{"href":"https:\/\/arak.spicehorse.eu\/sk\/wp-json\/wp\/v2\/product\/59145"}],"collection":[{"href":"https:\/\/arak.spicehorse.eu\/sk\/wp-json\/wp\/v2\/product"}],"about":[{"href":"https:\/\/arak.spicehorse.eu\/sk\/wp-json\/wp\/v2\/types\/product"}],"wp:featuredmedia":[{"embeddable":true,"href":"https:\/\/arak.spicehorse.eu\/sk\/wp-json\/wp\/v2\/media\/59164"}],"wp:attachment":[{"href":"https:\/\/arak.spicehorse.eu\/sk\/wp-json\/wp\/v2\/media?parent=59145"}],"wp:term":[{"taxonomy":"product_cat","embeddable":true,"href":"https:\/\/arak.spicehorse.eu\/sk\/wp-json\/wp\/v2\/product_cat?post=59145"},{"taxonomy":"product_tag","embeddable":true,"href":"https:\/\/arak.spicehorse.eu\/sk\/wp-json\/wp\/v2\/product_tag?post=59145"}],"curies":[{"name":"wp","href":"https:\/\/api.w.org\/{rel}","templated":true}]}}