{"id":59646,"date":"2022-05-24T08:42:59","date_gmt":"2022-05-24T06:43:02","guid":{"rendered":"https:\/\/arak.spicehorse.eu\/?post_type=product&#038;p=59646"},"modified":"2023-11-23T11:24:25","modified_gmt":"2023-11-23T10:24:25","slug":"kentucky-taska-na-osetrujuce-potreby-set","status":"publish","type":"product","link":"https:\/\/arak.spicehorse.eu\/sk\/produkt\/kentucky-taska-na-osetrujuce-potreby-set\/","title":{"rendered":"Kentucky ta\u0161ka na o\u0161etruj\u00face potreby set"},"content":{"rendered":"<p>Do Kentucky Horsewear ta\u0161ky na o\u0161etruj\u00face potreby sa zmest\u00ed cel\u00e1 v\u00fdbava na o\u0161etrovanie. Vn\u00fatorn\u00e9 priehradky s\u00fa nastavite\u013en\u00e9, m\u00f4\u017eu sa meni\u0165 pod\u013ea individu\u00e1lnych potrieb. Kv\u00f4li svojej ve\u013ekosti sa do nej po\u013eahky zmestia aj ve\u013ek\u00e9 f\u013ea\u0161ti\u010dky sprejov.<\/p>\n<p>Vonkaj\u0161ia \u010das\u0165 je vyroben\u00e1 z pevn\u00e9ho 600D polyesterov\u00e9ho materi\u00e1lu, ktor\u00fd je odoln\u00fd a\u00a0\u013eahko sa \u010dist\u00ed. Priehradky a\u00a0vn\u00fatorn\u00e1 \u010das\u0165 poklopu s\u00fa z\u00a0materi\u00e1lu odpudzuj\u00faceho ne\u010distoty, vn\u00fatorn\u00e1 \u010das\u0165 je z\u00a0m\u00e4kk\u00e9ho fl\u00edsu. Dokonale lad\u00ed s\u00a0ostatn\u00fdmi Kentucky staj\u0148ov\u00fdmi a\u00a0cestovn\u00fdmi v\u00fdrobkami.<\/p>\n<p>Vn\u00fatro je mo\u017en\u00e9 pod\u013ea potreby nastavi\u0165 pevn\u00fdmi priehradkami. V\u00a0hlavnej \u010dasti m\u00f4\u017eeme skladova\u0165 kefy, spreje, men\u0161ie kozmetick\u00e9 pr\u00edpravky, doplnky. Do vn\u00fatornej \u010dasti poklopu m\u00f4\u017eeme ulo\u017ei\u0165 men\u0161ie predmety. Do predn\u00e9ho va\u010dku m\u00f4\u017eeme vlo\u017ei\u0165 napr\u00edklad pom\u00f4cky potrebn\u00e9 na zapletanie vrko\u010dov, gumi\u010dky, ihlu, ni\u0165 a\u00a0pod. Po oboch stran\u00e1ch sa nach\u00e1dzaj\u00fa elastick\u00e9 sie\u0165ovan\u00e9 va\u010dky. Ta\u0161ka sa uzatv\u00e1ra pevn\u00fdm zipsom, s\u00a0odn\u00edmate\u013en\u00fdm polstrovan\u00fdm popruhom. Spevnen\u00e9 bo\u010dn\u00e9 \u010dasti, aby chr\u00e1nili na\u0161u v\u00fdbavu po\u010das cestovania. Ve\u013ekos\u0165: 42,5 cm x 32,5 cm x 20 cm (d\u013a\u017eka x h\u013abka x \u0161\u00edrka)<\/p>\n<p>Ta\u0161ka m\u00e1 nohy, preto nestoj\u00ed priamo na zemi. Na \u010distenie pou\u017e\u00edvajte vlhk\u00fa utierku.<\/p>\n","protected":false},"excerpt":{"rendered":"<h3>Kentucky Grooming set v ta\u0161ke s DAR\u010cEKOM baseballovou \u010diapkou!<\/h3>\n<p>Obsah ta\u0161ky:<\/p>\n<ul>\n<li>GD rukavice na o\u0161etrenie s baran\u010dekom<\/li>\n<li>GD stredne dlh\u00e1 kefa pr\u00edrodn\u00e1<\/li>\n<li>GD stredne tvrd\u00e1 kefa na srs\u0165<\/li>\n<li>GD jemn\u00e1 ve\u013ek\u00e1 kefa na srs\u0165<\/li>\n<li>GD \u0161krabka na kopyt\u00e1<\/li>\n<li>GD kefa na kopyt\u00e1<\/li>\n<li>GD kefa na \u010desanie hrivy<\/li>\n<li>Kentucky baseballov\u00e1 \u010diapka<\/li>\n<\/ul>\n","protected":false},"featured_media":59652,"template":"","meta":{"_acf_changed":false},"product_cat":[76,311,75,106,120],"product_tag":[184,467,338,272],"acf":[],"yoast_head":"<!-- This site is optimized with the Yoast SEO plugin v21.4 - https:\/\/yoast.com\/wordpress\/plugins\/seo\/ -->\n<title>Kentucky ta\u0161ka na o\u0161etruj\u00face potreby set - Spicehorse<\/title>\n<meta name=\"description\" content=\"spicehorse.eu | Do Kentucky Horsewear ta\u0161ky na o\u0161etruj\u00face potreby sa zmest\u00ed cel\u00e1 v\u00fdbava na o\u0161etrovanie. Vn\u00fatorn\u00e9 priehradky s\u00fa nastavite\u013en\u00e9, m\u00f4\u017eu sa meni\u0165 pod\u013ea individu\u00e1lnych potrieb.\" \/>\n<meta name=\"robots\" content=\"index, follow, max-snippet:-1, max-image-preview:large, max-video-preview:-1\" \/>\n<link rel=\"canonical\" href=\"https:\/\/arak.spicehorse.eu\/sk\/produkt\/kentucky-taska-na-osetrujuce-potreby-set\/\" \/>\n<meta property=\"og:locale\" content=\"sk_SK\" \/>\n<meta property=\"og:type\" content=\"article\" \/>\n<meta property=\"og:title\" content=\"Kentucky ta\u0161ka na o\u0161etruj\u00face potreby set - Spicehorse\" \/>\n<meta property=\"og:description\" content=\"spicehorse.eu | Do Kentucky Horsewear ta\u0161ky na o\u0161etruj\u00face potreby sa zmest\u00ed cel\u00e1 v\u00fdbava na o\u0161etrovanie. Vn\u00fatorn\u00e9 priehradky s\u00fa nastavite\u013en\u00e9, m\u00f4\u017eu sa meni\u0165 pod\u013ea individu\u00e1lnych potrieb.\" \/>\n<meta property=\"og:url\" content=\"https:\/\/arak.spicehorse.eu\/sk\/produkt\/kentucky-taska-na-osetrujuce-potreby-set\/\" \/>\n<meta property=\"og:site_name\" content=\"Spicehorse\" \/>\n<meta property=\"article:publisher\" content=\"https:\/\/www.facebook.com\/SPICEHORSE-550385625402457\/\" \/>\n<meta property=\"article:modified_time\" content=\"2023-11-23T10:24:25+00:00\" \/>\n<meta property=\"og:image\" content=\"https:\/\/arak.spicehorse.eu\/wp-content\/uploads\/2022\/05\/f4fd5a7dddee91e0ba35b96362bddd5f3107fad050cdd863719c3f087f46f1c8.jpg\" \/>\n\t<meta property=\"og:image:width\" content=\"2048\" \/>\n\t<meta property=\"og:image:height\" content=\"2048\" \/>\n\t<meta property=\"og:image:type\" content=\"image\/jpeg\" \/>\n<meta name=\"twitter:card\" content=\"summary_large_image\" \/>\n<meta name=\"twitter:label1\" content=\"Predpokladan\u00fd \u010das \u010d\u00edtania\" \/>\n\t<meta name=\"twitter:data1\" content=\"1 min\u00fata\" \/>\n<script type=\"application\/ld+json\" class=\"yoast-schema-graph\">{\"@context\":\"https:\/\/schema.org\",\"@graph\":[{\"@type\":\"WebPage\",\"@id\":\"https:\/\/arak.spicehorse.eu\/sk\/produkt\/kentucky-taska-na-osetrujuce-potreby-set\/\",\"url\":\"https:\/\/arak.spicehorse.eu\/sk\/produkt\/kentucky-taska-na-osetrujuce-potreby-set\/\",\"name\":\"Kentucky ta\u0161ka na o\u0161etruj\u00face potreby set - Spicehorse\",\"isPartOf\":{\"@id\":\"https:\/\/arak.spicehorse.eu\/en\/#website\"},\"datePublished\":\"2022-05-24T06:43:02+00:00\",\"dateModified\":\"2023-11-23T10:24:25+00:00\",\"description\":\"spicehorse.eu | Do Kentucky Horsewear ta\u0161ky na o\u0161etruj\u00face potreby sa zmest\u00ed cel\u00e1 v\u00fdbava na o\u0161etrovanie. Vn\u00fatorn\u00e9 priehradky s\u00fa nastavite\u013en\u00e9, m\u00f4\u017eu sa meni\u0165 pod\u013ea individu\u00e1lnych potrieb.\",\"breadcrumb\":{\"@id\":\"https:\/\/arak.spicehorse.eu\/sk\/produkt\/kentucky-taska-na-osetrujuce-potreby-set\/#breadcrumb\"},\"inLanguage\":\"sk-SK\",\"potentialAction\":[{\"@type\":\"ReadAction\",\"target\":[\"https:\/\/arak.spicehorse.eu\/sk\/produkt\/kentucky-taska-na-osetrujuce-potreby-set\/\"]}]},{\"@type\":\"BreadcrumbList\",\"@id\":\"https:\/\/arak.spicehorse.eu\/sk\/produkt\/kentucky-taska-na-osetrujuce-potreby-set\/#breadcrumb\",\"itemListElement\":[{\"@type\":\"ListItem\",\"position\":1,\"name\":\"Home\",\"item\":\"https:\/\/arak.spicehorse.eu\/sk\/\"},{\"@type\":\"ListItem\",\"position\":2,\"name\":\"Predaj\u0148a\",\"item\":\"https:\/\/arak.spicehorse.eu\/sk\/predajna\/\"},{\"@type\":\"ListItem\",\"position\":3,\"name\":\"Kentucky ta\u0161ka na o\u0161etruj\u00face potreby set\"}]},{\"@type\":\"WebSite\",\"@id\":\"https:\/\/arak.spicehorse.eu\/en\/#website\",\"url\":\"https:\/\/arak.spicehorse.eu\/en\/\",\"name\":\"Spicehorse\",\"description\":\"UNDER DEVELOPMENT -\",\"potentialAction\":[{\"@type\":\"SearchAction\",\"target\":{\"@type\":\"EntryPoint\",\"urlTemplate\":\"https:\/\/arak.spicehorse.eu\/en\/?s={search_term_string}\"},\"query-input\":\"required name=search_term_string\"}],\"inLanguage\":\"sk-SK\"}]}<\/script>\n<!-- \/ Yoast SEO plugin. -->","yoast_head_json":{"title":"Kentucky ta\u0161ka na o\u0161etruj\u00face potreby set - Spicehorse","description":"spicehorse.eu | Do Kentucky Horsewear ta\u0161ky na o\u0161etruj\u00face potreby sa zmest\u00ed cel\u00e1 v\u00fdbava na o\u0161etrovanie. Vn\u00fatorn\u00e9 priehradky s\u00fa nastavite\u013en\u00e9, m\u00f4\u017eu sa meni\u0165 pod\u013ea individu\u00e1lnych potrieb.","robots":{"index":"index","follow":"follow","max-snippet":"max-snippet:-1","max-image-preview":"max-image-preview:large","max-video-preview":"max-video-preview:-1"},"canonical":"https:\/\/arak.spicehorse.eu\/sk\/produkt\/kentucky-taska-na-osetrujuce-potreby-set\/","og_locale":"sk_SK","og_type":"article","og_title":"Kentucky ta\u0161ka na o\u0161etruj\u00face potreby set - Spicehorse","og_description":"spicehorse.eu | Do Kentucky Horsewear ta\u0161ky na o\u0161etruj\u00face potreby sa zmest\u00ed cel\u00e1 v\u00fdbava na o\u0161etrovanie. Vn\u00fatorn\u00e9 priehradky s\u00fa nastavite\u013en\u00e9, m\u00f4\u017eu sa meni\u0165 pod\u013ea individu\u00e1lnych potrieb.","og_url":"https:\/\/arak.spicehorse.eu\/sk\/produkt\/kentucky-taska-na-osetrujuce-potreby-set\/","og_site_name":"Spicehorse","article_publisher":"https:\/\/www.facebook.com\/SPICEHORSE-550385625402457\/","article_modified_time":"2023-11-23T10:24:25+00:00","og_image":[{"width":2048,"height":2048,"url":"https:\/\/arak.spicehorse.eu\/wp-content\/uploads\/2022\/05\/f4fd5a7dddee91e0ba35b96362bddd5f3107fad050cdd863719c3f087f46f1c8.jpg","type":"image\/jpeg"}],"twitter_card":"summary_large_image","twitter_misc":{"Predpokladan\u00fd \u010das \u010d\u00edtania":"1 min\u00fata"},"schema":{"@context":"https:\/\/schema.org","@graph":[{"@type":"WebPage","@id":"https:\/\/arak.spicehorse.eu\/sk\/produkt\/kentucky-taska-na-osetrujuce-potreby-set\/","url":"https:\/\/arak.spicehorse.eu\/sk\/produkt\/kentucky-taska-na-osetrujuce-potreby-set\/","name":"Kentucky ta\u0161ka na o\u0161etruj\u00face potreby set - Spicehorse","isPartOf":{"@id":"https:\/\/arak.spicehorse.eu\/en\/#website"},"datePublished":"2022-05-24T06:43:02+00:00","dateModified":"2023-11-23T10:24:25+00:00","description":"spicehorse.eu | Do Kentucky Horsewear ta\u0161ky na o\u0161etruj\u00face potreby sa zmest\u00ed cel\u00e1 v\u00fdbava na o\u0161etrovanie. Vn\u00fatorn\u00e9 priehradky s\u00fa nastavite\u013en\u00e9, m\u00f4\u017eu sa meni\u0165 pod\u013ea individu\u00e1lnych potrieb.","breadcrumb":{"@id":"https:\/\/arak.spicehorse.eu\/sk\/produkt\/kentucky-taska-na-osetrujuce-potreby-set\/#breadcrumb"},"inLanguage":"sk-SK","potentialAction":[{"@type":"ReadAction","target":["https:\/\/arak.spicehorse.eu\/sk\/produkt\/kentucky-taska-na-osetrujuce-potreby-set\/"]}]},{"@type":"BreadcrumbList","@id":"https:\/\/arak.spicehorse.eu\/sk\/produkt\/kentucky-taska-na-osetrujuce-potreby-set\/#breadcrumb","itemListElement":[{"@type":"ListItem","position":1,"name":"Home","item":"https:\/\/arak.spicehorse.eu\/sk\/"},{"@type":"ListItem","position":2,"name":"Predaj\u0148a","item":"https:\/\/arak.spicehorse.eu\/sk\/predajna\/"},{"@type":"ListItem","position":3,"name":"Kentucky ta\u0161ka na o\u0161etruj\u00face potreby set"}]},{"@type":"WebSite","@id":"https:\/\/arak.spicehorse.eu\/en\/#website","url":"https:\/\/arak.spicehorse.eu\/en\/","name":"Spicehorse","description":"UNDER DEVELOPMENT -","potentialAction":[{"@type":"SearchAction","target":{"@type":"EntryPoint","urlTemplate":"https:\/\/arak.spicehorse.eu\/en\/?s={search_term_string}"},"query-input":"required name=search_term_string"}],"inLanguage":"sk-SK"}]}},"_links":{"self":[{"href":"https:\/\/arak.spicehorse.eu\/sk\/wp-json\/wp\/v2\/product\/59646"}],"collection":[{"href":"https:\/\/arak.spicehorse.eu\/sk\/wp-json\/wp\/v2\/product"}],"about":[{"href":"https:\/\/arak.spicehorse.eu\/sk\/wp-json\/wp\/v2\/types\/product"}],"wp:featuredmedia":[{"embeddable":true,"href":"https:\/\/arak.spicehorse.eu\/sk\/wp-json\/wp\/v2\/media\/59652"}],"wp:attachment":[{"href":"https:\/\/arak.spicehorse.eu\/sk\/wp-json\/wp\/v2\/media?parent=59646"}],"wp:term":[{"taxonomy":"product_cat","embeddable":true,"href":"https:\/\/arak.spicehorse.eu\/sk\/wp-json\/wp\/v2\/product_cat?post=59646"},{"taxonomy":"product_tag","embeddable":true,"href":"https:\/\/arak.spicehorse.eu\/sk\/wp-json\/wp\/v2\/product_tag?post=59646"}],"curies":[{"name":"wp","href":"https:\/\/api.w.org\/{rel}","templated":true}]}}