{"id":59935,"date":"2022-05-25T09:53:57","date_gmt":"2022-05-25T07:53:58","guid":{"rendered":"https:\/\/arak.spicehorse.eu\/?post_type=product&#038;p=59935"},"modified":"2023-05-30T19:59:22","modified_gmt":"2023-05-30T17:59:22","slug":"equestrian-stockholm-total-eclipse-drezurna-podsedlova-decka-cob","status":"publish","type":"product","link":"https:\/\/arak.spicehorse.eu\/sk\/produkt\/equestrian-stockholm-total-eclipse-drezurna-podsedlova-decka-cob\/","title":{"rendered":"Equestrian Stockholm Total Eclipse drez\u00farna podsedlov\u00e1 de\u010dka COB"},"content":{"rendered":"<p>Mimoriadne jedine\u010dn\u00e1 a\u00a0elegantn\u00e1 podsedlov\u00e1 de\u010dka Equestrian Stockholm. V\u00a0kr\u00e1snej \u010diernej farbe s\u00a0\u010diernymi detailmi. \u010cierna tabu\u013eka s\u00a0logom Equestrian Stockholm na boku. Vonkaj\u0161\u00ed materi\u00e1l je leskl\u00fd a\u00a0odpudzuje \u0161pinu, vn\u00fatorn\u00e1 \u010das\u0165 je z\u00a0extra r\u00fdchlo schn\u00faceho materi\u00e1lu mimoriadne \u00fa\u010dinne pohlcuje vlhkos\u0165.<\/p>\n<p>Dokonale lad\u00ed s ostatn\u00fdmi v\u00fdrobkami kolekcie Equestrian Stockholm Total Eclipse!<\/p>\n","protected":false},"excerpt":{"rendered":"<ul>\n<li>Ve\u013ekos\u0165: Cob<\/li>\n<li>Farba: \u010dierna<\/li>\n<li>\u0160nurovanie: chr\u00f3mov\u00e9<\/li>\n<li>Kovov\u00e1 tabu\u013eka: \u010dierna<\/li>\n<li>Materi\u00e1l: vn\u00fatorn\u00e1 \u010das\u0165 100% polyester (IQ cool comfort) Vonkaj\u0161ia \u010das\u0165 100% polyester<\/li>\n<\/ul>\n","protected":false},"featured_media":59938,"template":"","meta":{"_acf_changed":false},"product_cat":[1743,78,75,367],"product_tag":[217,351,1827],"acf":[],"yoast_head":"<!-- This site is optimized with the Yoast SEO plugin v21.4 - https:\/\/yoast.com\/wordpress\/plugins\/seo\/ -->\n<title>Equestrian Stockholm Total Eclipse drez\u00farna podsedlov\u00e1 de\u010dka COB - Spicehorse<\/title>\n<meta name=\"description\" content=\"spicehorse.eu | Mimoriadne jedine\u010dn\u00e1 a\u00a0elegantn\u00e1 podsedlov\u00e1 de\u010dka Equestrian Stockholm. V\u00a0kr\u00e1snej \u010diernej farbe s\u00a0\u010diernymi detailmi.\" \/>\n<meta name=\"robots\" content=\"index, follow, max-snippet:-1, max-image-preview:large, max-video-preview:-1\" \/>\n<link rel=\"canonical\" href=\"https:\/\/arak.spicehorse.eu\/termek\/equestrian-stockholm-total-eclipse-dijlovas-nyeregalatet-cob\/\" \/>\n<meta property=\"og:locale\" content=\"sk_SK\" \/>\n<meta property=\"og:type\" content=\"article\" \/>\n<meta property=\"og:title\" content=\"Equestrian Stockholm Total Eclipse drez\u00farna podsedlov\u00e1 de\u010dka COB - Spicehorse\" \/>\n<meta property=\"og:description\" content=\"spicehorse.eu | Mimoriadne jedine\u010dn\u00e1 a\u00a0elegantn\u00e1 podsedlov\u00e1 de\u010dka Equestrian Stockholm. V\u00a0kr\u00e1snej \u010diernej farbe s\u00a0\u010diernymi detailmi.\" \/>\n<meta property=\"og:url\" content=\"https:\/\/arak.spicehorse.eu\/termek\/equestrian-stockholm-total-eclipse-dijlovas-nyeregalatet-cob\/\" \/>\n<meta property=\"og:site_name\" content=\"Spicehorse\" \/>\n<meta property=\"article:publisher\" content=\"https:\/\/www.facebook.com\/SPICEHORSE-550385625402457\/\" \/>\n<meta property=\"article:modified_time\" content=\"2023-05-30T17:59:22+00:00\" \/>\n<meta property=\"og:image\" content=\"https:\/\/arak.spicehorse.eu\/wp-content\/uploads\/2022\/05\/total-eclipse-saddle-pad-dressage-cob.jpg\" \/>\n\t<meta property=\"og:image:width\" content=\"900\" \/>\n\t<meta property=\"og:image:height\" content=\"1200\" \/>\n\t<meta property=\"og:image:type\" content=\"image\/jpeg\" \/>\n<meta name=\"twitter:card\" content=\"summary_large_image\" \/>\n<script type=\"application\/ld+json\" class=\"yoast-schema-graph\">{\"@context\":\"https:\/\/schema.org\",\"@graph\":[{\"@type\":\"WebPage\",\"@id\":\"https:\/\/arak.spicehorse.eu\/termek\/equestrian-stockholm-total-eclipse-dijlovas-nyeregalatet-cob\/\",\"url\":\"https:\/\/arak.spicehorse.eu\/termek\/equestrian-stockholm-total-eclipse-dijlovas-nyeregalatet-cob\/\",\"name\":\"Equestrian Stockholm Total Eclipse drez\u00farna podsedlov\u00e1 de\u010dka COB - Spicehorse\",\"isPartOf\":{\"@id\":\"https:\/\/arak.spicehorse.eu\/en\/#website\"},\"datePublished\":\"2022-05-25T07:53:58+00:00\",\"dateModified\":\"2023-05-30T17:59:22+00:00\",\"description\":\"spicehorse.eu | Mimoriadne jedine\u010dn\u00e1 a\u00a0elegantn\u00e1 podsedlov\u00e1 de\u010dka Equestrian Stockholm. V\u00a0kr\u00e1snej \u010diernej farbe s\u00a0\u010diernymi detailmi.\",\"breadcrumb\":{\"@id\":\"https:\/\/arak.spicehorse.eu\/termek\/equestrian-stockholm-total-eclipse-dijlovas-nyeregalatet-cob\/#breadcrumb\"},\"inLanguage\":\"sk-SK\",\"potentialAction\":[{\"@type\":\"ReadAction\",\"target\":[\"https:\/\/arak.spicehorse.eu\/termek\/equestrian-stockholm-total-eclipse-dijlovas-nyeregalatet-cob\/\"]}]},{\"@type\":\"BreadcrumbList\",\"@id\":\"https:\/\/arak.spicehorse.eu\/termek\/equestrian-stockholm-total-eclipse-dijlovas-nyeregalatet-cob\/#breadcrumb\",\"itemListElement\":[{\"@type\":\"ListItem\",\"position\":1,\"name\":\"Home\",\"item\":\"https:\/\/arak.spicehorse.eu\/sk\/\"},{\"@type\":\"ListItem\",\"position\":2,\"name\":\"Predaj\u0148a\",\"item\":\"https:\/\/arak.spicehorse.eu\/sk\/predajna\/\"},{\"@type\":\"ListItem\",\"position\":3,\"name\":\"Equestrian Stockholm Total Eclipse drez\u00farna podsedlov\u00e1 de\u010dka COB\"}]},{\"@type\":\"WebSite\",\"@id\":\"https:\/\/arak.spicehorse.eu\/en\/#website\",\"url\":\"https:\/\/arak.spicehorse.eu\/en\/\",\"name\":\"Spicehorse\",\"description\":\"UNDER DEVELOPMENT -\",\"potentialAction\":[{\"@type\":\"SearchAction\",\"target\":{\"@type\":\"EntryPoint\",\"urlTemplate\":\"https:\/\/arak.spicehorse.eu\/en\/?s={search_term_string}\"},\"query-input\":\"required name=search_term_string\"}],\"inLanguage\":\"sk-SK\"}]}<\/script>\n<!-- \/ Yoast SEO plugin. -->","yoast_head_json":{"title":"Equestrian Stockholm Total Eclipse drez\u00farna podsedlov\u00e1 de\u010dka COB - Spicehorse","description":"spicehorse.eu | Mimoriadne jedine\u010dn\u00e1 a\u00a0elegantn\u00e1 podsedlov\u00e1 de\u010dka Equestrian Stockholm. V\u00a0kr\u00e1snej \u010diernej farbe s\u00a0\u010diernymi detailmi.","robots":{"index":"index","follow":"follow","max-snippet":"max-snippet:-1","max-image-preview":"max-image-preview:large","max-video-preview":"max-video-preview:-1"},"canonical":"https:\/\/arak.spicehorse.eu\/termek\/equestrian-stockholm-total-eclipse-dijlovas-nyeregalatet-cob\/","og_locale":"sk_SK","og_type":"article","og_title":"Equestrian Stockholm Total Eclipse drez\u00farna podsedlov\u00e1 de\u010dka COB - Spicehorse","og_description":"spicehorse.eu | Mimoriadne jedine\u010dn\u00e1 a\u00a0elegantn\u00e1 podsedlov\u00e1 de\u010dka Equestrian Stockholm. V\u00a0kr\u00e1snej \u010diernej farbe s\u00a0\u010diernymi detailmi.","og_url":"https:\/\/arak.spicehorse.eu\/termek\/equestrian-stockholm-total-eclipse-dijlovas-nyeregalatet-cob\/","og_site_name":"Spicehorse","article_publisher":"https:\/\/www.facebook.com\/SPICEHORSE-550385625402457\/","article_modified_time":"2023-05-30T17:59:22+00:00","og_image":[{"width":900,"height":1200,"url":"https:\/\/arak.spicehorse.eu\/wp-content\/uploads\/2022\/05\/total-eclipse-saddle-pad-dressage-cob.jpg","type":"image\/jpeg"}],"twitter_card":"summary_large_image","schema":{"@context":"https:\/\/schema.org","@graph":[{"@type":"WebPage","@id":"https:\/\/arak.spicehorse.eu\/termek\/equestrian-stockholm-total-eclipse-dijlovas-nyeregalatet-cob\/","url":"https:\/\/arak.spicehorse.eu\/termek\/equestrian-stockholm-total-eclipse-dijlovas-nyeregalatet-cob\/","name":"Equestrian Stockholm Total Eclipse drez\u00farna podsedlov\u00e1 de\u010dka COB - Spicehorse","isPartOf":{"@id":"https:\/\/arak.spicehorse.eu\/en\/#website"},"datePublished":"2022-05-25T07:53:58+00:00","dateModified":"2023-05-30T17:59:22+00:00","description":"spicehorse.eu | Mimoriadne jedine\u010dn\u00e1 a\u00a0elegantn\u00e1 podsedlov\u00e1 de\u010dka Equestrian Stockholm. V\u00a0kr\u00e1snej \u010diernej farbe s\u00a0\u010diernymi detailmi.","breadcrumb":{"@id":"https:\/\/arak.spicehorse.eu\/termek\/equestrian-stockholm-total-eclipse-dijlovas-nyeregalatet-cob\/#breadcrumb"},"inLanguage":"sk-SK","potentialAction":[{"@type":"ReadAction","target":["https:\/\/arak.spicehorse.eu\/termek\/equestrian-stockholm-total-eclipse-dijlovas-nyeregalatet-cob\/"]}]},{"@type":"BreadcrumbList","@id":"https:\/\/arak.spicehorse.eu\/termek\/equestrian-stockholm-total-eclipse-dijlovas-nyeregalatet-cob\/#breadcrumb","itemListElement":[{"@type":"ListItem","position":1,"name":"Home","item":"https:\/\/arak.spicehorse.eu\/sk\/"},{"@type":"ListItem","position":2,"name":"Predaj\u0148a","item":"https:\/\/arak.spicehorse.eu\/sk\/predajna\/"},{"@type":"ListItem","position":3,"name":"Equestrian Stockholm Total Eclipse drez\u00farna podsedlov\u00e1 de\u010dka COB"}]},{"@type":"WebSite","@id":"https:\/\/arak.spicehorse.eu\/en\/#website","url":"https:\/\/arak.spicehorse.eu\/en\/","name":"Spicehorse","description":"UNDER DEVELOPMENT -","potentialAction":[{"@type":"SearchAction","target":{"@type":"EntryPoint","urlTemplate":"https:\/\/arak.spicehorse.eu\/en\/?s={search_term_string}"},"query-input":"required name=search_term_string"}],"inLanguage":"sk-SK"}]}},"_links":{"self":[{"href":"https:\/\/arak.spicehorse.eu\/sk\/wp-json\/wp\/v2\/product\/59935"}],"collection":[{"href":"https:\/\/arak.spicehorse.eu\/sk\/wp-json\/wp\/v2\/product"}],"about":[{"href":"https:\/\/arak.spicehorse.eu\/sk\/wp-json\/wp\/v2\/types\/product"}],"wp:featuredmedia":[{"embeddable":true,"href":"https:\/\/arak.spicehorse.eu\/sk\/wp-json\/wp\/v2\/media\/59938"}],"wp:attachment":[{"href":"https:\/\/arak.spicehorse.eu\/sk\/wp-json\/wp\/v2\/media?parent=59935"}],"wp:term":[{"taxonomy":"product_cat","embeddable":true,"href":"https:\/\/arak.spicehorse.eu\/sk\/wp-json\/wp\/v2\/product_cat?post=59935"},{"taxonomy":"product_tag","embeddable":true,"href":"https:\/\/arak.spicehorse.eu\/sk\/wp-json\/wp\/v2\/product_tag?post=59935"}],"curies":[{"name":"wp","href":"https:\/\/api.w.org\/{rel}","templated":true}]}}