{"id":61452,"date":"2022-06-10T18:48:37","date_gmt":"2022-06-10T16:48:38","guid":{"rendered":"https:\/\/arak.spicehorse.eu\/?post_type=product&#038;p=61452"},"modified":"2024-03-12T19:14:39","modified_gmt":"2024-03-12T18:14:39","slug":"one-equestrian-spongia-2-ks","status":"publish","type":"product","link":"https:\/\/arak.spicehorse.eu\/sk\/produkt\/one-equestrian-spongia-2-ks\/","title":{"rendered":"ONE Equestrian \u0161pongia 2 ks"},"content":{"rendered":"<p><span lang=\"SK\">ONE Equestrian set \u0161pongi\u00ed pozost\u00e1vaj\u00faci z\u00a02 kusov je navrhnut\u00fd na \u010distenie a\u00a0o\u0161etrovanie jazdeckej v\u00fdstroje. \u0160pongia je v\u010faka svojej hustote ide\u00e1lna na nan\u00e1\u0161anie v\u0161etk\u00fdch kondiciuj\u00facich pr\u00edpravkov (balzam, olej, kondicion\u00e9r) pre v\u0161etky typy ko\u017een\u00fdch v\u00fdrobkov. Je vhodn\u00e1 aj na \u010distenie sedla mydlom.<\/span><\/p>\n<p><span lang=\"SK\">Obsah balenia: 2 ks \u0161pongi\u00ed<\/span><\/p>\n<p><span lang=\"SK\">Ve\u013ekos\u0165: 100x70x40mm<\/span><\/p>\n","protected":false},"excerpt":{"rendered":"<p>ONE Equestrian set \u0161pongi\u00ed pozost\u00e1vaj\u00faci z\u00a02 kusov je navrhnut\u00fd na \u010distenie a\u00a0o\u0161etrovanie jazdeckej v\u00fdstroje. \u0160pongia je v\u010faka svojej hustote ide\u00e1lna na nan\u00e1\u0161anie v\u0161etk\u00fdch kondiciuj\u00facich pr\u00edpravkov (balzam, olej, kondicion\u00e9r) pre v\u0161etky typy ko\u017een\u00fdch v\u00fdrobkov. Je vhodn\u00e1 aj na \u010distenie sedla mydlom. Obsah balenia: 2 ks \u0161pongi\u00ed Ve\u013ekos\u0165: 100x70x40mm<\/p>\n","protected":false},"featured_media":61455,"template":"","meta":{"_acf_changed":false},"product_cat":[75,106,120],"product_tag":[467,1292,401],"acf":[],"yoast_head":"<!-- This site is optimized with the Yoast SEO plugin v21.4 - https:\/\/yoast.com\/wordpress\/plugins\/seo\/ -->\n<title>ONE Equestrian \u0161pongia 2 ks - Spicehorse<\/title>\n<meta name=\"description\" content=\"spicehorse.eu | ONE Equestrian set \u0161pongi\u00ed pozost\u00e1vaj\u00faci z\u00a02 kusov je navrhnut\u00fd na \u010distenie a\u00a0o\u0161etrovanie jazdeckej v\u00fdstroje.\" \/>\n<meta name=\"robots\" content=\"index, follow, max-snippet:-1, max-image-preview:large, max-video-preview:-1\" \/>\n<link rel=\"canonical\" href=\"https:\/\/arak.spicehorse.eu\/sk\/produkt\/one-equestrian-spongia-2-ks\/\" \/>\n<meta property=\"og:locale\" content=\"sk_SK\" \/>\n<meta property=\"og:type\" content=\"article\" \/>\n<meta property=\"og:title\" content=\"ONE Equestrian \u0161pongia 2 ks - Spicehorse\" \/>\n<meta property=\"og:description\" content=\"spicehorse.eu | ONE Equestrian set \u0161pongi\u00ed pozost\u00e1vaj\u00faci z\u00a02 kusov je navrhnut\u00fd na \u010distenie a\u00a0o\u0161etrovanie jazdeckej v\u00fdstroje.\" \/>\n<meta property=\"og:url\" content=\"https:\/\/arak.spicehorse.eu\/sk\/produkt\/one-equestrian-spongia-2-ks\/\" \/>\n<meta property=\"og:site_name\" content=\"Spicehorse\" \/>\n<meta property=\"article:publisher\" content=\"https:\/\/www.facebook.com\/SPICEHORSE-550385625402457\/\" \/>\n<meta property=\"article:modified_time\" content=\"2024-03-12T18:14:39+00:00\" \/>\n<meta property=\"og:image\" content=\"https:\/\/arak.spicehorse.eu\/wp-content\/uploads\/2022\/06\/A-2.png\" \/>\n\t<meta property=\"og:image:width\" content=\"1080\" \/>\n\t<meta property=\"og:image:height\" content=\"1080\" \/>\n\t<meta property=\"og:image:type\" content=\"image\/png\" \/>\n<meta name=\"twitter:card\" content=\"summary_large_image\" \/>\n<script type=\"application\/ld+json\" class=\"yoast-schema-graph\">{\"@context\":\"https:\/\/schema.org\",\"@graph\":[{\"@type\":\"WebPage\",\"@id\":\"https:\/\/arak.spicehorse.eu\/sk\/produkt\/one-equestrian-spongia-2-ks\/\",\"url\":\"https:\/\/arak.spicehorse.eu\/sk\/produkt\/one-equestrian-spongia-2-ks\/\",\"name\":\"ONE Equestrian \u0161pongia 2 ks - Spicehorse\",\"isPartOf\":{\"@id\":\"https:\/\/arak.spicehorse.eu\/en\/#website\"},\"datePublished\":\"2022-06-10T16:48:38+00:00\",\"dateModified\":\"2024-03-12T18:14:39+00:00\",\"description\":\"spicehorse.eu | ONE Equestrian set \u0161pongi\u00ed pozost\u00e1vaj\u00faci z\u00a02 kusov je navrhnut\u00fd na \u010distenie a\u00a0o\u0161etrovanie jazdeckej v\u00fdstroje.\",\"breadcrumb\":{\"@id\":\"https:\/\/arak.spicehorse.eu\/sk\/produkt\/one-equestrian-spongia-2-ks\/#breadcrumb\"},\"inLanguage\":\"sk-SK\",\"potentialAction\":[{\"@type\":\"ReadAction\",\"target\":[\"https:\/\/arak.spicehorse.eu\/sk\/produkt\/one-equestrian-spongia-2-ks\/\"]}]},{\"@type\":\"BreadcrumbList\",\"@id\":\"https:\/\/arak.spicehorse.eu\/sk\/produkt\/one-equestrian-spongia-2-ks\/#breadcrumb\",\"itemListElement\":[{\"@type\":\"ListItem\",\"position\":1,\"name\":\"Home\",\"item\":\"https:\/\/arak.spicehorse.eu\/sk\/\"},{\"@type\":\"ListItem\",\"position\":2,\"name\":\"Predaj\u0148a\",\"item\":\"https:\/\/arak.spicehorse.eu\/sk\/predajna\/\"},{\"@type\":\"ListItem\",\"position\":3,\"name\":\"ONE Equestrian \u0161pongia 2 ks\"}]},{\"@type\":\"WebSite\",\"@id\":\"https:\/\/arak.spicehorse.eu\/en\/#website\",\"url\":\"https:\/\/arak.spicehorse.eu\/en\/\",\"name\":\"Spicehorse\",\"description\":\"UNDER DEVELOPMENT -\",\"potentialAction\":[{\"@type\":\"SearchAction\",\"target\":{\"@type\":\"EntryPoint\",\"urlTemplate\":\"https:\/\/arak.spicehorse.eu\/en\/?s={search_term_string}\"},\"query-input\":\"required name=search_term_string\"}],\"inLanguage\":\"sk-SK\"}]}<\/script>\n<!-- \/ Yoast SEO plugin. -->","yoast_head_json":{"title":"ONE Equestrian \u0161pongia 2 ks - Spicehorse","description":"spicehorse.eu | ONE Equestrian set \u0161pongi\u00ed pozost\u00e1vaj\u00faci z\u00a02 kusov je navrhnut\u00fd na \u010distenie a\u00a0o\u0161etrovanie jazdeckej v\u00fdstroje.","robots":{"index":"index","follow":"follow","max-snippet":"max-snippet:-1","max-image-preview":"max-image-preview:large","max-video-preview":"max-video-preview:-1"},"canonical":"https:\/\/arak.spicehorse.eu\/sk\/produkt\/one-equestrian-spongia-2-ks\/","og_locale":"sk_SK","og_type":"article","og_title":"ONE Equestrian \u0161pongia 2 ks - Spicehorse","og_description":"spicehorse.eu | ONE Equestrian set \u0161pongi\u00ed pozost\u00e1vaj\u00faci z\u00a02 kusov je navrhnut\u00fd na \u010distenie a\u00a0o\u0161etrovanie jazdeckej v\u00fdstroje.","og_url":"https:\/\/arak.spicehorse.eu\/sk\/produkt\/one-equestrian-spongia-2-ks\/","og_site_name":"Spicehorse","article_publisher":"https:\/\/www.facebook.com\/SPICEHORSE-550385625402457\/","article_modified_time":"2024-03-12T18:14:39+00:00","og_image":[{"width":1080,"height":1080,"url":"https:\/\/arak.spicehorse.eu\/wp-content\/uploads\/2022\/06\/A-2.png","type":"image\/png"}],"twitter_card":"summary_large_image","schema":{"@context":"https:\/\/schema.org","@graph":[{"@type":"WebPage","@id":"https:\/\/arak.spicehorse.eu\/sk\/produkt\/one-equestrian-spongia-2-ks\/","url":"https:\/\/arak.spicehorse.eu\/sk\/produkt\/one-equestrian-spongia-2-ks\/","name":"ONE Equestrian \u0161pongia 2 ks - Spicehorse","isPartOf":{"@id":"https:\/\/arak.spicehorse.eu\/en\/#website"},"datePublished":"2022-06-10T16:48:38+00:00","dateModified":"2024-03-12T18:14:39+00:00","description":"spicehorse.eu | ONE Equestrian set \u0161pongi\u00ed pozost\u00e1vaj\u00faci z\u00a02 kusov je navrhnut\u00fd na \u010distenie a\u00a0o\u0161etrovanie jazdeckej v\u00fdstroje.","breadcrumb":{"@id":"https:\/\/arak.spicehorse.eu\/sk\/produkt\/one-equestrian-spongia-2-ks\/#breadcrumb"},"inLanguage":"sk-SK","potentialAction":[{"@type":"ReadAction","target":["https:\/\/arak.spicehorse.eu\/sk\/produkt\/one-equestrian-spongia-2-ks\/"]}]},{"@type":"BreadcrumbList","@id":"https:\/\/arak.spicehorse.eu\/sk\/produkt\/one-equestrian-spongia-2-ks\/#breadcrumb","itemListElement":[{"@type":"ListItem","position":1,"name":"Home","item":"https:\/\/arak.spicehorse.eu\/sk\/"},{"@type":"ListItem","position":2,"name":"Predaj\u0148a","item":"https:\/\/arak.spicehorse.eu\/sk\/predajna\/"},{"@type":"ListItem","position":3,"name":"ONE Equestrian \u0161pongia 2 ks"}]},{"@type":"WebSite","@id":"https:\/\/arak.spicehorse.eu\/en\/#website","url":"https:\/\/arak.spicehorse.eu\/en\/","name":"Spicehorse","description":"UNDER DEVELOPMENT -","potentialAction":[{"@type":"SearchAction","target":{"@type":"EntryPoint","urlTemplate":"https:\/\/arak.spicehorse.eu\/en\/?s={search_term_string}"},"query-input":"required name=search_term_string"}],"inLanguage":"sk-SK"}]}},"_links":{"self":[{"href":"https:\/\/arak.spicehorse.eu\/sk\/wp-json\/wp\/v2\/product\/61452"}],"collection":[{"href":"https:\/\/arak.spicehorse.eu\/sk\/wp-json\/wp\/v2\/product"}],"about":[{"href":"https:\/\/arak.spicehorse.eu\/sk\/wp-json\/wp\/v2\/types\/product"}],"wp:featuredmedia":[{"embeddable":true,"href":"https:\/\/arak.spicehorse.eu\/sk\/wp-json\/wp\/v2\/media\/61455"}],"wp:attachment":[{"href":"https:\/\/arak.spicehorse.eu\/sk\/wp-json\/wp\/v2\/media?parent=61452"}],"wp:term":[{"taxonomy":"product_cat","embeddable":true,"href":"https:\/\/arak.spicehorse.eu\/sk\/wp-json\/wp\/v2\/product_cat?post=61452"},{"taxonomy":"product_tag","embeddable":true,"href":"https:\/\/arak.spicehorse.eu\/sk\/wp-json\/wp\/v2\/product_tag?post=61452"}],"curies":[{"name":"wp","href":"https:\/\/api.w.org\/{rel}","templated":true}]}}