{"id":61648,"date":"2022-06-14T10:42:26","date_gmt":"2022-06-14T08:42:27","guid":{"rendered":"https:\/\/arak.spicehorse.eu\/?post_type=product&#038;p=61648"},"modified":"2022-07-13T10:53:31","modified_gmt":"2022-07-13T08:53:31","slug":"one-equestrian-samodrziaci-obvaz","status":"publish","type":"product","link":"https:\/\/arak.spicehorse.eu\/sk\/produkt\/one-equestrian-samodrziaci-obvaz\/","title":{"rendered":"ONE Equestrian samodr\u017eiaci obv\u00e4z"},"content":{"rendered":"<p>Samodr\u017eiaci a pru\u017en\u00fd ONE Equestrian obv\u00e4z. Je pevn\u00fd a\u00a0pohodln\u00fd, jednoduch\u00e9 pou\u017eitie. Je ide\u00e1lny aj na \u0165a\u017eko pr\u00edstupn\u00fdch miestach, ako napr\u00edklad kopyto a\u00a0koleno.<\/p>\n<p>Ve\u013ekos\u0165: 10cm x 4,5m<\/p>\n<p><strong>Pozor!<\/strong>\u00a0Obsahuje zlo\u017eky pr\u00edrodnej gumy, ktor\u00e9 m\u00f4\u017eu vyvola\u0165 alergick\u00fa reakciu. Umiestnite samodr\u017eiaci ONE Wrap obv\u00e4z tak, \u017ee ho pri viazan\u00ed natiahnete o\u00a050%. Pr\u00edli\u0161 pevn\u00e9 uviazanie m\u00f4\u017ee zn\u00ed\u017ei\u0165 krvn\u00fd obeh. ONE Equestrian samodr\u017eiaci obv\u00e4z sa mus\u00ed denne odstr\u00e1ni\u0165 a\u00a0v\u00a0pr\u00edpade potreby opakovane aplikova\u0165. Nesmie sa pou\u017e\u00edva\u0165 bezprostredne na otvoren\u00e9 rany.<\/p>\n","protected":false},"excerpt":{"rendered":"<p>Samodr\u017eiaci a pru\u017en\u00fd ONE Equestrian obv\u00e4z. Je pevn\u00fd a\u00a0pohodln\u00fd, jednoduch\u00e9 pou\u017eitie. Je ide\u00e1lny aj na \u0165a\u017eko pr\u00edstupn\u00fdch miestach, ako napr\u00edklad kopyto a\u00a0koleno. Ve\u013ekos\u0165: 10cm x 4,5m Pozor!\u00a0Obsahuje zlo\u017eky pr\u00edrodnej gumy, ktor\u00e9 m\u00f4\u017eu vyvola\u0165 alergick\u00fa reakciu. Umiestnite samodr\u017eiaci ONE Wrap obv\u00e4z tak, \u017ee ho pri viazan\u00ed natiahnete o\u00a050%. Pr\u00edli\u0161 pevn\u00e9 uviazanie m\u00f4\u017ee zn\u00ed\u017ei\u0165 krvn\u00fd obeh. ONE [&hellip;]<\/p>\n","protected":false},"featured_media":61651,"template":"","meta":{"_acf_changed":false},"product_cat":[75,106,120,118],"product_tag":[467,1292,401,442,444],"acf":[],"yoast_head":"<!-- This site is optimized with the Yoast SEO plugin v21.4 - https:\/\/yoast.com\/wordpress\/plugins\/seo\/ -->\n<title>ONE Equestrian samodr\u017eiaci obv\u00e4z - Spicehorse<\/title>\n<meta name=\"description\" content=\"spicehorse.eu | Samodr\u017eiaci a pru\u017en\u00fd ONE Equestrian obv\u00e4z. Je pevn\u00fd a\u00a0pohodln\u00fd, jednoduch\u00e9 pou\u017eitie.\" \/>\n<meta name=\"robots\" content=\"index, follow, max-snippet:-1, max-image-preview:large, max-video-preview:-1\" \/>\n<link rel=\"canonical\" href=\"https:\/\/arak.spicehorse.eu\/termek\/one-equestrian-ontapados-fasli\/\" \/>\n<meta property=\"og:locale\" content=\"sk_SK\" \/>\n<meta property=\"og:type\" content=\"article\" \/>\n<meta property=\"og:title\" content=\"ONE Equestrian samodr\u017eiaci obv\u00e4z - Spicehorse\" \/>\n<meta property=\"og:description\" content=\"spicehorse.eu | Samodr\u017eiaci a pru\u017en\u00fd ONE Equestrian obv\u00e4z. Je pevn\u00fd a\u00a0pohodln\u00fd, jednoduch\u00e9 pou\u017eitie.\" \/>\n<meta property=\"og:url\" content=\"https:\/\/arak.spicehorse.eu\/termek\/one-equestrian-ontapados-fasli\/\" \/>\n<meta property=\"og:site_name\" content=\"Spicehorse\" \/>\n<meta property=\"article:publisher\" content=\"https:\/\/www.facebook.com\/SPICEHORSE-550385625402457\/\" \/>\n<meta property=\"article:modified_time\" content=\"2022-07-13T08:53:31+00:00\" \/>\n<meta property=\"og:image\" content=\"https:\/\/arak.spicehorse.eu\/wp-content\/uploads\/2022\/06\/IrisvanMeijlFotografie-3206.jpg\" \/>\n\t<meta property=\"og:image:width\" content=\"898\" \/>\n\t<meta property=\"og:image:height\" content=\"1350\" \/>\n\t<meta property=\"og:image:type\" content=\"image\/jpeg\" \/>\n<meta name=\"twitter:card\" content=\"summary_large_image\" \/>\n<meta name=\"twitter:label1\" content=\"Predpokladan\u00fd \u010das \u010d\u00edtania\" \/>\n\t<meta name=\"twitter:data1\" content=\"1 min\u00fata\" \/>\n<script type=\"application\/ld+json\" class=\"yoast-schema-graph\">{\"@context\":\"https:\/\/schema.org\",\"@graph\":[{\"@type\":\"WebPage\",\"@id\":\"https:\/\/arak.spicehorse.eu\/termek\/one-equestrian-ontapados-fasli\/\",\"url\":\"https:\/\/arak.spicehorse.eu\/termek\/one-equestrian-ontapados-fasli\/\",\"name\":\"ONE Equestrian samodr\u017eiaci obv\u00e4z - Spicehorse\",\"isPartOf\":{\"@id\":\"https:\/\/arak.spicehorse.eu\/en\/#website\"},\"datePublished\":\"2022-06-14T08:42:27+00:00\",\"dateModified\":\"2022-07-13T08:53:31+00:00\",\"description\":\"spicehorse.eu | Samodr\u017eiaci a pru\u017en\u00fd ONE Equestrian obv\u00e4z. Je pevn\u00fd a\u00a0pohodln\u00fd, jednoduch\u00e9 pou\u017eitie.\",\"breadcrumb\":{\"@id\":\"https:\/\/arak.spicehorse.eu\/termek\/one-equestrian-ontapados-fasli\/#breadcrumb\"},\"inLanguage\":\"sk-SK\",\"potentialAction\":[{\"@type\":\"ReadAction\",\"target\":[\"https:\/\/arak.spicehorse.eu\/termek\/one-equestrian-ontapados-fasli\/\"]}]},{\"@type\":\"BreadcrumbList\",\"@id\":\"https:\/\/arak.spicehorse.eu\/termek\/one-equestrian-ontapados-fasli\/#breadcrumb\",\"itemListElement\":[{\"@type\":\"ListItem\",\"position\":1,\"name\":\"Home\",\"item\":\"https:\/\/arak.spicehorse.eu\/sk\/\"},{\"@type\":\"ListItem\",\"position\":2,\"name\":\"Predaj\u0148a\",\"item\":\"https:\/\/arak.spicehorse.eu\/sk\/predajna\/\"},{\"@type\":\"ListItem\",\"position\":3,\"name\":\"ONE Equestrian samodr\u017eiaci obv\u00e4z\"}]},{\"@type\":\"WebSite\",\"@id\":\"https:\/\/arak.spicehorse.eu\/en\/#website\",\"url\":\"https:\/\/arak.spicehorse.eu\/en\/\",\"name\":\"Spicehorse\",\"description\":\"UNDER DEVELOPMENT -\",\"potentialAction\":[{\"@type\":\"SearchAction\",\"target\":{\"@type\":\"EntryPoint\",\"urlTemplate\":\"https:\/\/arak.spicehorse.eu\/en\/?s={search_term_string}\"},\"query-input\":\"required name=search_term_string\"}],\"inLanguage\":\"sk-SK\"}]}<\/script>\n<!-- \/ Yoast SEO plugin. -->","yoast_head_json":{"title":"ONE Equestrian samodr\u017eiaci obv\u00e4z - Spicehorse","description":"spicehorse.eu | Samodr\u017eiaci a pru\u017en\u00fd ONE Equestrian obv\u00e4z. Je pevn\u00fd a\u00a0pohodln\u00fd, jednoduch\u00e9 pou\u017eitie.","robots":{"index":"index","follow":"follow","max-snippet":"max-snippet:-1","max-image-preview":"max-image-preview:large","max-video-preview":"max-video-preview:-1"},"canonical":"https:\/\/arak.spicehorse.eu\/termek\/one-equestrian-ontapados-fasli\/","og_locale":"sk_SK","og_type":"article","og_title":"ONE Equestrian samodr\u017eiaci obv\u00e4z - Spicehorse","og_description":"spicehorse.eu | Samodr\u017eiaci a pru\u017en\u00fd ONE Equestrian obv\u00e4z. Je pevn\u00fd a\u00a0pohodln\u00fd, jednoduch\u00e9 pou\u017eitie.","og_url":"https:\/\/arak.spicehorse.eu\/termek\/one-equestrian-ontapados-fasli\/","og_site_name":"Spicehorse","article_publisher":"https:\/\/www.facebook.com\/SPICEHORSE-550385625402457\/","article_modified_time":"2022-07-13T08:53:31+00:00","og_image":[{"width":898,"height":1350,"url":"https:\/\/arak.spicehorse.eu\/wp-content\/uploads\/2022\/06\/IrisvanMeijlFotografie-3206.jpg","type":"image\/jpeg"}],"twitter_card":"summary_large_image","twitter_misc":{"Predpokladan\u00fd \u010das \u010d\u00edtania":"1 min\u00fata"},"schema":{"@context":"https:\/\/schema.org","@graph":[{"@type":"WebPage","@id":"https:\/\/arak.spicehorse.eu\/termek\/one-equestrian-ontapados-fasli\/","url":"https:\/\/arak.spicehorse.eu\/termek\/one-equestrian-ontapados-fasli\/","name":"ONE Equestrian samodr\u017eiaci obv\u00e4z - Spicehorse","isPartOf":{"@id":"https:\/\/arak.spicehorse.eu\/en\/#website"},"datePublished":"2022-06-14T08:42:27+00:00","dateModified":"2022-07-13T08:53:31+00:00","description":"spicehorse.eu | Samodr\u017eiaci a pru\u017en\u00fd ONE Equestrian obv\u00e4z. Je pevn\u00fd a\u00a0pohodln\u00fd, jednoduch\u00e9 pou\u017eitie.","breadcrumb":{"@id":"https:\/\/arak.spicehorse.eu\/termek\/one-equestrian-ontapados-fasli\/#breadcrumb"},"inLanguage":"sk-SK","potentialAction":[{"@type":"ReadAction","target":["https:\/\/arak.spicehorse.eu\/termek\/one-equestrian-ontapados-fasli\/"]}]},{"@type":"BreadcrumbList","@id":"https:\/\/arak.spicehorse.eu\/termek\/one-equestrian-ontapados-fasli\/#breadcrumb","itemListElement":[{"@type":"ListItem","position":1,"name":"Home","item":"https:\/\/arak.spicehorse.eu\/sk\/"},{"@type":"ListItem","position":2,"name":"Predaj\u0148a","item":"https:\/\/arak.spicehorse.eu\/sk\/predajna\/"},{"@type":"ListItem","position":3,"name":"ONE Equestrian samodr\u017eiaci obv\u00e4z"}]},{"@type":"WebSite","@id":"https:\/\/arak.spicehorse.eu\/en\/#website","url":"https:\/\/arak.spicehorse.eu\/en\/","name":"Spicehorse","description":"UNDER DEVELOPMENT -","potentialAction":[{"@type":"SearchAction","target":{"@type":"EntryPoint","urlTemplate":"https:\/\/arak.spicehorse.eu\/en\/?s={search_term_string}"},"query-input":"required name=search_term_string"}],"inLanguage":"sk-SK"}]}},"_links":{"self":[{"href":"https:\/\/arak.spicehorse.eu\/sk\/wp-json\/wp\/v2\/product\/61648"}],"collection":[{"href":"https:\/\/arak.spicehorse.eu\/sk\/wp-json\/wp\/v2\/product"}],"about":[{"href":"https:\/\/arak.spicehorse.eu\/sk\/wp-json\/wp\/v2\/types\/product"}],"wp:featuredmedia":[{"embeddable":true,"href":"https:\/\/arak.spicehorse.eu\/sk\/wp-json\/wp\/v2\/media\/61651"}],"wp:attachment":[{"href":"https:\/\/arak.spicehorse.eu\/sk\/wp-json\/wp\/v2\/media?parent=61648"}],"wp:term":[{"taxonomy":"product_cat","embeddable":true,"href":"https:\/\/arak.spicehorse.eu\/sk\/wp-json\/wp\/v2\/product_cat?post=61648"},{"taxonomy":"product_tag","embeddable":true,"href":"https:\/\/arak.spicehorse.eu\/sk\/wp-json\/wp\/v2\/product_tag?post=61648"}],"curies":[{"name":"wp","href":"https:\/\/api.w.org\/{rel}","templated":true}]}}