{"id":62191,"date":"2022-06-25T13:38:47","date_gmt":"2022-06-25T11:38:49","guid":{"rendered":"https:\/\/arak.spicehorse.eu\/?post_type=product&#038;p=62191"},"modified":"2023-11-23T11:24:22","modified_gmt":"2023-11-23T10:24:22","slug":"kentucky-pro-taska-na-deky-a-podsedlove-decku","status":"publish","type":"product","link":"https:\/\/arak.spicehorse.eu\/sk\/produkt\/kentucky-pro-taska-na-deky-a-podsedlove-decku\/","title":{"rendered":"Kentucky Pro ta\u0161ka na deky a podsedlov\u00e9 de\u010dku"},"content":{"rendered":"<p class=\"s13\"><span class=\"s11\">T\u00e1to ta\u0161ka na skladovanie diek a\u00a0<\/span><span class=\"s11\">podsedlov\u00fdch<\/span><span class=\"s11\"> de\u010diek je ide\u00e1lnou vo\u013ebou na s\u00fa\u0165a\u017ee aj na dom\u00e1ce pou\u017eitie. V\u010faka ve\u013ek\u00fdm rozmerom v\u00a0nej mo\u017eno po\u013eahky ulo\u017ei\u0165 aj viacero diek a\u00a0<\/span><span class=\"s11\">podsedlov\u00fdch<\/span><span class=\"s11\"> de\u010diek. Na\u0161a v\u00fdbava v\u00a0nej zostane such\u00e1 a\u00a0\u010dist\u00e1. \u0160tepovanie v\u00a0tvare \u0161tvorcov, dokonale lad\u00ed s\u00a0ostatn\u00fdmi setmi Kentucky ur\u010den\u00fdmi na cestovanie.<\/span><\/p>\n<p class=\"s13\"><span class=\"s11\">Vonkaj\u0161\u00ed materi\u00e1l je nepremokav\u00fd, vn\u00fatorn\u00e1 \u010das\u0165 je vyroben\u00e1 z\u00a0antibakteri\u00e1lneho <\/span><span class=\"s11\">polyesteru<\/span><span class=\"s11\">. Spodn\u00e1 \u010das\u0165 je z <\/span><span class=\"s11\">3D <\/span><span class=\"s11\">Spacer<\/span> <span class=\"s11\">materi\u00e1lu, aby neprep\u00fa\u0161\u0165ala vlhkos\u0165, pri\u010dom zabezpe\u010duje dostato\u010dn\u00e9 vetranie pre v\u00fdbavu.<\/span><\/p>\n<p class=\"s13\"><span class=\"s11\">V\u010faka ve\u013ek\u00fdm rozmerom sa do<\/span><a name=\"_GoBack\"><\/a><span class=\"s11\">\u00a0nej po\u013eahky zmest\u00ed hoci aj 4-6 diek alebo 15 <\/span><span class=\"s11\">podsedlov\u00fdch<\/span><span class=\"s11\"> de\u010diek. S\u00a0pevnou a\u00a0odolnou r\u00fa\u010dkou.<\/span><\/p>\n<p class=\"s13\"><span class=\"s11\">Mo\u017eno pra\u0165 v\u00a0pr\u00e1\u010dke na 30\u00b0C, nevkladajte do su\u0161i\u010dky.<\/span><\/p>\n","protected":false},"excerpt":{"rendered":"<h3 class=\"s9\"><span class=\"s8\">Skladujte va\u0161e <\/span><span class=\"s8\">podsedlov\u00e9<\/span><span class=\"s8\"> de\u010dky a\u00a0deky v <\/span><span class=\"s8\">Kentucky <\/span><span class=\"s8\">Horsewear<\/span><span class=\"s8\"> ta\u0161ke na deky a\u00a0<\/span><span class=\"s8\">podsedlov\u00e9<\/span><span class=\"s8\"> de\u010dky. <\/span><\/h3>\n<ul>\n<li class=\"s12\"><span class=\"s11\">Ve\u013ek\u00e1 ta\u0161ka na skladovanie diek a\u00a0<\/span><span class=\"s11\">podsedlov\u00fdch<\/span> <span class=\"s11\">de\u010diek<\/span><\/li>\n<li class=\"s12\"><span class=\"s11\">Udr\u017euje deky \u010dist\u00e9 a such\u00e9<\/span><\/li>\n<li class=\"s12\"><span class=\"s11\">Dokonale lad\u00ed s\u00a0ostatn\u00fdmi v\u00fdrobkami <\/span><span class=\"s11\">Kentucky<\/span><span class=\"s11\"> na cestovanie<\/span><\/li>\n<li class=\"s12\"><span class=\"s11\">Ide\u00e1lna na dom\u00e1ce pou\u017eitie alebo po\u010das s\u00fa\u0165a\u017e\u00ed<\/span><\/li>\n<\/ul>\n","protected":false},"featured_media":62199,"template":"","meta":{"_acf_changed":false},"product_cat":[75,120],"product_tag":[135,184],"acf":[],"yoast_head":"<!-- This site is optimized with the Yoast SEO plugin v21.4 - https:\/\/yoast.com\/wordpress\/plugins\/seo\/ -->\n<title>Kentucky Pro ta\u0161ka na deky a podsedlov\u00e9 de\u010dku - Spicehorse<\/title>\n<meta name=\"description\" content=\"spicehorse.eu | Skladujte va\u0161e podsedlov\u00e9 de\u010dky a\u00a0deky v Kentucky Horsewear ta\u0161ke na deky a\u00a0podsedlov\u00e9 de\u010dky.\" \/>\n<meta name=\"robots\" content=\"index, follow, max-snippet:-1, max-image-preview:large, max-video-preview:-1\" \/>\n<link rel=\"canonical\" href=\"https:\/\/arak.spicehorse.eu\/sk\/produkt\/kentucky-pro-taska-na-deky-a-podsedlove-decku\/\" \/>\n<meta property=\"og:locale\" content=\"sk_SK\" \/>\n<meta property=\"og:type\" content=\"article\" \/>\n<meta property=\"og:title\" content=\"Kentucky Pro ta\u0161ka na deky a podsedlov\u00e9 de\u010dku - Spicehorse\" \/>\n<meta property=\"og:description\" content=\"spicehorse.eu | Skladujte va\u0161e podsedlov\u00e9 de\u010dky a\u00a0deky v Kentucky Horsewear ta\u0161ke na deky a\u00a0podsedlov\u00e9 de\u010dky.\" \/>\n<meta property=\"og:url\" content=\"https:\/\/arak.spicehorse.eu\/sk\/produkt\/kentucky-pro-taska-na-deky-a-podsedlove-decku\/\" \/>\n<meta property=\"og:site_name\" content=\"Spicehorse\" \/>\n<meta property=\"article:publisher\" content=\"https:\/\/www.facebook.com\/SPICEHORSE-550385625402457\/\" \/>\n<meta property=\"article:modified_time\" content=\"2023-11-23T10:24:22+00:00\" \/>\n<meta property=\"og:image\" content=\"https:\/\/arak.spicehorse.eu\/wp-content\/uploads\/2022\/06\/1A2E6785-5501-4F05-A0EC-F75F348EB24B.jpeg\" \/>\n\t<meta property=\"og:image:width\" content=\"2048\" \/>\n\t<meta property=\"og:image:height\" content=\"2048\" \/>\n\t<meta property=\"og:image:type\" content=\"image\/jpeg\" \/>\n<meta name=\"twitter:card\" content=\"summary_large_image\" \/>\n<meta name=\"twitter:label1\" content=\"Predpokladan\u00fd \u010das \u010d\u00edtania\" \/>\n\t<meta name=\"twitter:data1\" content=\"1 min\u00fata\" \/>\n<script type=\"application\/ld+json\" class=\"yoast-schema-graph\">{\"@context\":\"https:\/\/schema.org\",\"@graph\":[{\"@type\":\"WebPage\",\"@id\":\"https:\/\/arak.spicehorse.eu\/sk\/produkt\/kentucky-pro-taska-na-deky-a-podsedlove-decku\/\",\"url\":\"https:\/\/arak.spicehorse.eu\/sk\/produkt\/kentucky-pro-taska-na-deky-a-podsedlove-decku\/\",\"name\":\"Kentucky Pro ta\u0161ka na deky a podsedlov\u00e9 de\u010dku - Spicehorse\",\"isPartOf\":{\"@id\":\"https:\/\/arak.spicehorse.eu\/en\/#website\"},\"datePublished\":\"2022-06-25T11:38:49+00:00\",\"dateModified\":\"2023-11-23T10:24:22+00:00\",\"description\":\"spicehorse.eu | Skladujte va\u0161e podsedlov\u00e9 de\u010dky a\u00a0deky v Kentucky Horsewear ta\u0161ke na deky a\u00a0podsedlov\u00e9 de\u010dky.\",\"breadcrumb\":{\"@id\":\"https:\/\/arak.spicehorse.eu\/sk\/produkt\/kentucky-pro-taska-na-deky-a-podsedlove-decku\/#breadcrumb\"},\"inLanguage\":\"sk-SK\",\"potentialAction\":[{\"@type\":\"ReadAction\",\"target\":[\"https:\/\/arak.spicehorse.eu\/sk\/produkt\/kentucky-pro-taska-na-deky-a-podsedlove-decku\/\"]}]},{\"@type\":\"BreadcrumbList\",\"@id\":\"https:\/\/arak.spicehorse.eu\/sk\/produkt\/kentucky-pro-taska-na-deky-a-podsedlove-decku\/#breadcrumb\",\"itemListElement\":[{\"@type\":\"ListItem\",\"position\":1,\"name\":\"Home\",\"item\":\"https:\/\/arak.spicehorse.eu\/sk\/\"},{\"@type\":\"ListItem\",\"position\":2,\"name\":\"Predaj\u0148a\",\"item\":\"https:\/\/arak.spicehorse.eu\/sk\/predajna\/\"},{\"@type\":\"ListItem\",\"position\":3,\"name\":\"Kentucky Pro ta\u0161ka na deky a podsedlov\u00e9 de\u010dku\"}]},{\"@type\":\"WebSite\",\"@id\":\"https:\/\/arak.spicehorse.eu\/en\/#website\",\"url\":\"https:\/\/arak.spicehorse.eu\/en\/\",\"name\":\"Spicehorse\",\"description\":\"UNDER DEVELOPMENT -\",\"potentialAction\":[{\"@type\":\"SearchAction\",\"target\":{\"@type\":\"EntryPoint\",\"urlTemplate\":\"https:\/\/arak.spicehorse.eu\/en\/?s={search_term_string}\"},\"query-input\":\"required name=search_term_string\"}],\"inLanguage\":\"sk-SK\"}]}<\/script>\n<!-- \/ Yoast SEO plugin. -->","yoast_head_json":{"title":"Kentucky Pro ta\u0161ka na deky a podsedlov\u00e9 de\u010dku - Spicehorse","description":"spicehorse.eu | Skladujte va\u0161e podsedlov\u00e9 de\u010dky a\u00a0deky v Kentucky Horsewear ta\u0161ke na deky a\u00a0podsedlov\u00e9 de\u010dky.","robots":{"index":"index","follow":"follow","max-snippet":"max-snippet:-1","max-image-preview":"max-image-preview:large","max-video-preview":"max-video-preview:-1"},"canonical":"https:\/\/arak.spicehorse.eu\/sk\/produkt\/kentucky-pro-taska-na-deky-a-podsedlove-decku\/","og_locale":"sk_SK","og_type":"article","og_title":"Kentucky Pro ta\u0161ka na deky a podsedlov\u00e9 de\u010dku - Spicehorse","og_description":"spicehorse.eu | Skladujte va\u0161e podsedlov\u00e9 de\u010dky a\u00a0deky v Kentucky Horsewear ta\u0161ke na deky a\u00a0podsedlov\u00e9 de\u010dky.","og_url":"https:\/\/arak.spicehorse.eu\/sk\/produkt\/kentucky-pro-taska-na-deky-a-podsedlove-decku\/","og_site_name":"Spicehorse","article_publisher":"https:\/\/www.facebook.com\/SPICEHORSE-550385625402457\/","article_modified_time":"2023-11-23T10:24:22+00:00","og_image":[{"width":2048,"height":2048,"url":"https:\/\/arak.spicehorse.eu\/wp-content\/uploads\/2022\/06\/1A2E6785-5501-4F05-A0EC-F75F348EB24B.jpeg","type":"image\/jpeg"}],"twitter_card":"summary_large_image","twitter_misc":{"Predpokladan\u00fd \u010das \u010d\u00edtania":"1 min\u00fata"},"schema":{"@context":"https:\/\/schema.org","@graph":[{"@type":"WebPage","@id":"https:\/\/arak.spicehorse.eu\/sk\/produkt\/kentucky-pro-taska-na-deky-a-podsedlove-decku\/","url":"https:\/\/arak.spicehorse.eu\/sk\/produkt\/kentucky-pro-taska-na-deky-a-podsedlove-decku\/","name":"Kentucky Pro ta\u0161ka na deky a podsedlov\u00e9 de\u010dku - Spicehorse","isPartOf":{"@id":"https:\/\/arak.spicehorse.eu\/en\/#website"},"datePublished":"2022-06-25T11:38:49+00:00","dateModified":"2023-11-23T10:24:22+00:00","description":"spicehorse.eu | Skladujte va\u0161e podsedlov\u00e9 de\u010dky a\u00a0deky v Kentucky Horsewear ta\u0161ke na deky a\u00a0podsedlov\u00e9 de\u010dky.","breadcrumb":{"@id":"https:\/\/arak.spicehorse.eu\/sk\/produkt\/kentucky-pro-taska-na-deky-a-podsedlove-decku\/#breadcrumb"},"inLanguage":"sk-SK","potentialAction":[{"@type":"ReadAction","target":["https:\/\/arak.spicehorse.eu\/sk\/produkt\/kentucky-pro-taska-na-deky-a-podsedlove-decku\/"]}]},{"@type":"BreadcrumbList","@id":"https:\/\/arak.spicehorse.eu\/sk\/produkt\/kentucky-pro-taska-na-deky-a-podsedlove-decku\/#breadcrumb","itemListElement":[{"@type":"ListItem","position":1,"name":"Home","item":"https:\/\/arak.spicehorse.eu\/sk\/"},{"@type":"ListItem","position":2,"name":"Predaj\u0148a","item":"https:\/\/arak.spicehorse.eu\/sk\/predajna\/"},{"@type":"ListItem","position":3,"name":"Kentucky Pro ta\u0161ka na deky a podsedlov\u00e9 de\u010dku"}]},{"@type":"WebSite","@id":"https:\/\/arak.spicehorse.eu\/en\/#website","url":"https:\/\/arak.spicehorse.eu\/en\/","name":"Spicehorse","description":"UNDER DEVELOPMENT -","potentialAction":[{"@type":"SearchAction","target":{"@type":"EntryPoint","urlTemplate":"https:\/\/arak.spicehorse.eu\/en\/?s={search_term_string}"},"query-input":"required name=search_term_string"}],"inLanguage":"sk-SK"}]}},"_links":{"self":[{"href":"https:\/\/arak.spicehorse.eu\/sk\/wp-json\/wp\/v2\/product\/62191"}],"collection":[{"href":"https:\/\/arak.spicehorse.eu\/sk\/wp-json\/wp\/v2\/product"}],"about":[{"href":"https:\/\/arak.spicehorse.eu\/sk\/wp-json\/wp\/v2\/types\/product"}],"wp:featuredmedia":[{"embeddable":true,"href":"https:\/\/arak.spicehorse.eu\/sk\/wp-json\/wp\/v2\/media\/62199"}],"wp:attachment":[{"href":"https:\/\/arak.spicehorse.eu\/sk\/wp-json\/wp\/v2\/media?parent=62191"}],"wp:term":[{"taxonomy":"product_cat","embeddable":true,"href":"https:\/\/arak.spicehorse.eu\/sk\/wp-json\/wp\/v2\/product_cat?post=62191"},{"taxonomy":"product_tag","embeddable":true,"href":"https:\/\/arak.spicehorse.eu\/sk\/wp-json\/wp\/v2\/product_tag?post=62191"}],"curies":[{"name":"wp","href":"https:\/\/api.w.org\/{rel}","templated":true}]}}