{"id":62379,"date":"2022-07-04T12:07:33","date_gmt":"2022-07-04T10:07:33","guid":{"rendered":"https:\/\/arak.spicehorse.eu\/?post_type=product&#038;p=62379"},"modified":"2023-11-23T11:23:12","modified_gmt":"2023-11-23T10:23:12","slug":"kentucky-tendon-grip-ponozky","status":"publish","type":"product","link":"https:\/\/arak.spicehorse.eu\/sk\/produkt\/kentucky-tendon-grip-ponozky\/","title":{"rendered":"Kentucky Tendon Grip pono\u017eky"},"content":{"rendered":"<p>Kentucky Horsewear Tendon Grip pono\u017eky chr\u00e1nia nohy ko\u0148a pred vy\u0161\u00fachan\u00edm sp\u00f4soben\u00fdm chr\u00e1ni\u010dmi, pred poraneniami, bakt\u00e9riami, hubami a\u00a0zne\u010disten\u00edm, z\u00e1rove\u0148 poskytuj\u00fa extra oporu \u0161\u013each\u00e1m. M\u00f4\u017eu sa pou\u017ei\u0165 aj na ochladzovanie \u0165a\u017eko dostupn\u00fdch \u010dast\u00ed n\u00f4h. S\u00fa ide\u00e1lnou vo\u013ebou pre kone s citliv\u00fdmi kopytami a \u0161k\u00e1rami\u00a0 pri pou\u017e\u00edvan\u00ed zvonov na kopyt\u00e1. S\u00fa ako druh\u00e1 ko\u017ea, ich pou\u017e\u00edvanie nie je pre kone ru\u0161iv\u00e9. Ich pou\u017eitie je ve\u013emi jednoduch\u00e9, nastrihaj\u00fa sa na potrebn\u00fa ve\u013ekos\u0165 a prevle\u010d\u00fa sa cez kopyt\u00e1 na potrebn\u00e9 miesto. Odpor\u00fa\u010dame horn\u00fa \u010das\u0165 pono\u017eiek upevni\u0165 lepidlom Tesa, aby sa ur\u010dite nezo\u0161mykli pri jazden\u00ed. Kentucky Tendon Grip pono\u017eky mo\u017eno opakovane pou\u017e\u00edva\u0165, mo\u017eno ich pra\u0165 na 30\u00b0C, nevkladajte do su\u0161i\u010dky.<\/p>\n","protected":false},"excerpt":{"rendered":"<h3><strong>Kentucky Tendon Grip pono\u017eky chr\u00e1nia nohy ko\u0148a pred vy\u0161\u00fachan\u00edm sp\u00f4soben\u00fdm chr\u00e1ni\u010dmi, pred poraneniami, bakt\u00e9riami, hubami a\u00a0zne\u010disten\u00edm, z\u00e1rove\u0148 poskytuj\u00fa extra oporu \u0161\u013each\u00e1m. <\/strong><\/h3>\n<ul>\n<li>Poskytuj\u00fa oporu ako druh\u00e1 ko\u017ea<\/li>\n<li>Chr\u00e1nia pred vy\u0161\u00fachan\u00edm sp\u00f4soben\u00fdm chr\u00e1ni\u010dmi, pred bakt\u00e9riami, hubami a\u00a0zne\u010disten\u00edm<\/li>\n<li>\u013dahko sa pou\u017e\u00edvaj\u00fa a\u00a0s\u00fa bezpe\u010dn\u00e9<\/li>\n<li>Jednoducho sa nastrihaj\u00fa na potrebn\u00fa ve\u013ekos\u0165<\/li>\n<li>M\u00f4\u017eu sa pou\u017e\u00edva\u0165 opakovane<\/li>\n<li>Ve\u013ekos\u0165: \u010dierne 3m \/ b\u00e9\u017eov\u00e9 5m<\/li>\n<\/ul>\n","protected":false},"featured_media":62382,"template":"","meta":{"_acf_changed":false},"product_cat":[75,118],"product_tag":[184,442,444],"acf":[],"yoast_head":"<!-- This site is optimized with the Yoast SEO plugin v21.4 - https:\/\/yoast.com\/wordpress\/plugins\/seo\/ -->\n<title>Kentucky Tendon Grip pono\u017eky - Spicehorse<\/title>\n<meta name=\"description\" content=\"spicehorse.eu | Kentucky Horsewear Tendon Grip pono\u017eky chr\u00e1nia nohy ko\u0148a pred vy\u0161\u00fachan\u00edm sp\u00f4soben\u00fdm chr\u00e1ni\u010dmi, pred poraneniami, bakt\u00e9riami, hubami a\u00a0zne\u010disten\u00edm, z\u00e1rove\u0148 poskytuj\u00fa extra oporu \u0161\u013each\u00e1m.\" \/>\n<meta name=\"robots\" content=\"index, follow, max-snippet:-1, max-image-preview:large, max-video-preview:-1\" \/>\n<link rel=\"canonical\" href=\"https:\/\/arak.spicehorse.eu\/sk\/produkt\/kentucky-tendon-grip-ponozky\/\" \/>\n<meta property=\"og:locale\" content=\"sk_SK\" \/>\n<meta property=\"og:type\" content=\"article\" \/>\n<meta property=\"og:title\" content=\"Kentucky Tendon Grip pono\u017eky - Spicehorse\" \/>\n<meta property=\"og:description\" content=\"spicehorse.eu | Kentucky Horsewear Tendon Grip pono\u017eky chr\u00e1nia nohy ko\u0148a pred vy\u0161\u00fachan\u00edm sp\u00f4soben\u00fdm chr\u00e1ni\u010dmi, pred poraneniami, bakt\u00e9riami, hubami a\u00a0zne\u010disten\u00edm, z\u00e1rove\u0148 poskytuj\u00fa extra oporu \u0161\u013each\u00e1m.\" \/>\n<meta property=\"og:url\" content=\"https:\/\/arak.spicehorse.eu\/sk\/produkt\/kentucky-tendon-grip-ponozky\/\" \/>\n<meta property=\"og:site_name\" content=\"Spicehorse\" \/>\n<meta property=\"article:publisher\" content=\"https:\/\/www.facebook.com\/SPICEHORSE-550385625402457\/\" \/>\n<meta property=\"article:modified_time\" content=\"2023-11-23T10:23:12+00:00\" \/>\n<meta property=\"og:image\" content=\"https:\/\/arak.spicehorse.eu\/wp-content\/uploads\/2022\/07\/0df526bdee6a218ca573c43aa2387cb4.jpg\" \/>\n\t<meta property=\"og:image:width\" content=\"2048\" \/>\n\t<meta property=\"og:image:height\" content=\"2048\" \/>\n\t<meta property=\"og:image:type\" content=\"image\/jpeg\" \/>\n<meta name=\"twitter:card\" content=\"summary_large_image\" \/>\n<meta name=\"twitter:label1\" content=\"Predpokladan\u00fd \u010das \u010d\u00edtania\" \/>\n\t<meta name=\"twitter:data1\" content=\"1 min\u00fata\" \/>\n<script type=\"application\/ld+json\" class=\"yoast-schema-graph\">{\"@context\":\"https:\/\/schema.org\",\"@graph\":[{\"@type\":\"WebPage\",\"@id\":\"https:\/\/arak.spicehorse.eu\/sk\/produkt\/kentucky-tendon-grip-ponozky\/\",\"url\":\"https:\/\/arak.spicehorse.eu\/sk\/produkt\/kentucky-tendon-grip-ponozky\/\",\"name\":\"Kentucky Tendon Grip pono\u017eky - Spicehorse\",\"isPartOf\":{\"@id\":\"https:\/\/arak.spicehorse.eu\/en\/#website\"},\"datePublished\":\"2022-07-04T10:07:33+00:00\",\"dateModified\":\"2023-11-23T10:23:12+00:00\",\"description\":\"spicehorse.eu | Kentucky Horsewear Tendon Grip pono\u017eky chr\u00e1nia nohy ko\u0148a pred vy\u0161\u00fachan\u00edm sp\u00f4soben\u00fdm chr\u00e1ni\u010dmi, pred poraneniami, bakt\u00e9riami, hubami a\u00a0zne\u010disten\u00edm, z\u00e1rove\u0148 poskytuj\u00fa extra oporu \u0161\u013each\u00e1m.\",\"breadcrumb\":{\"@id\":\"https:\/\/arak.spicehorse.eu\/sk\/produkt\/kentucky-tendon-grip-ponozky\/#breadcrumb\"},\"inLanguage\":\"sk-SK\",\"potentialAction\":[{\"@type\":\"ReadAction\",\"target\":[\"https:\/\/arak.spicehorse.eu\/sk\/produkt\/kentucky-tendon-grip-ponozky\/\"]}]},{\"@type\":\"BreadcrumbList\",\"@id\":\"https:\/\/arak.spicehorse.eu\/sk\/produkt\/kentucky-tendon-grip-ponozky\/#breadcrumb\",\"itemListElement\":[{\"@type\":\"ListItem\",\"position\":1,\"name\":\"Home\",\"item\":\"https:\/\/arak.spicehorse.eu\/sk\/\"},{\"@type\":\"ListItem\",\"position\":2,\"name\":\"Predaj\u0148a\",\"item\":\"https:\/\/arak.spicehorse.eu\/sk\/predajna\/\"},{\"@type\":\"ListItem\",\"position\":3,\"name\":\"Kentucky Tendon Grip pono\u017eky\"}]},{\"@type\":\"WebSite\",\"@id\":\"https:\/\/arak.spicehorse.eu\/en\/#website\",\"url\":\"https:\/\/arak.spicehorse.eu\/en\/\",\"name\":\"Spicehorse\",\"description\":\"UNDER DEVELOPMENT -\",\"potentialAction\":[{\"@type\":\"SearchAction\",\"target\":{\"@type\":\"EntryPoint\",\"urlTemplate\":\"https:\/\/arak.spicehorse.eu\/en\/?s={search_term_string}\"},\"query-input\":\"required name=search_term_string\"}],\"inLanguage\":\"sk-SK\"}]}<\/script>\n<!-- \/ Yoast SEO plugin. -->","yoast_head_json":{"title":"Kentucky Tendon Grip pono\u017eky - Spicehorse","description":"spicehorse.eu | Kentucky Horsewear Tendon Grip pono\u017eky chr\u00e1nia nohy ko\u0148a pred vy\u0161\u00fachan\u00edm sp\u00f4soben\u00fdm chr\u00e1ni\u010dmi, pred poraneniami, bakt\u00e9riami, hubami a\u00a0zne\u010disten\u00edm, z\u00e1rove\u0148 poskytuj\u00fa extra oporu \u0161\u013each\u00e1m.","robots":{"index":"index","follow":"follow","max-snippet":"max-snippet:-1","max-image-preview":"max-image-preview:large","max-video-preview":"max-video-preview:-1"},"canonical":"https:\/\/arak.spicehorse.eu\/sk\/produkt\/kentucky-tendon-grip-ponozky\/","og_locale":"sk_SK","og_type":"article","og_title":"Kentucky Tendon Grip pono\u017eky - Spicehorse","og_description":"spicehorse.eu | Kentucky Horsewear Tendon Grip pono\u017eky chr\u00e1nia nohy ko\u0148a pred vy\u0161\u00fachan\u00edm sp\u00f4soben\u00fdm chr\u00e1ni\u010dmi, pred poraneniami, bakt\u00e9riami, hubami a\u00a0zne\u010disten\u00edm, z\u00e1rove\u0148 poskytuj\u00fa extra oporu \u0161\u013each\u00e1m.","og_url":"https:\/\/arak.spicehorse.eu\/sk\/produkt\/kentucky-tendon-grip-ponozky\/","og_site_name":"Spicehorse","article_publisher":"https:\/\/www.facebook.com\/SPICEHORSE-550385625402457\/","article_modified_time":"2023-11-23T10:23:12+00:00","og_image":[{"width":2048,"height":2048,"url":"https:\/\/arak.spicehorse.eu\/wp-content\/uploads\/2022\/07\/0df526bdee6a218ca573c43aa2387cb4.jpg","type":"image\/jpeg"}],"twitter_card":"summary_large_image","twitter_misc":{"Predpokladan\u00fd \u010das \u010d\u00edtania":"1 min\u00fata"},"schema":{"@context":"https:\/\/schema.org","@graph":[{"@type":"WebPage","@id":"https:\/\/arak.spicehorse.eu\/sk\/produkt\/kentucky-tendon-grip-ponozky\/","url":"https:\/\/arak.spicehorse.eu\/sk\/produkt\/kentucky-tendon-grip-ponozky\/","name":"Kentucky Tendon Grip pono\u017eky - Spicehorse","isPartOf":{"@id":"https:\/\/arak.spicehorse.eu\/en\/#website"},"datePublished":"2022-07-04T10:07:33+00:00","dateModified":"2023-11-23T10:23:12+00:00","description":"spicehorse.eu | Kentucky Horsewear Tendon Grip pono\u017eky chr\u00e1nia nohy ko\u0148a pred vy\u0161\u00fachan\u00edm sp\u00f4soben\u00fdm chr\u00e1ni\u010dmi, pred poraneniami, bakt\u00e9riami, hubami a\u00a0zne\u010disten\u00edm, z\u00e1rove\u0148 poskytuj\u00fa extra oporu \u0161\u013each\u00e1m.","breadcrumb":{"@id":"https:\/\/arak.spicehorse.eu\/sk\/produkt\/kentucky-tendon-grip-ponozky\/#breadcrumb"},"inLanguage":"sk-SK","potentialAction":[{"@type":"ReadAction","target":["https:\/\/arak.spicehorse.eu\/sk\/produkt\/kentucky-tendon-grip-ponozky\/"]}]},{"@type":"BreadcrumbList","@id":"https:\/\/arak.spicehorse.eu\/sk\/produkt\/kentucky-tendon-grip-ponozky\/#breadcrumb","itemListElement":[{"@type":"ListItem","position":1,"name":"Home","item":"https:\/\/arak.spicehorse.eu\/sk\/"},{"@type":"ListItem","position":2,"name":"Predaj\u0148a","item":"https:\/\/arak.spicehorse.eu\/sk\/predajna\/"},{"@type":"ListItem","position":3,"name":"Kentucky Tendon Grip pono\u017eky"}]},{"@type":"WebSite","@id":"https:\/\/arak.spicehorse.eu\/en\/#website","url":"https:\/\/arak.spicehorse.eu\/en\/","name":"Spicehorse","description":"UNDER DEVELOPMENT -","potentialAction":[{"@type":"SearchAction","target":{"@type":"EntryPoint","urlTemplate":"https:\/\/arak.spicehorse.eu\/en\/?s={search_term_string}"},"query-input":"required name=search_term_string"}],"inLanguage":"sk-SK"}]}},"_links":{"self":[{"href":"https:\/\/arak.spicehorse.eu\/sk\/wp-json\/wp\/v2\/product\/62379"}],"collection":[{"href":"https:\/\/arak.spicehorse.eu\/sk\/wp-json\/wp\/v2\/product"}],"about":[{"href":"https:\/\/arak.spicehorse.eu\/sk\/wp-json\/wp\/v2\/types\/product"}],"wp:featuredmedia":[{"embeddable":true,"href":"https:\/\/arak.spicehorse.eu\/sk\/wp-json\/wp\/v2\/media\/62382"}],"wp:attachment":[{"href":"https:\/\/arak.spicehorse.eu\/sk\/wp-json\/wp\/v2\/media?parent=62379"}],"wp:term":[{"taxonomy":"product_cat","embeddable":true,"href":"https:\/\/arak.spicehorse.eu\/sk\/wp-json\/wp\/v2\/product_cat?post=62379"},{"taxonomy":"product_tag","embeddable":true,"href":"https:\/\/arak.spicehorse.eu\/sk\/wp-json\/wp\/v2\/product_tag?post=62379"}],"curies":[{"name":"wp","href":"https:\/\/api.w.org\/{rel}","templated":true}]}}