{"id":62451,"date":"2022-07-04T14:06:57","date_gmt":"2022-07-04T12:06:58","guid":{"rendered":"https:\/\/arak.spicehorse.eu\/?post_type=product&#038;p=62451"},"modified":"2024-07-16T16:20:42","modified_gmt":"2024-07-16T14:20:42","slug":"one-equestrian-vesiak","status":"publish","type":"product","link":"https:\/\/arak.spicehorse.eu\/sk\/produkt\/one-equestrian-vesiak\/","title":{"rendered":"ONE Equestrian ve\u0161iak"},"content":{"rendered":"<p><span lang=\"SK\">ONE Equestrian prenosn\u00fd \u010dierny kovov\u00fd ve\u0161iak na ohl\u00e1vky so \u0161tyrmi h\u00e1\u010dikmi. Vhodn\u00fd na zavesenie ohl\u00e1vok a\u00a0o\u0165a\u017e\u00ed.<\/span><\/p>\n<p><span lang=\"SK\">Ve\u013ekos\u0165: 36 x 20 cm<\/span><\/p>\n","protected":false},"excerpt":{"rendered":"<p>ONE Equestrian prenosn\u00fd \u010dierny kovov\u00fd ve\u0161iak na ohl\u00e1vky so \u0161tyrmi h\u00e1\u010dikmi. Vhodn\u00fd na zavesenie ohl\u00e1vok a\u00a0o\u0165a\u017e\u00ed. Ve\u013ekos\u0165: 36 x 20 cm<\/p>\n","protected":false},"featured_media":62455,"template":"","meta":{"_acf_changed":false},"product_cat":[75,100,120],"product_tag":[467,1292,338],"acf":[],"yoast_head":"<!-- This site is optimized with the Yoast SEO plugin v21.4 - https:\/\/yoast.com\/wordpress\/plugins\/seo\/ -->\n<title>ONE Equestrian ve\u0161iak - Spicehorse<\/title>\n<meta name=\"description\" content=\"spicehorse.eu | ONE Equestrian prenosn\u00fd \u010dierny kovov\u00fd ve\u0161iak na ohl\u00e1vky so \u0161tyrmi h\u00e1\u010dikmi. Vhodn\u00fd na zavesenie ohl\u00e1vok a\u00a0o\u0165a\u017e\u00ed.\" \/>\n<meta name=\"robots\" content=\"index, follow, max-snippet:-1, max-image-preview:large, max-video-preview:-1\" \/>\n<link rel=\"canonical\" href=\"https:\/\/arak.spicehorse.eu\/sk\/produkt\/one-equestrian-vesiak\/\" \/>\n<meta property=\"og:locale\" content=\"sk_SK\" \/>\n<meta property=\"og:type\" content=\"article\" \/>\n<meta property=\"og:title\" content=\"ONE Equestrian ve\u0161iak - Spicehorse\" \/>\n<meta property=\"og:description\" content=\"spicehorse.eu | ONE Equestrian prenosn\u00fd \u010dierny kovov\u00fd ve\u0161iak na ohl\u00e1vky so \u0161tyrmi h\u00e1\u010dikmi. Vhodn\u00fd na zavesenie ohl\u00e1vok a\u00a0o\u0165a\u017e\u00ed.\" \/>\n<meta property=\"og:url\" content=\"https:\/\/arak.spicehorse.eu\/sk\/produkt\/one-equestrian-vesiak\/\" \/>\n<meta property=\"og:site_name\" content=\"Spicehorse\" \/>\n<meta property=\"article:publisher\" content=\"https:\/\/www.facebook.com\/SPICEHORSE-550385625402457\/\" \/>\n<meta property=\"article:modified_time\" content=\"2024-07-16T14:20:42+00:00\" \/>\n<meta property=\"og:image\" content=\"https:\/\/arak.spicehorse.eu\/wp-content\/uploads\/2022\/07\/01100010.jpg\" \/>\n\t<meta property=\"og:image:width\" content=\"800\" \/>\n\t<meta property=\"og:image:height\" content=\"800\" \/>\n\t<meta property=\"og:image:type\" content=\"image\/jpeg\" \/>\n<meta name=\"twitter:card\" content=\"summary_large_image\" \/>\n<script type=\"application\/ld+json\" class=\"yoast-schema-graph\">{\"@context\":\"https:\/\/schema.org\",\"@graph\":[{\"@type\":\"WebPage\",\"@id\":\"https:\/\/arak.spicehorse.eu\/sk\/produkt\/one-equestrian-vesiak\/\",\"url\":\"https:\/\/arak.spicehorse.eu\/sk\/produkt\/one-equestrian-vesiak\/\",\"name\":\"ONE Equestrian ve\u0161iak - Spicehorse\",\"isPartOf\":{\"@id\":\"https:\/\/arak.spicehorse.eu\/en\/#website\"},\"datePublished\":\"2022-07-04T12:06:58+00:00\",\"dateModified\":\"2024-07-16T14:20:42+00:00\",\"description\":\"spicehorse.eu | ONE Equestrian prenosn\u00fd \u010dierny kovov\u00fd ve\u0161iak na ohl\u00e1vky so \u0161tyrmi h\u00e1\u010dikmi. Vhodn\u00fd na zavesenie ohl\u00e1vok a\u00a0o\u0165a\u017e\u00ed.\",\"breadcrumb\":{\"@id\":\"https:\/\/arak.spicehorse.eu\/sk\/produkt\/one-equestrian-vesiak\/#breadcrumb\"},\"inLanguage\":\"sk-SK\",\"potentialAction\":[{\"@type\":\"ReadAction\",\"target\":[\"https:\/\/arak.spicehorse.eu\/sk\/produkt\/one-equestrian-vesiak\/\"]}]},{\"@type\":\"BreadcrumbList\",\"@id\":\"https:\/\/arak.spicehorse.eu\/sk\/produkt\/one-equestrian-vesiak\/#breadcrumb\",\"itemListElement\":[{\"@type\":\"ListItem\",\"position\":1,\"name\":\"Home\",\"item\":\"https:\/\/arak.spicehorse.eu\/sk\/\"},{\"@type\":\"ListItem\",\"position\":2,\"name\":\"Predaj\u0148a\",\"item\":\"https:\/\/arak.spicehorse.eu\/sk\/predajna\/\"},{\"@type\":\"ListItem\",\"position\":3,\"name\":\"ONE Equestrian ve\u0161iak\"}]},{\"@type\":\"WebSite\",\"@id\":\"https:\/\/arak.spicehorse.eu\/en\/#website\",\"url\":\"https:\/\/arak.spicehorse.eu\/en\/\",\"name\":\"Spicehorse\",\"description\":\"UNDER DEVELOPMENT -\",\"potentialAction\":[{\"@type\":\"SearchAction\",\"target\":{\"@type\":\"EntryPoint\",\"urlTemplate\":\"https:\/\/arak.spicehorse.eu\/en\/?s={search_term_string}\"},\"query-input\":\"required name=search_term_string\"}],\"inLanguage\":\"sk-SK\"}]}<\/script>\n<!-- \/ Yoast SEO plugin. -->","yoast_head_json":{"title":"ONE Equestrian ve\u0161iak - Spicehorse","description":"spicehorse.eu | ONE Equestrian prenosn\u00fd \u010dierny kovov\u00fd ve\u0161iak na ohl\u00e1vky so \u0161tyrmi h\u00e1\u010dikmi. Vhodn\u00fd na zavesenie ohl\u00e1vok a\u00a0o\u0165a\u017e\u00ed.","robots":{"index":"index","follow":"follow","max-snippet":"max-snippet:-1","max-image-preview":"max-image-preview:large","max-video-preview":"max-video-preview:-1"},"canonical":"https:\/\/arak.spicehorse.eu\/sk\/produkt\/one-equestrian-vesiak\/","og_locale":"sk_SK","og_type":"article","og_title":"ONE Equestrian ve\u0161iak - Spicehorse","og_description":"spicehorse.eu | ONE Equestrian prenosn\u00fd \u010dierny kovov\u00fd ve\u0161iak na ohl\u00e1vky so \u0161tyrmi h\u00e1\u010dikmi. Vhodn\u00fd na zavesenie ohl\u00e1vok a\u00a0o\u0165a\u017e\u00ed.","og_url":"https:\/\/arak.spicehorse.eu\/sk\/produkt\/one-equestrian-vesiak\/","og_site_name":"Spicehorse","article_publisher":"https:\/\/www.facebook.com\/SPICEHORSE-550385625402457\/","article_modified_time":"2024-07-16T14:20:42+00:00","og_image":[{"width":800,"height":800,"url":"https:\/\/arak.spicehorse.eu\/wp-content\/uploads\/2022\/07\/01100010.jpg","type":"image\/jpeg"}],"twitter_card":"summary_large_image","schema":{"@context":"https:\/\/schema.org","@graph":[{"@type":"WebPage","@id":"https:\/\/arak.spicehorse.eu\/sk\/produkt\/one-equestrian-vesiak\/","url":"https:\/\/arak.spicehorse.eu\/sk\/produkt\/one-equestrian-vesiak\/","name":"ONE Equestrian ve\u0161iak - Spicehorse","isPartOf":{"@id":"https:\/\/arak.spicehorse.eu\/en\/#website"},"datePublished":"2022-07-04T12:06:58+00:00","dateModified":"2024-07-16T14:20:42+00:00","description":"spicehorse.eu | ONE Equestrian prenosn\u00fd \u010dierny kovov\u00fd ve\u0161iak na ohl\u00e1vky so \u0161tyrmi h\u00e1\u010dikmi. Vhodn\u00fd na zavesenie ohl\u00e1vok a\u00a0o\u0165a\u017e\u00ed.","breadcrumb":{"@id":"https:\/\/arak.spicehorse.eu\/sk\/produkt\/one-equestrian-vesiak\/#breadcrumb"},"inLanguage":"sk-SK","potentialAction":[{"@type":"ReadAction","target":["https:\/\/arak.spicehorse.eu\/sk\/produkt\/one-equestrian-vesiak\/"]}]},{"@type":"BreadcrumbList","@id":"https:\/\/arak.spicehorse.eu\/sk\/produkt\/one-equestrian-vesiak\/#breadcrumb","itemListElement":[{"@type":"ListItem","position":1,"name":"Home","item":"https:\/\/arak.spicehorse.eu\/sk\/"},{"@type":"ListItem","position":2,"name":"Predaj\u0148a","item":"https:\/\/arak.spicehorse.eu\/sk\/predajna\/"},{"@type":"ListItem","position":3,"name":"ONE Equestrian ve\u0161iak"}]},{"@type":"WebSite","@id":"https:\/\/arak.spicehorse.eu\/en\/#website","url":"https:\/\/arak.spicehorse.eu\/en\/","name":"Spicehorse","description":"UNDER DEVELOPMENT -","potentialAction":[{"@type":"SearchAction","target":{"@type":"EntryPoint","urlTemplate":"https:\/\/arak.spicehorse.eu\/en\/?s={search_term_string}"},"query-input":"required name=search_term_string"}],"inLanguage":"sk-SK"}]}},"_links":{"self":[{"href":"https:\/\/arak.spicehorse.eu\/sk\/wp-json\/wp\/v2\/product\/62451"}],"collection":[{"href":"https:\/\/arak.spicehorse.eu\/sk\/wp-json\/wp\/v2\/product"}],"about":[{"href":"https:\/\/arak.spicehorse.eu\/sk\/wp-json\/wp\/v2\/types\/product"}],"wp:featuredmedia":[{"embeddable":true,"href":"https:\/\/arak.spicehorse.eu\/sk\/wp-json\/wp\/v2\/media\/62455"}],"wp:attachment":[{"href":"https:\/\/arak.spicehorse.eu\/sk\/wp-json\/wp\/v2\/media?parent=62451"}],"wp:term":[{"taxonomy":"product_cat","embeddable":true,"href":"https:\/\/arak.spicehorse.eu\/sk\/wp-json\/wp\/v2\/product_cat?post=62451"},{"taxonomy":"product_tag","embeddable":true,"href":"https:\/\/arak.spicehorse.eu\/sk\/wp-json\/wp\/v2\/product_tag?post=62451"}],"curies":[{"name":"wp","href":"https:\/\/api.w.org\/{rel}","templated":true}]}}