{"id":6352,"date":"2019-10-18T17:34:30","date_gmt":"2019-10-18T15:34:36","guid":{"rendered":"https:\/\/arak.spicehorse.eu\/?post_type=product&#038;p=6352"},"modified":"2024-01-13T00:01:06","modified_gmt":"2024-01-12T23:01:06","slug":"kentucky-saty-s-kamienkami-pre-vasho-psika","status":"publish","type":"product","link":"https:\/\/arak.spicehorse.eu\/sk\/produkt\/kentucky-saty-s-kamienkami-pre-vasho-psika\/","title":{"rendered":"Kentucky \u0161aty s kamienkami pre v\u00e1\u0161ho ps\u00edka"},"content":{"rendered":"<p>Kentucky Horsewear Pearls kab\u00e1tik s\u00a0perlami extra vysokej kvality sa dokonale hod\u00ed ku Kentucky podlo\u017eke pod sedlo s\u00a0kamienkami a\u00a0chr\u00e1ni\u010dom u\u0161\u00ed. 160 g v\u00fdpl\u0148, mimoriadne jemn\u00e1 pod\u0161\u00edvka z\u00a0umelej zaja\u010diny zabra\u0148uj\u00fa vy\u0161\u00fachaniu ko\u017ee a\u00a0nelep\u00ed sa na \u0148u srs\u0165 ps\u00edka. Pou\u017e\u00edvan\u00edm vznikaj\u00fa drobn\u00e9 vzduchov\u00e9 vaky, ktor\u00e9 uchovaj\u00fa a udr\u017euj\u00fa telesn\u00fa teplotu psa. V\u010faka pod\u0161\u00edvke z\u00a0umelej zaja\u010diny sa srs\u0165 ps\u00edka st\u00e1va lesklej\u0161ou, umel\u00fd baran\u010dek v\u00a0oblasti krku zabezpe\u010duje v\u00e1\u0161mu mil\u00e1\u010dikovi dokonal\u00fd komfort a\u00a0teplo. Kapuc\u0148umo\u017eno vyhrn\u00fa\u0165 v\u00a0z\u00e1ujme maxim\u00e1lnej ochrany.<\/p>\n<p>Modern\u00fd kab\u00e1tik pre psa m\u00e1 jedine\u010dn\u00e9 vodorovn\u00e9 \u0161tepovanie, vyroben\u00fd je z\u00a0kombinovan\u00e9ho prievzdu\u0161n\u00e9ho materi\u00e1lu so zlo\u017een\u00edm \u00a043% nylon, 43% polyester a 14% \u0161pandex. Lem zdoben\u00fd kamienkami mu dod\u00e1va nev\u0161edn\u00fd dizajn. \u013dahko sa oblieka v\u010faka such\u00fdm zipsom na hrudn\u00edku a\u00a0na bruchu.<\/p>\n<p>Kentucky Horsewear \u0161aty s\u00a0kamienkami mo\u017eno pra\u0165 v\u00a0pr\u00e1\u010dke na\u00a030\u00b0 (nevkladajte do su\u0161i\u010dky).<\/p>\n","protected":false},"excerpt":{"rendered":"<h3><strong>Kab\u00e1tik s\u00a0kamienkami extra kvality pre v\u00e1\u0161ho ps\u00edka sa dokonale hod\u00ed ku Kentucky podlo\u017eke pod sedlo s\u00a0kamienkami a\u00a0chr\u00e1ni\u010dom u\u0161\u00ed.<\/strong><\/h3>\n<ul>\n<li>160g v\u00fdpl\u0148<\/li>\n<li>Ve\u013emi tepl\u00fd, napriek tomu ve\u013emi \u013eahk\u00fd<\/li>\n<li>Zap\u00ednanie na zips v\u00a0oblasti hrudn\u00edka a brucha<\/li>\n<li>Syntetick\u00fd baran\u010dek pri krku<\/li>\n<li>Pod\u0161\u00edvka z\u00a0umelej ko\u017eu\u0161iny \u2013 extra tepl\u00e1 a\u00a0zabezpe\u010duje maxim\u00e1lne pohodlie<\/li>\n<li>Ve\u013emi tepl\u00fd, napriek tomu ve\u013emi \u013eahk\u00fd<\/li>\n<li>Vode odoln\u00e1, prievzdu\u0161n\u00e1 membr\u00e1na: 10\u00a0000mm<\/li>\n<li>Jedine\u010dn\u00e9 vodorovn\u00e9 \u0161tepovanie, 43% nylon, 43% polyester a 14% \u0161pandex<\/li>\n<li>Lem zdoben\u00fd kamienkami<\/li>\n<li>Dokonale sa hod\u00ed ku Kentucky podlo\u017eke pod sedlo s\u00a0kamienkami a\u00a0chr\u00e1ni\u010dom u\u0161\u00ed<\/li>\n<li>Logo z ko\u017eenky<\/li>\n<li>Mo\u017enos\u0165 v\u00fd\u0161ivky<\/li>\n<\/ul>\n","protected":false},"featured_media":6385,"template":"","meta":{"_acf_changed":false},"product_cat":[78,74,299],"product_tag":[241,184,181],"acf":[],"yoast_head":"<!-- This site is optimized with the Yoast SEO plugin v21.4 - https:\/\/yoast.com\/wordpress\/plugins\/seo\/ -->\n<title>Kentucky \u0161aty s kamienkami pre v\u00e1\u0161ho ps\u00edka - Spicehorse<\/title>\n<meta name=\"description\" content=\"spicehorse.eu | Kentucky Horsewear kab\u00e1tik s\u00a0kamienkami extra kvality pre v\u00e1\u0161ho ps\u00edka sa dokonale hod\u00ed ku Kentucky podlo\u017eke pod sedlo s\u00a0kamienkami a\u00a0chr\u00e1ni\u010dom u\u0161\u00ed.\" \/>\n<meta name=\"robots\" content=\"index, follow, max-snippet:-1, max-image-preview:large, max-video-preview:-1\" \/>\n<link rel=\"canonical\" href=\"https:\/\/arak.spicehorse.eu\/sk\/produkt\/kentucky-saty-s-kamienkami-pre-vasho-psika\/\" \/>\n<meta property=\"og:locale\" content=\"sk_SK\" \/>\n<meta property=\"og:type\" content=\"article\" \/>\n<meta property=\"og:title\" content=\"Kentucky \u0161aty s kamienkami pre v\u00e1\u0161ho ps\u00edka - Spicehorse\" \/>\n<meta property=\"og:description\" content=\"spicehorse.eu | Kentucky Horsewear kab\u00e1tik s\u00a0kamienkami extra kvality pre v\u00e1\u0161ho ps\u00edka sa dokonale hod\u00ed ku Kentucky podlo\u017eke pod sedlo s\u00a0kamienkami a\u00a0chr\u00e1ni\u010dom u\u0161\u00ed.\" \/>\n<meta property=\"og:url\" content=\"https:\/\/arak.spicehorse.eu\/sk\/produkt\/kentucky-saty-s-kamienkami-pre-vasho-psika\/\" \/>\n<meta property=\"og:site_name\" content=\"Spicehorse\" \/>\n<meta property=\"article:publisher\" content=\"https:\/\/www.facebook.com\/SPICEHORSE-550385625402457\/\" \/>\n<meta property=\"article:modified_time\" content=\"2024-01-12T23:01:06+00:00\" \/>\n<meta property=\"og:image\" content=\"https:\/\/arak.spicehorse.eu\/wp-content\/uploads\/2019\/10\/19072019-485A9653-2.jpg\" \/>\n\t<meta property=\"og:image:width\" content=\"1500\" \/>\n\t<meta property=\"og:image:height\" content=\"1000\" \/>\n\t<meta property=\"og:image:type\" content=\"image\/jpeg\" \/>\n<meta name=\"twitter:card\" content=\"summary_large_image\" \/>\n<meta name=\"twitter:label1\" content=\"Predpokladan\u00fd \u010das \u010d\u00edtania\" \/>\n\t<meta name=\"twitter:data1\" content=\"1 min\u00fata\" \/>\n<script type=\"application\/ld+json\" class=\"yoast-schema-graph\">{\"@context\":\"https:\/\/schema.org\",\"@graph\":[{\"@type\":\"WebPage\",\"@id\":\"https:\/\/arak.spicehorse.eu\/sk\/produkt\/kentucky-saty-s-kamienkami-pre-vasho-psika\/\",\"url\":\"https:\/\/arak.spicehorse.eu\/sk\/produkt\/kentucky-saty-s-kamienkami-pre-vasho-psika\/\",\"name\":\"Kentucky \u0161aty s kamienkami pre v\u00e1\u0161ho ps\u00edka - Spicehorse\",\"isPartOf\":{\"@id\":\"https:\/\/arak.spicehorse.eu\/en\/#website\"},\"datePublished\":\"2019-10-18T15:34:36+00:00\",\"dateModified\":\"2024-01-12T23:01:06+00:00\",\"description\":\"spicehorse.eu | Kentucky Horsewear kab\u00e1tik s\u00a0kamienkami extra kvality pre v\u00e1\u0161ho ps\u00edka sa dokonale hod\u00ed ku Kentucky podlo\u017eke pod sedlo s\u00a0kamienkami a\u00a0chr\u00e1ni\u010dom u\u0161\u00ed.\",\"breadcrumb\":{\"@id\":\"https:\/\/arak.spicehorse.eu\/sk\/produkt\/kentucky-saty-s-kamienkami-pre-vasho-psika\/#breadcrumb\"},\"inLanguage\":\"sk-SK\",\"potentialAction\":[{\"@type\":\"ReadAction\",\"target\":[\"https:\/\/arak.spicehorse.eu\/sk\/produkt\/kentucky-saty-s-kamienkami-pre-vasho-psika\/\"]}]},{\"@type\":\"BreadcrumbList\",\"@id\":\"https:\/\/arak.spicehorse.eu\/sk\/produkt\/kentucky-saty-s-kamienkami-pre-vasho-psika\/#breadcrumb\",\"itemListElement\":[{\"@type\":\"ListItem\",\"position\":1,\"name\":\"Home\",\"item\":\"https:\/\/arak.spicehorse.eu\/sk\/\"},{\"@type\":\"ListItem\",\"position\":2,\"name\":\"Predaj\u0148a\",\"item\":\"https:\/\/arak.spicehorse.eu\/sk\/predajna\/\"},{\"@type\":\"ListItem\",\"position\":3,\"name\":\"Kentucky \u0161aty s kamienkami pre v\u00e1\u0161ho ps\u00edka\"}]},{\"@type\":\"WebSite\",\"@id\":\"https:\/\/arak.spicehorse.eu\/en\/#website\",\"url\":\"https:\/\/arak.spicehorse.eu\/en\/\",\"name\":\"Spicehorse\",\"description\":\"UNDER DEVELOPMENT -\",\"potentialAction\":[{\"@type\":\"SearchAction\",\"target\":{\"@type\":\"EntryPoint\",\"urlTemplate\":\"https:\/\/arak.spicehorse.eu\/en\/?s={search_term_string}\"},\"query-input\":\"required name=search_term_string\"}],\"inLanguage\":\"sk-SK\"}]}<\/script>\n<!-- \/ Yoast SEO plugin. -->","yoast_head_json":{"title":"Kentucky \u0161aty s kamienkami pre v\u00e1\u0161ho ps\u00edka - Spicehorse","description":"spicehorse.eu | Kentucky Horsewear kab\u00e1tik s\u00a0kamienkami extra kvality pre v\u00e1\u0161ho ps\u00edka sa dokonale hod\u00ed ku Kentucky podlo\u017eke pod sedlo s\u00a0kamienkami a\u00a0chr\u00e1ni\u010dom u\u0161\u00ed.","robots":{"index":"index","follow":"follow","max-snippet":"max-snippet:-1","max-image-preview":"max-image-preview:large","max-video-preview":"max-video-preview:-1"},"canonical":"https:\/\/arak.spicehorse.eu\/sk\/produkt\/kentucky-saty-s-kamienkami-pre-vasho-psika\/","og_locale":"sk_SK","og_type":"article","og_title":"Kentucky \u0161aty s kamienkami pre v\u00e1\u0161ho ps\u00edka - Spicehorse","og_description":"spicehorse.eu | Kentucky Horsewear kab\u00e1tik s\u00a0kamienkami extra kvality pre v\u00e1\u0161ho ps\u00edka sa dokonale hod\u00ed ku Kentucky podlo\u017eke pod sedlo s\u00a0kamienkami a\u00a0chr\u00e1ni\u010dom u\u0161\u00ed.","og_url":"https:\/\/arak.spicehorse.eu\/sk\/produkt\/kentucky-saty-s-kamienkami-pre-vasho-psika\/","og_site_name":"Spicehorse","article_publisher":"https:\/\/www.facebook.com\/SPICEHORSE-550385625402457\/","article_modified_time":"2024-01-12T23:01:06+00:00","og_image":[{"width":1500,"height":1000,"url":"https:\/\/arak.spicehorse.eu\/wp-content\/uploads\/2019\/10\/19072019-485A9653-2.jpg","type":"image\/jpeg"}],"twitter_card":"summary_large_image","twitter_misc":{"Predpokladan\u00fd \u010das \u010d\u00edtania":"1 min\u00fata"},"schema":{"@context":"https:\/\/schema.org","@graph":[{"@type":"WebPage","@id":"https:\/\/arak.spicehorse.eu\/sk\/produkt\/kentucky-saty-s-kamienkami-pre-vasho-psika\/","url":"https:\/\/arak.spicehorse.eu\/sk\/produkt\/kentucky-saty-s-kamienkami-pre-vasho-psika\/","name":"Kentucky \u0161aty s kamienkami pre v\u00e1\u0161ho ps\u00edka - Spicehorse","isPartOf":{"@id":"https:\/\/arak.spicehorse.eu\/en\/#website"},"datePublished":"2019-10-18T15:34:36+00:00","dateModified":"2024-01-12T23:01:06+00:00","description":"spicehorse.eu | Kentucky Horsewear kab\u00e1tik s\u00a0kamienkami extra kvality pre v\u00e1\u0161ho ps\u00edka sa dokonale hod\u00ed ku Kentucky podlo\u017eke pod sedlo s\u00a0kamienkami a\u00a0chr\u00e1ni\u010dom u\u0161\u00ed.","breadcrumb":{"@id":"https:\/\/arak.spicehorse.eu\/sk\/produkt\/kentucky-saty-s-kamienkami-pre-vasho-psika\/#breadcrumb"},"inLanguage":"sk-SK","potentialAction":[{"@type":"ReadAction","target":["https:\/\/arak.spicehorse.eu\/sk\/produkt\/kentucky-saty-s-kamienkami-pre-vasho-psika\/"]}]},{"@type":"BreadcrumbList","@id":"https:\/\/arak.spicehorse.eu\/sk\/produkt\/kentucky-saty-s-kamienkami-pre-vasho-psika\/#breadcrumb","itemListElement":[{"@type":"ListItem","position":1,"name":"Home","item":"https:\/\/arak.spicehorse.eu\/sk\/"},{"@type":"ListItem","position":2,"name":"Predaj\u0148a","item":"https:\/\/arak.spicehorse.eu\/sk\/predajna\/"},{"@type":"ListItem","position":3,"name":"Kentucky \u0161aty s kamienkami pre v\u00e1\u0161ho ps\u00edka"}]},{"@type":"WebSite","@id":"https:\/\/arak.spicehorse.eu\/en\/#website","url":"https:\/\/arak.spicehorse.eu\/en\/","name":"Spicehorse","description":"UNDER DEVELOPMENT -","potentialAction":[{"@type":"SearchAction","target":{"@type":"EntryPoint","urlTemplate":"https:\/\/arak.spicehorse.eu\/en\/?s={search_term_string}"},"query-input":"required name=search_term_string"}],"inLanguage":"sk-SK"}]}},"_links":{"self":[{"href":"https:\/\/arak.spicehorse.eu\/sk\/wp-json\/wp\/v2\/product\/6352"}],"collection":[{"href":"https:\/\/arak.spicehorse.eu\/sk\/wp-json\/wp\/v2\/product"}],"about":[{"href":"https:\/\/arak.spicehorse.eu\/sk\/wp-json\/wp\/v2\/types\/product"}],"wp:featuredmedia":[{"embeddable":true,"href":"https:\/\/arak.spicehorse.eu\/sk\/wp-json\/wp\/v2\/media\/6385"}],"wp:attachment":[{"href":"https:\/\/arak.spicehorse.eu\/sk\/wp-json\/wp\/v2\/media?parent=6352"}],"wp:term":[{"taxonomy":"product_cat","embeddable":true,"href":"https:\/\/arak.spicehorse.eu\/sk\/wp-json\/wp\/v2\/product_cat?post=6352"},{"taxonomy":"product_tag","embeddable":true,"href":"https:\/\/arak.spicehorse.eu\/sk\/wp-json\/wp\/v2\/product_tag?post=6352"}],"curies":[{"name":"wp","href":"https:\/\/api.w.org\/{rel}","templated":true}]}}