{"id":6484,"date":"2019-10-21T18:37:22","date_gmt":"2019-10-21T16:37:25","guid":{"rendered":"https:\/\/arak.spicehorse.eu\/?post_type=product&#038;p=6484"},"modified":"2024-01-28T18:52:16","modified_gmt":"2024-01-28T17:52:16","slug":"kentucky-recuptex-magneticky-nakrcnik","status":"publish","type":"product","link":"https:\/\/arak.spicehorse.eu\/sk\/produkt\/kentucky-recuptex-magneticky-nakrcnik\/","title":{"rendered":"Kentucky Recuptex Magnetick\u00fd n\u00e1kr\u010dn\u00edk"},"content":{"rendered":"<p>Po vyvinut\u00ed Kentucky Horsewear magnetickej deky vznikol magnetick\u00fd n\u00e1kr\u010dn\u00edk, ktor\u00fd sa dokonale prisp\u00f4sobuje k\u00a0deke a\u00a0dop\u013a\u0148a jej pou\u017e\u00edvanie.<\/p>\n<p>Magnetick\u00fd n\u00e1kr\u010dn\u00edk vyu\u017e\u00edva rovnak\u00fa jedine\u010dn\u00fa Recuprex technol\u00f3giu ako Kentucky magnetick\u00e1 deka pre kone. Na z\u00e1klade BEKINOX\u00ae technol\u00f3gie s\u00fa do tkaniny vtkan\u00e9 inox vl\u00e1kna (nehrdzavej\u00face vl\u00e1kna). Tieto <strong>odr\u00e1\u017eaj\u00fa<\/strong> <strong>magnetick\u00e9 polia<\/strong> vznikaj\u00face v\u00a0tele ko\u0148a (Faradayova klietka).\u00a0Tieto polia stimuluj\u00fa <strong>krvn\u00fd obeh a\u00a0pr\u00fadenie kysl\u00edka.\u00a0<\/strong>Prirodzen\u00fdm sp\u00f4sobom ur\u00fdch\u013euj\u00fa regenera\u010dn\u00e9 procesy.<\/p>\n<p>Kr\u010dn\u00e1 \u010das\u0165 magnetickej deky pre kone je vyroben\u00e1 z\u00a0pevn\u00e9ho a\u00a0mimoriadne odoln\u00e9ho sie\u0165ov\u00e9ho materi\u00e1lu, m\u00f4\u017ee sa pou\u017e\u00edva\u0165 rovnako v\u00a0lete ako aj v\u00a0zime. Je ide\u00e1lnou vo\u013ebou pred jazden\u00edm alebo po \u0148om, na uvo\u013enenie svalov ko\u0148a. M\u00f4\u017ee sa umiestni\u0165 na ko\u0148a aj cez noc. Odpor\u00fa\u010dame postupne zvy\u0161ova\u0165 dobu pou\u017e\u00edvania, za\u010d\u00ednaj\u00fac 1 hodinou, aby si k\u00f4\u0148 postupne navykol na jemn\u00e9 brnenie, ktor\u00e9 deka sp\u00f4sobuje.<\/p>\n<p>N\u00e1kr\u010dn\u00edk sa k\u00a0deke upev\u0148uje such\u00fdm zipsom a\u00a0zap\u00edna sa tie\u017e dvomi pevn\u00fdmi such\u00fdmi zipsami.<\/p>\n","protected":false},"excerpt":{"rendered":"<h3><strong>Kr\u010dn\u00e1 \u010das\u0165 Recuprex magnetickej deky \u0161peci\u00e1lne vyvinutej v Kentucky Horsewear.<\/strong><\/h3>\n<p><strong>Ve\u013ekos\u0165: M, L, XL<\/strong><br \/>\n<strong>Farba: navy<\/strong><\/p>\n<ul>\n<li>Podporuje a\u00a0ur\u00fdch\u013euje regenera\u010dn\u00e9 procesy<\/li>\n<li>Recuptex materi\u00e1l<\/li>\n<li>Stimuluje krvn\u00fd obeh a\u00a0pr\u00fadenie kysl\u00edka<\/li>\n<li>Pevn\u00fd sie\u0165ovan\u00fd materi\u00e1l<\/li>\n<li>Mo\u017eno pra\u0165 v\u00a0pr\u00e1\u010dke na 30\u00b0 (nevkladajte do su\u0161i\u010dky)<\/li>\n<\/ul>\n","protected":false},"featured_media":175235,"template":"","meta":{"_acf_changed":false},"product_cat":[75,99,118],"product_tag":[135,184,222,263],"acf":[],"yoast_head":"<!-- This site is optimized with the Yoast SEO plugin v21.4 - https:\/\/yoast.com\/wordpress\/plugins\/seo\/ -->\n<title>Kentucky Recuptex Magnetick\u00fd n\u00e1kr\u010dn\u00edk - Spicehorse<\/title>\n<meta name=\"description\" content=\"spicehorse.eu | Kr\u010dn\u00e1 \u010das\u0165 Recuprex magnetickej deky \u0161peci\u00e1lne vyvinutej v Kentucky Horsewear.\" \/>\n<meta name=\"robots\" content=\"index, follow, max-snippet:-1, max-image-preview:large, max-video-preview:-1\" \/>\n<link rel=\"canonical\" href=\"https:\/\/arak.spicehorse.eu\/sk\/produkt\/kentucky-recuptex-magneticky-nakrcnik\/\" \/>\n<meta property=\"og:locale\" content=\"sk_SK\" \/>\n<meta property=\"og:type\" content=\"article\" \/>\n<meta property=\"og:title\" content=\"Kentucky Recuptex Magnetick\u00fd n\u00e1kr\u010dn\u00edk - Spicehorse\" \/>\n<meta property=\"og:description\" content=\"spicehorse.eu | Kr\u010dn\u00e1 \u010das\u0165 Recuprex magnetickej deky \u0161peci\u00e1lne vyvinutej v Kentucky Horsewear.\" \/>\n<meta property=\"og:url\" content=\"https:\/\/arak.spicehorse.eu\/sk\/produkt\/kentucky-recuptex-magneticky-nakrcnik\/\" \/>\n<meta property=\"og:site_name\" content=\"Spicehorse\" \/>\n<meta property=\"article:publisher\" content=\"https:\/\/www.facebook.com\/SPICEHORSE-550385625402457\/\" \/>\n<meta property=\"article:modified_time\" content=\"2024-01-28T17:52:16+00:00\" \/>\n<meta property=\"og:image\" content=\"https:\/\/arak.spicehorse.eu\/wp-content\/uploads\/2019\/10\/15bf86328242b8d9c64ee3c8476713ff8b616fd31b5aa0a29aac7c09a219e1b8.jpg\" \/>\n\t<meta property=\"og:image:width\" content=\"2048\" \/>\n\t<meta property=\"og:image:height\" content=\"1365\" \/>\n\t<meta property=\"og:image:type\" content=\"image\/jpeg\" \/>\n<meta name=\"twitter:card\" content=\"summary_large_image\" \/>\n<meta name=\"twitter:label1\" content=\"Predpokladan\u00fd \u010das \u010d\u00edtania\" \/>\n\t<meta name=\"twitter:data1\" content=\"1 min\u00fata\" \/>\n<script type=\"application\/ld+json\" class=\"yoast-schema-graph\">{\"@context\":\"https:\/\/schema.org\",\"@graph\":[{\"@type\":\"WebPage\",\"@id\":\"https:\/\/arak.spicehorse.eu\/sk\/produkt\/kentucky-recuptex-magneticky-nakrcnik\/\",\"url\":\"https:\/\/arak.spicehorse.eu\/sk\/produkt\/kentucky-recuptex-magneticky-nakrcnik\/\",\"name\":\"Kentucky Recuptex Magnetick\u00fd n\u00e1kr\u010dn\u00edk - Spicehorse\",\"isPartOf\":{\"@id\":\"https:\/\/arak.spicehorse.eu\/en\/#website\"},\"datePublished\":\"2019-10-21T16:37:25+00:00\",\"dateModified\":\"2024-01-28T17:52:16+00:00\",\"description\":\"spicehorse.eu | Kr\u010dn\u00e1 \u010das\u0165 Recuprex magnetickej deky \u0161peci\u00e1lne vyvinutej v Kentucky Horsewear.\",\"breadcrumb\":{\"@id\":\"https:\/\/arak.spicehorse.eu\/sk\/produkt\/kentucky-recuptex-magneticky-nakrcnik\/#breadcrumb\"},\"inLanguage\":\"sk-SK\",\"potentialAction\":[{\"@type\":\"ReadAction\",\"target\":[\"https:\/\/arak.spicehorse.eu\/sk\/produkt\/kentucky-recuptex-magneticky-nakrcnik\/\"]}]},{\"@type\":\"BreadcrumbList\",\"@id\":\"https:\/\/arak.spicehorse.eu\/sk\/produkt\/kentucky-recuptex-magneticky-nakrcnik\/#breadcrumb\",\"itemListElement\":[{\"@type\":\"ListItem\",\"position\":1,\"name\":\"Home\",\"item\":\"https:\/\/arak.spicehorse.eu\/sk\/\"},{\"@type\":\"ListItem\",\"position\":2,\"name\":\"Predaj\u0148a\",\"item\":\"https:\/\/arak.spicehorse.eu\/sk\/predajna\/\"},{\"@type\":\"ListItem\",\"position\":3,\"name\":\"Kentucky Recuptex Magnetick\u00fd n\u00e1kr\u010dn\u00edk\"}]},{\"@type\":\"WebSite\",\"@id\":\"https:\/\/arak.spicehorse.eu\/en\/#website\",\"url\":\"https:\/\/arak.spicehorse.eu\/en\/\",\"name\":\"Spicehorse\",\"description\":\"UNDER DEVELOPMENT -\",\"potentialAction\":[{\"@type\":\"SearchAction\",\"target\":{\"@type\":\"EntryPoint\",\"urlTemplate\":\"https:\/\/arak.spicehorse.eu\/en\/?s={search_term_string}\"},\"query-input\":\"required name=search_term_string\"}],\"inLanguage\":\"sk-SK\"}]}<\/script>\n<!-- \/ Yoast SEO plugin. -->","yoast_head_json":{"title":"Kentucky Recuptex Magnetick\u00fd n\u00e1kr\u010dn\u00edk - Spicehorse","description":"spicehorse.eu | Kr\u010dn\u00e1 \u010das\u0165 Recuprex magnetickej deky \u0161peci\u00e1lne vyvinutej v Kentucky Horsewear.","robots":{"index":"index","follow":"follow","max-snippet":"max-snippet:-1","max-image-preview":"max-image-preview:large","max-video-preview":"max-video-preview:-1"},"canonical":"https:\/\/arak.spicehorse.eu\/sk\/produkt\/kentucky-recuptex-magneticky-nakrcnik\/","og_locale":"sk_SK","og_type":"article","og_title":"Kentucky Recuptex Magnetick\u00fd n\u00e1kr\u010dn\u00edk - Spicehorse","og_description":"spicehorse.eu | Kr\u010dn\u00e1 \u010das\u0165 Recuprex magnetickej deky \u0161peci\u00e1lne vyvinutej v Kentucky Horsewear.","og_url":"https:\/\/arak.spicehorse.eu\/sk\/produkt\/kentucky-recuptex-magneticky-nakrcnik\/","og_site_name":"Spicehorse","article_publisher":"https:\/\/www.facebook.com\/SPICEHORSE-550385625402457\/","article_modified_time":"2024-01-28T17:52:16+00:00","og_image":[{"width":2048,"height":1365,"url":"https:\/\/arak.spicehorse.eu\/wp-content\/uploads\/2019\/10\/15bf86328242b8d9c64ee3c8476713ff8b616fd31b5aa0a29aac7c09a219e1b8.jpg","type":"image\/jpeg"}],"twitter_card":"summary_large_image","twitter_misc":{"Predpokladan\u00fd \u010das \u010d\u00edtania":"1 min\u00fata"},"schema":{"@context":"https:\/\/schema.org","@graph":[{"@type":"WebPage","@id":"https:\/\/arak.spicehorse.eu\/sk\/produkt\/kentucky-recuptex-magneticky-nakrcnik\/","url":"https:\/\/arak.spicehorse.eu\/sk\/produkt\/kentucky-recuptex-magneticky-nakrcnik\/","name":"Kentucky Recuptex Magnetick\u00fd n\u00e1kr\u010dn\u00edk - Spicehorse","isPartOf":{"@id":"https:\/\/arak.spicehorse.eu\/en\/#website"},"datePublished":"2019-10-21T16:37:25+00:00","dateModified":"2024-01-28T17:52:16+00:00","description":"spicehorse.eu | Kr\u010dn\u00e1 \u010das\u0165 Recuprex magnetickej deky \u0161peci\u00e1lne vyvinutej v Kentucky Horsewear.","breadcrumb":{"@id":"https:\/\/arak.spicehorse.eu\/sk\/produkt\/kentucky-recuptex-magneticky-nakrcnik\/#breadcrumb"},"inLanguage":"sk-SK","potentialAction":[{"@type":"ReadAction","target":["https:\/\/arak.spicehorse.eu\/sk\/produkt\/kentucky-recuptex-magneticky-nakrcnik\/"]}]},{"@type":"BreadcrumbList","@id":"https:\/\/arak.spicehorse.eu\/sk\/produkt\/kentucky-recuptex-magneticky-nakrcnik\/#breadcrumb","itemListElement":[{"@type":"ListItem","position":1,"name":"Home","item":"https:\/\/arak.spicehorse.eu\/sk\/"},{"@type":"ListItem","position":2,"name":"Predaj\u0148a","item":"https:\/\/arak.spicehorse.eu\/sk\/predajna\/"},{"@type":"ListItem","position":3,"name":"Kentucky Recuptex Magnetick\u00fd n\u00e1kr\u010dn\u00edk"}]},{"@type":"WebSite","@id":"https:\/\/arak.spicehorse.eu\/en\/#website","url":"https:\/\/arak.spicehorse.eu\/en\/","name":"Spicehorse","description":"UNDER DEVELOPMENT -","potentialAction":[{"@type":"SearchAction","target":{"@type":"EntryPoint","urlTemplate":"https:\/\/arak.spicehorse.eu\/en\/?s={search_term_string}"},"query-input":"required name=search_term_string"}],"inLanguage":"sk-SK"}]}},"_links":{"self":[{"href":"https:\/\/arak.spicehorse.eu\/sk\/wp-json\/wp\/v2\/product\/6484"}],"collection":[{"href":"https:\/\/arak.spicehorse.eu\/sk\/wp-json\/wp\/v2\/product"}],"about":[{"href":"https:\/\/arak.spicehorse.eu\/sk\/wp-json\/wp\/v2\/types\/product"}],"wp:featuredmedia":[{"embeddable":true,"href":"https:\/\/arak.spicehorse.eu\/sk\/wp-json\/wp\/v2\/media\/175235"}],"wp:attachment":[{"href":"https:\/\/arak.spicehorse.eu\/sk\/wp-json\/wp\/v2\/media?parent=6484"}],"wp:term":[{"taxonomy":"product_cat","embeddable":true,"href":"https:\/\/arak.spicehorse.eu\/sk\/wp-json\/wp\/v2\/product_cat?post=6484"},{"taxonomy":"product_tag","embeddable":true,"href":"https:\/\/arak.spicehorse.eu\/sk\/wp-json\/wp\/v2\/product_tag?post=6484"}],"curies":[{"name":"wp","href":"https:\/\/api.w.org\/{rel}","templated":true}]}}