{"id":65245,"date":"2022-08-05T13:32:44","date_gmt":"2022-08-05T11:32:56","guid":{"rendered":"https:\/\/arak.spicehorse.eu\/?post_type=product&#038;p=65245"},"modified":"2023-11-23T11:22:48","modified_gmt":"2023-11-23T10:22:48","slug":"kentucky-all-weather-pro-vybehova-deka-0gr","status":"publish","type":"product","link":"https:\/\/arak.spicehorse.eu\/sk\/produkt\/kentucky-all-weather-pro-vybehova-deka-0gr\/","title":{"rendered":"Kentucky All Weather Pro v\u00fdbehov\u00e1 deka 0gr"},"content":{"rendered":"<p>V\u00fdbehov\u00e1 deka Kentucky Horsewear All Weather s 0 gramovou v\u00fdpl\u0148ou, je vyroben\u00e1 z ve\u013emi pevn\u00e9ho a odoln\u00e9ho materi\u00e1lu. V\u010faka vonkaj\u0161ej pevnej polyesterovej vrstve 1680 Denier extra je mimoriadne pevn\u00e1, odoln\u00e1 a odpudzuje ne\u010distoty.\u00a0\u00a0V\u010faka PU vodeodolnej a prievzdu\u0161nej vrstve je ide\u00e1lna do ka\u017ed\u00e9ho po\u010dasia.<\/p>\n<p>Pod\u0161\u00edvka z\u00a0umelej kr\u00e1li\u010dej ko\u017eu\u0161iny (100%\u00a0cruelty-free) je mimoriadne m\u00e4kk\u00e1, zabra\u0148uje vy\u0161\u00fachaniu poko\u017eky a\u00a0nelep\u00ed sa na \u0148u srs\u0165 ko\u0148a. Pou\u017e\u00edvan\u00edm umelej zaja\u010dej ko\u017eu\u0161iny\u00a0vznikaj\u00fa drobn\u00e9 vzduchov\u00e9 vaky, ktor\u00e9 uchovaj\u00fa a udr\u017euj\u00fa telesn\u00fa teplotu kon\u00ed.\u00a0V\u010faka drobn\u00fdm ch\u013apkom umelej zaja\u010dej ko\u017eu\u0161iny sa srs\u0165 ko\u0148a st\u00e1va lesklej\u0161ou. Pre maxim\u00e1lne pohodlie je v\u00fdbehov\u00e1 deka Kentucky Horsewear ve\u013emi tepl\u00e1, a napriek tomu ve\u013emi \u013eahk\u00e1.<\/p>\n<p>\u0160itia a\u00a0\u0161vy v\u00a0oblasti hrude, ramien a\u00a0krku s\u00fa tie\u017e vystlan\u00e9 umelou zaja\u010dou ko\u017eu\u0161inou pre maxim\u00e1lne pohodlie a\u00a0pre zabr\u00e1nenie vy\u0161\u00fachaniu ko\u017ee.<\/p>\n<p>V\u00fdbehov\u00e1 deka Kentucky Horsewear Turnout Rug All Weather sa v\u00a0prednej \u010dasti zap\u00edna na dve klasick\u00e9 spony a\u00a0siln\u00fd such\u00fd zips, m\u00e1\u00a0dva kr\u00ed\u017eov\u00e9 popruhy a\u00a0pru\u017en\u00fd koncov\u00fd popruh nach\u00e1dzaj\u00faci sa pod chvostom (je odn\u00edmate\u013en\u00fd, m\u00e1 plastov\u00fd kryt a\u00a0t\u00fdm p\u00e1dom sa \u013eahko \u010dist\u00ed)).\u00a0Chr\u00e1ni\u010d chvosta poskytuje extra ochranu a\u00a0teplo.\u00a0Golier\u00a0je odn\u00edmate\u013en\u00fd, mo\u017eno ho zak\u00fapi\u0165 samostatne. Golier mo\u017eno pripevni\u0165 k\u00a0deke \u0161tyrmi extra pevn\u00fdmi such\u00fdmi zipsami, a\u00a0zap\u00edna sa\u00a0 dvomi siln\u00fdmi such\u00fdmi zipsami.<\/p>\n<p>Golier si mo\u017eno objedna\u0165 s 0 g \u00a0alebo 150 g v\u00fdpl\u0148ou. Cel\u00fd golier je pod\u0161it\u00fd umelou zaja\u010dou ko\u017eu\u0161inou, aby sa zabr\u00e1nilo vy\u0161\u00fachaniu hrivy (aj \u0161itie za u\u0161ami je vystlan\u00e9). V\u010faka lemovaniu z\u00a0hnedej ko\u017eenky a\u00a0p\u00e1ntom, ktor\u00e9 sa pou\u017e\u00edvaj\u00fa na spevnenie sp\u00f4n m\u00e1 v\u00fdbehov\u00e1 deka Kentucky Horsewear All Weather mimoriadne elegantn\u00fd a\u00a0neoby\u010dajn\u00fd dizajn.<\/p>\n","protected":false},"excerpt":{"rendered":"<h3><strong>S PU vodeodolnou a\u00a0prievzdu\u0161nou vrstvou, ide\u00e1lna do ka\u017ed\u00e9ho po\u010dasia.<\/strong><\/h3>\n<ul>\n<li>Odol\u00e1va v\u0161etk\u00fdm poveternostn\u00fdm podmienkam<\/li>\n<li>0 g v\u00fdpl\u0148<\/li>\n<li>Prievzdu\u0161n\u00e1<\/li>\n<li>1680 Denier extra pevn\u00e9 polyesterov\u00e9 vl\u00e1kna<\/li>\n<li>Pod\u0161\u00edvka z\u00a0umelej zaja\u010dej ko\u017eu\u0161iny<\/li>\n<li>Extra tepl\u00e1<\/li>\n<li>Nevy\u0161\u00facha poko\u017eku<\/li>\n<li>Popri \u0161it\u00ed a\u00a0\u0161voch (hrudn\u00edk, krk) vystlan\u00e9 umelou zaja\u010dou ko\u017eu\u0161inou<\/li>\n<li>Dve klasick\u00e9 predn\u00e9 spony a\u00a0such\u00fd zips<\/li>\n<li>Dva kr\u00ed\u017eov\u00e9 popruhy<\/li>\n<li>Pru\u017en\u00fd, odn\u00edmate\u013en\u00fd podchvostn\u00edk<\/li>\n<li>Kryt chvosta<\/li>\n<li>Golier s\u00a00 g alebo 150 g v\u00fdpl\u0148ou mo\u017eno zak\u00fapi\u0165 samostatne<\/li>\n<li>Lem z\u00a0ko\u017eenky<\/li>\n<li>Mo\u017eno pra\u0165 v\u00a0pr\u00e1\u010dke na 30\u00b0 (nevkladajte do su\u0161i\u010dky)<\/li>\n<\/ul>\n","protected":false},"featured_media":42364,"template":"","meta":{"_acf_changed":false},"product_cat":[75,99],"product_tag":[135,184,269],"acf":[],"yoast_head":"<!-- This site is optimized with the Yoast SEO plugin v21.4 - https:\/\/yoast.com\/wordpress\/plugins\/seo\/ -->\n<title>Kentucky All Weather Pro v\u00fdbehov\u00e1 deka 0gr - Spicehorse<\/title>\n<meta name=\"description\" content=\"spicehorse.eu | Kentucky Horsewear v\u00fdbehov\u00e1 deka s PU vodeodolnou a\u00a0prievzdu\u0161nou vrstvou, ide\u00e1lna do ka\u017ed\u00e9ho po\u010dasia.\" \/>\n<meta name=\"robots\" content=\"index, follow, max-snippet:-1, max-image-preview:large, max-video-preview:-1\" \/>\n<link rel=\"canonical\" href=\"https:\/\/arak.spicehorse.eu\/sk\/produkt\/kentucky-all-weather-pro-vybehova-deka-0gr\/\" \/>\n<meta property=\"og:locale\" content=\"sk_SK\" \/>\n<meta property=\"og:type\" content=\"article\" \/>\n<meta property=\"og:title\" content=\"Kentucky All Weather Pro v\u00fdbehov\u00e1 deka 0gr - Spicehorse\" \/>\n<meta property=\"og:description\" content=\"spicehorse.eu | Kentucky Horsewear v\u00fdbehov\u00e1 deka s PU vodeodolnou a\u00a0prievzdu\u0161nou vrstvou, ide\u00e1lna do ka\u017ed\u00e9ho po\u010dasia.\" \/>\n<meta property=\"og:url\" content=\"https:\/\/arak.spicehorse.eu\/sk\/produkt\/kentucky-all-weather-pro-vybehova-deka-0gr\/\" \/>\n<meta property=\"og:site_name\" content=\"Spicehorse\" \/>\n<meta property=\"article:publisher\" content=\"https:\/\/www.facebook.com\/SPICEHORSE-550385625402457\/\" \/>\n<meta property=\"article:modified_time\" content=\"2023-11-23T10:22:48+00:00\" \/>\n<meta property=\"og:image\" content=\"https:\/\/arak.spicehorse.eu\/wp-content\/uploads\/2018\/11\/293cb056d2f44f0f0026a36c01f02a80aaba84fdbcf6ea6e74c252658bf01adb.jpg\" \/>\n\t<meta property=\"og:image:width\" content=\"2048\" \/>\n\t<meta property=\"og:image:height\" content=\"2048\" \/>\n\t<meta property=\"og:image:type\" content=\"image\/jpeg\" \/>\n<meta name=\"twitter:card\" content=\"summary_large_image\" \/>\n<meta name=\"twitter:label1\" content=\"Predpokladan\u00fd \u010das \u010d\u00edtania\" \/>\n\t<meta name=\"twitter:data1\" content=\"2 min\u00faty\" \/>\n<script type=\"application\/ld+json\" class=\"yoast-schema-graph\">{\"@context\":\"https:\/\/schema.org\",\"@graph\":[{\"@type\":\"WebPage\",\"@id\":\"https:\/\/arak.spicehorse.eu\/sk\/produkt\/kentucky-all-weather-pro-vybehova-deka-0gr\/\",\"url\":\"https:\/\/arak.spicehorse.eu\/sk\/produkt\/kentucky-all-weather-pro-vybehova-deka-0gr\/\",\"name\":\"Kentucky All Weather Pro v\u00fdbehov\u00e1 deka 0gr - Spicehorse\",\"isPartOf\":{\"@id\":\"https:\/\/arak.spicehorse.eu\/en\/#website\"},\"datePublished\":\"2022-08-05T11:32:56+00:00\",\"dateModified\":\"2023-11-23T10:22:48+00:00\",\"description\":\"spicehorse.eu | Kentucky Horsewear v\u00fdbehov\u00e1 deka s PU vodeodolnou a\u00a0prievzdu\u0161nou vrstvou, ide\u00e1lna do ka\u017ed\u00e9ho po\u010dasia.\",\"breadcrumb\":{\"@id\":\"https:\/\/arak.spicehorse.eu\/sk\/produkt\/kentucky-all-weather-pro-vybehova-deka-0gr\/#breadcrumb\"},\"inLanguage\":\"sk-SK\",\"potentialAction\":[{\"@type\":\"ReadAction\",\"target\":[\"https:\/\/arak.spicehorse.eu\/sk\/produkt\/kentucky-all-weather-pro-vybehova-deka-0gr\/\"]}]},{\"@type\":\"BreadcrumbList\",\"@id\":\"https:\/\/arak.spicehorse.eu\/sk\/produkt\/kentucky-all-weather-pro-vybehova-deka-0gr\/#breadcrumb\",\"itemListElement\":[{\"@type\":\"ListItem\",\"position\":1,\"name\":\"Home\",\"item\":\"https:\/\/arak.spicehorse.eu\/sk\/\"},{\"@type\":\"ListItem\",\"position\":2,\"name\":\"Predaj\u0148a\",\"item\":\"https:\/\/arak.spicehorse.eu\/sk\/predajna\/\"},{\"@type\":\"ListItem\",\"position\":3,\"name\":\"Kentucky All Weather Pro v\u00fdbehov\u00e1 deka 0gr\"}]},{\"@type\":\"WebSite\",\"@id\":\"https:\/\/arak.spicehorse.eu\/en\/#website\",\"url\":\"https:\/\/arak.spicehorse.eu\/en\/\",\"name\":\"Spicehorse\",\"description\":\"UNDER DEVELOPMENT -\",\"potentialAction\":[{\"@type\":\"SearchAction\",\"target\":{\"@type\":\"EntryPoint\",\"urlTemplate\":\"https:\/\/arak.spicehorse.eu\/en\/?s={search_term_string}\"},\"query-input\":\"required name=search_term_string\"}],\"inLanguage\":\"sk-SK\"}]}<\/script>\n<!-- \/ Yoast SEO plugin. -->","yoast_head_json":{"title":"Kentucky All Weather Pro v\u00fdbehov\u00e1 deka 0gr - Spicehorse","description":"spicehorse.eu | Kentucky Horsewear v\u00fdbehov\u00e1 deka s PU vodeodolnou a\u00a0prievzdu\u0161nou vrstvou, ide\u00e1lna do ka\u017ed\u00e9ho po\u010dasia.","robots":{"index":"index","follow":"follow","max-snippet":"max-snippet:-1","max-image-preview":"max-image-preview:large","max-video-preview":"max-video-preview:-1"},"canonical":"https:\/\/arak.spicehorse.eu\/sk\/produkt\/kentucky-all-weather-pro-vybehova-deka-0gr\/","og_locale":"sk_SK","og_type":"article","og_title":"Kentucky All Weather Pro v\u00fdbehov\u00e1 deka 0gr - Spicehorse","og_description":"spicehorse.eu | Kentucky Horsewear v\u00fdbehov\u00e1 deka s PU vodeodolnou a\u00a0prievzdu\u0161nou vrstvou, ide\u00e1lna do ka\u017ed\u00e9ho po\u010dasia.","og_url":"https:\/\/arak.spicehorse.eu\/sk\/produkt\/kentucky-all-weather-pro-vybehova-deka-0gr\/","og_site_name":"Spicehorse","article_publisher":"https:\/\/www.facebook.com\/SPICEHORSE-550385625402457\/","article_modified_time":"2023-11-23T10:22:48+00:00","og_image":[{"width":2048,"height":2048,"url":"https:\/\/arak.spicehorse.eu\/wp-content\/uploads\/2018\/11\/293cb056d2f44f0f0026a36c01f02a80aaba84fdbcf6ea6e74c252658bf01adb.jpg","type":"image\/jpeg"}],"twitter_card":"summary_large_image","twitter_misc":{"Predpokladan\u00fd \u010das \u010d\u00edtania":"2 min\u00faty"},"schema":{"@context":"https:\/\/schema.org","@graph":[{"@type":"WebPage","@id":"https:\/\/arak.spicehorse.eu\/sk\/produkt\/kentucky-all-weather-pro-vybehova-deka-0gr\/","url":"https:\/\/arak.spicehorse.eu\/sk\/produkt\/kentucky-all-weather-pro-vybehova-deka-0gr\/","name":"Kentucky All Weather Pro v\u00fdbehov\u00e1 deka 0gr - Spicehorse","isPartOf":{"@id":"https:\/\/arak.spicehorse.eu\/en\/#website"},"datePublished":"2022-08-05T11:32:56+00:00","dateModified":"2023-11-23T10:22:48+00:00","description":"spicehorse.eu | Kentucky Horsewear v\u00fdbehov\u00e1 deka s PU vodeodolnou a\u00a0prievzdu\u0161nou vrstvou, ide\u00e1lna do ka\u017ed\u00e9ho po\u010dasia.","breadcrumb":{"@id":"https:\/\/arak.spicehorse.eu\/sk\/produkt\/kentucky-all-weather-pro-vybehova-deka-0gr\/#breadcrumb"},"inLanguage":"sk-SK","potentialAction":[{"@type":"ReadAction","target":["https:\/\/arak.spicehorse.eu\/sk\/produkt\/kentucky-all-weather-pro-vybehova-deka-0gr\/"]}]},{"@type":"BreadcrumbList","@id":"https:\/\/arak.spicehorse.eu\/sk\/produkt\/kentucky-all-weather-pro-vybehova-deka-0gr\/#breadcrumb","itemListElement":[{"@type":"ListItem","position":1,"name":"Home","item":"https:\/\/arak.spicehorse.eu\/sk\/"},{"@type":"ListItem","position":2,"name":"Predaj\u0148a","item":"https:\/\/arak.spicehorse.eu\/sk\/predajna\/"},{"@type":"ListItem","position":3,"name":"Kentucky All Weather Pro v\u00fdbehov\u00e1 deka 0gr"}]},{"@type":"WebSite","@id":"https:\/\/arak.spicehorse.eu\/en\/#website","url":"https:\/\/arak.spicehorse.eu\/en\/","name":"Spicehorse","description":"UNDER DEVELOPMENT -","potentialAction":[{"@type":"SearchAction","target":{"@type":"EntryPoint","urlTemplate":"https:\/\/arak.spicehorse.eu\/en\/?s={search_term_string}"},"query-input":"required name=search_term_string"}],"inLanguage":"sk-SK"}]}},"_links":{"self":[{"href":"https:\/\/arak.spicehorse.eu\/sk\/wp-json\/wp\/v2\/product\/65245"}],"collection":[{"href":"https:\/\/arak.spicehorse.eu\/sk\/wp-json\/wp\/v2\/product"}],"about":[{"href":"https:\/\/arak.spicehorse.eu\/sk\/wp-json\/wp\/v2\/types\/product"}],"wp:featuredmedia":[{"embeddable":true,"href":"https:\/\/arak.spicehorse.eu\/sk\/wp-json\/wp\/v2\/media\/42364"}],"wp:attachment":[{"href":"https:\/\/arak.spicehorse.eu\/sk\/wp-json\/wp\/v2\/media?parent=65245"}],"wp:term":[{"taxonomy":"product_cat","embeddable":true,"href":"https:\/\/arak.spicehorse.eu\/sk\/wp-json\/wp\/v2\/product_cat?post=65245"},{"taxonomy":"product_tag","embeddable":true,"href":"https:\/\/arak.spicehorse.eu\/sk\/wp-json\/wp\/v2\/product_tag?post=65245"}],"curies":[{"name":"wp","href":"https:\/\/api.w.org\/{rel}","templated":true}]}}