{"id":65816,"date":"2022-08-09T13:08:23","date_gmt":"2022-08-09T11:08:32","guid":{"rendered":"https:\/\/arak.spicehorse.eu\/?post_type=product&#038;p=65816"},"modified":"2023-12-16T18:27:35","modified_gmt":"2023-12-16T17:27:35","slug":"winderen-drezurna-podsedlova-decka-petite","status":"publish","type":"product","link":"https:\/\/arak.spicehorse.eu\/sk\/produkt\/winderen-drezurna-podsedlova-decka-petite\/","title":{"rendered":"Winderen drez\u00farna podsedlov\u00e1 de\u010dka Petite"},"content":{"rendered":"<p>Winderen Anatomic Top Line podsedlov\u00e1 de\u010dka je vyroben\u00e1 z materi\u00e1lov najvy\u0161\u0161ej kvality. V\u010faka 100% bavlne m\u00e1 podsedloc\u00e1 de\u010dka Winderen vynikaj\u00face schopnosti regulova\u0165 teplotu. Miesta vystaven\u00e9 odieraniu s\u00fa posilnen\u00e9, aby bola podsedlov\u00e1 de\u010dka odoln\u00e1 a dlho pekn\u00e1 aj pri zv\u00fd\u0161enej n\u00e1mahe. Navy\u0161e podsedlov\u00e9 de\u010dky Anatomic Top Line mo\u017eno pra\u0165 v pr\u00e1\u010dke, ani po opakovanom pran\u00ed sa nezrazia a zachovaj\u00fa si svoj tvar.<\/p>\n<p>Podsedlov\u00e1 de\u010dka m\u00e1 anatomick\u00e9 tvarovanie, dobre sa prisp\u00f4sobuje prirodzenej forme konsk\u00e9ho chrbta, \u010d\u00edm m\u00f4\u017eeme pred\u00eds\u0165 zaseknutiu citliv\u00fdch \u010dast\u00ed (koh\u00fatik, chrbtica) a vy\u0161\u00fachaniu.<\/p>\n<p>Predn\u00e1 \u010das\u0165 podsedlovej de\u010dky je vysoko vykrojen\u00e1, aby poskytovala dostato\u010dn\u00fd priestor citliv\u00e9mu koh\u00fatiku. Dostato\u010dn\u00e1 meravos\u0165 podsedlovej de\u010dky minimalizuje jej zo\u0161mykovanie pri jazden\u00ed.<\/p>\n<p><strong>Odoln\u00fd vrchn\u00fd materi\u00e1l<\/strong><\/p>\n<p>Vrchn\u00fd materi\u00e1l je pevn\u00fd, priedu\u0161n\u00fd a odoln\u00fd vo\u010di opotrebovaniu. Ne\u0161m\u00fdka sa, aj po dlhej dobe si uchov\u00e1va svoj pekn\u00fd vzh\u013ead. \u013dahko sa z nej odstra\u0148uje konsk\u00e1 srs\u0165 a ne\u010distoty. S lemom z jemnej, syntetickej ko\u017ee.<\/p>\n<p><strong>Plsten\u00e1 v\u00fdpl\u0148<\/strong><\/p>\n<p>K\u00f4\u0148 sa najviac pot\u00ed pod sedlom, preto m\u00e1 podsedlov\u00e1 de\u010dka Winderen v\u00fdpl\u0148 z jemnej a pr\u00edrodnej plsti (filcu). V\u010faka vynikaj\u00facej schopnosti absorbova\u0165 pot zabezpe\u010duje dokonal\u00fa izol\u00e1ciu medzi chrbtom ko\u0148a a sedlom.<\/p>\n<p><strong>100% bavlna<\/strong><\/p>\n<p>Spodn\u00e1 \u010das\u0165 Anatomic Top Line podsedlovej de\u010dky je vyroben\u00e1 zo 100% reli\u00e9fnej pr\u00edrodnej, \u010d\u00edm zabezpe\u010duje \u010do mo\u017eno najlep\u0161iu tepeln\u00fa regul\u00e1ciu a odv\u00e1dzanie vlhkosti.<\/p>\n<p>Vyroben\u00e1 ru\u010dne v Po\u013esku.<\/p>\n<p>Winderen Anatomic Top Line skokov\u00e1 podsedlov\u00e1 de\u010dka je navrhnut\u00e1 tak, aby dokonale sedela so skokovou verziou podlo\u017eky pod sedlo Winderen Back Protect Solution.<\/p>\n","protected":false},"excerpt":{"rendered":"<p>Winderen Anatomic Top Line podsedlov\u00e1 de\u010dka je vyroben\u00e1 z materi\u00e1lov najvy\u0161\u0161ej kvality. V\u010faka 100% bavlne m\u00e1 podsedloc\u00e1 de\u010dka Winderen vynikaj\u00face schopnosti regulova\u0165 teplotu. Miesta vystaven\u00e9 odieraniu s\u00fa posilnen\u00e9, aby bola podsedlov\u00e1 de\u010dka odoln\u00e1 a dlho pekn\u00e1 aj pri zv\u00fd\u0161enej n\u00e1mahe. Navy\u0161e podsedlov\u00e9 de\u010dky Anatomic Top Line mo\u017eno pra\u0165 v pr\u00e1\u010dke, ani po opakovanom pran\u00ed sa [&hellip;]<\/p>\n","protected":false},"featured_media":118880,"template":"","meta":{"_acf_changed":false},"product_cat":[75,367],"product_tag":[369,217,422,1410,1591],"acf":[],"yoast_head":"<!-- This site is optimized with the Yoast SEO plugin v21.4 - https:\/\/yoast.com\/wordpress\/plugins\/seo\/ -->\n<title>Winderen drez\u00farna podsedlov\u00e1 de\u010dka Petite - Spicehorse<\/title>\n<meta name=\"description\" content=\"spicehorse.eu | Winderen Anatomic Top Line podsedlov\u00e1 de\u010dka je vyroben\u00e1 z materi\u00e1lov najvy\u0161\u0161ej kvality. V\u010faka 100% bavlne m\u00e1 podsedloc\u00e1 de\u010dka Winderen vynikaj\u00face schopnosti regulova\u0165 teplotu.\" \/>\n<meta name=\"robots\" content=\"index, follow, max-snippet:-1, max-image-preview:large, max-video-preview:-1\" \/>\n<link rel=\"canonical\" href=\"https:\/\/arak.spicehorse.eu\/sk\/produkt\/winderen-drezurna-podsedlova-decka-petite\/\" \/>\n<meta property=\"og:locale\" content=\"sk_SK\" \/>\n<meta property=\"og:type\" content=\"article\" \/>\n<meta property=\"og:title\" content=\"Winderen drez\u00farna podsedlov\u00e1 de\u010dka Petite - Spicehorse\" \/>\n<meta property=\"og:description\" content=\"spicehorse.eu | Winderen Anatomic Top Line podsedlov\u00e1 de\u010dka je vyroben\u00e1 z materi\u00e1lov najvy\u0161\u0161ej kvality. V\u010faka 100% bavlne m\u00e1 podsedloc\u00e1 de\u010dka Winderen vynikaj\u00face schopnosti regulova\u0165 teplotu.\" \/>\n<meta property=\"og:url\" content=\"https:\/\/arak.spicehorse.eu\/sk\/produkt\/winderen-drezurna-podsedlova-decka-petite\/\" \/>\n<meta property=\"og:site_name\" content=\"Spicehorse\" \/>\n<meta property=\"article:publisher\" content=\"https:\/\/www.facebook.com\/SPICEHORSE-550385625402457\/\" \/>\n<meta property=\"article:modified_time\" content=\"2023-12-16T17:27:35+00:00\" \/>\n<meta property=\"og:image\" content=\"https:\/\/arak.spicehorse.eu\/wp-content\/uploads\/2022\/01\/IMG_3923.jpg\" \/>\n\t<meta property=\"og:image:width\" content=\"1151\" \/>\n\t<meta property=\"og:image:height\" content=\"1727\" \/>\n\t<meta property=\"og:image:type\" content=\"image\/jpeg\" \/>\n<meta name=\"twitter:card\" content=\"summary_large_image\" \/>\n<meta name=\"twitter:label1\" content=\"Predpokladan\u00fd \u010das \u010d\u00edtania\" \/>\n\t<meta name=\"twitter:data1\" content=\"1 min\u00fata\" \/>\n<script type=\"application\/ld+json\" class=\"yoast-schema-graph\">{\"@context\":\"https:\/\/schema.org\",\"@graph\":[{\"@type\":\"WebPage\",\"@id\":\"https:\/\/arak.spicehorse.eu\/sk\/produkt\/winderen-drezurna-podsedlova-decka-petite\/\",\"url\":\"https:\/\/arak.spicehorse.eu\/sk\/produkt\/winderen-drezurna-podsedlova-decka-petite\/\",\"name\":\"Winderen drez\u00farna podsedlov\u00e1 de\u010dka Petite - Spicehorse\",\"isPartOf\":{\"@id\":\"https:\/\/arak.spicehorse.eu\/en\/#website\"},\"datePublished\":\"2022-08-09T11:08:32+00:00\",\"dateModified\":\"2023-12-16T17:27:35+00:00\",\"description\":\"spicehorse.eu | Winderen Anatomic Top Line podsedlov\u00e1 de\u010dka je vyroben\u00e1 z materi\u00e1lov najvy\u0161\u0161ej kvality. V\u010faka 100% bavlne m\u00e1 podsedloc\u00e1 de\u010dka Winderen vynikaj\u00face schopnosti regulova\u0165 teplotu.\",\"breadcrumb\":{\"@id\":\"https:\/\/arak.spicehorse.eu\/sk\/produkt\/winderen-drezurna-podsedlova-decka-petite\/#breadcrumb\"},\"inLanguage\":\"sk-SK\",\"potentialAction\":[{\"@type\":\"ReadAction\",\"target\":[\"https:\/\/arak.spicehorse.eu\/sk\/produkt\/winderen-drezurna-podsedlova-decka-petite\/\"]}]},{\"@type\":\"BreadcrumbList\",\"@id\":\"https:\/\/arak.spicehorse.eu\/sk\/produkt\/winderen-drezurna-podsedlova-decka-petite\/#breadcrumb\",\"itemListElement\":[{\"@type\":\"ListItem\",\"position\":1,\"name\":\"Home\",\"item\":\"https:\/\/arak.spicehorse.eu\/sk\/\"},{\"@type\":\"ListItem\",\"position\":2,\"name\":\"Predaj\u0148a\",\"item\":\"https:\/\/arak.spicehorse.eu\/sk\/predajna\/\"},{\"@type\":\"ListItem\",\"position\":3,\"name\":\"Winderen drez\u00farna podsedlov\u00e1 de\u010dka Petite\"}]},{\"@type\":\"WebSite\",\"@id\":\"https:\/\/arak.spicehorse.eu\/en\/#website\",\"url\":\"https:\/\/arak.spicehorse.eu\/en\/\",\"name\":\"Spicehorse\",\"description\":\"UNDER DEVELOPMENT -\",\"potentialAction\":[{\"@type\":\"SearchAction\",\"target\":{\"@type\":\"EntryPoint\",\"urlTemplate\":\"https:\/\/arak.spicehorse.eu\/en\/?s={search_term_string}\"},\"query-input\":\"required name=search_term_string\"}],\"inLanguage\":\"sk-SK\"}]}<\/script>\n<!-- \/ Yoast SEO plugin. -->","yoast_head_json":{"title":"Winderen drez\u00farna podsedlov\u00e1 de\u010dka Petite - Spicehorse","description":"spicehorse.eu | Winderen Anatomic Top Line podsedlov\u00e1 de\u010dka je vyroben\u00e1 z materi\u00e1lov najvy\u0161\u0161ej kvality. V\u010faka 100% bavlne m\u00e1 podsedloc\u00e1 de\u010dka Winderen vynikaj\u00face schopnosti regulova\u0165 teplotu.","robots":{"index":"index","follow":"follow","max-snippet":"max-snippet:-1","max-image-preview":"max-image-preview:large","max-video-preview":"max-video-preview:-1"},"canonical":"https:\/\/arak.spicehorse.eu\/sk\/produkt\/winderen-drezurna-podsedlova-decka-petite\/","og_locale":"sk_SK","og_type":"article","og_title":"Winderen drez\u00farna podsedlov\u00e1 de\u010dka Petite - Spicehorse","og_description":"spicehorse.eu | Winderen Anatomic Top Line podsedlov\u00e1 de\u010dka je vyroben\u00e1 z materi\u00e1lov najvy\u0161\u0161ej kvality. V\u010faka 100% bavlne m\u00e1 podsedloc\u00e1 de\u010dka Winderen vynikaj\u00face schopnosti regulova\u0165 teplotu.","og_url":"https:\/\/arak.spicehorse.eu\/sk\/produkt\/winderen-drezurna-podsedlova-decka-petite\/","og_site_name":"Spicehorse","article_publisher":"https:\/\/www.facebook.com\/SPICEHORSE-550385625402457\/","article_modified_time":"2023-12-16T17:27:35+00:00","og_image":[{"width":1151,"height":1727,"url":"https:\/\/arak.spicehorse.eu\/wp-content\/uploads\/2022\/01\/IMG_3923.jpg","type":"image\/jpeg"}],"twitter_card":"summary_large_image","twitter_misc":{"Predpokladan\u00fd \u010das \u010d\u00edtania":"1 min\u00fata"},"schema":{"@context":"https:\/\/schema.org","@graph":[{"@type":"WebPage","@id":"https:\/\/arak.spicehorse.eu\/sk\/produkt\/winderen-drezurna-podsedlova-decka-petite\/","url":"https:\/\/arak.spicehorse.eu\/sk\/produkt\/winderen-drezurna-podsedlova-decka-petite\/","name":"Winderen drez\u00farna podsedlov\u00e1 de\u010dka Petite - Spicehorse","isPartOf":{"@id":"https:\/\/arak.spicehorse.eu\/en\/#website"},"datePublished":"2022-08-09T11:08:32+00:00","dateModified":"2023-12-16T17:27:35+00:00","description":"spicehorse.eu | Winderen Anatomic Top Line podsedlov\u00e1 de\u010dka je vyroben\u00e1 z materi\u00e1lov najvy\u0161\u0161ej kvality. V\u010faka 100% bavlne m\u00e1 podsedloc\u00e1 de\u010dka Winderen vynikaj\u00face schopnosti regulova\u0165 teplotu.","breadcrumb":{"@id":"https:\/\/arak.spicehorse.eu\/sk\/produkt\/winderen-drezurna-podsedlova-decka-petite\/#breadcrumb"},"inLanguage":"sk-SK","potentialAction":[{"@type":"ReadAction","target":["https:\/\/arak.spicehorse.eu\/sk\/produkt\/winderen-drezurna-podsedlova-decka-petite\/"]}]},{"@type":"BreadcrumbList","@id":"https:\/\/arak.spicehorse.eu\/sk\/produkt\/winderen-drezurna-podsedlova-decka-petite\/#breadcrumb","itemListElement":[{"@type":"ListItem","position":1,"name":"Home","item":"https:\/\/arak.spicehorse.eu\/sk\/"},{"@type":"ListItem","position":2,"name":"Predaj\u0148a","item":"https:\/\/arak.spicehorse.eu\/sk\/predajna\/"},{"@type":"ListItem","position":3,"name":"Winderen drez\u00farna podsedlov\u00e1 de\u010dka Petite"}]},{"@type":"WebSite","@id":"https:\/\/arak.spicehorse.eu\/en\/#website","url":"https:\/\/arak.spicehorse.eu\/en\/","name":"Spicehorse","description":"UNDER DEVELOPMENT -","potentialAction":[{"@type":"SearchAction","target":{"@type":"EntryPoint","urlTemplate":"https:\/\/arak.spicehorse.eu\/en\/?s={search_term_string}"},"query-input":"required name=search_term_string"}],"inLanguage":"sk-SK"}]}},"_links":{"self":[{"href":"https:\/\/arak.spicehorse.eu\/sk\/wp-json\/wp\/v2\/product\/65816"}],"collection":[{"href":"https:\/\/arak.spicehorse.eu\/sk\/wp-json\/wp\/v2\/product"}],"about":[{"href":"https:\/\/arak.spicehorse.eu\/sk\/wp-json\/wp\/v2\/types\/product"}],"wp:featuredmedia":[{"embeddable":true,"href":"https:\/\/arak.spicehorse.eu\/sk\/wp-json\/wp\/v2\/media\/118880"}],"wp:attachment":[{"href":"https:\/\/arak.spicehorse.eu\/sk\/wp-json\/wp\/v2\/media?parent=65816"}],"wp:term":[{"taxonomy":"product_cat","embeddable":true,"href":"https:\/\/arak.spicehorse.eu\/sk\/wp-json\/wp\/v2\/product_cat?post=65816"},{"taxonomy":"product_tag","embeddable":true,"href":"https:\/\/arak.spicehorse.eu\/sk\/wp-json\/wp\/v2\/product_tag?post=65816"}],"curies":[{"name":"wp","href":"https:\/\/api.w.org\/{rel}","templated":true}]}}