{"id":66228,"date":"2022-08-12T09:52:36","date_gmt":"2022-08-12T07:52:39","guid":{"rendered":"https:\/\/arak.spicehorse.eu\/?post_type=product&#038;p=66228"},"modified":"2023-11-23T11:22:46","modified_gmt":"2023-11-23T10:22:46","slug":"kentucky-wellington-big-stone-pearl-cabraka","status":"publish","type":"product","link":"https:\/\/arak.spicehorse.eu\/sk\/produkt\/kentucky-wellington-big-stone-pearl-cabraka\/","title":{"rendered":"Kentucky Wellington Big Stone &#038; Pearl \u010dabraka"},"content":{"rendered":"<p><span lang=\"SK\">Kentucky Horsewear Big Stone &amp; Pearls \u010dabraka vysokej kvality s\u00a0ve\u013ek\u00fdmi kri\u0161t\u00e1\u013emi a\u00a0kamienkami v\u00a0popul\u00e1rnej Wellington faz\u00f3ne. \u010cabraka je vyroben\u00e1 odoln\u00fdm ru\u010dn\u00fdm pleten\u00edm, s\u00a0kri\u0161t\u00e1\u013eov\u00fdm lemom vo farbe \u010dabraky, zdoben\u00e1 ve\u013ek\u00fdmi kamienkami. Extra vzh\u013ead je zaru\u010den\u00fd!<\/span><\/p>\n<p><span lang=\"SK\">\u010cabraka chr\u00e1ni u\u0161i ko\u0148a po\u010das jazdy. U\u0161n\u00e1 \u010das\u0165 je vyroben\u00e1 z\u00a0elastick\u00e9ho materi\u00e1lu, slim fit. V\u010faka pred\u013a\u017eenej \u010dasti okolo krku sa \u010dabraka nezo\u0161mykuje. Bez loga, po\u013eahky na \u0148u mo\u017eno umiestni\u0165 vlastn\u00e9 alebo sponzorsk\u00e9 logo. Ru\u010dn\u00e9 pranie! <\/span><\/p>\n","protected":false},"excerpt":{"rendered":"<ul>\n<li>Popul\u00e1rna Wellington faz\u00f3na<\/li>\n<li>Kr\u00e1sne zdoben\u00e1 ve\u013ek\u00fdmi kri\u0161t\u00e1\u013emi<\/li>\n<li>U\u0161n\u00e1 \u010das\u0165 z\u00a0elastick\u00e9ho materi\u00e1lu<\/li>\n<li>Mo\u017eno ju vy\u0161i\u0165<\/li>\n<li>Ru\u010dn\u00e9 pranie<\/li>\n<\/ul>\n","protected":false},"featured_media":72760,"template":"","meta":{"_acf_changed":false},"product_cat":[75,108],"product_tag":[265,241,184],"acf":[],"yoast_head":"<!-- This site is optimized with the Yoast SEO plugin v21.4 - https:\/\/yoast.com\/wordpress\/plugins\/seo\/ -->\n<title>Kentucky Wellington Big Stone &amp; Pearl \u010dabraka - Spicehorse<\/title>\n<meta name=\"description\" content=\"spicehorse.eu | Kentucky Horsewear Big Stone &amp; Pearls \u010dabraka vysokej kvality s\u00a0ve\u013ek\u00fdmi kri\u0161t\u00e1\u013emi a\u00a0kamienkami v\u00a0popul\u00e1rnej Wellington faz\u00f3ne.\" \/>\n<meta name=\"robots\" content=\"index, follow, max-snippet:-1, max-image-preview:large, max-video-preview:-1\" \/>\n<link rel=\"canonical\" href=\"https:\/\/arak.spicehorse.eu\/sk\/produkt\/kentucky-wellington-big-stone-pearl-cabraka\/\" \/>\n<meta property=\"og:locale\" content=\"sk_SK\" \/>\n<meta property=\"og:type\" content=\"article\" \/>\n<meta property=\"og:title\" content=\"Kentucky Wellington Big Stone &amp; Pearl \u010dabraka - Spicehorse\" \/>\n<meta property=\"og:description\" content=\"spicehorse.eu | Kentucky Horsewear Big Stone &amp; Pearls \u010dabraka vysokej kvality s\u00a0ve\u013ek\u00fdmi kri\u0161t\u00e1\u013emi a\u00a0kamienkami v\u00a0popul\u00e1rnej Wellington faz\u00f3ne.\" \/>\n<meta property=\"og:url\" content=\"https:\/\/arak.spicehorse.eu\/sk\/produkt\/kentucky-wellington-big-stone-pearl-cabraka\/\" \/>\n<meta property=\"og:site_name\" content=\"Spicehorse\" \/>\n<meta property=\"article:publisher\" content=\"https:\/\/www.facebook.com\/SPICEHORSE-550385625402457\/\" \/>\n<meta property=\"article:modified_time\" content=\"2023-11-23T10:22:46+00:00\" \/>\n<meta property=\"og:image\" content=\"https:\/\/arak.spicehorse.eu\/wp-content\/uploads\/2022\/08\/485a5492-e8502ded370e565d04389cf2c54c4715-article-photobook-crop.webp\" \/>\n\t<meta property=\"og:image:width\" content=\"545\" \/>\n\t<meta property=\"og:image:height\" content=\"545\" \/>\n\t<meta property=\"og:image:type\" content=\"image\/webp\" \/>\n<meta name=\"twitter:card\" content=\"summary_large_image\" \/>\n<meta name=\"twitter:label1\" content=\"Predpokladan\u00fd \u010das \u010d\u00edtania\" \/>\n\t<meta name=\"twitter:data1\" content=\"1 min\u00fata\" \/>\n<script type=\"application\/ld+json\" class=\"yoast-schema-graph\">{\"@context\":\"https:\/\/schema.org\",\"@graph\":[{\"@type\":\"WebPage\",\"@id\":\"https:\/\/arak.spicehorse.eu\/sk\/produkt\/kentucky-wellington-big-stone-pearl-cabraka\/\",\"url\":\"https:\/\/arak.spicehorse.eu\/sk\/produkt\/kentucky-wellington-big-stone-pearl-cabraka\/\",\"name\":\"Kentucky Wellington Big Stone & Pearl \u010dabraka - Spicehorse\",\"isPartOf\":{\"@id\":\"https:\/\/arak.spicehorse.eu\/en\/#website\"},\"datePublished\":\"2022-08-12T07:52:39+00:00\",\"dateModified\":\"2023-11-23T10:22:46+00:00\",\"description\":\"spicehorse.eu | Kentucky Horsewear Big Stone & Pearls \u010dabraka vysokej kvality s\u00a0ve\u013ek\u00fdmi kri\u0161t\u00e1\u013emi a\u00a0kamienkami v\u00a0popul\u00e1rnej Wellington faz\u00f3ne.\",\"breadcrumb\":{\"@id\":\"https:\/\/arak.spicehorse.eu\/sk\/produkt\/kentucky-wellington-big-stone-pearl-cabraka\/#breadcrumb\"},\"inLanguage\":\"sk-SK\",\"potentialAction\":[{\"@type\":\"ReadAction\",\"target\":[\"https:\/\/arak.spicehorse.eu\/sk\/produkt\/kentucky-wellington-big-stone-pearl-cabraka\/\"]}]},{\"@type\":\"BreadcrumbList\",\"@id\":\"https:\/\/arak.spicehorse.eu\/sk\/produkt\/kentucky-wellington-big-stone-pearl-cabraka\/#breadcrumb\",\"itemListElement\":[{\"@type\":\"ListItem\",\"position\":1,\"name\":\"Home\",\"item\":\"https:\/\/arak.spicehorse.eu\/sk\/\"},{\"@type\":\"ListItem\",\"position\":2,\"name\":\"Predaj\u0148a\",\"item\":\"https:\/\/arak.spicehorse.eu\/sk\/predajna\/\"},{\"@type\":\"ListItem\",\"position\":3,\"name\":\"Kentucky Wellington Big Stone &#038; Pearl \u010dabraka\"}]},{\"@type\":\"WebSite\",\"@id\":\"https:\/\/arak.spicehorse.eu\/en\/#website\",\"url\":\"https:\/\/arak.spicehorse.eu\/en\/\",\"name\":\"Spicehorse\",\"description\":\"UNDER DEVELOPMENT -\",\"potentialAction\":[{\"@type\":\"SearchAction\",\"target\":{\"@type\":\"EntryPoint\",\"urlTemplate\":\"https:\/\/arak.spicehorse.eu\/en\/?s={search_term_string}\"},\"query-input\":\"required name=search_term_string\"}],\"inLanguage\":\"sk-SK\"}]}<\/script>\n<!-- \/ Yoast SEO plugin. -->","yoast_head_json":{"title":"Kentucky Wellington Big Stone & Pearl \u010dabraka - Spicehorse","description":"spicehorse.eu | Kentucky Horsewear Big Stone & Pearls \u010dabraka vysokej kvality s\u00a0ve\u013ek\u00fdmi kri\u0161t\u00e1\u013emi a\u00a0kamienkami v\u00a0popul\u00e1rnej Wellington faz\u00f3ne.","robots":{"index":"index","follow":"follow","max-snippet":"max-snippet:-1","max-image-preview":"max-image-preview:large","max-video-preview":"max-video-preview:-1"},"canonical":"https:\/\/arak.spicehorse.eu\/sk\/produkt\/kentucky-wellington-big-stone-pearl-cabraka\/","og_locale":"sk_SK","og_type":"article","og_title":"Kentucky Wellington Big Stone & Pearl \u010dabraka - Spicehorse","og_description":"spicehorse.eu | Kentucky Horsewear Big Stone & Pearls \u010dabraka vysokej kvality s\u00a0ve\u013ek\u00fdmi kri\u0161t\u00e1\u013emi a\u00a0kamienkami v\u00a0popul\u00e1rnej Wellington faz\u00f3ne.","og_url":"https:\/\/arak.spicehorse.eu\/sk\/produkt\/kentucky-wellington-big-stone-pearl-cabraka\/","og_site_name":"Spicehorse","article_publisher":"https:\/\/www.facebook.com\/SPICEHORSE-550385625402457\/","article_modified_time":"2023-11-23T10:22:46+00:00","og_image":[{"width":545,"height":545,"url":"https:\/\/arak.spicehorse.eu\/wp-content\/uploads\/2022\/08\/485a5492-e8502ded370e565d04389cf2c54c4715-article-photobook-crop.webp","type":"image\/webp"}],"twitter_card":"summary_large_image","twitter_misc":{"Predpokladan\u00fd \u010das \u010d\u00edtania":"1 min\u00fata"},"schema":{"@context":"https:\/\/schema.org","@graph":[{"@type":"WebPage","@id":"https:\/\/arak.spicehorse.eu\/sk\/produkt\/kentucky-wellington-big-stone-pearl-cabraka\/","url":"https:\/\/arak.spicehorse.eu\/sk\/produkt\/kentucky-wellington-big-stone-pearl-cabraka\/","name":"Kentucky Wellington Big Stone & Pearl \u010dabraka - Spicehorse","isPartOf":{"@id":"https:\/\/arak.spicehorse.eu\/en\/#website"},"datePublished":"2022-08-12T07:52:39+00:00","dateModified":"2023-11-23T10:22:46+00:00","description":"spicehorse.eu | Kentucky Horsewear Big Stone & Pearls \u010dabraka vysokej kvality s\u00a0ve\u013ek\u00fdmi kri\u0161t\u00e1\u013emi a\u00a0kamienkami v\u00a0popul\u00e1rnej Wellington faz\u00f3ne.","breadcrumb":{"@id":"https:\/\/arak.spicehorse.eu\/sk\/produkt\/kentucky-wellington-big-stone-pearl-cabraka\/#breadcrumb"},"inLanguage":"sk-SK","potentialAction":[{"@type":"ReadAction","target":["https:\/\/arak.spicehorse.eu\/sk\/produkt\/kentucky-wellington-big-stone-pearl-cabraka\/"]}]},{"@type":"BreadcrumbList","@id":"https:\/\/arak.spicehorse.eu\/sk\/produkt\/kentucky-wellington-big-stone-pearl-cabraka\/#breadcrumb","itemListElement":[{"@type":"ListItem","position":1,"name":"Home","item":"https:\/\/arak.spicehorse.eu\/sk\/"},{"@type":"ListItem","position":2,"name":"Predaj\u0148a","item":"https:\/\/arak.spicehorse.eu\/sk\/predajna\/"},{"@type":"ListItem","position":3,"name":"Kentucky Wellington Big Stone &#038; Pearl \u010dabraka"}]},{"@type":"WebSite","@id":"https:\/\/arak.spicehorse.eu\/en\/#website","url":"https:\/\/arak.spicehorse.eu\/en\/","name":"Spicehorse","description":"UNDER DEVELOPMENT -","potentialAction":[{"@type":"SearchAction","target":{"@type":"EntryPoint","urlTemplate":"https:\/\/arak.spicehorse.eu\/en\/?s={search_term_string}"},"query-input":"required name=search_term_string"}],"inLanguage":"sk-SK"}]}},"_links":{"self":[{"href":"https:\/\/arak.spicehorse.eu\/sk\/wp-json\/wp\/v2\/product\/66228"}],"collection":[{"href":"https:\/\/arak.spicehorse.eu\/sk\/wp-json\/wp\/v2\/product"}],"about":[{"href":"https:\/\/arak.spicehorse.eu\/sk\/wp-json\/wp\/v2\/types\/product"}],"wp:featuredmedia":[{"embeddable":true,"href":"https:\/\/arak.spicehorse.eu\/sk\/wp-json\/wp\/v2\/media\/72760"}],"wp:attachment":[{"href":"https:\/\/arak.spicehorse.eu\/sk\/wp-json\/wp\/v2\/media?parent=66228"}],"wp:term":[{"taxonomy":"product_cat","embeddable":true,"href":"https:\/\/arak.spicehorse.eu\/sk\/wp-json\/wp\/v2\/product_cat?post=66228"},{"taxonomy":"product_tag","embeddable":true,"href":"https:\/\/arak.spicehorse.eu\/sk\/wp-json\/wp\/v2\/product_tag?post=66228"}],"curies":[{"name":"wp","href":"https:\/\/api.w.org\/{rel}","templated":true}]}}