{"id":66697,"date":"2022-08-16T12:01:16","date_gmt":"2022-08-16T10:01:19","guid":{"rendered":"https:\/\/arak.spicehorse.eu\/?post_type=product&#038;p=66697"},"modified":"2023-11-23T11:22:42","modified_gmt":"2023-11-23T10:22:42","slug":"kentucky-wellington-glitter-band-flitrovana-cabraka-s-tlmicom-zvuku","status":"publish","type":"product","link":"https:\/\/arak.spicehorse.eu\/sk\/produkt\/kentucky-wellington-glitter-band-flitrovana-cabraka-s-tlmicom-zvuku\/","title":{"rendered":"Kentucky Wellington Glitter Band flitrovan\u00e1 \u010dabraka s tlmi\u010dom zvuku"},"content":{"rendered":"<p class=\"s12\"><span class=\"s9\"><span lang=\"SK\">Leskl\u00e1 flitrovan\u00e1 verzia mimoriadne popul\u00e1rnej ko\u017eenkovej \u010dabraky<\/span><\/span><span lang=\"SK\">\u00a0<span class=\"s9\">Kentucky\u00a0Horsewear<\/span>\u00a0<span class=\"s9\">Wellington v\u00a0americkom \u0161t\u00fdle. Leskl\u00e1 priadza dod\u00e1va \u010dabrake mimoriadny lesk. S\u00a0kri\u0161t\u00e1\u013emi vo farbe ladiacej s\u00a0farbou \u010dabraky a\u00a0flitrovan\u00fdm lemom! \u010cabraka chr\u00e1ni u\u0161i ko\u0148a po\u010das jazdenia vo\u010di hmyzu a\u00a0nepr\u00edjemn\u00e9mu hluku. Je modern\u00e1, jedine\u010dn\u00e1, ru\u010dne pleten\u00e1 a mimoriadne odoln\u00e1. Oblas\u0165 okolo u\u0161\u00ed je vyroben\u00e1 z\u00a0pru\u017en\u00e9ho materi\u00e1lu,\u00a0slim\u00a0fit. <\/span>V\u010faka pred\u013a\u017eenej \u010dasti v\u00a0oblasti krku sa \u010dabraka ne\u0161m\u00fdka. Je bez loga, \u013eahko na nej m\u00f4\u017eete umiestni\u0165 svoje vlastn\u00e9 alebo sponzorsk\u00e9 logo. Ru\u010dn\u00e9 pranie!<\/span><\/p>\n","protected":false},"excerpt":{"rendered":"<h3>Kentucky \u010dabraka z\u00a0lesklej priadze s\u00a0flitrovan\u00fdm lemom zdoben\u00e1 kamienkami.<\/h3>\n<ul>\n<li>Ochrana vo\u010di hmyzu<\/li>\n<li>Vyroben\u00e1 zo \u0161peci\u00e1lneho materi\u00e1lu tlmiaceho zvuky<\/li>\n<li>Americk\u00fd \u0161t\u00fdl<\/li>\n<li>Z\u00a0lesklej priadze<\/li>\n<li>Ru\u010dne vyr\u00e1ban\u00fd v\u00fdrobok vysokej kvality<\/li>\n<li>S\u00a0pred\u013a\u017eenou \u010das\u0165ou v\u00a0oblasti krku, aby sa \u010dabraka nezo\u0161mykovala<\/li>\n<\/ul>\n","protected":false},"featured_media":66462,"template":"","meta":{"_acf_changed":false},"product_cat":[75,108],"product_tag":[265,184,266],"acf":[],"yoast_head":"<!-- This site is optimized with the Yoast SEO plugin v21.4 - https:\/\/yoast.com\/wordpress\/plugins\/seo\/ -->\n<title>Kentucky Wellington Glitter Band flitrovan\u00e1 \u010dabraka s tlmi\u010dom zvuku - Spicehorse<\/title>\n<meta name=\"description\" content=\"spicehorse.eu | Kentucky Horsewear \u010dabraka z\u00a0lesklej priadze s\u00a0flitrovan\u00fdm lemom zdoben\u00e1 kamienkami.\" \/>\n<meta name=\"robots\" content=\"index, follow, max-snippet:-1, max-image-preview:large, max-video-preview:-1\" \/>\n<link rel=\"canonical\" href=\"https:\/\/arak.spicehorse.eu\/sk\/produkt\/kentucky-wellington-glitter-band-flitrovana-cabraka-s-tlmicom-zvuku\/\" \/>\n<meta property=\"og:locale\" content=\"sk_SK\" \/>\n<meta property=\"og:type\" content=\"article\" \/>\n<meta property=\"og:title\" content=\"Kentucky Wellington Glitter Band flitrovan\u00e1 \u010dabraka s tlmi\u010dom zvuku - Spicehorse\" \/>\n<meta property=\"og:description\" content=\"spicehorse.eu | Kentucky Horsewear \u010dabraka z\u00a0lesklej priadze s\u00a0flitrovan\u00fdm lemom zdoben\u00e1 kamienkami.\" \/>\n<meta property=\"og:url\" content=\"https:\/\/arak.spicehorse.eu\/sk\/produkt\/kentucky-wellington-glitter-band-flitrovana-cabraka-s-tlmicom-zvuku\/\" \/>\n<meta property=\"og:site_name\" content=\"Spicehorse\" \/>\n<meta property=\"article:publisher\" content=\"https:\/\/www.facebook.com\/SPICEHORSE-550385625402457\/\" \/>\n<meta property=\"article:modified_time\" content=\"2023-11-23T10:22:42+00:00\" \/>\n<meta property=\"og:image\" content=\"https:\/\/arak.spicehorse.eu\/wp-content\/uploads\/2020\/06\/b-564c22e810080218547dfa1c1093aa08-article-photobook-l-2.webp\" \/>\n\t<meta property=\"og:image:width\" content=\"728\" \/>\n\t<meta property=\"og:image:height\" content=\"728\" \/>\n\t<meta property=\"og:image:type\" content=\"image\/webp\" \/>\n<meta name=\"twitter:card\" content=\"summary_large_image\" \/>\n<meta name=\"twitter:label1\" content=\"Predpokladan\u00fd \u010das \u010d\u00edtania\" \/>\n\t<meta name=\"twitter:data1\" content=\"1 min\u00fata\" \/>\n<script type=\"application\/ld+json\" class=\"yoast-schema-graph\">{\"@context\":\"https:\/\/schema.org\",\"@graph\":[{\"@type\":\"WebPage\",\"@id\":\"https:\/\/arak.spicehorse.eu\/sk\/produkt\/kentucky-wellington-glitter-band-flitrovana-cabraka-s-tlmicom-zvuku\/\",\"url\":\"https:\/\/arak.spicehorse.eu\/sk\/produkt\/kentucky-wellington-glitter-band-flitrovana-cabraka-s-tlmicom-zvuku\/\",\"name\":\"Kentucky Wellington Glitter Band flitrovan\u00e1 \u010dabraka s tlmi\u010dom zvuku - Spicehorse\",\"isPartOf\":{\"@id\":\"https:\/\/arak.spicehorse.eu\/en\/#website\"},\"datePublished\":\"2022-08-16T10:01:19+00:00\",\"dateModified\":\"2023-11-23T10:22:42+00:00\",\"description\":\"spicehorse.eu | Kentucky Horsewear \u010dabraka z\u00a0lesklej priadze s\u00a0flitrovan\u00fdm lemom zdoben\u00e1 kamienkami.\",\"breadcrumb\":{\"@id\":\"https:\/\/arak.spicehorse.eu\/sk\/produkt\/kentucky-wellington-glitter-band-flitrovana-cabraka-s-tlmicom-zvuku\/#breadcrumb\"},\"inLanguage\":\"sk-SK\",\"potentialAction\":[{\"@type\":\"ReadAction\",\"target\":[\"https:\/\/arak.spicehorse.eu\/sk\/produkt\/kentucky-wellington-glitter-band-flitrovana-cabraka-s-tlmicom-zvuku\/\"]}]},{\"@type\":\"BreadcrumbList\",\"@id\":\"https:\/\/arak.spicehorse.eu\/sk\/produkt\/kentucky-wellington-glitter-band-flitrovana-cabraka-s-tlmicom-zvuku\/#breadcrumb\",\"itemListElement\":[{\"@type\":\"ListItem\",\"position\":1,\"name\":\"Home\",\"item\":\"https:\/\/arak.spicehorse.eu\/sk\/\"},{\"@type\":\"ListItem\",\"position\":2,\"name\":\"Predaj\u0148a\",\"item\":\"https:\/\/arak.spicehorse.eu\/sk\/predajna\/\"},{\"@type\":\"ListItem\",\"position\":3,\"name\":\"Kentucky Wellington Glitter Band flitrovan\u00e1 \u010dabraka s tlmi\u010dom zvuku\"}]},{\"@type\":\"WebSite\",\"@id\":\"https:\/\/arak.spicehorse.eu\/en\/#website\",\"url\":\"https:\/\/arak.spicehorse.eu\/en\/\",\"name\":\"Spicehorse\",\"description\":\"UNDER DEVELOPMENT -\",\"potentialAction\":[{\"@type\":\"SearchAction\",\"target\":{\"@type\":\"EntryPoint\",\"urlTemplate\":\"https:\/\/arak.spicehorse.eu\/en\/?s={search_term_string}\"},\"query-input\":\"required name=search_term_string\"}],\"inLanguage\":\"sk-SK\"}]}<\/script>\n<!-- \/ Yoast SEO plugin. -->","yoast_head_json":{"title":"Kentucky Wellington Glitter Band flitrovan\u00e1 \u010dabraka s tlmi\u010dom zvuku - Spicehorse","description":"spicehorse.eu | Kentucky Horsewear \u010dabraka z\u00a0lesklej priadze s\u00a0flitrovan\u00fdm lemom zdoben\u00e1 kamienkami.","robots":{"index":"index","follow":"follow","max-snippet":"max-snippet:-1","max-image-preview":"max-image-preview:large","max-video-preview":"max-video-preview:-1"},"canonical":"https:\/\/arak.spicehorse.eu\/sk\/produkt\/kentucky-wellington-glitter-band-flitrovana-cabraka-s-tlmicom-zvuku\/","og_locale":"sk_SK","og_type":"article","og_title":"Kentucky Wellington Glitter Band flitrovan\u00e1 \u010dabraka s tlmi\u010dom zvuku - Spicehorse","og_description":"spicehorse.eu | Kentucky Horsewear \u010dabraka z\u00a0lesklej priadze s\u00a0flitrovan\u00fdm lemom zdoben\u00e1 kamienkami.","og_url":"https:\/\/arak.spicehorse.eu\/sk\/produkt\/kentucky-wellington-glitter-band-flitrovana-cabraka-s-tlmicom-zvuku\/","og_site_name":"Spicehorse","article_publisher":"https:\/\/www.facebook.com\/SPICEHORSE-550385625402457\/","article_modified_time":"2023-11-23T10:22:42+00:00","og_image":[{"width":728,"height":728,"url":"https:\/\/arak.spicehorse.eu\/wp-content\/uploads\/2020\/06\/b-564c22e810080218547dfa1c1093aa08-article-photobook-l-2.webp","type":"image\/webp"}],"twitter_card":"summary_large_image","twitter_misc":{"Predpokladan\u00fd \u010das \u010d\u00edtania":"1 min\u00fata"},"schema":{"@context":"https:\/\/schema.org","@graph":[{"@type":"WebPage","@id":"https:\/\/arak.spicehorse.eu\/sk\/produkt\/kentucky-wellington-glitter-band-flitrovana-cabraka-s-tlmicom-zvuku\/","url":"https:\/\/arak.spicehorse.eu\/sk\/produkt\/kentucky-wellington-glitter-band-flitrovana-cabraka-s-tlmicom-zvuku\/","name":"Kentucky Wellington Glitter Band flitrovan\u00e1 \u010dabraka s tlmi\u010dom zvuku - Spicehorse","isPartOf":{"@id":"https:\/\/arak.spicehorse.eu\/en\/#website"},"datePublished":"2022-08-16T10:01:19+00:00","dateModified":"2023-11-23T10:22:42+00:00","description":"spicehorse.eu | Kentucky Horsewear \u010dabraka z\u00a0lesklej priadze s\u00a0flitrovan\u00fdm lemom zdoben\u00e1 kamienkami.","breadcrumb":{"@id":"https:\/\/arak.spicehorse.eu\/sk\/produkt\/kentucky-wellington-glitter-band-flitrovana-cabraka-s-tlmicom-zvuku\/#breadcrumb"},"inLanguage":"sk-SK","potentialAction":[{"@type":"ReadAction","target":["https:\/\/arak.spicehorse.eu\/sk\/produkt\/kentucky-wellington-glitter-band-flitrovana-cabraka-s-tlmicom-zvuku\/"]}]},{"@type":"BreadcrumbList","@id":"https:\/\/arak.spicehorse.eu\/sk\/produkt\/kentucky-wellington-glitter-band-flitrovana-cabraka-s-tlmicom-zvuku\/#breadcrumb","itemListElement":[{"@type":"ListItem","position":1,"name":"Home","item":"https:\/\/arak.spicehorse.eu\/sk\/"},{"@type":"ListItem","position":2,"name":"Predaj\u0148a","item":"https:\/\/arak.spicehorse.eu\/sk\/predajna\/"},{"@type":"ListItem","position":3,"name":"Kentucky Wellington Glitter Band flitrovan\u00e1 \u010dabraka s tlmi\u010dom zvuku"}]},{"@type":"WebSite","@id":"https:\/\/arak.spicehorse.eu\/en\/#website","url":"https:\/\/arak.spicehorse.eu\/en\/","name":"Spicehorse","description":"UNDER DEVELOPMENT -","potentialAction":[{"@type":"SearchAction","target":{"@type":"EntryPoint","urlTemplate":"https:\/\/arak.spicehorse.eu\/en\/?s={search_term_string}"},"query-input":"required name=search_term_string"}],"inLanguage":"sk-SK"}]}},"_links":{"self":[{"href":"https:\/\/arak.spicehorse.eu\/sk\/wp-json\/wp\/v2\/product\/66697"}],"collection":[{"href":"https:\/\/arak.spicehorse.eu\/sk\/wp-json\/wp\/v2\/product"}],"about":[{"href":"https:\/\/arak.spicehorse.eu\/sk\/wp-json\/wp\/v2\/types\/product"}],"wp:featuredmedia":[{"embeddable":true,"href":"https:\/\/arak.spicehorse.eu\/sk\/wp-json\/wp\/v2\/media\/66462"}],"wp:attachment":[{"href":"https:\/\/arak.spicehorse.eu\/sk\/wp-json\/wp\/v2\/media?parent=66697"}],"wp:term":[{"taxonomy":"product_cat","embeddable":true,"href":"https:\/\/arak.spicehorse.eu\/sk\/wp-json\/wp\/v2\/product_cat?post=66697"},{"taxonomy":"product_tag","embeddable":true,"href":"https:\/\/arak.spicehorse.eu\/sk\/wp-json\/wp\/v2\/product_tag?post=66697"}],"curies":[{"name":"wp","href":"https:\/\/api.w.org\/{rel}","templated":true}]}}