{"id":6689,"date":"2019-11-05T16:58:32","date_gmt":"2019-11-05T15:58:42","guid":{"rendered":"https:\/\/arak.spicehorse.eu\/?post_type=product&#038;p=6689"},"modified":"2023-11-23T11:41:29","modified_gmt":"2023-11-23T10:41:29","slug":"kentucky-ochranny-podbrusnik-s-barancekom","status":"publish","type":"product","link":"https:\/\/arak.spicehorse.eu\/sk\/produkt\/kentucky-ochranny-podbrusnik-s-barancekom\/","title":{"rendered":"Kentucky ochrann\u00fd podbru\u0161n\u00edk s baran\u010dekom"},"content":{"rendered":"<p class=\"s15\"><span class=\"s13\"><span lang=\"SK\">Kentucky\u00a0Horsewear<\/span><\/span><span lang=\"SK\">\u00a0ochrann\u00fd <span class=\"s13\">podbru\u0161n\u00edk<\/span>\u00a0<span class=\"s14\"><b>m\u00e1 anatomick\u00e9 tvarovanie<\/b><\/span><span class=\"s13\">, je\u00a0<\/span><span class=\"s14\"><b>pohodln\u00fd a\u00a0bezpe\u010dn\u00fd<\/b><\/span><span class=\"s13\"> pri skokoch, t\u00fdm p\u00e1dom sa zni\u017euje riziko poranen\u00ed. <\/span>\u00a0<span class=\"s13\">Kentucky\u00a0Horsewear<\/span>\u00a0<span class=\"s13\">podbru\u0161n\u00edk\u00a0zabezpe\u010duje dokonal\u00fa vo\u013enos\u0165 pohybu pre ramen\u00e1 a\u00a0lakte ko\u0148a, umo\u017e\u0148uje \u013eahk\u00e9 d\u00fdchanie a\u00a0chr\u00e1ni\u00a0ko\u0148a\u00a0pred poraneniami.<\/span><\/span><\/p>\n<p class=\"s15\"><span class=\"s13\"><span lang=\"SK\">Kentucky\u00a0Horsewear<\/span><\/span><span lang=\"SK\">\u00a0<span class=\"s13\">podbru\u0161n\u00edk\u00a0je vyroben\u00fd s\u00a0<\/span><span class=\"s14\"><b>vn\u00fatornou EVA ochranou<\/b><\/span><span class=\"s13\">,\u00a0s\u00a0pru\u017en\u00fdmi sponami po oboch stran\u00e1ch,\u00a0\u010d\u00edm\u00a0sa tlak vhodne a\u00a0rovnomerne rozde\u013euje. Pomocou D-kr\u00fa\u017ekov a\u00a0spony mo\u017eno \u013eahko pripoji\u0165\u00a0poprs\u00e1ky\u00a0a\u00a0o\u0165a\u017ee. V\u010faka svojmu dvojit\u00e9mu dizajnu je pru\u017en\u00fd, napriek tomu zabezpe\u010duje stabiln\u00e9 a\u00a0<\/span><span class=\"s14\"><b>pevn\u00e9<\/b>\u00a0<\/span><span class=\"s13\">prisp\u00f4sobenie.<\/span><\/span><\/p>\n<p class=\"s15\"><span class=\"s13\"><span lang=\"SK\">Kentucky\u00a0Horsewear<\/span><\/span><span lang=\"SK\">\u00a0ochrann\u00fd <span class=\"s13\">podbru\u0161n\u00edk<\/span>\u00a0<span class=\"s13\">zabezpe\u010duje v\u010faka umel\u00e9mu\u00a0baran\u010deku\u00a0dokonal\u00e9\u00a0polstrovanie, je priate\u013esk\u00fd k\u00a0poko\u017eke a\u00a0t\u00fdm p\u00e1dom vhodn\u00fd aj pre kone s\u00a0citlivou poko\u017ekou. \u00a0<\/span><\/span><\/p>\n<p class=\"s15\"><span class=\"s13\"><span lang=\"SK\">Je vyroben\u00fd<\/span><\/span><span class=\"s14\"><span lang=\"SK\">\u00a0<b>zo syntetickej ko\u017ee<\/b><\/span><\/span><span class=\"s13\"><span lang=\"SK\">,\u00a0ktor\u00e1 je mimoriadne pevn\u00e1, odpudzuje ne\u010distoty, pot a\u00a0vodu. Pou\u017e\u00edvan\u00edm nestr\u00e1ca farbu, je odoln\u00fd a\u00a0nen\u00e1ro\u010dn\u00fd na o\u0161etrovanie.\u00a0<\/span><\/span><span class=\"s14\"><b><span lang=\"SK\">Mo\u017eno pra\u0165 v\u00a0pr\u00e1\u010dke<\/span><\/b><\/span><span class=\"s13\"><b><span lang=\"SK\">\u00a0<\/span><\/b><\/span><span class=\"s13\"><span lang=\"SK\">na\u00a030\u00b0<\/span><\/span><span lang=\"SK\">\u00a0<span class=\"s13\">(nevkladajte do su\u0161i\u010dky).\u00a0Pou\u017ei\u00a0Kentucky\u00a0Horsewear\u00a0Tack<\/span>\u00a0<span class=\"s13\">Cleaner\u00a0\u010distiaci prostriedok, aby podbru\u0161n\u00edk\u00a0okam\u017eite z\u00edskal leskl\u00fd a\u00a0nov\u00fd vzh\u013ead!<\/span><\/span><\/p>\n","protected":false},"excerpt":{"rendered":"<h3><strong>Kentucky ochrann\u00fd podbru\u0161n\u00edk\u00a0s\u00a0baran\u010dekom zabezpe\u010duje pre ramen\u00e1 a\u00a0lakte ko\u0148a\u00a0maxim\u00e1lnu\u00a0vo\u013enos\u0165 pohybu, zabezpe\u010duje \u013eahk\u00e9 d\u00fdchanie a\u00a0chr\u00e1ni ko\u0148a pred poraneniami. \u00a0<\/strong><\/h3>\n<ul>\n<li>\u0160irok\u00fd ochrann\u00fd podbru\u0161n\u00edk s baran\u010dekom<\/li>\n<li>Anatomicky tvarovan\u00fd, zabezpe\u010duje pre ramen\u00e1 a\u00a0lakte ko\u0148a vo\u013enos\u0165 pohybu<\/li>\n<li>EVA vn\u00fatorn\u00e1 ochrana<\/li>\n<li>S\u00a0gumen\u00fdmi sponami, s\u00fa pru\u017en\u00e9 a\u00a0napriek tomu stabiln\u00e9<\/li>\n<li>Vybaven\u00fd tromi D-kr\u00fa\u017ekami<\/li>\n<li>Spony na upevnenie\u00a0poprs\u00e1kov<\/li>\n<li>Syntetick\u00e1 ko\u017ea a\u00a0umel\u00fd baran\u010dek: 100% priate\u013esk\u00fd ku zvierat\u00e1m, \u013eahko sa o\u0161etruje<\/li>\n<li>Mo\u017eno ho pra\u0165 v\u00a0pr\u00e1\u010dke na\u00a030\u00b0 (nevkladajte do su\u0161i\u010dky)<\/li>\n<li>Mo\u017eno ho \u010disti\u0165 pr\u00edpravkom\u00a0Tack\u00a0Cleaner\u00a0alebo vodou\u00a0(nepou\u017e\u00edvajte glycer\u00ednov\u00e9 mydl\u00e1\u00a0na sedlo)<\/li>\n<\/ul>\n","protected":false},"featured_media":6729,"template":"","meta":{"_acf_changed":false},"product_cat":[75,110],"product_tag":[184,335,219,183,186],"acf":[],"yoast_head":"<!-- This site is optimized with the Yoast SEO plugin v21.4 - https:\/\/yoast.com\/wordpress\/plugins\/seo\/ -->\n<title>Kentucky ochrann\u00fd podbru\u0161n\u00edk s baran\u010dekom - Spicehorse<\/title>\n<meta name=\"description\" content=\"spicehorse.eu | Kentucky Horsewear ochrann\u00fd podbru\u0161n\u00edk\u00a0s\u00a0baran\u010dekom zabezpe\u010duje pre ramen\u00e1 a\u00a0lakte ko\u0148a\u00a0maxim\u00e1lnu\u00a0vo\u013enos\u0165 pohybu, zabezpe\u010duje \u013eahk\u00e9 d\u00fdchanie a\u00a0chr\u00e1ni ko\u0148a pred poraneniami. \u00a0\" \/>\n<meta name=\"robots\" content=\"index, follow, max-snippet:-1, max-image-preview:large, max-video-preview:-1\" \/>\n<link rel=\"canonical\" href=\"https:\/\/arak.spicehorse.eu\/sk\/produkt\/kentucky-ochranny-podbrusnik-s-barancekom\/\" \/>\n<meta property=\"og:locale\" content=\"sk_SK\" \/>\n<meta property=\"og:type\" content=\"article\" \/>\n<meta property=\"og:title\" content=\"Kentucky ochrann\u00fd podbru\u0161n\u00edk s baran\u010dekom - Spicehorse\" \/>\n<meta property=\"og:description\" content=\"spicehorse.eu | Kentucky Horsewear ochrann\u00fd podbru\u0161n\u00edk\u00a0s\u00a0baran\u010dekom zabezpe\u010duje pre ramen\u00e1 a\u00a0lakte ko\u0148a\u00a0maxim\u00e1lnu\u00a0vo\u013enos\u0165 pohybu, zabezpe\u010duje \u013eahk\u00e9 d\u00fdchanie a\u00a0chr\u00e1ni ko\u0148a pred poraneniami. \u00a0\" \/>\n<meta property=\"og:url\" content=\"https:\/\/arak.spicehorse.eu\/sk\/produkt\/kentucky-ochranny-podbrusnik-s-barancekom\/\" \/>\n<meta property=\"og:site_name\" content=\"Spicehorse\" \/>\n<meta property=\"article:publisher\" content=\"https:\/\/www.facebook.com\/SPICEHORSE-550385625402457\/\" \/>\n<meta property=\"article:modified_time\" content=\"2023-11-23T10:41:29+00:00\" \/>\n<meta property=\"og:image\" content=\"https:\/\/arak.spicehorse.eu\/wp-content\/uploads\/2019\/11\/42402-01.jpg\" \/>\n\t<meta property=\"og:image:width\" content=\"3543\" \/>\n\t<meta property=\"og:image:height\" content=\"3543\" \/>\n\t<meta property=\"og:image:type\" content=\"image\/jpeg\" \/>\n<meta name=\"twitter:card\" content=\"summary_large_image\" \/>\n<meta name=\"twitter:label1\" content=\"Predpokladan\u00fd \u010das \u010d\u00edtania\" \/>\n\t<meta name=\"twitter:data1\" content=\"1 min\u00fata\" \/>\n<script type=\"application\/ld+json\" class=\"yoast-schema-graph\">{\"@context\":\"https:\/\/schema.org\",\"@graph\":[{\"@type\":\"WebPage\",\"@id\":\"https:\/\/arak.spicehorse.eu\/sk\/produkt\/kentucky-ochranny-podbrusnik-s-barancekom\/\",\"url\":\"https:\/\/arak.spicehorse.eu\/sk\/produkt\/kentucky-ochranny-podbrusnik-s-barancekom\/\",\"name\":\"Kentucky ochrann\u00fd podbru\u0161n\u00edk s baran\u010dekom - Spicehorse\",\"isPartOf\":{\"@id\":\"https:\/\/arak.spicehorse.eu\/en\/#website\"},\"datePublished\":\"2019-11-05T15:58:42+00:00\",\"dateModified\":\"2023-11-23T10:41:29+00:00\",\"description\":\"spicehorse.eu | Kentucky Horsewear ochrann\u00fd podbru\u0161n\u00edk\u00a0s\u00a0baran\u010dekom zabezpe\u010duje pre ramen\u00e1 a\u00a0lakte ko\u0148a\u00a0maxim\u00e1lnu\u00a0vo\u013enos\u0165 pohybu, zabezpe\u010duje \u013eahk\u00e9 d\u00fdchanie a\u00a0chr\u00e1ni ko\u0148a pred poraneniami. \u00a0\",\"breadcrumb\":{\"@id\":\"https:\/\/arak.spicehorse.eu\/sk\/produkt\/kentucky-ochranny-podbrusnik-s-barancekom\/#breadcrumb\"},\"inLanguage\":\"sk-SK\",\"potentialAction\":[{\"@type\":\"ReadAction\",\"target\":[\"https:\/\/arak.spicehorse.eu\/sk\/produkt\/kentucky-ochranny-podbrusnik-s-barancekom\/\"]}]},{\"@type\":\"BreadcrumbList\",\"@id\":\"https:\/\/arak.spicehorse.eu\/sk\/produkt\/kentucky-ochranny-podbrusnik-s-barancekom\/#breadcrumb\",\"itemListElement\":[{\"@type\":\"ListItem\",\"position\":1,\"name\":\"Home\",\"item\":\"https:\/\/arak.spicehorse.eu\/sk\/\"},{\"@type\":\"ListItem\",\"position\":2,\"name\":\"Predaj\u0148a\",\"item\":\"https:\/\/arak.spicehorse.eu\/sk\/predajna\/\"},{\"@type\":\"ListItem\",\"position\":3,\"name\":\"Kentucky ochrann\u00fd podbru\u0161n\u00edk s baran\u010dekom\"}]},{\"@type\":\"WebSite\",\"@id\":\"https:\/\/arak.spicehorse.eu\/en\/#website\",\"url\":\"https:\/\/arak.spicehorse.eu\/en\/\",\"name\":\"Spicehorse\",\"description\":\"UNDER DEVELOPMENT -\",\"potentialAction\":[{\"@type\":\"SearchAction\",\"target\":{\"@type\":\"EntryPoint\",\"urlTemplate\":\"https:\/\/arak.spicehorse.eu\/en\/?s={search_term_string}\"},\"query-input\":\"required name=search_term_string\"}],\"inLanguage\":\"sk-SK\"}]}<\/script>\n<!-- \/ Yoast SEO plugin. -->","yoast_head_json":{"title":"Kentucky ochrann\u00fd podbru\u0161n\u00edk s baran\u010dekom - Spicehorse","description":"spicehorse.eu | Kentucky Horsewear ochrann\u00fd podbru\u0161n\u00edk\u00a0s\u00a0baran\u010dekom zabezpe\u010duje pre ramen\u00e1 a\u00a0lakte ko\u0148a\u00a0maxim\u00e1lnu\u00a0vo\u013enos\u0165 pohybu, zabezpe\u010duje \u013eahk\u00e9 d\u00fdchanie a\u00a0chr\u00e1ni ko\u0148a pred poraneniami. \u00a0","robots":{"index":"index","follow":"follow","max-snippet":"max-snippet:-1","max-image-preview":"max-image-preview:large","max-video-preview":"max-video-preview:-1"},"canonical":"https:\/\/arak.spicehorse.eu\/sk\/produkt\/kentucky-ochranny-podbrusnik-s-barancekom\/","og_locale":"sk_SK","og_type":"article","og_title":"Kentucky ochrann\u00fd podbru\u0161n\u00edk s baran\u010dekom - Spicehorse","og_description":"spicehorse.eu | Kentucky Horsewear ochrann\u00fd podbru\u0161n\u00edk\u00a0s\u00a0baran\u010dekom zabezpe\u010duje pre ramen\u00e1 a\u00a0lakte ko\u0148a\u00a0maxim\u00e1lnu\u00a0vo\u013enos\u0165 pohybu, zabezpe\u010duje \u013eahk\u00e9 d\u00fdchanie a\u00a0chr\u00e1ni ko\u0148a pred poraneniami. \u00a0","og_url":"https:\/\/arak.spicehorse.eu\/sk\/produkt\/kentucky-ochranny-podbrusnik-s-barancekom\/","og_site_name":"Spicehorse","article_publisher":"https:\/\/www.facebook.com\/SPICEHORSE-550385625402457\/","article_modified_time":"2023-11-23T10:41:29+00:00","og_image":[{"width":3543,"height":3543,"url":"https:\/\/arak.spicehorse.eu\/wp-content\/uploads\/2019\/11\/42402-01.jpg","type":"image\/jpeg"}],"twitter_card":"summary_large_image","twitter_misc":{"Predpokladan\u00fd \u010das \u010d\u00edtania":"1 min\u00fata"},"schema":{"@context":"https:\/\/schema.org","@graph":[{"@type":"WebPage","@id":"https:\/\/arak.spicehorse.eu\/sk\/produkt\/kentucky-ochranny-podbrusnik-s-barancekom\/","url":"https:\/\/arak.spicehorse.eu\/sk\/produkt\/kentucky-ochranny-podbrusnik-s-barancekom\/","name":"Kentucky ochrann\u00fd podbru\u0161n\u00edk s baran\u010dekom - Spicehorse","isPartOf":{"@id":"https:\/\/arak.spicehorse.eu\/en\/#website"},"datePublished":"2019-11-05T15:58:42+00:00","dateModified":"2023-11-23T10:41:29+00:00","description":"spicehorse.eu | Kentucky Horsewear ochrann\u00fd podbru\u0161n\u00edk\u00a0s\u00a0baran\u010dekom zabezpe\u010duje pre ramen\u00e1 a\u00a0lakte ko\u0148a\u00a0maxim\u00e1lnu\u00a0vo\u013enos\u0165 pohybu, zabezpe\u010duje \u013eahk\u00e9 d\u00fdchanie a\u00a0chr\u00e1ni ko\u0148a pred poraneniami. \u00a0","breadcrumb":{"@id":"https:\/\/arak.spicehorse.eu\/sk\/produkt\/kentucky-ochranny-podbrusnik-s-barancekom\/#breadcrumb"},"inLanguage":"sk-SK","potentialAction":[{"@type":"ReadAction","target":["https:\/\/arak.spicehorse.eu\/sk\/produkt\/kentucky-ochranny-podbrusnik-s-barancekom\/"]}]},{"@type":"BreadcrumbList","@id":"https:\/\/arak.spicehorse.eu\/sk\/produkt\/kentucky-ochranny-podbrusnik-s-barancekom\/#breadcrumb","itemListElement":[{"@type":"ListItem","position":1,"name":"Home","item":"https:\/\/arak.spicehorse.eu\/sk\/"},{"@type":"ListItem","position":2,"name":"Predaj\u0148a","item":"https:\/\/arak.spicehorse.eu\/sk\/predajna\/"},{"@type":"ListItem","position":3,"name":"Kentucky ochrann\u00fd podbru\u0161n\u00edk s baran\u010dekom"}]},{"@type":"WebSite","@id":"https:\/\/arak.spicehorse.eu\/en\/#website","url":"https:\/\/arak.spicehorse.eu\/en\/","name":"Spicehorse","description":"UNDER DEVELOPMENT -","potentialAction":[{"@type":"SearchAction","target":{"@type":"EntryPoint","urlTemplate":"https:\/\/arak.spicehorse.eu\/en\/?s={search_term_string}"},"query-input":"required name=search_term_string"}],"inLanguage":"sk-SK"}]}},"_links":{"self":[{"href":"https:\/\/arak.spicehorse.eu\/sk\/wp-json\/wp\/v2\/product\/6689"}],"collection":[{"href":"https:\/\/arak.spicehorse.eu\/sk\/wp-json\/wp\/v2\/product"}],"about":[{"href":"https:\/\/arak.spicehorse.eu\/sk\/wp-json\/wp\/v2\/types\/product"}],"wp:featuredmedia":[{"embeddable":true,"href":"https:\/\/arak.spicehorse.eu\/sk\/wp-json\/wp\/v2\/media\/6729"}],"wp:attachment":[{"href":"https:\/\/arak.spicehorse.eu\/sk\/wp-json\/wp\/v2\/media?parent=6689"}],"wp:term":[{"taxonomy":"product_cat","embeddable":true,"href":"https:\/\/arak.spicehorse.eu\/sk\/wp-json\/wp\/v2\/product_cat?post=6689"},{"taxonomy":"product_tag","embeddable":true,"href":"https:\/\/arak.spicehorse.eu\/sk\/wp-json\/wp\/v2\/product_tag?post=6689"}],"curies":[{"name":"wp","href":"https:\/\/api.w.org\/{rel}","templated":true}]}}