{"id":68190,"date":"2022-08-30T11:13:15","date_gmt":"2022-08-30T09:13:23","guid":{"rendered":"https:\/\/arak.spicehorse.eu\/?post_type=product&#038;p=68190"},"modified":"2025-11-13T18:36:54","modified_gmt":"2025-11-13T17:36:54","slug":"kentucky-soft-vegan-obojok-z-veganskej-koze","status":"publish","type":"product","link":"https:\/\/arak.spicehorse.eu\/sk\/produkt\/kentucky-soft-vegan-obojok-z-veganskej-koze\/","title":{"rendered":"Kentucky Soft Vegan obojok z veg\u00e1nskej ko\u017ee"},"content":{"rendered":"<p>Veg\u00e1nsky a\u00a0ekologick\u00fd obojok Kentucky Dogwear, dod\u00e1 ka\u017ed\u00e9mu psovi \u0161t\u00fdlov\u00fd vzh\u013ead. K\u00a0m\u00e4kk\u00e9mu obojku vyroben\u00e9ho z\u00a0rastlinnej usne m\u00e1me k\u00a0dispoz\u00edcii aj rovnak\u00fa v\u00f4dzku.<\/p>\n<p>Veg\u00e1nska ko\u017ea je ve\u013emi jemn\u00e1 a\u00a0ohybn\u00e1. V\u010faka tejto jemnosti je obojok ide\u00e1lnou vo\u013enou aj pre psy s\u00a0citlivou poko\u017ekou, preto\u017ee ju nevy\u0161\u00facha. Vzh\u013eadom k\u00a0tomu, \u017ee obojok je ve\u013emi \u013eahk\u00fd, jeho nosenie je pohodln\u00e9. So zlatou sponou a\u00a0doplnkami.<\/p>\n<p>Dostupn\u00fd je vo viacer\u00fdch farb\u00e1ch a\u00a0ve\u013ekostiach. Odmerajte obvod krku v\u00e1\u0161ho psa alebo d\u013a\u017eku s\u00fa\u010dasn\u00e9ho obojku a\u00a0porovnajte s\u00a0na\u0161ou tabu\u013ekou ve\u013ekost\u00ed.<\/p>\n<p>Kentucky Soft obojok z\u00a0veg\u00e1nskej ko\u017ee sa \u013eahko \u010dist\u00ed, prejdite po obojku handrou navlh\u010denou jemn\u00fdm prac\u00edm prostriedkom a\u00a0odstr\u00e1\u0148te zne\u010distenia.<\/p>\n","protected":false},"excerpt":{"rendered":"<ul>\n<li>Veg\u00e1nska ko\u017ea<\/li>\n<li>M\u00e4kk\u00fd materi\u00e1l<\/li>\n<li>\u013dahk\u00fd, pohodln\u00fd na nosenie<\/li>\n<li>So zlatou sponou<\/li>\n<li>\u013dahko sa \u010dist\u00ed<\/li>\n<\/ul>\n","protected":false},"featured_media":116334,"template":"","meta":{"_acf_changed":false},"product_cat":[78,74,298],"product_tag":[184,816,197,2023],"acf":[],"yoast_head":"<!-- This site is optimized with the Yoast SEO plugin v21.4 - https:\/\/yoast.com\/wordpress\/plugins\/seo\/ -->\n<title>Kentucky Soft Vegan obojok z veg\u00e1nskej ko\u017ee - Spicehorse<\/title>\n<meta name=\"description\" content=\"spicehorse.eu | Veg\u00e1nsky a\u00a0ekologick\u00fd obojok Kentucky Dogwear, dod\u00e1 ka\u017ed\u00e9mu psovi \u0161t\u00fdlov\u00fd vzh\u013ead.\" \/>\n<meta name=\"robots\" content=\"index, follow, max-snippet:-1, max-image-preview:large, max-video-preview:-1\" \/>\n<link rel=\"canonical\" href=\"https:\/\/arak.spicehorse.eu\/sk\/produkt\/kentucky-soft-vegan-obojok-z-veganskej-koze\/\" \/>\n<meta property=\"og:locale\" content=\"sk_SK\" \/>\n<meta property=\"og:type\" content=\"article\" \/>\n<meta property=\"og:title\" content=\"Kentucky Soft Vegan obojok z veg\u00e1nskej ko\u017ee - Spicehorse\" \/>\n<meta property=\"og:description\" content=\"spicehorse.eu | Veg\u00e1nsky a\u00a0ekologick\u00fd obojok Kentucky Dogwear, dod\u00e1 ka\u017ed\u00e9mu psovi \u0161t\u00fdlov\u00fd vzh\u013ead.\" \/>\n<meta property=\"og:url\" content=\"https:\/\/arak.spicehorse.eu\/sk\/produkt\/kentucky-soft-vegan-obojok-z-veganskej-koze\/\" \/>\n<meta property=\"og:site_name\" content=\"Spicehorse\" \/>\n<meta property=\"article:publisher\" content=\"https:\/\/www.facebook.com\/SPICEHORSE-550385625402457\/\" \/>\n<meta property=\"article:modified_time\" content=\"2025-11-13T17:36:54+00:00\" \/>\n<meta property=\"og:image\" content=\"https:\/\/arak.spicehorse.eu\/wp-content\/uploads\/2022\/08\/ff0081751f1860ce554abc472d3a449d5f2cec362a7ae0ba677731adf261fd8c.jpg\" \/>\n\t<meta property=\"og:image:width\" content=\"2048\" \/>\n\t<meta property=\"og:image:height\" content=\"1365\" \/>\n\t<meta property=\"og:image:type\" content=\"image\/jpeg\" \/>\n<meta name=\"twitter:card\" content=\"summary_large_image\" \/>\n<meta name=\"twitter:label1\" content=\"Predpokladan\u00fd \u010das \u010d\u00edtania\" \/>\n\t<meta name=\"twitter:data1\" content=\"1 min\u00fata\" \/>\n<script type=\"application\/ld+json\" class=\"yoast-schema-graph\">{\"@context\":\"https:\/\/schema.org\",\"@graph\":[{\"@type\":\"WebPage\",\"@id\":\"https:\/\/arak.spicehorse.eu\/sk\/produkt\/kentucky-soft-vegan-obojok-z-veganskej-koze\/\",\"url\":\"https:\/\/arak.spicehorse.eu\/sk\/produkt\/kentucky-soft-vegan-obojok-z-veganskej-koze\/\",\"name\":\"Kentucky Soft Vegan obojok z veg\u00e1nskej ko\u017ee - Spicehorse\",\"isPartOf\":{\"@id\":\"https:\/\/arak.spicehorse.eu\/en\/#website\"},\"datePublished\":\"2022-08-30T09:13:23+00:00\",\"dateModified\":\"2025-11-13T17:36:54+00:00\",\"description\":\"spicehorse.eu | Veg\u00e1nsky a\u00a0ekologick\u00fd obojok Kentucky Dogwear, dod\u00e1 ka\u017ed\u00e9mu psovi \u0161t\u00fdlov\u00fd vzh\u013ead.\",\"breadcrumb\":{\"@id\":\"https:\/\/arak.spicehorse.eu\/sk\/produkt\/kentucky-soft-vegan-obojok-z-veganskej-koze\/#breadcrumb\"},\"inLanguage\":\"sk-SK\",\"potentialAction\":[{\"@type\":\"ReadAction\",\"target\":[\"https:\/\/arak.spicehorse.eu\/sk\/produkt\/kentucky-soft-vegan-obojok-z-veganskej-koze\/\"]}]},{\"@type\":\"BreadcrumbList\",\"@id\":\"https:\/\/arak.spicehorse.eu\/sk\/produkt\/kentucky-soft-vegan-obojok-z-veganskej-koze\/#breadcrumb\",\"itemListElement\":[{\"@type\":\"ListItem\",\"position\":1,\"name\":\"Home\",\"item\":\"https:\/\/arak.spicehorse.eu\/sk\/\"},{\"@type\":\"ListItem\",\"position\":2,\"name\":\"Predaj\u0148a\",\"item\":\"https:\/\/arak.spicehorse.eu\/sk\/predajna\/\"},{\"@type\":\"ListItem\",\"position\":3,\"name\":\"Kentucky Soft Vegan obojok z veg\u00e1nskej ko\u017ee\"}]},{\"@type\":\"WebSite\",\"@id\":\"https:\/\/arak.spicehorse.eu\/en\/#website\",\"url\":\"https:\/\/arak.spicehorse.eu\/en\/\",\"name\":\"Spicehorse\",\"description\":\"UNDER DEVELOPMENT -\",\"potentialAction\":[{\"@type\":\"SearchAction\",\"target\":{\"@type\":\"EntryPoint\",\"urlTemplate\":\"https:\/\/arak.spicehorse.eu\/en\/?s={search_term_string}\"},\"query-input\":\"required name=search_term_string\"}],\"inLanguage\":\"sk-SK\"}]}<\/script>\n<!-- \/ Yoast SEO plugin. -->","yoast_head_json":{"title":"Kentucky Soft Vegan obojok z veg\u00e1nskej ko\u017ee - Spicehorse","description":"spicehorse.eu | Veg\u00e1nsky a\u00a0ekologick\u00fd obojok Kentucky Dogwear, dod\u00e1 ka\u017ed\u00e9mu psovi \u0161t\u00fdlov\u00fd vzh\u013ead.","robots":{"index":"index","follow":"follow","max-snippet":"max-snippet:-1","max-image-preview":"max-image-preview:large","max-video-preview":"max-video-preview:-1"},"canonical":"https:\/\/arak.spicehorse.eu\/sk\/produkt\/kentucky-soft-vegan-obojok-z-veganskej-koze\/","og_locale":"sk_SK","og_type":"article","og_title":"Kentucky Soft Vegan obojok z veg\u00e1nskej ko\u017ee - Spicehorse","og_description":"spicehorse.eu | Veg\u00e1nsky a\u00a0ekologick\u00fd obojok Kentucky Dogwear, dod\u00e1 ka\u017ed\u00e9mu psovi \u0161t\u00fdlov\u00fd vzh\u013ead.","og_url":"https:\/\/arak.spicehorse.eu\/sk\/produkt\/kentucky-soft-vegan-obojok-z-veganskej-koze\/","og_site_name":"Spicehorse","article_publisher":"https:\/\/www.facebook.com\/SPICEHORSE-550385625402457\/","article_modified_time":"2025-11-13T17:36:54+00:00","og_image":[{"width":2048,"height":1365,"url":"https:\/\/arak.spicehorse.eu\/wp-content\/uploads\/2022\/08\/ff0081751f1860ce554abc472d3a449d5f2cec362a7ae0ba677731adf261fd8c.jpg","type":"image\/jpeg"}],"twitter_card":"summary_large_image","twitter_misc":{"Predpokladan\u00fd \u010das \u010d\u00edtania":"1 min\u00fata"},"schema":{"@context":"https:\/\/schema.org","@graph":[{"@type":"WebPage","@id":"https:\/\/arak.spicehorse.eu\/sk\/produkt\/kentucky-soft-vegan-obojok-z-veganskej-koze\/","url":"https:\/\/arak.spicehorse.eu\/sk\/produkt\/kentucky-soft-vegan-obojok-z-veganskej-koze\/","name":"Kentucky Soft Vegan obojok z veg\u00e1nskej ko\u017ee - Spicehorse","isPartOf":{"@id":"https:\/\/arak.spicehorse.eu\/en\/#website"},"datePublished":"2022-08-30T09:13:23+00:00","dateModified":"2025-11-13T17:36:54+00:00","description":"spicehorse.eu | Veg\u00e1nsky a\u00a0ekologick\u00fd obojok Kentucky Dogwear, dod\u00e1 ka\u017ed\u00e9mu psovi \u0161t\u00fdlov\u00fd vzh\u013ead.","breadcrumb":{"@id":"https:\/\/arak.spicehorse.eu\/sk\/produkt\/kentucky-soft-vegan-obojok-z-veganskej-koze\/#breadcrumb"},"inLanguage":"sk-SK","potentialAction":[{"@type":"ReadAction","target":["https:\/\/arak.spicehorse.eu\/sk\/produkt\/kentucky-soft-vegan-obojok-z-veganskej-koze\/"]}]},{"@type":"BreadcrumbList","@id":"https:\/\/arak.spicehorse.eu\/sk\/produkt\/kentucky-soft-vegan-obojok-z-veganskej-koze\/#breadcrumb","itemListElement":[{"@type":"ListItem","position":1,"name":"Home","item":"https:\/\/arak.spicehorse.eu\/sk\/"},{"@type":"ListItem","position":2,"name":"Predaj\u0148a","item":"https:\/\/arak.spicehorse.eu\/sk\/predajna\/"},{"@type":"ListItem","position":3,"name":"Kentucky Soft Vegan obojok z veg\u00e1nskej ko\u017ee"}]},{"@type":"WebSite","@id":"https:\/\/arak.spicehorse.eu\/en\/#website","url":"https:\/\/arak.spicehorse.eu\/en\/","name":"Spicehorse","description":"UNDER DEVELOPMENT -","potentialAction":[{"@type":"SearchAction","target":{"@type":"EntryPoint","urlTemplate":"https:\/\/arak.spicehorse.eu\/en\/?s={search_term_string}"},"query-input":"required name=search_term_string"}],"inLanguage":"sk-SK"}]}},"_links":{"self":[{"href":"https:\/\/arak.spicehorse.eu\/sk\/wp-json\/wp\/v2\/product\/68190"}],"collection":[{"href":"https:\/\/arak.spicehorse.eu\/sk\/wp-json\/wp\/v2\/product"}],"about":[{"href":"https:\/\/arak.spicehorse.eu\/sk\/wp-json\/wp\/v2\/types\/product"}],"wp:featuredmedia":[{"embeddable":true,"href":"https:\/\/arak.spicehorse.eu\/sk\/wp-json\/wp\/v2\/media\/116334"}],"wp:attachment":[{"href":"https:\/\/arak.spicehorse.eu\/sk\/wp-json\/wp\/v2\/media?parent=68190"}],"wp:term":[{"taxonomy":"product_cat","embeddable":true,"href":"https:\/\/arak.spicehorse.eu\/sk\/wp-json\/wp\/v2\/product_cat?post=68190"},{"taxonomy":"product_tag","embeddable":true,"href":"https:\/\/arak.spicehorse.eu\/sk\/wp-json\/wp\/v2\/product_tag?post=68190"}],"curies":[{"name":"wp","href":"https:\/\/api.w.org\/{rel}","templated":true}]}}