{"id":68987,"date":"2022-09-05T12:21:02","date_gmt":"2022-09-05T10:21:04","guid":{"rendered":"https:\/\/arak.spicehorse.eu\/?post_type=product&#038;p=68987"},"modified":"2022-09-07T21:01:14","modified_gmt":"2022-09-07T19:01:14","slug":"qhp-ozdoba-na-sedlo-madelon","status":"publish","type":"product","link":"https:\/\/arak.spicehorse.eu\/sk\/produkt\/qhp-ozdoba-na-sedlo-madelon\/","title":{"rendered":"QHP ozdoba na sedlo Madelon"},"content":{"rendered":"<p>Ozdobte va\u0161e sedlo trochou lesku! QHP ozdoba na sedlo je dostupn\u00e1 v dvoch ve\u013ekostiach, zdoben\u00e1 je strieborn\u00fdmi \u0161trasmi. Ozdobu na sedlo mo\u017eno po\u013eahky upevni\u0165 pomocou slu\u010diek prevle\u010den\u00fdch cez stranice sedla.<\/p>\n","protected":false},"excerpt":{"rendered":"<ul>\n<li>Ozdoba na sedlo<\/li>\n<li>Mo\u017eno ju umiestni\u0165 na spodn\u00fa \u010das\u0165 sedla pomocou pru\u017en\u00fdch slu\u010diek<\/li>\n<li>Zdoben\u00e1 \u0161trasmi v\u00a0striebornej farbe<\/li>\n<li>V\u00a0dvoch ve\u013ekostiach<\/li>\n<li>Nastavite\u013en\u00e1<\/li>\n<\/ul>\n","protected":false},"featured_media":73143,"template":"","meta":{"_acf_changed":false},"product_cat":[75,100],"product_tag":[241,2037,1973],"acf":[],"yoast_head":"<!-- This site is optimized with the Yoast SEO plugin v21.4 - https:\/\/yoast.com\/wordpress\/plugins\/seo\/ -->\n<title>QHP ozdoba na sedlo Madelon - Spicehorse<\/title>\n<meta name=\"description\" content=\"spicehorse.eu | Ozdobte va\u0161e sedlo trochou lesku! QHP ozdoba na sedlo je dostupn\u00e1 v dvoch ve\u013ekostiach, zdoben\u00e1 je strieborn\u00fdmi \u0161trasmi.\" \/>\n<meta name=\"robots\" content=\"index, follow, max-snippet:-1, max-image-preview:large, max-video-preview:-1\" \/>\n<link rel=\"canonical\" href=\"https:\/\/arak.spicehorse.eu\/termek\/qhp-nyeregdisz-madelon\/\" \/>\n<meta property=\"og:locale\" content=\"sk_SK\" \/>\n<meta property=\"og:type\" content=\"article\" \/>\n<meta property=\"og:title\" content=\"QHP ozdoba na sedlo Madelon - Spicehorse\" \/>\n<meta property=\"og:description\" content=\"spicehorse.eu | Ozdobte va\u0161e sedlo trochou lesku! QHP ozdoba na sedlo je dostupn\u00e1 v dvoch ve\u013ekostiach, zdoben\u00e1 je strieborn\u00fdmi \u0161trasmi.\" \/>\n<meta property=\"og:url\" content=\"https:\/\/arak.spicehorse.eu\/termek\/qhp-nyeregdisz-madelon\/\" \/>\n<meta property=\"og:site_name\" content=\"Spicehorse\" \/>\n<meta property=\"article:publisher\" content=\"https:\/\/www.facebook.com\/SPICEHORSE-550385625402457\/\" \/>\n<meta property=\"article:modified_time\" content=\"2022-09-07T19:01:14+00:00\" \/>\n<meta property=\"og:image\" content=\"https:\/\/arak.spicehorse.eu\/wp-content\/uploads\/2022\/09\/7158zwzi_3.jpg\" \/>\n\t<meta property=\"og:image:width\" content=\"1280\" \/>\n\t<meta property=\"og:image:height\" content=\"1024\" \/>\n\t<meta property=\"og:image:type\" content=\"image\/jpeg\" \/>\n<meta name=\"twitter:card\" content=\"summary_large_image\" \/>\n<script type=\"application\/ld+json\" class=\"yoast-schema-graph\">{\"@context\":\"https:\/\/schema.org\",\"@graph\":[{\"@type\":\"WebPage\",\"@id\":\"https:\/\/arak.spicehorse.eu\/termek\/qhp-nyeregdisz-madelon\/\",\"url\":\"https:\/\/arak.spicehorse.eu\/termek\/qhp-nyeregdisz-madelon\/\",\"name\":\"QHP ozdoba na sedlo Madelon - Spicehorse\",\"isPartOf\":{\"@id\":\"https:\/\/arak.spicehorse.eu\/en\/#website\"},\"datePublished\":\"2022-09-05T10:21:04+00:00\",\"dateModified\":\"2022-09-07T19:01:14+00:00\",\"description\":\"spicehorse.eu | Ozdobte va\u0161e sedlo trochou lesku! QHP ozdoba na sedlo je dostupn\u00e1 v dvoch ve\u013ekostiach, zdoben\u00e1 je strieborn\u00fdmi \u0161trasmi.\",\"breadcrumb\":{\"@id\":\"https:\/\/arak.spicehorse.eu\/termek\/qhp-nyeregdisz-madelon\/#breadcrumb\"},\"inLanguage\":\"sk-SK\",\"potentialAction\":[{\"@type\":\"ReadAction\",\"target\":[\"https:\/\/arak.spicehorse.eu\/termek\/qhp-nyeregdisz-madelon\/\"]}]},{\"@type\":\"BreadcrumbList\",\"@id\":\"https:\/\/arak.spicehorse.eu\/termek\/qhp-nyeregdisz-madelon\/#breadcrumb\",\"itemListElement\":[{\"@type\":\"ListItem\",\"position\":1,\"name\":\"Home\",\"item\":\"https:\/\/arak.spicehorse.eu\/sk\/\"},{\"@type\":\"ListItem\",\"position\":2,\"name\":\"Predaj\u0148a\",\"item\":\"https:\/\/arak.spicehorse.eu\/sk\/predajna\/\"},{\"@type\":\"ListItem\",\"position\":3,\"name\":\"QHP ozdoba na sedlo Madelon\"}]},{\"@type\":\"WebSite\",\"@id\":\"https:\/\/arak.spicehorse.eu\/en\/#website\",\"url\":\"https:\/\/arak.spicehorse.eu\/en\/\",\"name\":\"Spicehorse\",\"description\":\"UNDER DEVELOPMENT -\",\"potentialAction\":[{\"@type\":\"SearchAction\",\"target\":{\"@type\":\"EntryPoint\",\"urlTemplate\":\"https:\/\/arak.spicehorse.eu\/en\/?s={search_term_string}\"},\"query-input\":\"required name=search_term_string\"}],\"inLanguage\":\"sk-SK\"}]}<\/script>\n<!-- \/ Yoast SEO plugin. -->","yoast_head_json":{"title":"QHP ozdoba na sedlo Madelon - Spicehorse","description":"spicehorse.eu | Ozdobte va\u0161e sedlo trochou lesku! QHP ozdoba na sedlo je dostupn\u00e1 v dvoch ve\u013ekostiach, zdoben\u00e1 je strieborn\u00fdmi \u0161trasmi.","robots":{"index":"index","follow":"follow","max-snippet":"max-snippet:-1","max-image-preview":"max-image-preview:large","max-video-preview":"max-video-preview:-1"},"canonical":"https:\/\/arak.spicehorse.eu\/termek\/qhp-nyeregdisz-madelon\/","og_locale":"sk_SK","og_type":"article","og_title":"QHP ozdoba na sedlo Madelon - Spicehorse","og_description":"spicehorse.eu | Ozdobte va\u0161e sedlo trochou lesku! QHP ozdoba na sedlo je dostupn\u00e1 v dvoch ve\u013ekostiach, zdoben\u00e1 je strieborn\u00fdmi \u0161trasmi.","og_url":"https:\/\/arak.spicehorse.eu\/termek\/qhp-nyeregdisz-madelon\/","og_site_name":"Spicehorse","article_publisher":"https:\/\/www.facebook.com\/SPICEHORSE-550385625402457\/","article_modified_time":"2022-09-07T19:01:14+00:00","og_image":[{"width":1280,"height":1024,"url":"https:\/\/arak.spicehorse.eu\/wp-content\/uploads\/2022\/09\/7158zwzi_3.jpg","type":"image\/jpeg"}],"twitter_card":"summary_large_image","schema":{"@context":"https:\/\/schema.org","@graph":[{"@type":"WebPage","@id":"https:\/\/arak.spicehorse.eu\/termek\/qhp-nyeregdisz-madelon\/","url":"https:\/\/arak.spicehorse.eu\/termek\/qhp-nyeregdisz-madelon\/","name":"QHP ozdoba na sedlo Madelon - Spicehorse","isPartOf":{"@id":"https:\/\/arak.spicehorse.eu\/en\/#website"},"datePublished":"2022-09-05T10:21:04+00:00","dateModified":"2022-09-07T19:01:14+00:00","description":"spicehorse.eu | Ozdobte va\u0161e sedlo trochou lesku! QHP ozdoba na sedlo je dostupn\u00e1 v dvoch ve\u013ekostiach, zdoben\u00e1 je strieborn\u00fdmi \u0161trasmi.","breadcrumb":{"@id":"https:\/\/arak.spicehorse.eu\/termek\/qhp-nyeregdisz-madelon\/#breadcrumb"},"inLanguage":"sk-SK","potentialAction":[{"@type":"ReadAction","target":["https:\/\/arak.spicehorse.eu\/termek\/qhp-nyeregdisz-madelon\/"]}]},{"@type":"BreadcrumbList","@id":"https:\/\/arak.spicehorse.eu\/termek\/qhp-nyeregdisz-madelon\/#breadcrumb","itemListElement":[{"@type":"ListItem","position":1,"name":"Home","item":"https:\/\/arak.spicehorse.eu\/sk\/"},{"@type":"ListItem","position":2,"name":"Predaj\u0148a","item":"https:\/\/arak.spicehorse.eu\/sk\/predajna\/"},{"@type":"ListItem","position":3,"name":"QHP ozdoba na sedlo Madelon"}]},{"@type":"WebSite","@id":"https:\/\/arak.spicehorse.eu\/en\/#website","url":"https:\/\/arak.spicehorse.eu\/en\/","name":"Spicehorse","description":"UNDER DEVELOPMENT -","potentialAction":[{"@type":"SearchAction","target":{"@type":"EntryPoint","urlTemplate":"https:\/\/arak.spicehorse.eu\/en\/?s={search_term_string}"},"query-input":"required name=search_term_string"}],"inLanguage":"sk-SK"}]}},"_links":{"self":[{"href":"https:\/\/arak.spicehorse.eu\/sk\/wp-json\/wp\/v2\/product\/68987"}],"collection":[{"href":"https:\/\/arak.spicehorse.eu\/sk\/wp-json\/wp\/v2\/product"}],"about":[{"href":"https:\/\/arak.spicehorse.eu\/sk\/wp-json\/wp\/v2\/types\/product"}],"wp:featuredmedia":[{"embeddable":true,"href":"https:\/\/arak.spicehorse.eu\/sk\/wp-json\/wp\/v2\/media\/73143"}],"wp:attachment":[{"href":"https:\/\/arak.spicehorse.eu\/sk\/wp-json\/wp\/v2\/media?parent=68987"}],"wp:term":[{"taxonomy":"product_cat","embeddable":true,"href":"https:\/\/arak.spicehorse.eu\/sk\/wp-json\/wp\/v2\/product_cat?post=68987"},{"taxonomy":"product_tag","embeddable":true,"href":"https:\/\/arak.spicehorse.eu\/sk\/wp-json\/wp\/v2\/product_tag?post=68987"}],"curies":[{"name":"wp","href":"https:\/\/api.w.org\/{rel}","templated":true}]}}