{"id":69158,"date":"2022-09-06T11:19:07","date_gmt":"2022-09-06T09:19:09","guid":{"rendered":"https:\/\/arak.spicehorse.eu\/?post_type=product&#038;p=69158"},"modified":"2022-09-14T15:49:09","modified_gmt":"2022-09-14T13:49:09","slug":"qhp-kozena-uzdecka-s-obnoskom","status":"publish","type":"product","link":"https:\/\/arak.spicehorse.eu\/sk\/produkt\/qhp-kozena-uzdecka-s-obnoskom\/","title":{"rendered":"QHP ko\u017een\u00e1 uzde\u010dka s obnoskom"},"content":{"rendered":"<p>Multifunk\u010dn\u00e1 ko\u017een\u00e1 QHP uzde\u010dka s obnoskom, ktor\u00fa mo\u017eno pou\u017ei\u0165 aj ako uzdu. V\u010faka odn\u00edmate\u013en\u00fdm reme\u0148om pre zubadlo ju mo\u017eno pou\u017ei\u0165 so zubadlom aj bez. Na n\u00e1nos\u00edku s\u00fa upevnen\u00e9 3 kr\u00fa\u017eky, na ktor\u00e9 mo\u017eno pripoji\u0165 lon\u017eku. Anatomick\u00e9 tvarovanie.<\/p>\n","protected":false},"excerpt":{"rendered":"<ul>\n<li>Materi\u00e1l: ko\u017ea<\/li>\n<li>Kovov\u00e9 \u010dasti: nehrdzavej\u00faca oce\u013e<\/li>\n<li>Multifunk\u010dn\u00e1 uzde\u010dka s obnoskom<\/li>\n<li>Mo\u017eno ju pou\u017ei\u0165 aj ako uzdu<\/li>\n<li>M\u00f4\u017ee sa pou\u017ei\u0165 so zubadlom aj bez<\/li>\n<li>Tri kr\u00fa\u017eky na n\u00e1nosn\u00edku<\/li>\n<li>Vo vn\u00fatri n\u00e1nosn\u00edka sa nach\u00e1dza re\u0165az, dokonale dosad\u00e1<\/li>\n<li>Anatomicky tvarovan\u00fd n\u00e1tyln\u00edk, zni\u017euje tlak na u\u0161i ko\u0148a<\/li>\n<li>S\u00a0odn\u00edmate\u013en\u00fdmi reme\u0148mi k zubadlu<\/li>\n<li>N\u00e1nosn\u00edk s\u00a0ko\u017een\u00fdm polstrovan\u00edm, pod \u010delenkou a n\u00e1tyln\u00edkom<\/li>\n<\/ul>\n","protected":false},"featured_media":69205,"template":"","meta":{"_acf_changed":false},"product_cat":[75,1995,511],"product_tag":[1973],"acf":[],"yoast_head":"<!-- This site is optimized with the Yoast SEO plugin v21.4 - https:\/\/yoast.com\/wordpress\/plugins\/seo\/ -->\n<title>QHP ko\u017een\u00e1 uzde\u010dka s obnoskom - Spicehorse<\/title>\n<meta name=\"description\" content=\"spicehorse.eu | Multifunk\u010dn\u00e1 ko\u017een\u00e1 QHP uzde\u010dka s obnoskom, ktor\u00fa mo\u017eno pou\u017ei\u0165 aj ako uzdu.\" \/>\n<meta name=\"robots\" content=\"index, follow, max-snippet:-1, max-image-preview:large, max-video-preview:-1\" \/>\n<link rel=\"canonical\" href=\"https:\/\/arak.spicehorse.eu\/termek\/qhp-bor-kapican\/\" \/>\n<meta property=\"og:locale\" content=\"sk_SK\" \/>\n<meta property=\"og:type\" content=\"article\" \/>\n<meta property=\"og:title\" content=\"QHP ko\u017een\u00e1 uzde\u010dka s obnoskom - Spicehorse\" \/>\n<meta property=\"og:description\" content=\"spicehorse.eu | Multifunk\u010dn\u00e1 ko\u017een\u00e1 QHP uzde\u010dka s obnoskom, ktor\u00fa mo\u017eno pou\u017ei\u0165 aj ako uzdu.\" \/>\n<meta property=\"og:url\" content=\"https:\/\/arak.spicehorse.eu\/termek\/qhp-bor-kapican\/\" \/>\n<meta property=\"og:site_name\" content=\"Spicehorse\" \/>\n<meta property=\"article:publisher\" content=\"https:\/\/www.facebook.com\/SPICEHORSE-550385625402457\/\" \/>\n<meta property=\"article:modified_time\" content=\"2022-09-14T13:49:09+00:00\" \/>\n<meta property=\"og:image\" content=\"https:\/\/arak.spicehorse.eu\/wp-content\/uploads\/2022\/09\/1699zw-1_8.jpg\" \/>\n\t<meta property=\"og:image:width\" content=\"1024\" \/>\n\t<meta property=\"og:image:height\" content=\"1280\" \/>\n\t<meta property=\"og:image:type\" content=\"image\/jpeg\" \/>\n<meta name=\"twitter:card\" content=\"summary_large_image\" \/>\n<script type=\"application\/ld+json\" class=\"yoast-schema-graph\">{\"@context\":\"https:\/\/schema.org\",\"@graph\":[{\"@type\":\"WebPage\",\"@id\":\"https:\/\/arak.spicehorse.eu\/termek\/qhp-bor-kapican\/\",\"url\":\"https:\/\/arak.spicehorse.eu\/termek\/qhp-bor-kapican\/\",\"name\":\"QHP ko\u017een\u00e1 uzde\u010dka s obnoskom - Spicehorse\",\"isPartOf\":{\"@id\":\"https:\/\/arak.spicehorse.eu\/en\/#website\"},\"datePublished\":\"2022-09-06T09:19:09+00:00\",\"dateModified\":\"2022-09-14T13:49:09+00:00\",\"description\":\"spicehorse.eu | Multifunk\u010dn\u00e1 ko\u017een\u00e1 QHP uzde\u010dka s obnoskom, ktor\u00fa mo\u017eno pou\u017ei\u0165 aj ako uzdu.\",\"breadcrumb\":{\"@id\":\"https:\/\/arak.spicehorse.eu\/termek\/qhp-bor-kapican\/#breadcrumb\"},\"inLanguage\":\"sk-SK\",\"potentialAction\":[{\"@type\":\"ReadAction\",\"target\":[\"https:\/\/arak.spicehorse.eu\/termek\/qhp-bor-kapican\/\"]}]},{\"@type\":\"BreadcrumbList\",\"@id\":\"https:\/\/arak.spicehorse.eu\/termek\/qhp-bor-kapican\/#breadcrumb\",\"itemListElement\":[{\"@type\":\"ListItem\",\"position\":1,\"name\":\"Home\",\"item\":\"https:\/\/arak.spicehorse.eu\/sk\/\"},{\"@type\":\"ListItem\",\"position\":2,\"name\":\"Predaj\u0148a\",\"item\":\"https:\/\/arak.spicehorse.eu\/sk\/predajna\/\"},{\"@type\":\"ListItem\",\"position\":3,\"name\":\"QHP ko\u017een\u00e1 uzde\u010dka s obnoskom\"}]},{\"@type\":\"WebSite\",\"@id\":\"https:\/\/arak.spicehorse.eu\/en\/#website\",\"url\":\"https:\/\/arak.spicehorse.eu\/en\/\",\"name\":\"Spicehorse\",\"description\":\"UNDER DEVELOPMENT -\",\"potentialAction\":[{\"@type\":\"SearchAction\",\"target\":{\"@type\":\"EntryPoint\",\"urlTemplate\":\"https:\/\/arak.spicehorse.eu\/en\/?s={search_term_string}\"},\"query-input\":\"required name=search_term_string\"}],\"inLanguage\":\"sk-SK\"}]}<\/script>\n<!-- \/ Yoast SEO plugin. -->","yoast_head_json":{"title":"QHP ko\u017een\u00e1 uzde\u010dka s obnoskom - Spicehorse","description":"spicehorse.eu | Multifunk\u010dn\u00e1 ko\u017een\u00e1 QHP uzde\u010dka s obnoskom, ktor\u00fa mo\u017eno pou\u017ei\u0165 aj ako uzdu.","robots":{"index":"index","follow":"follow","max-snippet":"max-snippet:-1","max-image-preview":"max-image-preview:large","max-video-preview":"max-video-preview:-1"},"canonical":"https:\/\/arak.spicehorse.eu\/termek\/qhp-bor-kapican\/","og_locale":"sk_SK","og_type":"article","og_title":"QHP ko\u017een\u00e1 uzde\u010dka s obnoskom - Spicehorse","og_description":"spicehorse.eu | Multifunk\u010dn\u00e1 ko\u017een\u00e1 QHP uzde\u010dka s obnoskom, ktor\u00fa mo\u017eno pou\u017ei\u0165 aj ako uzdu.","og_url":"https:\/\/arak.spicehorse.eu\/termek\/qhp-bor-kapican\/","og_site_name":"Spicehorse","article_publisher":"https:\/\/www.facebook.com\/SPICEHORSE-550385625402457\/","article_modified_time":"2022-09-14T13:49:09+00:00","og_image":[{"width":1024,"height":1280,"url":"https:\/\/arak.spicehorse.eu\/wp-content\/uploads\/2022\/09\/1699zw-1_8.jpg","type":"image\/jpeg"}],"twitter_card":"summary_large_image","schema":{"@context":"https:\/\/schema.org","@graph":[{"@type":"WebPage","@id":"https:\/\/arak.spicehorse.eu\/termek\/qhp-bor-kapican\/","url":"https:\/\/arak.spicehorse.eu\/termek\/qhp-bor-kapican\/","name":"QHP ko\u017een\u00e1 uzde\u010dka s obnoskom - Spicehorse","isPartOf":{"@id":"https:\/\/arak.spicehorse.eu\/en\/#website"},"datePublished":"2022-09-06T09:19:09+00:00","dateModified":"2022-09-14T13:49:09+00:00","description":"spicehorse.eu | Multifunk\u010dn\u00e1 ko\u017een\u00e1 QHP uzde\u010dka s obnoskom, ktor\u00fa mo\u017eno pou\u017ei\u0165 aj ako uzdu.","breadcrumb":{"@id":"https:\/\/arak.spicehorse.eu\/termek\/qhp-bor-kapican\/#breadcrumb"},"inLanguage":"sk-SK","potentialAction":[{"@type":"ReadAction","target":["https:\/\/arak.spicehorse.eu\/termek\/qhp-bor-kapican\/"]}]},{"@type":"BreadcrumbList","@id":"https:\/\/arak.spicehorse.eu\/termek\/qhp-bor-kapican\/#breadcrumb","itemListElement":[{"@type":"ListItem","position":1,"name":"Home","item":"https:\/\/arak.spicehorse.eu\/sk\/"},{"@type":"ListItem","position":2,"name":"Predaj\u0148a","item":"https:\/\/arak.spicehorse.eu\/sk\/predajna\/"},{"@type":"ListItem","position":3,"name":"QHP ko\u017een\u00e1 uzde\u010dka s obnoskom"}]},{"@type":"WebSite","@id":"https:\/\/arak.spicehorse.eu\/en\/#website","url":"https:\/\/arak.spicehorse.eu\/en\/","name":"Spicehorse","description":"UNDER DEVELOPMENT -","potentialAction":[{"@type":"SearchAction","target":{"@type":"EntryPoint","urlTemplate":"https:\/\/arak.spicehorse.eu\/en\/?s={search_term_string}"},"query-input":"required name=search_term_string"}],"inLanguage":"sk-SK"}]}},"_links":{"self":[{"href":"https:\/\/arak.spicehorse.eu\/sk\/wp-json\/wp\/v2\/product\/69158"}],"collection":[{"href":"https:\/\/arak.spicehorse.eu\/sk\/wp-json\/wp\/v2\/product"}],"about":[{"href":"https:\/\/arak.spicehorse.eu\/sk\/wp-json\/wp\/v2\/types\/product"}],"wp:featuredmedia":[{"embeddable":true,"href":"https:\/\/arak.spicehorse.eu\/sk\/wp-json\/wp\/v2\/media\/69205"}],"wp:attachment":[{"href":"https:\/\/arak.spicehorse.eu\/sk\/wp-json\/wp\/v2\/media?parent=69158"}],"wp:term":[{"taxonomy":"product_cat","embeddable":true,"href":"https:\/\/arak.spicehorse.eu\/sk\/wp-json\/wp\/v2\/product_cat?post=69158"},{"taxonomy":"product_tag","embeddable":true,"href":"https:\/\/arak.spicehorse.eu\/sk\/wp-json\/wp\/v2\/product_tag?post=69158"}],"curies":[{"name":"wp","href":"https:\/\/api.w.org\/{rel}","templated":true}]}}