{"id":69241,"date":"2022-09-06T13:34:17","date_gmt":"2022-09-06T11:34:21","guid":{"rendered":"https:\/\/arak.spicehorse.eu\/?post_type=product&#038;p=69241"},"modified":"2025-03-10T13:11:44","modified_gmt":"2025-03-10T12:11:44","slug":"qhp-dorah-jazdecke-cizmy","status":"publish","type":"product","link":"https:\/\/arak.spicehorse.eu\/sk\/produkt\/qhp-dorah-jazdecke-cizmy\/","title":{"rendered":"QHP Dorah jazdeck\u00e9 \u010di\u017emy"},"content":{"rendered":"<p>Elegantn\u00e9 jazdeck\u00e9 \u010di\u017emy QHP Dorah so zipsom vpredu. Zips sa uzatv\u00e1ra sponou vyrobenou z lakovanej ko\u017ee. Vrch \u010di\u017emy je ozdoben\u00fd \u0161trasmi. \u0160pi\u010dka \u010di\u017eiem je z lakovanej ko\u017ee. S t\u00fdmito \u010di\u017emami zaru\u010dene za\u017eiarite po\u010das jazdenia aj po\u010das s\u00fa\u0165a\u017e\u00ed.<\/p>\n","protected":false},"excerpt":{"rendered":"<ul>\n<li>Vonkaj\u0161\u00ed materi\u00e1l: hov\u00e4dzia ko\u017ea<\/li>\n<li>Vn\u00fatorn\u00fd materi\u00e1l: ko\u017ea<\/li>\n<li>Materi\u00e1l podr\u00e1\u017eky: syntetick\u00e1 guma<\/li>\n<li>Jazdeck\u00e9 \u010di\u017emy s\u00a0lakovanou ko\u017eou a \u0161trasmi<\/li>\n<li>Stredne vysok\u00e9 \u010di\u017emy<\/li>\n<li>Vpredu zips, ktor\u00fd sa uzatv\u00e1ra sponou<\/li>\n<li>Spona vyroben\u00e1 z\u00a0lakovanej ko\u017ee<\/li>\n<li>Dostupn\u00e9 pod\u013ea \u0161\u00edrky l\u00fdtka v type norm\u00e1l a roz\u0161\u00edren\u00e9<\/li>\n<\/ul>\n","protected":false},"featured_media":75827,"template":"","meta":{"_acf_changed":false},"product_cat":[78,76,1993],"product_tag":[2039,2038,1973],"acf":[],"yoast_head":"<!-- This site is optimized with the Yoast SEO plugin v21.4 - https:\/\/yoast.com\/wordpress\/plugins\/seo\/ -->\n<title>QHP Dorah jazdeck\u00e9 \u010di\u017emy - Spicehorse<\/title>\n<meta name=\"description\" content=\"spicehorse.eu | Elegantn\u00e9 jazdeck\u00e9 \u010di\u017emy QHP Dorah so zipsom vpredu. Zips sa uzatv\u00e1ra sponou vyrobenou z lakovanej ko\u017ee.\" \/>\n<meta name=\"robots\" content=\"index, follow, max-snippet:-1, max-image-preview:large, max-video-preview:-1\" \/>\n<link rel=\"canonical\" href=\"https:\/\/arak.spicehorse.eu\/sk\/produkt\/qhp-dorah-jazdecke-cizmy\/\" \/>\n<meta property=\"og:locale\" content=\"sk_SK\" \/>\n<meta property=\"og:type\" content=\"article\" \/>\n<meta property=\"og:title\" content=\"QHP Dorah jazdeck\u00e9 \u010di\u017emy - Spicehorse\" \/>\n<meta property=\"og:description\" content=\"spicehorse.eu | Elegantn\u00e9 jazdeck\u00e9 \u010di\u017emy QHP Dorah so zipsom vpredu. Zips sa uzatv\u00e1ra sponou vyrobenou z lakovanej ko\u017ee.\" \/>\n<meta property=\"og:url\" content=\"https:\/\/arak.spicehorse.eu\/sk\/produkt\/qhp-dorah-jazdecke-cizmy\/\" \/>\n<meta property=\"og:site_name\" content=\"Spicehorse\" \/>\n<meta property=\"article:publisher\" content=\"https:\/\/www.facebook.com\/SPICEHORSE-550385625402457\/\" \/>\n<meta property=\"article:modified_time\" content=\"2025-03-10T12:11:44+00:00\" \/>\n<meta property=\"og:image\" content=\"https:\/\/arak.spicehorse.eu\/wp-content\/uploads\/2022\/09\/7269zw_13.jpeg\" \/>\n\t<meta property=\"og:image:width\" content=\"800\" \/>\n\t<meta property=\"og:image:height\" content=\"800\" \/>\n\t<meta property=\"og:image:type\" content=\"image\/jpeg\" \/>\n<meta name=\"twitter:card\" content=\"summary_large_image\" \/>\n<script type=\"application\/ld+json\" class=\"yoast-schema-graph\">{\"@context\":\"https:\/\/schema.org\",\"@graph\":[{\"@type\":\"WebPage\",\"@id\":\"https:\/\/arak.spicehorse.eu\/sk\/produkt\/qhp-dorah-jazdecke-cizmy\/\",\"url\":\"https:\/\/arak.spicehorse.eu\/sk\/produkt\/qhp-dorah-jazdecke-cizmy\/\",\"name\":\"QHP Dorah jazdeck\u00e9 \u010di\u017emy - Spicehorse\",\"isPartOf\":{\"@id\":\"https:\/\/arak.spicehorse.eu\/en\/#website\"},\"datePublished\":\"2022-09-06T11:34:21+00:00\",\"dateModified\":\"2025-03-10T12:11:44+00:00\",\"description\":\"spicehorse.eu | Elegantn\u00e9 jazdeck\u00e9 \u010di\u017emy QHP Dorah so zipsom vpredu. Zips sa uzatv\u00e1ra sponou vyrobenou z lakovanej ko\u017ee.\",\"breadcrumb\":{\"@id\":\"https:\/\/arak.spicehorse.eu\/sk\/produkt\/qhp-dorah-jazdecke-cizmy\/#breadcrumb\"},\"inLanguage\":\"sk-SK\",\"potentialAction\":[{\"@type\":\"ReadAction\",\"target\":[\"https:\/\/arak.spicehorse.eu\/sk\/produkt\/qhp-dorah-jazdecke-cizmy\/\"]}]},{\"@type\":\"BreadcrumbList\",\"@id\":\"https:\/\/arak.spicehorse.eu\/sk\/produkt\/qhp-dorah-jazdecke-cizmy\/#breadcrumb\",\"itemListElement\":[{\"@type\":\"ListItem\",\"position\":1,\"name\":\"Home\",\"item\":\"https:\/\/arak.spicehorse.eu\/sk\/\"},{\"@type\":\"ListItem\",\"position\":2,\"name\":\"Predaj\u0148a\",\"item\":\"https:\/\/arak.spicehorse.eu\/sk\/predajna\/\"},{\"@type\":\"ListItem\",\"position\":3,\"name\":\"QHP Dorah jazdeck\u00e9 \u010di\u017emy\"}]},{\"@type\":\"WebSite\",\"@id\":\"https:\/\/arak.spicehorse.eu\/en\/#website\",\"url\":\"https:\/\/arak.spicehorse.eu\/en\/\",\"name\":\"Spicehorse\",\"description\":\"UNDER DEVELOPMENT -\",\"potentialAction\":[{\"@type\":\"SearchAction\",\"target\":{\"@type\":\"EntryPoint\",\"urlTemplate\":\"https:\/\/arak.spicehorse.eu\/en\/?s={search_term_string}\"},\"query-input\":\"required name=search_term_string\"}],\"inLanguage\":\"sk-SK\"}]}<\/script>\n<!-- \/ Yoast SEO plugin. -->","yoast_head_json":{"title":"QHP Dorah jazdeck\u00e9 \u010di\u017emy - Spicehorse","description":"spicehorse.eu | Elegantn\u00e9 jazdeck\u00e9 \u010di\u017emy QHP Dorah so zipsom vpredu. Zips sa uzatv\u00e1ra sponou vyrobenou z lakovanej ko\u017ee.","robots":{"index":"index","follow":"follow","max-snippet":"max-snippet:-1","max-image-preview":"max-image-preview:large","max-video-preview":"max-video-preview:-1"},"canonical":"https:\/\/arak.spicehorse.eu\/sk\/produkt\/qhp-dorah-jazdecke-cizmy\/","og_locale":"sk_SK","og_type":"article","og_title":"QHP Dorah jazdeck\u00e9 \u010di\u017emy - Spicehorse","og_description":"spicehorse.eu | Elegantn\u00e9 jazdeck\u00e9 \u010di\u017emy QHP Dorah so zipsom vpredu. Zips sa uzatv\u00e1ra sponou vyrobenou z lakovanej ko\u017ee.","og_url":"https:\/\/arak.spicehorse.eu\/sk\/produkt\/qhp-dorah-jazdecke-cizmy\/","og_site_name":"Spicehorse","article_publisher":"https:\/\/www.facebook.com\/SPICEHORSE-550385625402457\/","article_modified_time":"2025-03-10T12:11:44+00:00","og_image":[{"width":800,"height":800,"url":"https:\/\/arak.spicehorse.eu\/wp-content\/uploads\/2022\/09\/7269zw_13.jpeg","type":"image\/jpeg"}],"twitter_card":"summary_large_image","schema":{"@context":"https:\/\/schema.org","@graph":[{"@type":"WebPage","@id":"https:\/\/arak.spicehorse.eu\/sk\/produkt\/qhp-dorah-jazdecke-cizmy\/","url":"https:\/\/arak.spicehorse.eu\/sk\/produkt\/qhp-dorah-jazdecke-cizmy\/","name":"QHP Dorah jazdeck\u00e9 \u010di\u017emy - Spicehorse","isPartOf":{"@id":"https:\/\/arak.spicehorse.eu\/en\/#website"},"datePublished":"2022-09-06T11:34:21+00:00","dateModified":"2025-03-10T12:11:44+00:00","description":"spicehorse.eu | Elegantn\u00e9 jazdeck\u00e9 \u010di\u017emy QHP Dorah so zipsom vpredu. Zips sa uzatv\u00e1ra sponou vyrobenou z lakovanej ko\u017ee.","breadcrumb":{"@id":"https:\/\/arak.spicehorse.eu\/sk\/produkt\/qhp-dorah-jazdecke-cizmy\/#breadcrumb"},"inLanguage":"sk-SK","potentialAction":[{"@type":"ReadAction","target":["https:\/\/arak.spicehorse.eu\/sk\/produkt\/qhp-dorah-jazdecke-cizmy\/"]}]},{"@type":"BreadcrumbList","@id":"https:\/\/arak.spicehorse.eu\/sk\/produkt\/qhp-dorah-jazdecke-cizmy\/#breadcrumb","itemListElement":[{"@type":"ListItem","position":1,"name":"Home","item":"https:\/\/arak.spicehorse.eu\/sk\/"},{"@type":"ListItem","position":2,"name":"Predaj\u0148a","item":"https:\/\/arak.spicehorse.eu\/sk\/predajna\/"},{"@type":"ListItem","position":3,"name":"QHP Dorah jazdeck\u00e9 \u010di\u017emy"}]},{"@type":"WebSite","@id":"https:\/\/arak.spicehorse.eu\/en\/#website","url":"https:\/\/arak.spicehorse.eu\/en\/","name":"Spicehorse","description":"UNDER DEVELOPMENT -","potentialAction":[{"@type":"SearchAction","target":{"@type":"EntryPoint","urlTemplate":"https:\/\/arak.spicehorse.eu\/en\/?s={search_term_string}"},"query-input":"required name=search_term_string"}],"inLanguage":"sk-SK"}]}},"_links":{"self":[{"href":"https:\/\/arak.spicehorse.eu\/sk\/wp-json\/wp\/v2\/product\/69241"}],"collection":[{"href":"https:\/\/arak.spicehorse.eu\/sk\/wp-json\/wp\/v2\/product"}],"about":[{"href":"https:\/\/arak.spicehorse.eu\/sk\/wp-json\/wp\/v2\/types\/product"}],"wp:featuredmedia":[{"embeddable":true,"href":"https:\/\/arak.spicehorse.eu\/sk\/wp-json\/wp\/v2\/media\/75827"}],"wp:attachment":[{"href":"https:\/\/arak.spicehorse.eu\/sk\/wp-json\/wp\/v2\/media?parent=69241"}],"wp:term":[{"taxonomy":"product_cat","embeddable":true,"href":"https:\/\/arak.spicehorse.eu\/sk\/wp-json\/wp\/v2\/product_cat?post=69241"},{"taxonomy":"product_tag","embeddable":true,"href":"https:\/\/arak.spicehorse.eu\/sk\/wp-json\/wp\/v2\/product_tag?post=69241"}],"curies":[{"name":"wp","href":"https:\/\/api.w.org\/{rel}","templated":true}]}}