{"id":70084,"date":"2022-09-13T10:03:19","date_gmt":"2022-09-13T08:03:24","guid":{"rendered":"https:\/\/arak.spicehorse.eu\/?post_type=product&#038;p=70084"},"modified":"2024-11-22T17:30:42","modified_gmt":"2024-11-22T16:30:42","slug":"kentucky-velcro-gamase","status":"publish","type":"product","link":"https:\/\/arak.spicehorse.eu\/sk\/produkt\/kentucky-velcro-gamase\/","title":{"rendered":"Kentucky Velcro gama\u0161e"},"content":{"rendered":"<p>Kentucky Horsewear Velcro gama\u0161e s\u00fa vyroben\u00e9 z\u00a0pevn\u00e9ho materi\u00e1lu s TPU krytom s\u00a0viacer\u00fdmi vetrac\u00edmi otvormi a\u00a0v\u00a0tvare trojuholn\u00edka umiestnen\u00fdmi sie\u0165ov\u00fdmi vetrac\u00edmi \u0161k\u00e1rami. Nohy ko\u0148a chr\u00e1ni pred odieran\u00edm m\u00e4kk\u00e1 pr\u00edrodn\u00e1 guma. Vn\u00fatorn\u00e1 \u010das\u0165 s\u00a0extra TPU vrstvou, aby chr\u00e1nila nohy ko\u0148a pred poraneniami pri pohybe.<\/p>\n<p>Kentucky gama\u0161e s\u00fa ide\u00e1lne pre ka\u017edodenn\u00fd dom\u00e1ci tr\u00e9ning, v\u010faka such\u00fdm zipsom sa \u013eahko nasadzuj\u00fa a\u00a0odstra\u0148uj\u00fa.<\/p>\n<p>Kentucky Deep gama\u0161e s\u00fa vybaven\u00e9 3D spacer v\u00fdstelkou, ktor\u00e1 sa pou\u017e\u00edva aj v\u00a0pr\u00edpade 3D gama\u0161\u00ed a\u00a0deky pre kone. Vonkaj\u0161\u00ed TPU kryt je \u013eahk\u00fd, napriek tomu mimoriadne siln\u00fd.<\/p>\n<p>V\u010faka anatomick\u00e9mu tvarovaniu sa gama\u0161e dobre prisp\u00f4sobuj\u00fa noh\u00e1m ko\u0148a, poskytuj\u00fa maxim\u00e1lne pohodlie a\u00a0ochranu, v\u010faka v\u00e4\u010d\u0161ej vo\u013enosti pohybu vedia kone lep\u0161ie sk\u00e1ka\u0165.<\/p>\n<p>Ve\u013ekos\u0165 M<\/p>\n<p>Mo\u017eno ich pra\u0165 v\u00a0pr\u00e1\u010dke na 30\u00b0C (nevkladajte do su\u0161i\u010dky). Odpor\u00fa\u010dame pou\u017e\u00edvanie vrecka na pranie, aby pre predi\u0161li po\u0161kriabaniu. Pou\u017e\u00edvajte Kentucky\u00a0Boots Cleanert, ktor\u00fd sl\u00fa\u017ei vyslovene na \u010distenie TPU struha\u010diek a\u00a0gama\u0161\u00ed. Pou\u017eit\u00edm pr\u00edpravku na \u010distenie bud\u00fa gama\u0161e leskl\u00e9 ako nov\u00e9.<\/p>\n","protected":false},"excerpt":{"rendered":"<ul>\n<li>Z\u00a0pevn\u00e9ho TPU materi\u00e1lu s\u00a0vetrac\u00edmi otvormi pre optim\u00e1lne vetranie a ochladzovanie<\/li>\n<li>Inovat\u00edvna forma maxim\u00e1lna vo\u013enos\u0165 pohybu<\/li>\n<li>Priedu\u0161n\u00e1 3D Spacer v\u00fdstelka pre v\u00e4\u010d\u0161ie pohodlie a lep\u0161ie vetranie<\/li>\n<\/ul>\n","protected":false},"featured_media":70112,"template":"","meta":{"_acf_changed":false},"product_cat":[75,104],"product_tag":[200,184],"acf":[],"yoast_head":"<!-- This site is optimized with the Yoast SEO plugin v21.4 - https:\/\/yoast.com\/wordpress\/plugins\/seo\/ -->\n<title>Kentucky Velcro gama\u0161e - Spicehorse<\/title>\n<meta name=\"description\" content=\"spicehorse.eu | Kentucky Horsewear Velcro gama\u0161e s\u00fa vyroben\u00e9 z\u00a0pevn\u00e9ho materi\u00e1lu s TPU krytom s\u00a0viacer\u00fdmi vetrac\u00edmi otvormi a\u00a0v\u00a0tvare trojuholn\u00edka umiestnen\u00fdmi sie\u0165ov\u00fdmi vetrac\u00edmi \u0161k\u00e1rami\" \/>\n<meta name=\"robots\" content=\"index, follow, max-snippet:-1, max-image-preview:large, max-video-preview:-1\" \/>\n<link rel=\"canonical\" href=\"https:\/\/arak.spicehorse.eu\/termek\/kentucky-velcro-invedo\/\" \/>\n<meta property=\"og:locale\" content=\"sk_SK\" \/>\n<meta property=\"og:type\" content=\"article\" \/>\n<meta property=\"og:title\" content=\"Kentucky Velcro gama\u0161e - Spicehorse\" \/>\n<meta property=\"og:description\" content=\"spicehorse.eu | Kentucky Horsewear Velcro gama\u0161e s\u00fa vyroben\u00e9 z\u00a0pevn\u00e9ho materi\u00e1lu s TPU krytom s\u00a0viacer\u00fdmi vetrac\u00edmi otvormi a\u00a0v\u00a0tvare trojuholn\u00edka umiestnen\u00fdmi sie\u0165ov\u00fdmi vetrac\u00edmi \u0161k\u00e1rami\" \/>\n<meta property=\"og:url\" content=\"https:\/\/arak.spicehorse.eu\/termek\/kentucky-velcro-invedo\/\" \/>\n<meta property=\"og:site_name\" content=\"Spicehorse\" \/>\n<meta property=\"article:publisher\" content=\"https:\/\/www.facebook.com\/SPICEHORSE-550385625402457\/\" \/>\n<meta property=\"article:modified_time\" content=\"2024-11-22T16:30:42+00:00\" \/>\n<meta property=\"og:image\" content=\"https:\/\/arak.spicehorse.eu\/wp-content\/uploads\/2022\/09\/485A9126.jpg\" \/>\n\t<meta property=\"og:image:width\" content=\"1365\" \/>\n\t<meta property=\"og:image:height\" content=\"2048\" \/>\n\t<meta property=\"og:image:type\" content=\"image\/jpeg\" \/>\n<meta name=\"twitter:card\" content=\"summary_large_image\" \/>\n<meta name=\"twitter:label1\" content=\"Predpokladan\u00fd \u010das \u010d\u00edtania\" \/>\n\t<meta name=\"twitter:data1\" content=\"1 min\u00fata\" \/>\n<script type=\"application\/ld+json\" class=\"yoast-schema-graph\">{\"@context\":\"https:\/\/schema.org\",\"@graph\":[{\"@type\":\"WebPage\",\"@id\":\"https:\/\/arak.spicehorse.eu\/termek\/kentucky-velcro-invedo\/\",\"url\":\"https:\/\/arak.spicehorse.eu\/termek\/kentucky-velcro-invedo\/\",\"name\":\"Kentucky Velcro gama\u0161e - Spicehorse\",\"isPartOf\":{\"@id\":\"https:\/\/arak.spicehorse.eu\/en\/#website\"},\"datePublished\":\"2022-09-13T08:03:24+00:00\",\"dateModified\":\"2024-11-22T16:30:42+00:00\",\"description\":\"spicehorse.eu | Kentucky Horsewear Velcro gama\u0161e s\u00fa vyroben\u00e9 z\u00a0pevn\u00e9ho materi\u00e1lu s TPU krytom s\u00a0viacer\u00fdmi vetrac\u00edmi otvormi a\u00a0v\u00a0tvare trojuholn\u00edka umiestnen\u00fdmi sie\u0165ov\u00fdmi vetrac\u00edmi \u0161k\u00e1rami\",\"breadcrumb\":{\"@id\":\"https:\/\/arak.spicehorse.eu\/termek\/kentucky-velcro-invedo\/#breadcrumb\"},\"inLanguage\":\"sk-SK\",\"potentialAction\":[{\"@type\":\"ReadAction\",\"target\":[\"https:\/\/arak.spicehorse.eu\/termek\/kentucky-velcro-invedo\/\"]}]},{\"@type\":\"BreadcrumbList\",\"@id\":\"https:\/\/arak.spicehorse.eu\/termek\/kentucky-velcro-invedo\/#breadcrumb\",\"itemListElement\":[{\"@type\":\"ListItem\",\"position\":1,\"name\":\"Home\",\"item\":\"https:\/\/arak.spicehorse.eu\/sk\/\"},{\"@type\":\"ListItem\",\"position\":2,\"name\":\"Predaj\u0148a\",\"item\":\"https:\/\/arak.spicehorse.eu\/sk\/predajna\/\"},{\"@type\":\"ListItem\",\"position\":3,\"name\":\"Kentucky Velcro gama\u0161e\"}]},{\"@type\":\"WebSite\",\"@id\":\"https:\/\/arak.spicehorse.eu\/en\/#website\",\"url\":\"https:\/\/arak.spicehorse.eu\/en\/\",\"name\":\"Spicehorse\",\"description\":\"UNDER DEVELOPMENT -\",\"potentialAction\":[{\"@type\":\"SearchAction\",\"target\":{\"@type\":\"EntryPoint\",\"urlTemplate\":\"https:\/\/arak.spicehorse.eu\/en\/?s={search_term_string}\"},\"query-input\":\"required name=search_term_string\"}],\"inLanguage\":\"sk-SK\"}]}<\/script>\n<!-- \/ Yoast SEO plugin. -->","yoast_head_json":{"title":"Kentucky Velcro gama\u0161e - Spicehorse","description":"spicehorse.eu | Kentucky Horsewear Velcro gama\u0161e s\u00fa vyroben\u00e9 z\u00a0pevn\u00e9ho materi\u00e1lu s TPU krytom s\u00a0viacer\u00fdmi vetrac\u00edmi otvormi a\u00a0v\u00a0tvare trojuholn\u00edka umiestnen\u00fdmi sie\u0165ov\u00fdmi vetrac\u00edmi \u0161k\u00e1rami","robots":{"index":"index","follow":"follow","max-snippet":"max-snippet:-1","max-image-preview":"max-image-preview:large","max-video-preview":"max-video-preview:-1"},"canonical":"https:\/\/arak.spicehorse.eu\/termek\/kentucky-velcro-invedo\/","og_locale":"sk_SK","og_type":"article","og_title":"Kentucky Velcro gama\u0161e - Spicehorse","og_description":"spicehorse.eu | Kentucky Horsewear Velcro gama\u0161e s\u00fa vyroben\u00e9 z\u00a0pevn\u00e9ho materi\u00e1lu s TPU krytom s\u00a0viacer\u00fdmi vetrac\u00edmi otvormi a\u00a0v\u00a0tvare trojuholn\u00edka umiestnen\u00fdmi sie\u0165ov\u00fdmi vetrac\u00edmi \u0161k\u00e1rami","og_url":"https:\/\/arak.spicehorse.eu\/termek\/kentucky-velcro-invedo\/","og_site_name":"Spicehorse","article_publisher":"https:\/\/www.facebook.com\/SPICEHORSE-550385625402457\/","article_modified_time":"2024-11-22T16:30:42+00:00","og_image":[{"width":1365,"height":2048,"url":"https:\/\/arak.spicehorse.eu\/wp-content\/uploads\/2022\/09\/485A9126.jpg","type":"image\/jpeg"}],"twitter_card":"summary_large_image","twitter_misc":{"Predpokladan\u00fd \u010das \u010d\u00edtania":"1 min\u00fata"},"schema":{"@context":"https:\/\/schema.org","@graph":[{"@type":"WebPage","@id":"https:\/\/arak.spicehorse.eu\/termek\/kentucky-velcro-invedo\/","url":"https:\/\/arak.spicehorse.eu\/termek\/kentucky-velcro-invedo\/","name":"Kentucky Velcro gama\u0161e - Spicehorse","isPartOf":{"@id":"https:\/\/arak.spicehorse.eu\/en\/#website"},"datePublished":"2022-09-13T08:03:24+00:00","dateModified":"2024-11-22T16:30:42+00:00","description":"spicehorse.eu | Kentucky Horsewear Velcro gama\u0161e s\u00fa vyroben\u00e9 z\u00a0pevn\u00e9ho materi\u00e1lu s TPU krytom s\u00a0viacer\u00fdmi vetrac\u00edmi otvormi a\u00a0v\u00a0tvare trojuholn\u00edka umiestnen\u00fdmi sie\u0165ov\u00fdmi vetrac\u00edmi \u0161k\u00e1rami","breadcrumb":{"@id":"https:\/\/arak.spicehorse.eu\/termek\/kentucky-velcro-invedo\/#breadcrumb"},"inLanguage":"sk-SK","potentialAction":[{"@type":"ReadAction","target":["https:\/\/arak.spicehorse.eu\/termek\/kentucky-velcro-invedo\/"]}]},{"@type":"BreadcrumbList","@id":"https:\/\/arak.spicehorse.eu\/termek\/kentucky-velcro-invedo\/#breadcrumb","itemListElement":[{"@type":"ListItem","position":1,"name":"Home","item":"https:\/\/arak.spicehorse.eu\/sk\/"},{"@type":"ListItem","position":2,"name":"Predaj\u0148a","item":"https:\/\/arak.spicehorse.eu\/sk\/predajna\/"},{"@type":"ListItem","position":3,"name":"Kentucky Velcro gama\u0161e"}]},{"@type":"WebSite","@id":"https:\/\/arak.spicehorse.eu\/en\/#website","url":"https:\/\/arak.spicehorse.eu\/en\/","name":"Spicehorse","description":"UNDER DEVELOPMENT -","potentialAction":[{"@type":"SearchAction","target":{"@type":"EntryPoint","urlTemplate":"https:\/\/arak.spicehorse.eu\/en\/?s={search_term_string}"},"query-input":"required name=search_term_string"}],"inLanguage":"sk-SK"}]}},"_links":{"self":[{"href":"https:\/\/arak.spicehorse.eu\/sk\/wp-json\/wp\/v2\/product\/70084"}],"collection":[{"href":"https:\/\/arak.spicehorse.eu\/sk\/wp-json\/wp\/v2\/product"}],"about":[{"href":"https:\/\/arak.spicehorse.eu\/sk\/wp-json\/wp\/v2\/types\/product"}],"wp:featuredmedia":[{"embeddable":true,"href":"https:\/\/arak.spicehorse.eu\/sk\/wp-json\/wp\/v2\/media\/70112"}],"wp:attachment":[{"href":"https:\/\/arak.spicehorse.eu\/sk\/wp-json\/wp\/v2\/media?parent=70084"}],"wp:term":[{"taxonomy":"product_cat","embeddable":true,"href":"https:\/\/arak.spicehorse.eu\/sk\/wp-json\/wp\/v2\/product_cat?post=70084"},{"taxonomy":"product_tag","embeddable":true,"href":"https:\/\/arak.spicehorse.eu\/sk\/wp-json\/wp\/v2\/product_tag?post=70084"}],"curies":[{"name":"wp","href":"https:\/\/api.w.org\/{rel}","templated":true}]}}