{"id":70392,"date":"2022-09-14T13:31:35","date_gmt":"2022-09-14T11:31:40","guid":{"rendered":"https:\/\/arak.spicehorse.eu\/?post_type=product&#038;p=70392"},"modified":"2024-11-22T17:06:06","modified_gmt":"2024-11-22T16:06:06","slug":"kentucky-bamboo-elastic-vegan-gamase-s-kozusinou","status":"publish","type":"product","link":"https:\/\/arak.spicehorse.eu\/sk\/produkt\/kentucky-bamboo-elastic-vegan-gamase-s-kozusinou\/","title":{"rendered":"Kentucky Bamboo Elastic Vegan gama\u0161e s ko\u017eu\u0161inou"},"content":{"rendered":"<p>V\u00a0znamen\u00ed udr\u017eate\u013enosti vyvinula spolo\u010dnos\u0165 Kentucky Horsewear nov\u00fa, ka\u017ed\u00e9mu dobre zn\u00e1mu zelen\u00fa technol\u00f3giu. Bambus je najr\u00fdchlej\u0161ie rast\u00faca rastlina na celom svete, disponuje obrovskou pevnos\u0165ou v\u00a0\u0165ahu, maxim\u00e1lne chr\u00e1ni pred v\u0161etk\u00fdmi vonkaj\u0161\u00edmi vplyvmi a\u00a0m\u00e1 aj antibakteri\u00e1lne \u00fa\u010dinky.<\/p>\n<p>A Kentucky Horsewear Bamboo Elastic Vegan gama\u0161e so syntetickou ko\u017eu\u0161inou s\u00fa vyroben\u00e9 z\u00a0pevn\u00e9ho materi\u00e1lu s TPU krytom s\u00a0viacer\u00fdmi vetrac\u00edmi otvormi a\u00a0v\u00a0tvare trojuholn\u00edka umiestnen\u00fdmi sie\u0165ov\u00fdmi vetrac\u00edmi \u0161k\u00e1rami. \u00a0Oblas\u0165 \u0161liach je spevnen\u00e1 bambusov\u00fdm \u0161t\u00edtom. M\u00e4kk\u00e1 pr\u00edrodn\u00e1 guma chr\u00e1ni nohy ko\u0148a pred odieran\u00edm. Vn\u00fatorn\u00e1 \u010das\u0165 s\u00a0extra TPU vrstvou, aby chr\u00e1nila nohy ko\u0148a pred poraneniami pri pohybe.<\/p>\n<p>V Kentucky laborat\u00f3ri\u00e1ch testovali ako chr\u00e1nia nohy ko\u0148a Bamboo Elastic gama\u0161e, ke\u010f na ne dopadne ostr\u00e1 sekera silou 80N. Bambusov\u00fd \u0161t\u00edt odol\u00e1 aj tak\u00fdmto extr\u00e9mnym testovac\u00edm met\u00f3dam, \u010do samozrejme nie je porovnate\u013en\u00e9 so \u017eiadnym poranen\u00edm alebo \u00faderom, ktor\u00e9 sa m\u00f4\u017eu vyskytn\u00fa\u0165 pri jazden\u00ed. Gama\u0161e disponuj\u00fa RICOTEST a RCT certifik\u00e1tmi.<\/p>\n<p>A Kentucky Horsewear Bamboo Elastic Vegan gama\u0161e so syntetickou ko\u017eu\u0161inou s\u00fa mimoriadne priedu\u0161n\u00e9 a\u00a0vyroben\u00e9 s\u00a0dobre zn\u00e1mou v\u00fdstelkou zo syntetickej ko\u017eu\u0161iny, ktor\u00e1 sa u\u017e roky pou\u017e\u00edva aj v\u00a0pr\u00edpade uzde\u010diek, Show deky a\u00a0popruhov. Vonkaj\u0161\u00ed TPU kryt je \u013eahk\u00fd, napriek tomu mimoriadne siln\u00fd. Oblas\u0165 \u0161liach je posilnen\u00e1 bambusov\u00fdm \u0161t\u00edtom v\u00a0z\u00e1ujme optim\u00e1lnej ochrany, neprenikne cez neho \u017eiaden ostr\u00fd predmet a\u00a0okrem toho m\u00e1 aj antibakteri\u00e1lne \u00fa\u010dinky.<\/p>\n<p>V\u010faka anatomick\u00e9mu tvarovaniu sa gama\u0161e dobre prisp\u00f4sobuj\u00fa noh\u00e1m ko\u0148a, poskytuj\u00fa maxim\u00e1lne pohodlie a\u00a0ochranu, v\u010faka v\u00e4\u010d\u0161ej vo\u013enosti pohybu vedia kone lep\u0161ie sk\u00e1ka\u0165.<\/p>\n<p>Ve\u013ekosti S, M a L<\/p>\n<p>Mo\u017eno ich pra\u0165 v\u00a0pr\u00e1\u010dke na 30\u00b0C (nevkladajte do su\u0161i\u010dky). Odpor\u00fa\u010dame pou\u017e\u00edvanie vrecka na pranie, aby pre predi\u0161li po\u0161kriabaniu. Pou\u017e\u00edvajte Kentucky\u00a0Boots Cleanert, ktor\u00fd sl\u00fa\u017ei vyslovene na \u010distenie TPU struha\u010diek a\u00a0gama\u0161\u00ed. Pou\u017eit\u00edm pr\u00edpravku na \u010distenie bud\u00fa gama\u0161e leskl\u00e9 ako nov\u00e9.<\/p>\n","protected":false},"excerpt":{"rendered":"<ul>\n<li>Z\u00a0pevn\u00e9ho TPU materi\u00e1lu s\u00a0vetrac\u00edmi otvormi pre optim\u00e1lne vetranie a ochladzovanie<\/li>\n<li>Oblas\u0165 \u0161liach je spevnen\u00e1 bambusov\u00fdm \u0161t\u00edtom<\/li>\n<li>Bambus m\u00e1 antibakteri\u00e1lne \u00fa\u010dinky<\/li>\n<li>Inovat\u00edvna forma maxim\u00e1lna vo\u013enos\u0165 pohybu<\/li>\n<li>V\u010faka veg\u00e1nskej syntetickej ko\u017eu\u0161ine s\u00fa maxim\u00e1lne pohodln\u00e9 a priedu\u0161n\u00e9<\/li>\n<li>S certifik\u00e1tmi RICOTEST a RCT<\/li>\n<\/ul>\n","protected":false},"featured_media":70405,"template":"","meta":{"_acf_changed":false},"product_cat":[78,75,104],"product_tag":[200,184,186],"acf":[],"yoast_head":"<!-- This site is optimized with the Yoast SEO plugin v21.4 - https:\/\/yoast.com\/wordpress\/plugins\/seo\/ -->\n<title>Kentucky Bamboo Elastic Vegan gama\u0161e s ko\u017eu\u0161inou - Spicehorse<\/title>\n<meta name=\"description\" content=\"spicehorse.eu | V\u00a0znamen\u00ed udr\u017eate\u013enosti vyvinula spolo\u010dnos\u0165 Kentucky Horsewear nov\u00fa, ka\u017ed\u00e9mu dobre zn\u00e1mu zelen\u00fa technol\u00f3giu.V\u00a0znamen\u00ed udr\u017eate\u013enosti vyvinula spolo\u010dnos\u0165 Kentucky Horsewear nov\u00fa, ka\u017ed\u00e9mu dobre zn\u00e1mu zelen\u00fa technol\u00f3giu.\" \/>\n<meta name=\"robots\" content=\"index, follow, max-snippet:-1, max-image-preview:large, max-video-preview:-1\" \/>\n<link rel=\"canonical\" href=\"https:\/\/arak.spicehorse.eu\/termek\/kentucky-bamboo-elastic-vegan-baranyszoros-invedo\/\" \/>\n<meta property=\"og:locale\" content=\"sk_SK\" \/>\n<meta property=\"og:type\" content=\"article\" \/>\n<meta property=\"og:title\" content=\"Kentucky Bamboo Elastic Vegan gama\u0161e s ko\u017eu\u0161inou - Spicehorse\" \/>\n<meta property=\"og:description\" content=\"spicehorse.eu | V\u00a0znamen\u00ed udr\u017eate\u013enosti vyvinula spolo\u010dnos\u0165 Kentucky Horsewear nov\u00fa, ka\u017ed\u00e9mu dobre zn\u00e1mu zelen\u00fa technol\u00f3giu.V\u00a0znamen\u00ed udr\u017eate\u013enosti vyvinula spolo\u010dnos\u0165 Kentucky Horsewear nov\u00fa, ka\u017ed\u00e9mu dobre zn\u00e1mu zelen\u00fa technol\u00f3giu.\" \/>\n<meta property=\"og:url\" content=\"https:\/\/arak.spicehorse.eu\/termek\/kentucky-bamboo-elastic-vegan-baranyszoros-invedo\/\" \/>\n<meta property=\"og:site_name\" content=\"Spicehorse\" \/>\n<meta property=\"article:publisher\" content=\"https:\/\/www.facebook.com\/SPICEHORSE-550385625402457\/\" \/>\n<meta property=\"article:modified_time\" content=\"2024-11-22T16:06:06+00:00\" \/>\n<meta property=\"og:image\" content=\"https:\/\/arak.spicehorse.eu\/wp-content\/uploads\/2022\/09\/f0edfb32ab646f00d8af764857ac27d2b5f459033d4488a3b7f579ade8ee8802.jpg\" \/>\n\t<meta property=\"og:image:width\" content=\"1365\" \/>\n\t<meta property=\"og:image:height\" content=\"2048\" \/>\n\t<meta property=\"og:image:type\" content=\"image\/jpeg\" \/>\n<meta name=\"twitter:card\" content=\"summary_large_image\" \/>\n<meta name=\"twitter:label1\" content=\"Predpokladan\u00fd \u010das \u010d\u00edtania\" \/>\n\t<meta name=\"twitter:data1\" content=\"2 min\u00faty\" \/>\n<script type=\"application\/ld+json\" class=\"yoast-schema-graph\">{\"@context\":\"https:\/\/schema.org\",\"@graph\":[{\"@type\":\"WebPage\",\"@id\":\"https:\/\/arak.spicehorse.eu\/termek\/kentucky-bamboo-elastic-vegan-baranyszoros-invedo\/\",\"url\":\"https:\/\/arak.spicehorse.eu\/termek\/kentucky-bamboo-elastic-vegan-baranyszoros-invedo\/\",\"name\":\"Kentucky Bamboo Elastic Vegan gama\u0161e s ko\u017eu\u0161inou - Spicehorse\",\"isPartOf\":{\"@id\":\"https:\/\/arak.spicehorse.eu\/en\/#website\"},\"datePublished\":\"2022-09-14T11:31:40+00:00\",\"dateModified\":\"2024-11-22T16:06:06+00:00\",\"description\":\"spicehorse.eu | V\u00a0znamen\u00ed udr\u017eate\u013enosti vyvinula spolo\u010dnos\u0165 Kentucky Horsewear nov\u00fa, ka\u017ed\u00e9mu dobre zn\u00e1mu zelen\u00fa technol\u00f3giu.V\u00a0znamen\u00ed udr\u017eate\u013enosti vyvinula spolo\u010dnos\u0165 Kentucky Horsewear nov\u00fa, ka\u017ed\u00e9mu dobre zn\u00e1mu zelen\u00fa technol\u00f3giu.\",\"breadcrumb\":{\"@id\":\"https:\/\/arak.spicehorse.eu\/termek\/kentucky-bamboo-elastic-vegan-baranyszoros-invedo\/#breadcrumb\"},\"inLanguage\":\"sk-SK\",\"potentialAction\":[{\"@type\":\"ReadAction\",\"target\":[\"https:\/\/arak.spicehorse.eu\/termek\/kentucky-bamboo-elastic-vegan-baranyszoros-invedo\/\"]}]},{\"@type\":\"BreadcrumbList\",\"@id\":\"https:\/\/arak.spicehorse.eu\/termek\/kentucky-bamboo-elastic-vegan-baranyszoros-invedo\/#breadcrumb\",\"itemListElement\":[{\"@type\":\"ListItem\",\"position\":1,\"name\":\"Home\",\"item\":\"https:\/\/arak.spicehorse.eu\/sk\/\"},{\"@type\":\"ListItem\",\"position\":2,\"name\":\"Predaj\u0148a\",\"item\":\"https:\/\/arak.spicehorse.eu\/sk\/predajna\/\"},{\"@type\":\"ListItem\",\"position\":3,\"name\":\"Kentucky Bamboo Elastic Vegan gama\u0161e s ko\u017eu\u0161inou\"}]},{\"@type\":\"WebSite\",\"@id\":\"https:\/\/arak.spicehorse.eu\/en\/#website\",\"url\":\"https:\/\/arak.spicehorse.eu\/en\/\",\"name\":\"Spicehorse\",\"description\":\"UNDER DEVELOPMENT -\",\"potentialAction\":[{\"@type\":\"SearchAction\",\"target\":{\"@type\":\"EntryPoint\",\"urlTemplate\":\"https:\/\/arak.spicehorse.eu\/en\/?s={search_term_string}\"},\"query-input\":\"required name=search_term_string\"}],\"inLanguage\":\"sk-SK\"}]}<\/script>\n<!-- \/ Yoast SEO plugin. -->","yoast_head_json":{"title":"Kentucky Bamboo Elastic Vegan gama\u0161e s ko\u017eu\u0161inou - Spicehorse","description":"spicehorse.eu | V\u00a0znamen\u00ed udr\u017eate\u013enosti vyvinula spolo\u010dnos\u0165 Kentucky Horsewear nov\u00fa, ka\u017ed\u00e9mu dobre zn\u00e1mu zelen\u00fa technol\u00f3giu.V\u00a0znamen\u00ed udr\u017eate\u013enosti vyvinula spolo\u010dnos\u0165 Kentucky Horsewear nov\u00fa, ka\u017ed\u00e9mu dobre zn\u00e1mu zelen\u00fa technol\u00f3giu.","robots":{"index":"index","follow":"follow","max-snippet":"max-snippet:-1","max-image-preview":"max-image-preview:large","max-video-preview":"max-video-preview:-1"},"canonical":"https:\/\/arak.spicehorse.eu\/termek\/kentucky-bamboo-elastic-vegan-baranyszoros-invedo\/","og_locale":"sk_SK","og_type":"article","og_title":"Kentucky Bamboo Elastic Vegan gama\u0161e s ko\u017eu\u0161inou - Spicehorse","og_description":"spicehorse.eu | V\u00a0znamen\u00ed udr\u017eate\u013enosti vyvinula spolo\u010dnos\u0165 Kentucky Horsewear nov\u00fa, ka\u017ed\u00e9mu dobre zn\u00e1mu zelen\u00fa technol\u00f3giu.V\u00a0znamen\u00ed udr\u017eate\u013enosti vyvinula spolo\u010dnos\u0165 Kentucky Horsewear nov\u00fa, ka\u017ed\u00e9mu dobre zn\u00e1mu zelen\u00fa technol\u00f3giu.","og_url":"https:\/\/arak.spicehorse.eu\/termek\/kentucky-bamboo-elastic-vegan-baranyszoros-invedo\/","og_site_name":"Spicehorse","article_publisher":"https:\/\/www.facebook.com\/SPICEHORSE-550385625402457\/","article_modified_time":"2024-11-22T16:06:06+00:00","og_image":[{"width":1365,"height":2048,"url":"https:\/\/arak.spicehorse.eu\/wp-content\/uploads\/2022\/09\/f0edfb32ab646f00d8af764857ac27d2b5f459033d4488a3b7f579ade8ee8802.jpg","type":"image\/jpeg"}],"twitter_card":"summary_large_image","twitter_misc":{"Predpokladan\u00fd \u010das \u010d\u00edtania":"2 min\u00faty"},"schema":{"@context":"https:\/\/schema.org","@graph":[{"@type":"WebPage","@id":"https:\/\/arak.spicehorse.eu\/termek\/kentucky-bamboo-elastic-vegan-baranyszoros-invedo\/","url":"https:\/\/arak.spicehorse.eu\/termek\/kentucky-bamboo-elastic-vegan-baranyszoros-invedo\/","name":"Kentucky Bamboo Elastic Vegan gama\u0161e s ko\u017eu\u0161inou - Spicehorse","isPartOf":{"@id":"https:\/\/arak.spicehorse.eu\/en\/#website"},"datePublished":"2022-09-14T11:31:40+00:00","dateModified":"2024-11-22T16:06:06+00:00","description":"spicehorse.eu | V\u00a0znamen\u00ed udr\u017eate\u013enosti vyvinula spolo\u010dnos\u0165 Kentucky Horsewear nov\u00fa, ka\u017ed\u00e9mu dobre zn\u00e1mu zelen\u00fa technol\u00f3giu.V\u00a0znamen\u00ed udr\u017eate\u013enosti vyvinula spolo\u010dnos\u0165 Kentucky Horsewear nov\u00fa, ka\u017ed\u00e9mu dobre zn\u00e1mu zelen\u00fa technol\u00f3giu.","breadcrumb":{"@id":"https:\/\/arak.spicehorse.eu\/termek\/kentucky-bamboo-elastic-vegan-baranyszoros-invedo\/#breadcrumb"},"inLanguage":"sk-SK","potentialAction":[{"@type":"ReadAction","target":["https:\/\/arak.spicehorse.eu\/termek\/kentucky-bamboo-elastic-vegan-baranyszoros-invedo\/"]}]},{"@type":"BreadcrumbList","@id":"https:\/\/arak.spicehorse.eu\/termek\/kentucky-bamboo-elastic-vegan-baranyszoros-invedo\/#breadcrumb","itemListElement":[{"@type":"ListItem","position":1,"name":"Home","item":"https:\/\/arak.spicehorse.eu\/sk\/"},{"@type":"ListItem","position":2,"name":"Predaj\u0148a","item":"https:\/\/arak.spicehorse.eu\/sk\/predajna\/"},{"@type":"ListItem","position":3,"name":"Kentucky Bamboo Elastic Vegan gama\u0161e s ko\u017eu\u0161inou"}]},{"@type":"WebSite","@id":"https:\/\/arak.spicehorse.eu\/en\/#website","url":"https:\/\/arak.spicehorse.eu\/en\/","name":"Spicehorse","description":"UNDER DEVELOPMENT -","potentialAction":[{"@type":"SearchAction","target":{"@type":"EntryPoint","urlTemplate":"https:\/\/arak.spicehorse.eu\/en\/?s={search_term_string}"},"query-input":"required name=search_term_string"}],"inLanguage":"sk-SK"}]}},"_links":{"self":[{"href":"https:\/\/arak.spicehorse.eu\/sk\/wp-json\/wp\/v2\/product\/70392"}],"collection":[{"href":"https:\/\/arak.spicehorse.eu\/sk\/wp-json\/wp\/v2\/product"}],"about":[{"href":"https:\/\/arak.spicehorse.eu\/sk\/wp-json\/wp\/v2\/types\/product"}],"wp:featuredmedia":[{"embeddable":true,"href":"https:\/\/arak.spicehorse.eu\/sk\/wp-json\/wp\/v2\/media\/70405"}],"wp:attachment":[{"href":"https:\/\/arak.spicehorse.eu\/sk\/wp-json\/wp\/v2\/media?parent=70392"}],"wp:term":[{"taxonomy":"product_cat","embeddable":true,"href":"https:\/\/arak.spicehorse.eu\/sk\/wp-json\/wp\/v2\/product_cat?post=70392"},{"taxonomy":"product_tag","embeddable":true,"href":"https:\/\/arak.spicehorse.eu\/sk\/wp-json\/wp\/v2\/product_tag?post=70392"}],"curies":[{"name":"wp","href":"https:\/\/api.w.org\/{rel}","templated":true}]}}