{"id":7170,"date":"2019-11-12T12:59:10","date_gmt":"2019-11-12T11:59:10","guid":{"rendered":"https:\/\/arak.spicehorse.eu\/product\/kentucky-boots-bag\/"},"modified":"2023-11-23T11:41:06","modified_gmt":"2023-11-23T10:41:06","slug":"kentucky-taska-na-cizmy","status":"publish","type":"product","link":"https:\/\/arak.spicehorse.eu\/sk\/produkt\/kentucky-taska-na-cizmy\/","title":{"rendered":"Kentucky ta\u0161ka na \u010di\u017emy"},"content":{"rendered":"<p><span lang=\"SK\">Kentucky Horsewear ta\u0161ka na \u010di\u017emy chr\u00e1ni \u010di\u017emy po\u010das prepravy, s\u00fa\u0165a\u017e\u00ed ako aj doma. Vn\u00fatro je zo syntetickej zaja\u010diny, \u010do zabra\u0148uje tomu, aby sa ko\u017een\u00e9 \u010di\u017emy po\u0161kriabali. Visa\u010dku s\u00a0Kentucky logom mo\u017eno obr\u00e1ti\u0165 a\u00a0grav\u00edrova\u0165. Dlh\u00e9 nastavite\u013en\u00e9 nylonov\u00e9 u\u0161i pre \u013eahk\u00fd transport, resp. na vrchu ta\u0161ky sa nach\u00e1dza aj mal\u00e9 logo. <\/span><\/p>\n<p><span lang=\"SK\">Kentucky ta\u0161ka na \u010di\u017emy je vyroben\u00e1 rovnak\u00fdm \u0161tepovan\u00edm v\u00a0tvare diamantu ako ta\u0161ka na uzdu a\u00a0doplnky do stajne (staj\u0148ov\u00fd z\u00e1ves, parav\u00e1n, \u010dabraky), resp. ve\u013emi popul\u00e1rne Kentucky Horsewear deky! Jedn\u00fdm slovom, t\u00e1to prekr\u00e1sna ta\u0161ka na \u010di\u017emy m\u00f4\u017ee by\u0165 korunou v\u00e1\u0161ho Kentucky show setu!<\/span><\/p>\n<p><span lang=\"SK\">Kentucky Horsewear ta\u0161ku na \u010di\u017emy mo\u017eno pra\u0165 v\u00a0pr\u00e1\u010dke na 30\u00b0 (nevkladajte do su\u0161i\u010dky).<\/span><\/p>\n","protected":false},"excerpt":{"rendered":"<h3><strong>Kentucky Horsewear ta\u0161ka na \u010di\u017emy chr\u00e1ni \u010di\u017emy po\u010das prepravy, s\u00fa\u0165a\u017e\u00ed ako aj doma. <\/strong><\/h3>\n<ul>\n<li>Ochrana pre \u010di\u017emy<\/li>\n<li>Vn\u00fatro zo syntetickej zaja\u010diny<\/li>\n<li>Visa\u010dka, ktor\u00fa mo\u017eno grav\u00edrova\u0165<\/li>\n<li>\u0160tepovanie v\u00a0tvare diamantu, rovnako ako deky a\u00a0doplnky do stajne<\/li>\n<\/ul>\n","protected":false},"featured_media":7145,"template":"","meta":{"_acf_changed":false},"product_cat":[76,311,75,120],"product_tag":[184],"acf":[],"yoast_head":"<!-- This site is optimized with the Yoast SEO plugin v21.4 - https:\/\/yoast.com\/wordpress\/plugins\/seo\/ -->\n<title>Kentucky ta\u0161ka na \u010di\u017emy - Spicehorse<\/title>\n<meta name=\"description\" content=\"spicehorse.eu | Kentucky Horsewear ta\u0161ka na \u010di\u017emy chr\u00e1ni \u010di\u017emy po\u010das prepravy, s\u00fa\u0165a\u017e\u00ed ako aj doma.\" \/>\n<meta name=\"robots\" content=\"index, follow, max-snippet:-1, max-image-preview:large, max-video-preview:-1\" \/>\n<link rel=\"canonical\" href=\"https:\/\/arak.spicehorse.eu\/sk\/produkt\/kentucky-taska-na-cizmy\/\" \/>\n<meta property=\"og:locale\" content=\"sk_SK\" \/>\n<meta property=\"og:type\" content=\"article\" \/>\n<meta property=\"og:title\" content=\"Kentucky ta\u0161ka na \u010di\u017emy - Spicehorse\" \/>\n<meta property=\"og:description\" content=\"spicehorse.eu | Kentucky Horsewear ta\u0161ka na \u010di\u017emy chr\u00e1ni \u010di\u017emy po\u010das prepravy, s\u00fa\u0165a\u017e\u00ed ako aj doma.\" \/>\n<meta property=\"og:url\" content=\"https:\/\/arak.spicehorse.eu\/sk\/produkt\/kentucky-taska-na-cizmy\/\" \/>\n<meta property=\"og:site_name\" content=\"Spicehorse\" \/>\n<meta property=\"article:publisher\" content=\"https:\/\/www.facebook.com\/SPICEHORSE-550385625402457\/\" \/>\n<meta property=\"article:modified_time\" content=\"2023-11-23T10:41:06+00:00\" \/>\n<meta property=\"og:image\" content=\"https:\/\/arak.spicehorse.eu\/wp-content\/uploads\/2019\/11\/82110-03.jpg\" \/>\n\t<meta property=\"og:image:width\" content=\"2000\" \/>\n\t<meta property=\"og:image:height\" content=\"2000\" \/>\n\t<meta property=\"og:image:type\" content=\"image\/jpeg\" \/>\n<meta name=\"twitter:card\" content=\"summary_large_image\" \/>\n<meta name=\"twitter:label1\" content=\"Predpokladan\u00fd \u010das \u010d\u00edtania\" \/>\n\t<meta name=\"twitter:data1\" content=\"1 min\u00fata\" \/>\n<script type=\"application\/ld+json\" class=\"yoast-schema-graph\">{\"@context\":\"https:\/\/schema.org\",\"@graph\":[{\"@type\":\"WebPage\",\"@id\":\"https:\/\/arak.spicehorse.eu\/sk\/produkt\/kentucky-taska-na-cizmy\/\",\"url\":\"https:\/\/arak.spicehorse.eu\/sk\/produkt\/kentucky-taska-na-cizmy\/\",\"name\":\"Kentucky ta\u0161ka na \u010di\u017emy - Spicehorse\",\"isPartOf\":{\"@id\":\"https:\/\/arak.spicehorse.eu\/en\/#website\"},\"datePublished\":\"2019-11-12T11:59:10+00:00\",\"dateModified\":\"2023-11-23T10:41:06+00:00\",\"description\":\"spicehorse.eu | Kentucky Horsewear ta\u0161ka na \u010di\u017emy chr\u00e1ni \u010di\u017emy po\u010das prepravy, s\u00fa\u0165a\u017e\u00ed ako aj doma.\",\"breadcrumb\":{\"@id\":\"https:\/\/arak.spicehorse.eu\/sk\/produkt\/kentucky-taska-na-cizmy\/#breadcrumb\"},\"inLanguage\":\"sk-SK\",\"potentialAction\":[{\"@type\":\"ReadAction\",\"target\":[\"https:\/\/arak.spicehorse.eu\/sk\/produkt\/kentucky-taska-na-cizmy\/\"]}]},{\"@type\":\"BreadcrumbList\",\"@id\":\"https:\/\/arak.spicehorse.eu\/sk\/produkt\/kentucky-taska-na-cizmy\/#breadcrumb\",\"itemListElement\":[{\"@type\":\"ListItem\",\"position\":1,\"name\":\"Home\",\"item\":\"https:\/\/arak.spicehorse.eu\/sk\/\"},{\"@type\":\"ListItem\",\"position\":2,\"name\":\"Predaj\u0148a\",\"item\":\"https:\/\/arak.spicehorse.eu\/sk\/predajna\/\"},{\"@type\":\"ListItem\",\"position\":3,\"name\":\"Kentucky ta\u0161ka na \u010di\u017emy\"}]},{\"@type\":\"WebSite\",\"@id\":\"https:\/\/arak.spicehorse.eu\/en\/#website\",\"url\":\"https:\/\/arak.spicehorse.eu\/en\/\",\"name\":\"Spicehorse\",\"description\":\"UNDER DEVELOPMENT -\",\"potentialAction\":[{\"@type\":\"SearchAction\",\"target\":{\"@type\":\"EntryPoint\",\"urlTemplate\":\"https:\/\/arak.spicehorse.eu\/en\/?s={search_term_string}\"},\"query-input\":\"required name=search_term_string\"}],\"inLanguage\":\"sk-SK\"}]}<\/script>\n<!-- \/ Yoast SEO plugin. -->","yoast_head_json":{"title":"Kentucky ta\u0161ka na \u010di\u017emy - Spicehorse","description":"spicehorse.eu | Kentucky Horsewear ta\u0161ka na \u010di\u017emy chr\u00e1ni \u010di\u017emy po\u010das prepravy, s\u00fa\u0165a\u017e\u00ed ako aj doma.","robots":{"index":"index","follow":"follow","max-snippet":"max-snippet:-1","max-image-preview":"max-image-preview:large","max-video-preview":"max-video-preview:-1"},"canonical":"https:\/\/arak.spicehorse.eu\/sk\/produkt\/kentucky-taska-na-cizmy\/","og_locale":"sk_SK","og_type":"article","og_title":"Kentucky ta\u0161ka na \u010di\u017emy - Spicehorse","og_description":"spicehorse.eu | Kentucky Horsewear ta\u0161ka na \u010di\u017emy chr\u00e1ni \u010di\u017emy po\u010das prepravy, s\u00fa\u0165a\u017e\u00ed ako aj doma.","og_url":"https:\/\/arak.spicehorse.eu\/sk\/produkt\/kentucky-taska-na-cizmy\/","og_site_name":"Spicehorse","article_publisher":"https:\/\/www.facebook.com\/SPICEHORSE-550385625402457\/","article_modified_time":"2023-11-23T10:41:06+00:00","og_image":[{"width":2000,"height":2000,"url":"https:\/\/arak.spicehorse.eu\/wp-content\/uploads\/2019\/11\/82110-03.jpg","type":"image\/jpeg"}],"twitter_card":"summary_large_image","twitter_misc":{"Predpokladan\u00fd \u010das \u010d\u00edtania":"1 min\u00fata"},"schema":{"@context":"https:\/\/schema.org","@graph":[{"@type":"WebPage","@id":"https:\/\/arak.spicehorse.eu\/sk\/produkt\/kentucky-taska-na-cizmy\/","url":"https:\/\/arak.spicehorse.eu\/sk\/produkt\/kentucky-taska-na-cizmy\/","name":"Kentucky ta\u0161ka na \u010di\u017emy - Spicehorse","isPartOf":{"@id":"https:\/\/arak.spicehorse.eu\/en\/#website"},"datePublished":"2019-11-12T11:59:10+00:00","dateModified":"2023-11-23T10:41:06+00:00","description":"spicehorse.eu | Kentucky Horsewear ta\u0161ka na \u010di\u017emy chr\u00e1ni \u010di\u017emy po\u010das prepravy, s\u00fa\u0165a\u017e\u00ed ako aj doma.","breadcrumb":{"@id":"https:\/\/arak.spicehorse.eu\/sk\/produkt\/kentucky-taska-na-cizmy\/#breadcrumb"},"inLanguage":"sk-SK","potentialAction":[{"@type":"ReadAction","target":["https:\/\/arak.spicehorse.eu\/sk\/produkt\/kentucky-taska-na-cizmy\/"]}]},{"@type":"BreadcrumbList","@id":"https:\/\/arak.spicehorse.eu\/sk\/produkt\/kentucky-taska-na-cizmy\/#breadcrumb","itemListElement":[{"@type":"ListItem","position":1,"name":"Home","item":"https:\/\/arak.spicehorse.eu\/sk\/"},{"@type":"ListItem","position":2,"name":"Predaj\u0148a","item":"https:\/\/arak.spicehorse.eu\/sk\/predajna\/"},{"@type":"ListItem","position":3,"name":"Kentucky ta\u0161ka na \u010di\u017emy"}]},{"@type":"WebSite","@id":"https:\/\/arak.spicehorse.eu\/en\/#website","url":"https:\/\/arak.spicehorse.eu\/en\/","name":"Spicehorse","description":"UNDER DEVELOPMENT -","potentialAction":[{"@type":"SearchAction","target":{"@type":"EntryPoint","urlTemplate":"https:\/\/arak.spicehorse.eu\/en\/?s={search_term_string}"},"query-input":"required name=search_term_string"}],"inLanguage":"sk-SK"}]}},"_links":{"self":[{"href":"https:\/\/arak.spicehorse.eu\/sk\/wp-json\/wp\/v2\/product\/7170"}],"collection":[{"href":"https:\/\/arak.spicehorse.eu\/sk\/wp-json\/wp\/v2\/product"}],"about":[{"href":"https:\/\/arak.spicehorse.eu\/sk\/wp-json\/wp\/v2\/types\/product"}],"wp:featuredmedia":[{"embeddable":true,"href":"https:\/\/arak.spicehorse.eu\/sk\/wp-json\/wp\/v2\/media\/7145"}],"wp:attachment":[{"href":"https:\/\/arak.spicehorse.eu\/sk\/wp-json\/wp\/v2\/media?parent=7170"}],"wp:term":[{"taxonomy":"product_cat","embeddable":true,"href":"https:\/\/arak.spicehorse.eu\/sk\/wp-json\/wp\/v2\/product_cat?post=7170"},{"taxonomy":"product_tag","embeddable":true,"href":"https:\/\/arak.spicehorse.eu\/sk\/wp-json\/wp\/v2\/product_tag?post=7170"}],"curies":[{"name":"wp","href":"https:\/\/api.w.org\/{rel}","templated":true}]}}