{"id":7174,"date":"2019-11-11T20:11:40","date_gmt":"2019-11-11T19:11:40","guid":{"rendered":"https:\/\/arak.spicehorse.eu\/product\/kentucky-dog-pooh-bag\/"},"modified":"2026-03-11T17:23:24","modified_gmt":"2026-03-11T16:23:24","slug":"kentucky-zberac-psich-vykalov","status":"publish","type":"product","link":"https:\/\/arak.spicehorse.eu\/sk\/produkt\/kentucky-zberac-psich-vykalov\/","title":{"rendered":"Kentucky zbera\u010d ps\u00edch v\u00fdkalov"},"content":{"rendered":"<p><span lang=\"SK\">Videli ste u\u017e skuto\u010dne jedine\u010dn\u00fd zbera\u010d ps\u00edch v\u00fdkalov? Obozn\u00e1mte sa s\u00a0nov\u00fdm \u010dlenom kolekcie Kentucky pre psy. Je vyroben\u00fd zo 100% polyesterovej \u013eanovej tkaniny, je odoln\u00fd, \u013eahko sa \u010dist\u00ed. Vo va\u010dku na such\u00fd zips sa nach\u00e1dza biologicky odb\u00farate\u013en\u00fd s\u00e1\u010dok na v\u00fdkaly, samozrejme m\u00f4\u017ee sa opakova\u0165 dop\u013a\u0148a\u0165. V\u010faka mal\u00e9mu h\u00e1\u010diku sa m\u00f4\u017ee kamko\u013evek upevni\u0165 (v\u00f4dzka, opasok a\u00a0pod.).<\/span><\/p>\n<p><span lang=\"SK\">Mo\u017eno pra\u0165 v\u00a0pr\u00e1\u010dke na 30\u00b0 (nevkladajte do su\u0161i\u010dky).<\/span><\/p>\n","protected":false},"excerpt":{"rendered":"<h3><strong>Videli ste u\u017e skuto\u010dne jedine\u010dn\u00fd zbera\u010d ps\u00edch v\u00fdkalov? Obozn\u00e1mte sa s nov\u00fdm \u010dlenom kolekcie Kentucky pre psy.<\/strong><\/h3>\n<p><strong>Ve\u013ekos\u0165: jedna ve\u013ekos\u0165<\/strong><br \/>\n<strong>Farba: siv\u00e1<\/strong><\/p>\n<ul>\n<li>odoln\u00fd<\/li>\n<li>modern\u00fd<\/li>\n<li>praktick\u00fd<\/li>\n<li>obsahuje biologicky odb\u00farate\u013en\u00fd s\u00e1\u010dok<\/li>\n<li>100% polyesterovej \u013eanovej tkaniny<\/li>\n<\/ul>\n","protected":false},"featured_media":7109,"template":"","meta":{"_acf_changed":false},"product_cat":[74,301],"product_tag":[184],"acf":[],"yoast_head":"<!-- This site is optimized with the Yoast SEO plugin v21.4 - https:\/\/yoast.com\/wordpress\/plugins\/seo\/ -->\n<title>Kentucky zbera\u010d ps\u00edch v\u00fdkalov - Spicehorse<\/title>\n<meta name=\"description\" content=\"spicehorse.eu | Videli ste u\u017e skuto\u010dne jedine\u010dn\u00fd zbera\u010d ps\u00edch v\u00fdkalov? Obozn\u00e1mte sa s nov\u00fdm \u010dlenom kolekcie Kentucky pre psy.\" \/>\n<meta name=\"robots\" content=\"index, follow, max-snippet:-1, max-image-preview:large, max-video-preview:-1\" \/>\n<link rel=\"canonical\" href=\"https:\/\/arak.spicehorse.eu\/sk\/produkt\/kentucky-zberac-psich-vykalov\/\" \/>\n<meta property=\"og:locale\" content=\"sk_SK\" \/>\n<meta property=\"og:type\" content=\"article\" \/>\n<meta property=\"og:title\" content=\"Kentucky zbera\u010d ps\u00edch v\u00fdkalov - Spicehorse\" \/>\n<meta property=\"og:description\" content=\"spicehorse.eu | Videli ste u\u017e skuto\u010dne jedine\u010dn\u00fd zbera\u010d ps\u00edch v\u00fdkalov? Obozn\u00e1mte sa s nov\u00fdm \u010dlenom kolekcie Kentucky pre psy.\" \/>\n<meta property=\"og:url\" content=\"https:\/\/arak.spicehorse.eu\/sk\/produkt\/kentucky-zberac-psich-vykalov\/\" \/>\n<meta property=\"og:site_name\" content=\"Spicehorse\" \/>\n<meta property=\"article:publisher\" content=\"https:\/\/www.facebook.com\/SPICEHORSE-550385625402457\/\" \/>\n<meta property=\"article:modified_time\" content=\"2026-03-11T16:23:24+00:00\" \/>\n<meta property=\"og:image\" content=\"https:\/\/arak.spicehorse.eu\/wp-content\/uploads\/2019\/11\/52403-2-2-1.jpg\" \/>\n\t<meta property=\"og:image:width\" content=\"3000\" \/>\n\t<meta property=\"og:image:height\" content=\"3000\" \/>\n\t<meta property=\"og:image:type\" content=\"image\/jpeg\" \/>\n<meta name=\"twitter:card\" content=\"summary_large_image\" \/>\n<script type=\"application\/ld+json\" class=\"yoast-schema-graph\">{\"@context\":\"https:\/\/schema.org\",\"@graph\":[{\"@type\":\"WebPage\",\"@id\":\"https:\/\/arak.spicehorse.eu\/sk\/produkt\/kentucky-zberac-psich-vykalov\/\",\"url\":\"https:\/\/arak.spicehorse.eu\/sk\/produkt\/kentucky-zberac-psich-vykalov\/\",\"name\":\"Kentucky zbera\u010d ps\u00edch v\u00fdkalov - Spicehorse\",\"isPartOf\":{\"@id\":\"https:\/\/arak.spicehorse.eu\/en\/#website\"},\"datePublished\":\"2019-11-11T19:11:40+00:00\",\"dateModified\":\"2026-03-11T16:23:24+00:00\",\"description\":\"spicehorse.eu | Videli ste u\u017e skuto\u010dne jedine\u010dn\u00fd zbera\u010d ps\u00edch v\u00fdkalov? Obozn\u00e1mte sa s nov\u00fdm \u010dlenom kolekcie Kentucky pre psy.\",\"breadcrumb\":{\"@id\":\"https:\/\/arak.spicehorse.eu\/sk\/produkt\/kentucky-zberac-psich-vykalov\/#breadcrumb\"},\"inLanguage\":\"sk-SK\",\"potentialAction\":[{\"@type\":\"ReadAction\",\"target\":[\"https:\/\/arak.spicehorse.eu\/sk\/produkt\/kentucky-zberac-psich-vykalov\/\"]}]},{\"@type\":\"BreadcrumbList\",\"@id\":\"https:\/\/arak.spicehorse.eu\/sk\/produkt\/kentucky-zberac-psich-vykalov\/#breadcrumb\",\"itemListElement\":[{\"@type\":\"ListItem\",\"position\":1,\"name\":\"Home\",\"item\":\"https:\/\/arak.spicehorse.eu\/sk\/\"},{\"@type\":\"ListItem\",\"position\":2,\"name\":\"Predaj\u0148a\",\"item\":\"https:\/\/arak.spicehorse.eu\/sk\/predajna\/\"},{\"@type\":\"ListItem\",\"position\":3,\"name\":\"Kentucky zbera\u010d ps\u00edch v\u00fdkalov\"}]},{\"@type\":\"WebSite\",\"@id\":\"https:\/\/arak.spicehorse.eu\/en\/#website\",\"url\":\"https:\/\/arak.spicehorse.eu\/en\/\",\"name\":\"Spicehorse\",\"description\":\"UNDER DEVELOPMENT -\",\"potentialAction\":[{\"@type\":\"SearchAction\",\"target\":{\"@type\":\"EntryPoint\",\"urlTemplate\":\"https:\/\/arak.spicehorse.eu\/en\/?s={search_term_string}\"},\"query-input\":\"required name=search_term_string\"}],\"inLanguage\":\"sk-SK\"}]}<\/script>\n<!-- \/ Yoast SEO plugin. -->","yoast_head_json":{"title":"Kentucky zbera\u010d ps\u00edch v\u00fdkalov - Spicehorse","description":"spicehorse.eu | Videli ste u\u017e skuto\u010dne jedine\u010dn\u00fd zbera\u010d ps\u00edch v\u00fdkalov? Obozn\u00e1mte sa s nov\u00fdm \u010dlenom kolekcie Kentucky pre psy.","robots":{"index":"index","follow":"follow","max-snippet":"max-snippet:-1","max-image-preview":"max-image-preview:large","max-video-preview":"max-video-preview:-1"},"canonical":"https:\/\/arak.spicehorse.eu\/sk\/produkt\/kentucky-zberac-psich-vykalov\/","og_locale":"sk_SK","og_type":"article","og_title":"Kentucky zbera\u010d ps\u00edch v\u00fdkalov - Spicehorse","og_description":"spicehorse.eu | Videli ste u\u017e skuto\u010dne jedine\u010dn\u00fd zbera\u010d ps\u00edch v\u00fdkalov? Obozn\u00e1mte sa s nov\u00fdm \u010dlenom kolekcie Kentucky pre psy.","og_url":"https:\/\/arak.spicehorse.eu\/sk\/produkt\/kentucky-zberac-psich-vykalov\/","og_site_name":"Spicehorse","article_publisher":"https:\/\/www.facebook.com\/SPICEHORSE-550385625402457\/","article_modified_time":"2026-03-11T16:23:24+00:00","og_image":[{"width":3000,"height":3000,"url":"https:\/\/arak.spicehorse.eu\/wp-content\/uploads\/2019\/11\/52403-2-2-1.jpg","type":"image\/jpeg"}],"twitter_card":"summary_large_image","schema":{"@context":"https:\/\/schema.org","@graph":[{"@type":"WebPage","@id":"https:\/\/arak.spicehorse.eu\/sk\/produkt\/kentucky-zberac-psich-vykalov\/","url":"https:\/\/arak.spicehorse.eu\/sk\/produkt\/kentucky-zberac-psich-vykalov\/","name":"Kentucky zbera\u010d ps\u00edch v\u00fdkalov - Spicehorse","isPartOf":{"@id":"https:\/\/arak.spicehorse.eu\/en\/#website"},"datePublished":"2019-11-11T19:11:40+00:00","dateModified":"2026-03-11T16:23:24+00:00","description":"spicehorse.eu | Videli ste u\u017e skuto\u010dne jedine\u010dn\u00fd zbera\u010d ps\u00edch v\u00fdkalov? Obozn\u00e1mte sa s nov\u00fdm \u010dlenom kolekcie Kentucky pre psy.","breadcrumb":{"@id":"https:\/\/arak.spicehorse.eu\/sk\/produkt\/kentucky-zberac-psich-vykalov\/#breadcrumb"},"inLanguage":"sk-SK","potentialAction":[{"@type":"ReadAction","target":["https:\/\/arak.spicehorse.eu\/sk\/produkt\/kentucky-zberac-psich-vykalov\/"]}]},{"@type":"BreadcrumbList","@id":"https:\/\/arak.spicehorse.eu\/sk\/produkt\/kentucky-zberac-psich-vykalov\/#breadcrumb","itemListElement":[{"@type":"ListItem","position":1,"name":"Home","item":"https:\/\/arak.spicehorse.eu\/sk\/"},{"@type":"ListItem","position":2,"name":"Predaj\u0148a","item":"https:\/\/arak.spicehorse.eu\/sk\/predajna\/"},{"@type":"ListItem","position":3,"name":"Kentucky zbera\u010d ps\u00edch v\u00fdkalov"}]},{"@type":"WebSite","@id":"https:\/\/arak.spicehorse.eu\/en\/#website","url":"https:\/\/arak.spicehorse.eu\/en\/","name":"Spicehorse","description":"UNDER DEVELOPMENT -","potentialAction":[{"@type":"SearchAction","target":{"@type":"EntryPoint","urlTemplate":"https:\/\/arak.spicehorse.eu\/en\/?s={search_term_string}"},"query-input":"required name=search_term_string"}],"inLanguage":"sk-SK"}]}},"_links":{"self":[{"href":"https:\/\/arak.spicehorse.eu\/sk\/wp-json\/wp\/v2\/product\/7174"}],"collection":[{"href":"https:\/\/arak.spicehorse.eu\/sk\/wp-json\/wp\/v2\/product"}],"about":[{"href":"https:\/\/arak.spicehorse.eu\/sk\/wp-json\/wp\/v2\/types\/product"}],"wp:featuredmedia":[{"embeddable":true,"href":"https:\/\/arak.spicehorse.eu\/sk\/wp-json\/wp\/v2\/media\/7109"}],"wp:attachment":[{"href":"https:\/\/arak.spicehorse.eu\/sk\/wp-json\/wp\/v2\/media?parent=7174"}],"wp:term":[{"taxonomy":"product_cat","embeddable":true,"href":"https:\/\/arak.spicehorse.eu\/sk\/wp-json\/wp\/v2\/product_cat?post=7174"},{"taxonomy":"product_tag","embeddable":true,"href":"https:\/\/arak.spicehorse.eu\/sk\/wp-json\/wp\/v2\/product_tag?post=7174"}],"curies":[{"name":"wp","href":"https:\/\/api.w.org\/{rel}","templated":true}]}}