{"id":71740,"date":"2022-09-18T10:33:32","date_gmt":"2022-09-18T08:33:51","guid":{"rendered":"https:\/\/arak.spicehorse.eu\/?post_type=product&#038;p=71740"},"modified":"2024-01-13T00:01:02","modified_gmt":"2024-01-12T23:01:02","slug":"kentucky-show-deka-160g-tiny","status":"publish","type":"product","link":"https:\/\/arak.spicehorse.eu\/sk\/produkt\/kentucky-show-deka-160g-tiny\/","title":{"rendered":"Kentucky Show deka 160g Tiny"},"content":{"rendered":"<p>Pod\u0161\u00edvka 160 gramovej show deky Kentucky Horsewear&nbsp;z umelej zaja\u010dej ko\u017eu\u0161iny je mimoriadne jemn\u00e1, zabra\u0148uje vy\u0161\u00fachaniu ko\u017ee ko\u0148a a nelep\u00ed sa na \u0148u srs\u0165 kon\u00ed. Pou\u017e\u00edvan\u00edm umelej zaja\u010dej ko\u017eu\u0161iny vznikaj\u00fa drobn\u00e9 vzduchov\u00e9 vaky, ktor\u00e9 uchovaj\u00fa a udr\u017euj\u00fa telesn\u00fa teplotu kon\u00ed.&nbsp;V\u010faka drobn\u00fdm ch\u013apkom umelej zaja\u010dej ko\u017eu\u0161iny sa srs\u0165 ko\u0148a st\u00e1va lesklej\u0161ou. V z\u00e1ujme maxim\u00e1lneho pohodlia je show deka Kentucky Horsewear ve\u013emi tepl\u00e1, a napriek tomu ve\u013emi \u013eahk\u00e1.<\/p>\n<p>Umel\u00fd baran\u010dek&nbsp;chr\u00e1ni cel\u00fa oblas\u0165 krku a hrudn\u00edka, \u010do zabezpe\u010duje optim\u00e1lneho pohodlie aj modern\u00fd dizajn. Vonkaj\u0161\u00ed materi\u00e1l je v\u010faka diamantov\u00e9mu \u0161tepovaniu ove\u013ea trv\u00e1cnej\u0161\u00ed, odolnej\u0161\u00ed, pevnej\u0161\u00ed, nelep\u00ed sa na\u0148 drevn\u00e1 \u0161tiepka ani slama.<span class=\"Apple-converted-space\">&nbsp;<\/span><\/p>\n<p>V prednej \u010dasti sa prikr\u00fdvka pre kone Kentucky Horsewear zap\u00edna na dve spony, disponuje dvomi kr\u00ed\u017eov\u00fdmi popruhmi, ktor\u00e9 s\u00fa spevnen\u00e9 ko\u017eenkov\u00fdmi vlo\u017ekami.<span class=\"Apple-converted-space\">&nbsp; <\/span>Koncov\u00fd popruh nach\u00e1dzaj\u00faci sa pod chvostom je tie\u017e odn\u00edmate\u013en\u00e1, m\u00e1 plastov\u00fd kryt, t\u00fdm p\u00e1dom sa ve\u013emi \u013eahko \u010dist\u00ed. Prikr\u00fdvku mo\u017eno pra\u0165 v pr\u00e1\u010dke na 30\u00b0 (nevkladajte do su\u0161i\u010dky).<\/p>\n","protected":false},"excerpt":{"rendered":"<ul>\n<li>Anatomick\u00fd tvar pre dokonal\u00e9 prisp\u00f4sobenie sa<\/li>\n<li>Umel\u00fd baran\u010dek v oblasti krku, koh\u00fatika a hrude<\/li>\n<li>Mimoriadne jemn\u00e1 umel\u00e1 zaja\u010dia ko\u017eu\u0161ina, zabra\u0148uje vy\u0161\u00fachaniu ko\u017ee<\/li>\n<li>Pou\u017e\u00edvan\u00edm umelej zaja\u010dej ko\u017eu\u0161iny vznikaj\u00fa drobn\u00e9 vzduchov\u00e9 vaky, ktor\u00e9 uchovaj\u00fa a udr\u017eia telesn\u00fa teplotu<\/li>\n<li>V\u010faka drobn\u00fdm a jemn\u00fdm ch\u013apkom umelej zaja\u010dej ko\u017eu\u0161iny sa srs\u0165 ko\u0148a st\u00e1va lesklej\u0161ou<\/li>\n<li>V\u010faka trojvrstvov\u00e9mu diamantov\u00e9mu \u0161tepovaniu je extra pevn\u00e1 a odoln\u00e1<\/li>\n<li>Je ve\u013emi tepl\u00e1, napriek tomu je \u013eahk\u00e1 pre zabezpe\u010denie maxim\u00e1lneho pohodlia<span class=\"Apple-converted-space\">&nbsp;<\/span><\/li>\n<li>Do pod\u0161\u00edvky z umelej zaja\u010dej ko\u017eu\u0161iny sa nelepia ch\u013apky<\/li>\n<li>Na vonkaj\u0161\u00ed materi\u00e1l sa nelep\u00ed drevn\u00e1 \u0161tiepka a slama<\/li>\n<li>Dvojit\u00e9 predn\u00e9 spony<\/li>\n<li>Odn\u00edmate\u013en\u00e9 kr\u00ed\u017eov\u00e9 popruhy<\/li>\n<li>Pod chvostom pru\u017en\u00e1 \u0161n\u00fara s plastov\u00fdm krytom (mo\u017eno ho odstr\u00e1ni\u0165, jednoduch\u00e9 \u010distenie)<\/li>\n<li>Mo\u017eno pra\u0165 v pr\u00e1\u010dke na 30\u00b0 (nevkladajte do su\u0161i\u010dky)<\/li>\n<\/ul>\n","protected":false},"featured_media":71782,"template":"","meta":{"_acf_changed":false},"product_cat":[75,99],"product_tag":[135,184,422,186,2051,573],"acf":[],"yoast_head":"<!-- This site is optimized with the Yoast SEO plugin v21.4 - https:\/\/yoast.com\/wordpress\/plugins\/seo\/ -->\n<title>Kentucky Show deka 160g Tiny - Spicehorse<\/title>\n<meta name=\"description\" content=\"spicehorse.eu | Pod\u0161\u00edvka 160 gramovej show deky Kentucky Horsewear\u00a0z umelej zaja\u010dej ko\u017eu\u0161iny je mimoriadne jemn\u00e1, zabra\u0148uje vy\u0161\u00fachaniu ko\u017ee ko\u0148a a nelep\u00ed sa na \u0148u srs\u0165 kon\u00ed.\" \/>\n<meta name=\"robots\" content=\"index, follow, max-snippet:-1, max-image-preview:large, max-video-preview:-1\" \/>\n<link rel=\"canonical\" href=\"https:\/\/arak.spicehorse.eu\/sk\/produkt\/kentucky-show-deka-160g-tiny\/\" \/>\n<meta property=\"og:locale\" content=\"sk_SK\" \/>\n<meta property=\"og:type\" content=\"article\" \/>\n<meta property=\"og:title\" content=\"Kentucky Show deka 160g Tiny - Spicehorse\" \/>\n<meta property=\"og:description\" content=\"spicehorse.eu | Pod\u0161\u00edvka 160 gramovej show deky Kentucky Horsewear\u00a0z umelej zaja\u010dej ko\u017eu\u0161iny je mimoriadne jemn\u00e1, zabra\u0148uje vy\u0161\u00fachaniu ko\u017ee ko\u0148a a nelep\u00ed sa na \u0148u srs\u0165 kon\u00ed.\" \/>\n<meta property=\"og:url\" content=\"https:\/\/arak.spicehorse.eu\/sk\/produkt\/kentucky-show-deka-160g-tiny\/\" \/>\n<meta property=\"og:site_name\" content=\"Spicehorse\" \/>\n<meta property=\"article:publisher\" content=\"https:\/\/www.facebook.com\/SPICEHORSE-550385625402457\/\" \/>\n<meta property=\"article:modified_time\" content=\"2024-01-12T23:01:02+00:00\" \/>\n<meta property=\"og:image\" content=\"https:\/\/arak.spicehorse.eu\/wp-content\/uploads\/2022\/09\/9f7356ccebad2c5fb1851026c3cc880a17dc3160c9f1b9439c922015695de368.jpg\" \/>\n\t<meta property=\"og:image:width\" content=\"2048\" \/>\n\t<meta property=\"og:image:height\" content=\"1365\" \/>\n\t<meta property=\"og:image:type\" content=\"image\/jpeg\" \/>\n<meta name=\"twitter:card\" content=\"summary_large_image\" \/>\n<meta name=\"twitter:label1\" content=\"Predpokladan\u00fd \u010das \u010d\u00edtania\" \/>\n\t<meta name=\"twitter:data1\" content=\"1 min\u00fata\" \/>\n<script type=\"application\/ld+json\" class=\"yoast-schema-graph\">{\"@context\":\"https:\/\/schema.org\",\"@graph\":[{\"@type\":\"WebPage\",\"@id\":\"https:\/\/arak.spicehorse.eu\/sk\/produkt\/kentucky-show-deka-160g-tiny\/\",\"url\":\"https:\/\/arak.spicehorse.eu\/sk\/produkt\/kentucky-show-deka-160g-tiny\/\",\"name\":\"Kentucky Show deka 160g Tiny - Spicehorse\",\"isPartOf\":{\"@id\":\"https:\/\/arak.spicehorse.eu\/en\/#website\"},\"datePublished\":\"2022-09-18T08:33:51+00:00\",\"dateModified\":\"2024-01-12T23:01:02+00:00\",\"description\":\"spicehorse.eu | Pod\u0161\u00edvka 160 gramovej show deky Kentucky Horsewear\u00a0z umelej zaja\u010dej ko\u017eu\u0161iny je mimoriadne jemn\u00e1, zabra\u0148uje vy\u0161\u00fachaniu ko\u017ee ko\u0148a a nelep\u00ed sa na \u0148u srs\u0165 kon\u00ed.\",\"breadcrumb\":{\"@id\":\"https:\/\/arak.spicehorse.eu\/sk\/produkt\/kentucky-show-deka-160g-tiny\/#breadcrumb\"},\"inLanguage\":\"sk-SK\",\"potentialAction\":[{\"@type\":\"ReadAction\",\"target\":[\"https:\/\/arak.spicehorse.eu\/sk\/produkt\/kentucky-show-deka-160g-tiny\/\"]}]},{\"@type\":\"BreadcrumbList\",\"@id\":\"https:\/\/arak.spicehorse.eu\/sk\/produkt\/kentucky-show-deka-160g-tiny\/#breadcrumb\",\"itemListElement\":[{\"@type\":\"ListItem\",\"position\":1,\"name\":\"Home\",\"item\":\"https:\/\/arak.spicehorse.eu\/sk\/\"},{\"@type\":\"ListItem\",\"position\":2,\"name\":\"Predaj\u0148a\",\"item\":\"https:\/\/arak.spicehorse.eu\/sk\/predajna\/\"},{\"@type\":\"ListItem\",\"position\":3,\"name\":\"Kentucky Show deka 160g Tiny\"}]},{\"@type\":\"WebSite\",\"@id\":\"https:\/\/arak.spicehorse.eu\/en\/#website\",\"url\":\"https:\/\/arak.spicehorse.eu\/en\/\",\"name\":\"Spicehorse\",\"description\":\"UNDER DEVELOPMENT -\",\"potentialAction\":[{\"@type\":\"SearchAction\",\"target\":{\"@type\":\"EntryPoint\",\"urlTemplate\":\"https:\/\/arak.spicehorse.eu\/en\/?s={search_term_string}\"},\"query-input\":\"required name=search_term_string\"}],\"inLanguage\":\"sk-SK\"}]}<\/script>\n<!-- \/ Yoast SEO plugin. -->","yoast_head_json":{"title":"Kentucky Show deka 160g Tiny - Spicehorse","description":"spicehorse.eu | Pod\u0161\u00edvka 160 gramovej show deky Kentucky Horsewear\u00a0z umelej zaja\u010dej ko\u017eu\u0161iny je mimoriadne jemn\u00e1, zabra\u0148uje vy\u0161\u00fachaniu ko\u017ee ko\u0148a a nelep\u00ed sa na \u0148u srs\u0165 kon\u00ed.","robots":{"index":"index","follow":"follow","max-snippet":"max-snippet:-1","max-image-preview":"max-image-preview:large","max-video-preview":"max-video-preview:-1"},"canonical":"https:\/\/arak.spicehorse.eu\/sk\/produkt\/kentucky-show-deka-160g-tiny\/","og_locale":"sk_SK","og_type":"article","og_title":"Kentucky Show deka 160g Tiny - Spicehorse","og_description":"spicehorse.eu | Pod\u0161\u00edvka 160 gramovej show deky Kentucky Horsewear\u00a0z umelej zaja\u010dej ko\u017eu\u0161iny je mimoriadne jemn\u00e1, zabra\u0148uje vy\u0161\u00fachaniu ko\u017ee ko\u0148a a nelep\u00ed sa na \u0148u srs\u0165 kon\u00ed.","og_url":"https:\/\/arak.spicehorse.eu\/sk\/produkt\/kentucky-show-deka-160g-tiny\/","og_site_name":"Spicehorse","article_publisher":"https:\/\/www.facebook.com\/SPICEHORSE-550385625402457\/","article_modified_time":"2024-01-12T23:01:02+00:00","og_image":[{"width":2048,"height":1365,"url":"https:\/\/arak.spicehorse.eu\/wp-content\/uploads\/2022\/09\/9f7356ccebad2c5fb1851026c3cc880a17dc3160c9f1b9439c922015695de368.jpg","type":"image\/jpeg"}],"twitter_card":"summary_large_image","twitter_misc":{"Predpokladan\u00fd \u010das \u010d\u00edtania":"1 min\u00fata"},"schema":{"@context":"https:\/\/schema.org","@graph":[{"@type":"WebPage","@id":"https:\/\/arak.spicehorse.eu\/sk\/produkt\/kentucky-show-deka-160g-tiny\/","url":"https:\/\/arak.spicehorse.eu\/sk\/produkt\/kentucky-show-deka-160g-tiny\/","name":"Kentucky Show deka 160g Tiny - Spicehorse","isPartOf":{"@id":"https:\/\/arak.spicehorse.eu\/en\/#website"},"datePublished":"2022-09-18T08:33:51+00:00","dateModified":"2024-01-12T23:01:02+00:00","description":"spicehorse.eu | Pod\u0161\u00edvka 160 gramovej show deky Kentucky Horsewear\u00a0z umelej zaja\u010dej ko\u017eu\u0161iny je mimoriadne jemn\u00e1, zabra\u0148uje vy\u0161\u00fachaniu ko\u017ee ko\u0148a a nelep\u00ed sa na \u0148u srs\u0165 kon\u00ed.","breadcrumb":{"@id":"https:\/\/arak.spicehorse.eu\/sk\/produkt\/kentucky-show-deka-160g-tiny\/#breadcrumb"},"inLanguage":"sk-SK","potentialAction":[{"@type":"ReadAction","target":["https:\/\/arak.spicehorse.eu\/sk\/produkt\/kentucky-show-deka-160g-tiny\/"]}]},{"@type":"BreadcrumbList","@id":"https:\/\/arak.spicehorse.eu\/sk\/produkt\/kentucky-show-deka-160g-tiny\/#breadcrumb","itemListElement":[{"@type":"ListItem","position":1,"name":"Home","item":"https:\/\/arak.spicehorse.eu\/sk\/"},{"@type":"ListItem","position":2,"name":"Predaj\u0148a","item":"https:\/\/arak.spicehorse.eu\/sk\/predajna\/"},{"@type":"ListItem","position":3,"name":"Kentucky Show deka 160g Tiny"}]},{"@type":"WebSite","@id":"https:\/\/arak.spicehorse.eu\/en\/#website","url":"https:\/\/arak.spicehorse.eu\/en\/","name":"Spicehorse","description":"UNDER DEVELOPMENT -","potentialAction":[{"@type":"SearchAction","target":{"@type":"EntryPoint","urlTemplate":"https:\/\/arak.spicehorse.eu\/en\/?s={search_term_string}"},"query-input":"required name=search_term_string"}],"inLanguage":"sk-SK"}]}},"_links":{"self":[{"href":"https:\/\/arak.spicehorse.eu\/sk\/wp-json\/wp\/v2\/product\/71740"}],"collection":[{"href":"https:\/\/arak.spicehorse.eu\/sk\/wp-json\/wp\/v2\/product"}],"about":[{"href":"https:\/\/arak.spicehorse.eu\/sk\/wp-json\/wp\/v2\/types\/product"}],"wp:featuredmedia":[{"embeddable":true,"href":"https:\/\/arak.spicehorse.eu\/sk\/wp-json\/wp\/v2\/media\/71782"}],"wp:attachment":[{"href":"https:\/\/arak.spicehorse.eu\/sk\/wp-json\/wp\/v2\/media?parent=71740"}],"wp:term":[{"taxonomy":"product_cat","embeddable":true,"href":"https:\/\/arak.spicehorse.eu\/sk\/wp-json\/wp\/v2\/product_cat?post=71740"},{"taxonomy":"product_tag","embeddable":true,"href":"https:\/\/arak.spicehorse.eu\/sk\/wp-json\/wp\/v2\/product_tag?post=71740"}],"curies":[{"name":"wp","href":"https:\/\/api.w.org\/{rel}","templated":true}]}}