{"id":72043,"date":"2022-09-18T11:38:38","date_gmt":"2022-09-18T09:38:39","guid":{"rendered":"https:\/\/arak.spicehorse.eu\/?post_type=product&#038;p=72043"},"modified":"2024-01-13T00:00:34","modified_gmt":"2024-01-12T23:00:34","slug":"kentucky-all-weather-pro-vybehova-deka-300gr-tiny","status":"publish","type":"product","link":"https:\/\/arak.spicehorse.eu\/sk\/produkt\/kentucky-all-weather-pro-vybehova-deka-300gr-tiny\/","title":{"rendered":"Kentucky All Weather Pro v\u00fdbehov\u00e1 deka 300gr Tiny"},"content":{"rendered":"<p>V\u00fdbehov\u00e1 deka\u00a0Kentucky Horsewear\u00a0All Weather\u00a0s\u00a00 gramovou v\u00fdpl\u0148ou, je vyroben\u00e1 z\u00a0ve\u013emi pevn\u00e9ho a\u00a0odoln\u00e9ho materi\u00e1lu.\u00a0V\u010faka vonkaj\u0161ej pevnej polyesterovej vrstve\u00a01680 Denier extra\u00a0je mimoriadne pevn\u00e1, odoln\u00e1 a\u00a0odpudzuje ne\u010distoty.\u00a0\u00a0V\u010faka PU\u00a0vodeodolnej a\u00a0prievzdu\u0161nej vrstve\u00a0je ide\u00e1lna do ka\u017ed\u00e9ho po\u010dasia.<\/p>\n<p>Pod\u0161\u00edvka z\u00a0umelej kr\u00e1li\u010dej ko\u017eu\u0161iny (100%\u00a0cruelty-free) je mimoriadne m\u00e4kk\u00e1, zabra\u0148uje vy\u0161\u00fachaniu poko\u017eky a\u00a0nelep\u00ed sa na \u0148u srs\u0165 ko\u0148a. Pou\u017e\u00edvan\u00edm umelej zaja\u010dej ko\u017eu\u0161iny\u00a0vznikaj\u00fa drobn\u00e9 vzduchov\u00e9 vaky, ktor\u00e9 uchovaj\u00fa a udr\u017euj\u00fa telesn\u00fa teplotu kon\u00ed.\u00a0V\u010faka drobn\u00fdm ch\u013apkom umelej zaja\u010dej ko\u017eu\u0161iny sa srs\u0165 ko\u0148a st\u00e1va lesklej\u0161ou. Pre maxim\u00e1lne pohodlie je v\u00fdbehov\u00e1 deka Kentucky Horsewear ve\u013emi tepl\u00e1, a napriek tomu ve\u013emi \u013eahk\u00e1.<\/p>\n<p>\u0160itia a\u00a0\u0161vy v\u00a0oblasti hrude, ramien a\u00a0krku s\u00fa tie\u017e vystlan\u00e9 umelou zaja\u010dou ko\u017eu\u0161inou pre maxim\u00e1lne pohodlie a\u00a0pre zabr\u00e1nenie vy\u0161\u00fachaniu ko\u017ee.<\/p>\n<p>V\u00fdbehov\u00e1 deka Kentucky Horsewear Turnout Rug All Weather sa v prednej \u010dasti zap\u00edna na dve klasick\u00e9 spony a siln\u00fd such\u00fd zips, m\u00e1 dva kr\u00ed\u017eov\u00e9 popruhy a pru\u017en\u00fd koncov\u00fd popruh nach\u00e1dzaj\u00faci sa pod chvostom (je odn\u00edmate\u013en\u00fd, m\u00e1 plastov\u00fd kryt a t\u00fdm p\u00e1dom sa \u013eahko \u010dist\u00ed)). Chr\u00e1ni\u010d chvosta poskytuje extra ochranu a teplo. Golier mo\u017eno pripevni\u0165 k deke \u0161tyrmi extra pevn\u00fdmi such\u00fdmi zipsami, a zap\u00edna sa\u00a0 dvomi siln\u00fdmi such\u00fdmi zipsami. Cel\u00fd golier je pod\u0161it\u00fd umelou zaja\u010dou ko\u017eu\u0161inou, aby sa zabr\u00e1nilo vy\u0161\u00fachaniu hrivy (aj \u0161itie za u\u0161ami je vystlan\u00e9). V\u010faka lemovaniu z hnedej ko\u017eenky a p\u00e1ntom, ktor\u00e9 sa pou\u017e\u00edvaj\u00fa na spevnenie sp\u00f4n m\u00e1 v\u00fdbehov\u00e1 deka Kentucky Horsewear All Weather mimoriadne elegantn\u00fd a neoby\u010dajn\u00fd dizajn.<\/p>\n","protected":false},"excerpt":{"rendered":"<h3><strong>S PU vodeodolnou a\u00a0prievzdu\u0161nou vrstvou, ide\u00e1lna do ka\u017ed\u00e9ho po\u010dasia.<\/strong><\/h3>\n<ul>\n<li>Odol\u00e1va v\u0161etk\u00fdm poveternostn\u00fdm podmienkam<\/li>\n<li>300 g v\u00fdpl\u0148<\/li>\n<li>Prievzdu\u0161n\u00e1<\/li>\n<li>1680 Denier extra pevn\u00e9 polyesterov\u00e9 vl\u00e1kna<\/li>\n<li>Pod\u0161\u00edvka z\u00a0umelej zaja\u010dej ko\u017eu\u0161iny<\/li>\n<li>Extra tepl\u00e1<\/li>\n<li>Nevy\u0161\u00facha poko\u017eku<\/li>\n<li>Popri \u0161it\u00ed a\u00a0\u0161voch (hrudn\u00edk, krk) vystlan\u00e9 umelou zaja\u010dou ko\u017eu\u0161inou<\/li>\n<li>Dve klasick\u00e9 predn\u00e9 spony a\u00a0such\u00fd zips<\/li>\n<li>Dva kr\u00ed\u017eov\u00e9 popruhy<\/li>\n<li>Pru\u017en\u00fd, odn\u00edmate\u013en\u00fd podchvostn\u00edk<\/li>\n<li>Kryt chvosta<\/li>\n<li>Lem z\u00a0ko\u017eenky<\/li>\n<li>Mo\u017eno pra\u0165 v\u00a0pr\u00e1\u010dke na 30\u00b0 (nevkladajte do su\u0161i\u010dky)<\/li>\n<\/ul>\n","protected":false},"featured_media":72032,"template":"","meta":{"_acf_changed":false},"product_cat":[75,99],"product_tag":[135,184,422,2051,573,269],"acf":[],"yoast_head":"<!-- This site is optimized with the Yoast SEO plugin v21.4 - https:\/\/yoast.com\/wordpress\/plugins\/seo\/ -->\n<title>Kentucky All Weather Pro v\u00fdbehov\u00e1 deka 300gr Tiny - Spicehorse<\/title>\n<meta name=\"description\" content=\"spicehorse.eu | Kentucky Horsewear v\u00fdbehov\u00e1 deka s PU vodeodolnou a\u00a0prievzdu\u0161nou vrstvou, ide\u00e1lna do ka\u017ed\u00e9ho po\u010dasia.\" \/>\n<meta name=\"robots\" content=\"index, follow, max-snippet:-1, max-image-preview:large, max-video-preview:-1\" \/>\n<link rel=\"canonical\" href=\"https:\/\/arak.spicehorse.eu\/sk\/produkt\/kentucky-all-weather-pro-vybehova-deka-300gr-tiny\/\" \/>\n<meta property=\"og:locale\" content=\"sk_SK\" \/>\n<meta property=\"og:type\" content=\"article\" \/>\n<meta property=\"og:title\" content=\"Kentucky All Weather Pro v\u00fdbehov\u00e1 deka 300gr Tiny - Spicehorse\" \/>\n<meta property=\"og:description\" content=\"spicehorse.eu | Kentucky Horsewear v\u00fdbehov\u00e1 deka s PU vodeodolnou a\u00a0prievzdu\u0161nou vrstvou, ide\u00e1lna do ka\u017ed\u00e9ho po\u010dasia.\" \/>\n<meta property=\"og:url\" content=\"https:\/\/arak.spicehorse.eu\/sk\/produkt\/kentucky-all-weather-pro-vybehova-deka-300gr-tiny\/\" \/>\n<meta property=\"og:site_name\" content=\"Spicehorse\" \/>\n<meta property=\"article:publisher\" content=\"https:\/\/www.facebook.com\/SPICEHORSE-550385625402457\/\" \/>\n<meta property=\"article:modified_time\" content=\"2024-01-12T23:00:34+00:00\" \/>\n<meta property=\"og:image\" content=\"https:\/\/arak.spicehorse.eu\/wp-content\/uploads\/2020\/10\/7190e074ed01c172df1cc46e2c92243cb8fd317513b1e8625ec520f36ccbd8cf-1.jpg\" \/>\n\t<meta property=\"og:image:width\" content=\"2048\" \/>\n\t<meta property=\"og:image:height\" content=\"1365\" \/>\n\t<meta property=\"og:image:type\" content=\"image\/jpeg\" \/>\n<meta name=\"twitter:card\" content=\"summary_large_image\" \/>\n<meta name=\"twitter:label1\" content=\"Predpokladan\u00fd \u010das \u010d\u00edtania\" \/>\n\t<meta name=\"twitter:data1\" content=\"2 min\u00faty\" \/>\n<script type=\"application\/ld+json\" class=\"yoast-schema-graph\">{\"@context\":\"https:\/\/schema.org\",\"@graph\":[{\"@type\":\"WebPage\",\"@id\":\"https:\/\/arak.spicehorse.eu\/sk\/produkt\/kentucky-all-weather-pro-vybehova-deka-300gr-tiny\/\",\"url\":\"https:\/\/arak.spicehorse.eu\/sk\/produkt\/kentucky-all-weather-pro-vybehova-deka-300gr-tiny\/\",\"name\":\"Kentucky All Weather Pro v\u00fdbehov\u00e1 deka 300gr Tiny - Spicehorse\",\"isPartOf\":{\"@id\":\"https:\/\/arak.spicehorse.eu\/en\/#website\"},\"datePublished\":\"2022-09-18T09:38:39+00:00\",\"dateModified\":\"2024-01-12T23:00:34+00:00\",\"description\":\"spicehorse.eu | Kentucky Horsewear v\u00fdbehov\u00e1 deka s PU vodeodolnou a\u00a0prievzdu\u0161nou vrstvou, ide\u00e1lna do ka\u017ed\u00e9ho po\u010dasia.\",\"breadcrumb\":{\"@id\":\"https:\/\/arak.spicehorse.eu\/sk\/produkt\/kentucky-all-weather-pro-vybehova-deka-300gr-tiny\/#breadcrumb\"},\"inLanguage\":\"sk-SK\",\"potentialAction\":[{\"@type\":\"ReadAction\",\"target\":[\"https:\/\/arak.spicehorse.eu\/sk\/produkt\/kentucky-all-weather-pro-vybehova-deka-300gr-tiny\/\"]}]},{\"@type\":\"BreadcrumbList\",\"@id\":\"https:\/\/arak.spicehorse.eu\/sk\/produkt\/kentucky-all-weather-pro-vybehova-deka-300gr-tiny\/#breadcrumb\",\"itemListElement\":[{\"@type\":\"ListItem\",\"position\":1,\"name\":\"Home\",\"item\":\"https:\/\/arak.spicehorse.eu\/sk\/\"},{\"@type\":\"ListItem\",\"position\":2,\"name\":\"Predaj\u0148a\",\"item\":\"https:\/\/arak.spicehorse.eu\/sk\/predajna\/\"},{\"@type\":\"ListItem\",\"position\":3,\"name\":\"Kentucky All Weather Pro v\u00fdbehov\u00e1 deka 300gr Tiny\"}]},{\"@type\":\"WebSite\",\"@id\":\"https:\/\/arak.spicehorse.eu\/en\/#website\",\"url\":\"https:\/\/arak.spicehorse.eu\/en\/\",\"name\":\"Spicehorse\",\"description\":\"UNDER DEVELOPMENT -\",\"potentialAction\":[{\"@type\":\"SearchAction\",\"target\":{\"@type\":\"EntryPoint\",\"urlTemplate\":\"https:\/\/arak.spicehorse.eu\/en\/?s={search_term_string}\"},\"query-input\":\"required name=search_term_string\"}],\"inLanguage\":\"sk-SK\"}]}<\/script>\n<!-- \/ Yoast SEO plugin. -->","yoast_head_json":{"title":"Kentucky All Weather Pro v\u00fdbehov\u00e1 deka 300gr Tiny - Spicehorse","description":"spicehorse.eu | Kentucky Horsewear v\u00fdbehov\u00e1 deka s PU vodeodolnou a\u00a0prievzdu\u0161nou vrstvou, ide\u00e1lna do ka\u017ed\u00e9ho po\u010dasia.","robots":{"index":"index","follow":"follow","max-snippet":"max-snippet:-1","max-image-preview":"max-image-preview:large","max-video-preview":"max-video-preview:-1"},"canonical":"https:\/\/arak.spicehorse.eu\/sk\/produkt\/kentucky-all-weather-pro-vybehova-deka-300gr-tiny\/","og_locale":"sk_SK","og_type":"article","og_title":"Kentucky All Weather Pro v\u00fdbehov\u00e1 deka 300gr Tiny - Spicehorse","og_description":"spicehorse.eu | Kentucky Horsewear v\u00fdbehov\u00e1 deka s PU vodeodolnou a\u00a0prievzdu\u0161nou vrstvou, ide\u00e1lna do ka\u017ed\u00e9ho po\u010dasia.","og_url":"https:\/\/arak.spicehorse.eu\/sk\/produkt\/kentucky-all-weather-pro-vybehova-deka-300gr-tiny\/","og_site_name":"Spicehorse","article_publisher":"https:\/\/www.facebook.com\/SPICEHORSE-550385625402457\/","article_modified_time":"2024-01-12T23:00:34+00:00","og_image":[{"width":2048,"height":1365,"url":"https:\/\/arak.spicehorse.eu\/wp-content\/uploads\/2020\/10\/7190e074ed01c172df1cc46e2c92243cb8fd317513b1e8625ec520f36ccbd8cf-1.jpg","type":"image\/jpeg"}],"twitter_card":"summary_large_image","twitter_misc":{"Predpokladan\u00fd \u010das \u010d\u00edtania":"2 min\u00faty"},"schema":{"@context":"https:\/\/schema.org","@graph":[{"@type":"WebPage","@id":"https:\/\/arak.spicehorse.eu\/sk\/produkt\/kentucky-all-weather-pro-vybehova-deka-300gr-tiny\/","url":"https:\/\/arak.spicehorse.eu\/sk\/produkt\/kentucky-all-weather-pro-vybehova-deka-300gr-tiny\/","name":"Kentucky All Weather Pro v\u00fdbehov\u00e1 deka 300gr Tiny - Spicehorse","isPartOf":{"@id":"https:\/\/arak.spicehorse.eu\/en\/#website"},"datePublished":"2022-09-18T09:38:39+00:00","dateModified":"2024-01-12T23:00:34+00:00","description":"spicehorse.eu | Kentucky Horsewear v\u00fdbehov\u00e1 deka s PU vodeodolnou a\u00a0prievzdu\u0161nou vrstvou, ide\u00e1lna do ka\u017ed\u00e9ho po\u010dasia.","breadcrumb":{"@id":"https:\/\/arak.spicehorse.eu\/sk\/produkt\/kentucky-all-weather-pro-vybehova-deka-300gr-tiny\/#breadcrumb"},"inLanguage":"sk-SK","potentialAction":[{"@type":"ReadAction","target":["https:\/\/arak.spicehorse.eu\/sk\/produkt\/kentucky-all-weather-pro-vybehova-deka-300gr-tiny\/"]}]},{"@type":"BreadcrumbList","@id":"https:\/\/arak.spicehorse.eu\/sk\/produkt\/kentucky-all-weather-pro-vybehova-deka-300gr-tiny\/#breadcrumb","itemListElement":[{"@type":"ListItem","position":1,"name":"Home","item":"https:\/\/arak.spicehorse.eu\/sk\/"},{"@type":"ListItem","position":2,"name":"Predaj\u0148a","item":"https:\/\/arak.spicehorse.eu\/sk\/predajna\/"},{"@type":"ListItem","position":3,"name":"Kentucky All Weather Pro v\u00fdbehov\u00e1 deka 300gr Tiny"}]},{"@type":"WebSite","@id":"https:\/\/arak.spicehorse.eu\/en\/#website","url":"https:\/\/arak.spicehorse.eu\/en\/","name":"Spicehorse","description":"UNDER DEVELOPMENT -","potentialAction":[{"@type":"SearchAction","target":{"@type":"EntryPoint","urlTemplate":"https:\/\/arak.spicehorse.eu\/en\/?s={search_term_string}"},"query-input":"required name=search_term_string"}],"inLanguage":"sk-SK"}]}},"_links":{"self":[{"href":"https:\/\/arak.spicehorse.eu\/sk\/wp-json\/wp\/v2\/product\/72043"}],"collection":[{"href":"https:\/\/arak.spicehorse.eu\/sk\/wp-json\/wp\/v2\/product"}],"about":[{"href":"https:\/\/arak.spicehorse.eu\/sk\/wp-json\/wp\/v2\/types\/product"}],"wp:featuredmedia":[{"embeddable":true,"href":"https:\/\/arak.spicehorse.eu\/sk\/wp-json\/wp\/v2\/media\/72032"}],"wp:attachment":[{"href":"https:\/\/arak.spicehorse.eu\/sk\/wp-json\/wp\/v2\/media?parent=72043"}],"wp:term":[{"taxonomy":"product_cat","embeddable":true,"href":"https:\/\/arak.spicehorse.eu\/sk\/wp-json\/wp\/v2\/product_cat?post=72043"},{"taxonomy":"product_tag","embeddable":true,"href":"https:\/\/arak.spicehorse.eu\/sk\/wp-json\/wp\/v2\/product_tag?post=72043"}],"curies":[{"name":"wp","href":"https:\/\/api.w.org\/{rel}","templated":true}]}}