{"id":72176,"date":"2022-09-18T12:17:31","date_gmt":"2022-09-18T10:17:46","guid":{"rendered":"https:\/\/arak.spicehorse.eu\/?post_type=product&#038;p=72176"},"modified":"2024-01-13T00:00:52","modified_gmt":"2024-01-12T23:00:52","slug":"kentucky-show-flisova-deka-tiny","status":"publish","type":"product","link":"https:\/\/arak.spicehorse.eu\/sk\/produkt\/kentucky-show-flisova-deka-tiny\/","title":{"rendered":"Kentucky Show fl\u00edsov\u00e1 deka Tiny"},"content":{"rendered":"<p>Kentucky Horsewear Show fl\u00edsov\u00e1 deka na s\u00fa\u0165a\u017ee je vyroben\u00e1 z\u00a0prekr\u00e1sneho materi\u00e1lu pripom\u00ednaj\u00faceho vlnu. Umel\u00fd baran\u010dek obop\u00edna cel\u00fd krk a\u00a0hru\u010f, \u010do popri optim\u00e1lnom pohodl\u00ed dod\u00e1va aj nev\u0161edn\u00fd a\u00a0modern\u00fd vzh\u013ead. Je ide\u00e1lnou vo\u013ebou po tr\u00e9ningu alebo po k\u00fapan\u00ed, obzvl\u00e1\u0161\u0165 po\u010das chladnej\u0161\u00edch dn\u00ed. Kentucky Horsewear Show fl\u00edsov\u00e1 deka vynikaj\u00facej kvality nasaje a\u00a0odv\u00e1dza pot a\u00a0vlhkos\u0165, k\u00f4\u0148 zost\u00e1va v\u00a0suchu a\u00a0zaru\u010dene neprechladne. Disponuje dvomi kr\u00ed\u017eov\u00fdmi popruhmi na vn\u00fatornej strane, preto sa m\u00f4\u017ee jednoducho po\u010das s\u00fa\u0165a\u017e\u00ed pou\u017e\u00edva\u0165 aj ako show deka. Kentucky show fl\u00edsov\u00fa deku mo\u017eno pra\u0165 v\u00a0pr\u00e1\u010dke na 30\u00b0(nevkladajte do su\u0161i\u010dky).<\/p>\n","protected":false},"excerpt":{"rendered":"<h3><strong>Kentucky show fl\u00edsov\u00e1 deka je vyroben\u00e1 z\u00a0materi\u00e1lu pripom\u00ednaj\u00faceho vlnu, je ide\u00e1lna na s\u00fa\u0165a\u017ee<\/strong><\/h3>\n<ul>\n<li>Deka z\u00a0materi\u00e1lu pripom\u00ednaj\u00faceho vlnu<\/li>\n<li>100% polyester<\/li>\n<li>Umel\u00fd baran\u010dek v oblasti krku, koh\u00fatika a hrude<\/li>\n<li>Nas\u00e1va a\u00a0odv\u00e1dza pot a vodu<\/li>\n<li>Udr\u017euje n\u00e1\u0161ho ko\u0148a v\u00a0teple a suchu<\/li>\n<li>Dvojit\u00e9 predn\u00e9 spony<\/li>\n<li>Odn\u00edmate\u013en\u00e9 kr\u00ed\u017eov\u00e9 popruhy na vn\u00fatornej strane<\/li>\n<li>Kryt chvosta<\/li>\n<\/ul>\n","protected":false},"featured_media":72209,"template":"","meta":{"_acf_changed":false},"product_cat":[75,99],"product_tag":[135,184,422,186,2051,573],"acf":[],"yoast_head":"<!-- This site is optimized with the Yoast SEO plugin v21.4 - https:\/\/yoast.com\/wordpress\/plugins\/seo\/ -->\n<title>Kentucky Show fl\u00edsov\u00e1 deka Tiny - Spicehorse<\/title>\n<meta name=\"description\" content=\"spicehorse.eu | Kentucky Horsewear Show fl\u00edsov\u00e1 deka na s\u00fa\u0165a\u017ee je vyroben\u00e1 z\u00a0prekr\u00e1sneho materi\u00e1lu pripom\u00ednaj\u00faceho vlnu. Umel\u00fd baran\u010dek obop\u00edna cel\u00fd krk a\u00a0hru\u010f, \u010do popri optim\u00e1lnom pohodl\u00ed dod\u00e1va aj nev\u0161edn\u00fd a\u00a0modern\u00fd vzh\u013ead.\" \/>\n<meta name=\"robots\" content=\"index, follow, max-snippet:-1, max-image-preview:large, max-video-preview:-1\" \/>\n<link rel=\"canonical\" href=\"https:\/\/arak.spicehorse.eu\/sk\/produkt\/kentucky-show-flisova-deka-tiny\/\" \/>\n<meta property=\"og:locale\" content=\"sk_SK\" \/>\n<meta property=\"og:type\" content=\"article\" \/>\n<meta property=\"og:title\" content=\"Kentucky Show fl\u00edsov\u00e1 deka Tiny - Spicehorse\" \/>\n<meta property=\"og:description\" content=\"spicehorse.eu | Kentucky Horsewear Show fl\u00edsov\u00e1 deka na s\u00fa\u0165a\u017ee je vyroben\u00e1 z\u00a0prekr\u00e1sneho materi\u00e1lu pripom\u00ednaj\u00faceho vlnu. Umel\u00fd baran\u010dek obop\u00edna cel\u00fd krk a\u00a0hru\u010f, \u010do popri optim\u00e1lnom pohodl\u00ed dod\u00e1va aj nev\u0161edn\u00fd a\u00a0modern\u00fd vzh\u013ead.\" \/>\n<meta property=\"og:url\" content=\"https:\/\/arak.spicehorse.eu\/sk\/produkt\/kentucky-show-flisova-deka-tiny\/\" \/>\n<meta property=\"og:site_name\" content=\"Spicehorse\" \/>\n<meta property=\"article:publisher\" content=\"https:\/\/www.facebook.com\/SPICEHORSE-550385625402457\/\" \/>\n<meta property=\"article:modified_time\" content=\"2024-01-12T23:00:52+00:00\" \/>\n<meta property=\"og:image\" content=\"https:\/\/arak.spicehorse.eu\/wp-content\/uploads\/2022\/09\/3340e21016c01de9a8e5ded88b84bfe68adca86eaf9c0e3ce7dd89331fc48fb9.jpg\" \/>\n\t<meta property=\"og:image:width\" content=\"2048\" \/>\n\t<meta property=\"og:image:height\" content=\"1365\" \/>\n\t<meta property=\"og:image:type\" content=\"image\/jpeg\" \/>\n<meta name=\"twitter:card\" content=\"summary_large_image\" \/>\n<meta name=\"twitter:label1\" content=\"Predpokladan\u00fd \u010das \u010d\u00edtania\" \/>\n\t<meta name=\"twitter:data1\" content=\"1 min\u00fata\" \/>\n<script type=\"application\/ld+json\" class=\"yoast-schema-graph\">{\"@context\":\"https:\/\/schema.org\",\"@graph\":[{\"@type\":\"WebPage\",\"@id\":\"https:\/\/arak.spicehorse.eu\/sk\/produkt\/kentucky-show-flisova-deka-tiny\/\",\"url\":\"https:\/\/arak.spicehorse.eu\/sk\/produkt\/kentucky-show-flisova-deka-tiny\/\",\"name\":\"Kentucky Show fl\u00edsov\u00e1 deka Tiny - Spicehorse\",\"isPartOf\":{\"@id\":\"https:\/\/arak.spicehorse.eu\/en\/#website\"},\"datePublished\":\"2022-09-18T10:17:46+00:00\",\"dateModified\":\"2024-01-12T23:00:52+00:00\",\"description\":\"spicehorse.eu | Kentucky Horsewear Show fl\u00edsov\u00e1 deka na s\u00fa\u0165a\u017ee je vyroben\u00e1 z\u00a0prekr\u00e1sneho materi\u00e1lu pripom\u00ednaj\u00faceho vlnu. Umel\u00fd baran\u010dek obop\u00edna cel\u00fd krk a\u00a0hru\u010f, \u010do popri optim\u00e1lnom pohodl\u00ed dod\u00e1va aj nev\u0161edn\u00fd a\u00a0modern\u00fd vzh\u013ead.\",\"breadcrumb\":{\"@id\":\"https:\/\/arak.spicehorse.eu\/sk\/produkt\/kentucky-show-flisova-deka-tiny\/#breadcrumb\"},\"inLanguage\":\"sk-SK\",\"potentialAction\":[{\"@type\":\"ReadAction\",\"target\":[\"https:\/\/arak.spicehorse.eu\/sk\/produkt\/kentucky-show-flisova-deka-tiny\/\"]}]},{\"@type\":\"BreadcrumbList\",\"@id\":\"https:\/\/arak.spicehorse.eu\/sk\/produkt\/kentucky-show-flisova-deka-tiny\/#breadcrumb\",\"itemListElement\":[{\"@type\":\"ListItem\",\"position\":1,\"name\":\"Home\",\"item\":\"https:\/\/arak.spicehorse.eu\/sk\/\"},{\"@type\":\"ListItem\",\"position\":2,\"name\":\"Predaj\u0148a\",\"item\":\"https:\/\/arak.spicehorse.eu\/sk\/predajna\/\"},{\"@type\":\"ListItem\",\"position\":3,\"name\":\"Kentucky Show fl\u00edsov\u00e1 deka Tiny\"}]},{\"@type\":\"WebSite\",\"@id\":\"https:\/\/arak.spicehorse.eu\/en\/#website\",\"url\":\"https:\/\/arak.spicehorse.eu\/en\/\",\"name\":\"Spicehorse\",\"description\":\"UNDER DEVELOPMENT -\",\"potentialAction\":[{\"@type\":\"SearchAction\",\"target\":{\"@type\":\"EntryPoint\",\"urlTemplate\":\"https:\/\/arak.spicehorse.eu\/en\/?s={search_term_string}\"},\"query-input\":\"required name=search_term_string\"}],\"inLanguage\":\"sk-SK\"}]}<\/script>\n<!-- \/ Yoast SEO plugin. -->","yoast_head_json":{"title":"Kentucky Show fl\u00edsov\u00e1 deka Tiny - Spicehorse","description":"spicehorse.eu | Kentucky Horsewear Show fl\u00edsov\u00e1 deka na s\u00fa\u0165a\u017ee je vyroben\u00e1 z\u00a0prekr\u00e1sneho materi\u00e1lu pripom\u00ednaj\u00faceho vlnu. Umel\u00fd baran\u010dek obop\u00edna cel\u00fd krk a\u00a0hru\u010f, \u010do popri optim\u00e1lnom pohodl\u00ed dod\u00e1va aj nev\u0161edn\u00fd a\u00a0modern\u00fd vzh\u013ead.","robots":{"index":"index","follow":"follow","max-snippet":"max-snippet:-1","max-image-preview":"max-image-preview:large","max-video-preview":"max-video-preview:-1"},"canonical":"https:\/\/arak.spicehorse.eu\/sk\/produkt\/kentucky-show-flisova-deka-tiny\/","og_locale":"sk_SK","og_type":"article","og_title":"Kentucky Show fl\u00edsov\u00e1 deka Tiny - Spicehorse","og_description":"spicehorse.eu | Kentucky Horsewear Show fl\u00edsov\u00e1 deka na s\u00fa\u0165a\u017ee je vyroben\u00e1 z\u00a0prekr\u00e1sneho materi\u00e1lu pripom\u00ednaj\u00faceho vlnu. Umel\u00fd baran\u010dek obop\u00edna cel\u00fd krk a\u00a0hru\u010f, \u010do popri optim\u00e1lnom pohodl\u00ed dod\u00e1va aj nev\u0161edn\u00fd a\u00a0modern\u00fd vzh\u013ead.","og_url":"https:\/\/arak.spicehorse.eu\/sk\/produkt\/kentucky-show-flisova-deka-tiny\/","og_site_name":"Spicehorse","article_publisher":"https:\/\/www.facebook.com\/SPICEHORSE-550385625402457\/","article_modified_time":"2024-01-12T23:00:52+00:00","og_image":[{"width":2048,"height":1365,"url":"https:\/\/arak.spicehorse.eu\/wp-content\/uploads\/2022\/09\/3340e21016c01de9a8e5ded88b84bfe68adca86eaf9c0e3ce7dd89331fc48fb9.jpg","type":"image\/jpeg"}],"twitter_card":"summary_large_image","twitter_misc":{"Predpokladan\u00fd \u010das \u010d\u00edtania":"1 min\u00fata"},"schema":{"@context":"https:\/\/schema.org","@graph":[{"@type":"WebPage","@id":"https:\/\/arak.spicehorse.eu\/sk\/produkt\/kentucky-show-flisova-deka-tiny\/","url":"https:\/\/arak.spicehorse.eu\/sk\/produkt\/kentucky-show-flisova-deka-tiny\/","name":"Kentucky Show fl\u00edsov\u00e1 deka Tiny - Spicehorse","isPartOf":{"@id":"https:\/\/arak.spicehorse.eu\/en\/#website"},"datePublished":"2022-09-18T10:17:46+00:00","dateModified":"2024-01-12T23:00:52+00:00","description":"spicehorse.eu | Kentucky Horsewear Show fl\u00edsov\u00e1 deka na s\u00fa\u0165a\u017ee je vyroben\u00e1 z\u00a0prekr\u00e1sneho materi\u00e1lu pripom\u00ednaj\u00faceho vlnu. Umel\u00fd baran\u010dek obop\u00edna cel\u00fd krk a\u00a0hru\u010f, \u010do popri optim\u00e1lnom pohodl\u00ed dod\u00e1va aj nev\u0161edn\u00fd a\u00a0modern\u00fd vzh\u013ead.","breadcrumb":{"@id":"https:\/\/arak.spicehorse.eu\/sk\/produkt\/kentucky-show-flisova-deka-tiny\/#breadcrumb"},"inLanguage":"sk-SK","potentialAction":[{"@type":"ReadAction","target":["https:\/\/arak.spicehorse.eu\/sk\/produkt\/kentucky-show-flisova-deka-tiny\/"]}]},{"@type":"BreadcrumbList","@id":"https:\/\/arak.spicehorse.eu\/sk\/produkt\/kentucky-show-flisova-deka-tiny\/#breadcrumb","itemListElement":[{"@type":"ListItem","position":1,"name":"Home","item":"https:\/\/arak.spicehorse.eu\/sk\/"},{"@type":"ListItem","position":2,"name":"Predaj\u0148a","item":"https:\/\/arak.spicehorse.eu\/sk\/predajna\/"},{"@type":"ListItem","position":3,"name":"Kentucky Show fl\u00edsov\u00e1 deka Tiny"}]},{"@type":"WebSite","@id":"https:\/\/arak.spicehorse.eu\/en\/#website","url":"https:\/\/arak.spicehorse.eu\/en\/","name":"Spicehorse","description":"UNDER DEVELOPMENT -","potentialAction":[{"@type":"SearchAction","target":{"@type":"EntryPoint","urlTemplate":"https:\/\/arak.spicehorse.eu\/en\/?s={search_term_string}"},"query-input":"required name=search_term_string"}],"inLanguage":"sk-SK"}]}},"_links":{"self":[{"href":"https:\/\/arak.spicehorse.eu\/sk\/wp-json\/wp\/v2\/product\/72176"}],"collection":[{"href":"https:\/\/arak.spicehorse.eu\/sk\/wp-json\/wp\/v2\/product"}],"about":[{"href":"https:\/\/arak.spicehorse.eu\/sk\/wp-json\/wp\/v2\/types\/product"}],"wp:featuredmedia":[{"embeddable":true,"href":"https:\/\/arak.spicehorse.eu\/sk\/wp-json\/wp\/v2\/media\/72209"}],"wp:attachment":[{"href":"https:\/\/arak.spicehorse.eu\/sk\/wp-json\/wp\/v2\/media?parent=72176"}],"wp:term":[{"taxonomy":"product_cat","embeddable":true,"href":"https:\/\/arak.spicehorse.eu\/sk\/wp-json\/wp\/v2\/product_cat?post=72176"},{"taxonomy":"product_tag","embeddable":true,"href":"https:\/\/arak.spicehorse.eu\/sk\/wp-json\/wp\/v2\/product_tag?post=72176"}],"curies":[{"name":"wp","href":"https:\/\/api.w.org\/{rel}","templated":true}]}}