{"id":72276,"date":"2022-09-18T15:12:09","date_gmt":"2022-09-18T13:12:16","guid":{"rendered":"https:\/\/arak.spicehorse.eu\/?post_type=product&#038;p=72276"},"modified":"2024-01-13T00:00:35","modified_gmt":"2024-01-12T23:00:35","slug":"kentucky-cooler-flisova-deka-tiny","status":"publish","type":"product","link":"https:\/\/arak.spicehorse.eu\/sk\/produkt\/kentucky-cooler-flisova-deka-tiny\/","title":{"rendered":"Kentucky Cooler fl\u00edsov\u00e1 deka Tiny"},"content":{"rendered":"<p>Kentucky Horsewear Cooler deka z\u00a0vlnen\u00e9ho fl\u00edsu je dokonalou vo\u013ebou po tr\u00e9ningu alebo po um\u00fdvan\u00ed ko\u0148a. Nas\u00e1va a\u00a0pohlcuje vlhkos\u0165 a\u00a0pot, preto n\u00e1\u0161 k\u00f4\u0148 zaru\u010dene neprechladne. Kr\u00ed\u017eov\u00e9 popruhy s\u00fa odn\u00edmate\u013en\u00e9, preto sa m\u00f4\u017ee pou\u017ei\u0165 aj ako show deka.<\/p>\n<p>Modern\u00fd ko\u017eenkov\u00fd lem, pri koh\u00fatiku baran\u010dek, elegantn\u00e9 spony na hrudi. V\u010faka D kr\u00fa\u017ekom a\u00a0nylonov\u00e9mu popruhom pod chvostom sa deka zaru\u010dene nebude \u0161m\u00fdka\u0165.<\/p>\n<p>Cooler fl\u00edsov\u00fa deku mo\u017eno pra\u0165 v\u00a0pr\u00e1\u010dke na\u00a030\u00b0 (nevkladajte do su\u0161i\u010dky).<\/p>\n","protected":false},"excerpt":{"rendered":"<h3><strong>Cooler fl\u00edsov\u00e1 deka nas\u00e1va a\u00a0pohlcuje vlhkos\u0165 a\u00a0pot, preto n\u00e1\u0161 k\u00f4\u0148 zaru\u010dene neprechladne<\/strong><\/h3>\n<ul>\n<li>Vlnen\u00fd fl\u00eds<\/li>\n<li>Pohlcuje vlhkos\u0165 a pot<\/li>\n<li>Udr\u017euje n\u00e1\u0161ho ko\u0148a v\u00a0teple a suchu<\/li>\n<li>Odn\u00edmate\u013en\u00e9 kr\u00ed\u017eov\u00e9 popruhy<\/li>\n<li>Lem a\u00a0doplnky z\u00a0ko\u017eenky<\/li>\n<li>Pri koh\u00fatiku umel\u00fd baran\u010dek<\/li>\n<li>Na hrudi elegantn\u00e1 spona<\/li>\n<li>Pri chvoste sa upev\u0148uje nylonov\u00fdm popruhom s\u00a0D kr\u00fa\u017ekami<\/li>\n<li>Mo\u017eno pra\u0165 v\u00a0pr\u00e1\u010dke na 30\u00b0 (nevkladajte do su\u0161i\u010dky)<\/li>\n<\/ul>\n","protected":false},"featured_media":72291,"template":"","meta":{"_acf_changed":false},"product_cat":[75,99],"product_tag":[135,184,422,2051,573],"acf":[],"yoast_head":"<!-- This site is optimized with the Yoast SEO plugin v21.4 - https:\/\/yoast.com\/wordpress\/plugins\/seo\/ -->\n<title>Kentucky Cooler fl\u00edsov\u00e1 deka Tiny - Spicehorse<\/title>\n<meta name=\"description\" content=\"Kentucky Horsewear Cooler fl\u00edsov\u00e1 deka nas\u00e1va a\u00a0pohlcuje vlhkos\u0165 a\u00a0pot, preto n\u00e1\u0161 k\u00f4\u0148 zaru\u010dene neprechladne.\" \/>\n<meta name=\"robots\" content=\"index, follow, max-snippet:-1, max-image-preview:large, max-video-preview:-1\" \/>\n<link rel=\"canonical\" href=\"https:\/\/arak.spicehorse.eu\/sk\/produkt\/kentucky-cooler-flisova-deka-tiny\/\" \/>\n<meta property=\"og:locale\" content=\"sk_SK\" \/>\n<meta property=\"og:type\" content=\"article\" \/>\n<meta property=\"og:title\" content=\"Kentucky Cooler fl\u00edsov\u00e1 deka Tiny - Spicehorse\" \/>\n<meta property=\"og:description\" content=\"Kentucky Horsewear Cooler fl\u00edsov\u00e1 deka nas\u00e1va a\u00a0pohlcuje vlhkos\u0165 a\u00a0pot, preto n\u00e1\u0161 k\u00f4\u0148 zaru\u010dene neprechladne.\" \/>\n<meta property=\"og:url\" content=\"https:\/\/arak.spicehorse.eu\/sk\/produkt\/kentucky-cooler-flisova-deka-tiny\/\" \/>\n<meta property=\"og:site_name\" content=\"Spicehorse\" \/>\n<meta property=\"article:publisher\" content=\"https:\/\/www.facebook.com\/SPICEHORSE-550385625402457\/\" \/>\n<meta property=\"article:modified_time\" content=\"2024-01-12T23:00:35+00:00\" \/>\n<meta property=\"og:image\" content=\"https:\/\/arak.spicehorse.eu\/wp-content\/uploads\/2022\/09\/5b11e2526c3f79ae2afbb3dce8433a5b5ef88c9727650b934c8e3b8a3266c8cc.jpg\" \/>\n\t<meta property=\"og:image:width\" content=\"2048\" \/>\n\t<meta property=\"og:image:height\" content=\"1365\" \/>\n\t<meta property=\"og:image:type\" content=\"image\/jpeg\" \/>\n<meta name=\"twitter:card\" content=\"summary_large_image\" \/>\n<script type=\"application\/ld+json\" class=\"yoast-schema-graph\">{\"@context\":\"https:\/\/schema.org\",\"@graph\":[{\"@type\":\"WebPage\",\"@id\":\"https:\/\/arak.spicehorse.eu\/sk\/produkt\/kentucky-cooler-flisova-deka-tiny\/\",\"url\":\"https:\/\/arak.spicehorse.eu\/sk\/produkt\/kentucky-cooler-flisova-deka-tiny\/\",\"name\":\"Kentucky Cooler fl\u00edsov\u00e1 deka Tiny - Spicehorse\",\"isPartOf\":{\"@id\":\"https:\/\/arak.spicehorse.eu\/en\/#website\"},\"datePublished\":\"2022-09-18T13:12:16+00:00\",\"dateModified\":\"2024-01-12T23:00:35+00:00\",\"description\":\"Kentucky Horsewear Cooler fl\u00edsov\u00e1 deka nas\u00e1va a\u00a0pohlcuje vlhkos\u0165 a\u00a0pot, preto n\u00e1\u0161 k\u00f4\u0148 zaru\u010dene neprechladne.\",\"breadcrumb\":{\"@id\":\"https:\/\/arak.spicehorse.eu\/sk\/produkt\/kentucky-cooler-flisova-deka-tiny\/#breadcrumb\"},\"inLanguage\":\"sk-SK\",\"potentialAction\":[{\"@type\":\"ReadAction\",\"target\":[\"https:\/\/arak.spicehorse.eu\/sk\/produkt\/kentucky-cooler-flisova-deka-tiny\/\"]}]},{\"@type\":\"BreadcrumbList\",\"@id\":\"https:\/\/arak.spicehorse.eu\/sk\/produkt\/kentucky-cooler-flisova-deka-tiny\/#breadcrumb\",\"itemListElement\":[{\"@type\":\"ListItem\",\"position\":1,\"name\":\"Home\",\"item\":\"https:\/\/arak.spicehorse.eu\/sk\/\"},{\"@type\":\"ListItem\",\"position\":2,\"name\":\"Predaj\u0148a\",\"item\":\"https:\/\/arak.spicehorse.eu\/sk\/predajna\/\"},{\"@type\":\"ListItem\",\"position\":3,\"name\":\"Kentucky Cooler fl\u00edsov\u00e1 deka Tiny\"}]},{\"@type\":\"WebSite\",\"@id\":\"https:\/\/arak.spicehorse.eu\/en\/#website\",\"url\":\"https:\/\/arak.spicehorse.eu\/en\/\",\"name\":\"Spicehorse\",\"description\":\"UNDER DEVELOPMENT -\",\"potentialAction\":[{\"@type\":\"SearchAction\",\"target\":{\"@type\":\"EntryPoint\",\"urlTemplate\":\"https:\/\/arak.spicehorse.eu\/en\/?s={search_term_string}\"},\"query-input\":\"required name=search_term_string\"}],\"inLanguage\":\"sk-SK\"}]}<\/script>\n<!-- \/ Yoast SEO plugin. -->","yoast_head_json":{"title":"Kentucky Cooler fl\u00edsov\u00e1 deka Tiny - Spicehorse","description":"Kentucky Horsewear Cooler fl\u00edsov\u00e1 deka nas\u00e1va a\u00a0pohlcuje vlhkos\u0165 a\u00a0pot, preto n\u00e1\u0161 k\u00f4\u0148 zaru\u010dene neprechladne.","robots":{"index":"index","follow":"follow","max-snippet":"max-snippet:-1","max-image-preview":"max-image-preview:large","max-video-preview":"max-video-preview:-1"},"canonical":"https:\/\/arak.spicehorse.eu\/sk\/produkt\/kentucky-cooler-flisova-deka-tiny\/","og_locale":"sk_SK","og_type":"article","og_title":"Kentucky Cooler fl\u00edsov\u00e1 deka Tiny - Spicehorse","og_description":"Kentucky Horsewear Cooler fl\u00edsov\u00e1 deka nas\u00e1va a\u00a0pohlcuje vlhkos\u0165 a\u00a0pot, preto n\u00e1\u0161 k\u00f4\u0148 zaru\u010dene neprechladne.","og_url":"https:\/\/arak.spicehorse.eu\/sk\/produkt\/kentucky-cooler-flisova-deka-tiny\/","og_site_name":"Spicehorse","article_publisher":"https:\/\/www.facebook.com\/SPICEHORSE-550385625402457\/","article_modified_time":"2024-01-12T23:00:35+00:00","og_image":[{"width":2048,"height":1365,"url":"https:\/\/arak.spicehorse.eu\/wp-content\/uploads\/2022\/09\/5b11e2526c3f79ae2afbb3dce8433a5b5ef88c9727650b934c8e3b8a3266c8cc.jpg","type":"image\/jpeg"}],"twitter_card":"summary_large_image","schema":{"@context":"https:\/\/schema.org","@graph":[{"@type":"WebPage","@id":"https:\/\/arak.spicehorse.eu\/sk\/produkt\/kentucky-cooler-flisova-deka-tiny\/","url":"https:\/\/arak.spicehorse.eu\/sk\/produkt\/kentucky-cooler-flisova-deka-tiny\/","name":"Kentucky Cooler fl\u00edsov\u00e1 deka Tiny - Spicehorse","isPartOf":{"@id":"https:\/\/arak.spicehorse.eu\/en\/#website"},"datePublished":"2022-09-18T13:12:16+00:00","dateModified":"2024-01-12T23:00:35+00:00","description":"Kentucky Horsewear Cooler fl\u00edsov\u00e1 deka nas\u00e1va a\u00a0pohlcuje vlhkos\u0165 a\u00a0pot, preto n\u00e1\u0161 k\u00f4\u0148 zaru\u010dene neprechladne.","breadcrumb":{"@id":"https:\/\/arak.spicehorse.eu\/sk\/produkt\/kentucky-cooler-flisova-deka-tiny\/#breadcrumb"},"inLanguage":"sk-SK","potentialAction":[{"@type":"ReadAction","target":["https:\/\/arak.spicehorse.eu\/sk\/produkt\/kentucky-cooler-flisova-deka-tiny\/"]}]},{"@type":"BreadcrumbList","@id":"https:\/\/arak.spicehorse.eu\/sk\/produkt\/kentucky-cooler-flisova-deka-tiny\/#breadcrumb","itemListElement":[{"@type":"ListItem","position":1,"name":"Home","item":"https:\/\/arak.spicehorse.eu\/sk\/"},{"@type":"ListItem","position":2,"name":"Predaj\u0148a","item":"https:\/\/arak.spicehorse.eu\/sk\/predajna\/"},{"@type":"ListItem","position":3,"name":"Kentucky Cooler fl\u00edsov\u00e1 deka Tiny"}]},{"@type":"WebSite","@id":"https:\/\/arak.spicehorse.eu\/en\/#website","url":"https:\/\/arak.spicehorse.eu\/en\/","name":"Spicehorse","description":"UNDER DEVELOPMENT -","potentialAction":[{"@type":"SearchAction","target":{"@type":"EntryPoint","urlTemplate":"https:\/\/arak.spicehorse.eu\/en\/?s={search_term_string}"},"query-input":"required name=search_term_string"}],"inLanguage":"sk-SK"}]}},"_links":{"self":[{"href":"https:\/\/arak.spicehorse.eu\/sk\/wp-json\/wp\/v2\/product\/72276"}],"collection":[{"href":"https:\/\/arak.spicehorse.eu\/sk\/wp-json\/wp\/v2\/product"}],"about":[{"href":"https:\/\/arak.spicehorse.eu\/sk\/wp-json\/wp\/v2\/types\/product"}],"wp:featuredmedia":[{"embeddable":true,"href":"https:\/\/arak.spicehorse.eu\/sk\/wp-json\/wp\/v2\/media\/72291"}],"wp:attachment":[{"href":"https:\/\/arak.spicehorse.eu\/sk\/wp-json\/wp\/v2\/media?parent=72276"}],"wp:term":[{"taxonomy":"product_cat","embeddable":true,"href":"https:\/\/arak.spicehorse.eu\/sk\/wp-json\/wp\/v2\/product_cat?post=72276"},{"taxonomy":"product_tag","embeddable":true,"href":"https:\/\/arak.spicehorse.eu\/sk\/wp-json\/wp\/v2\/product_tag?post=72276"}],"curies":[{"name":"wp","href":"https:\/\/api.w.org\/{rel}","templated":true}]}}