{"id":72854,"date":"2022-09-23T17:15:50","date_gmt":"2022-09-23T15:15:51","guid":{"rendered":"https:\/\/arak.spicehorse.eu\/?post_type=product&#038;p=72854"},"modified":"2022-09-29T16:46:16","modified_gmt":"2022-09-29T14:46:16","slug":"qhp-sparkle-zabo","status":"publish","type":"product","link":"https:\/\/arak.spicehorse.eu\/sk\/produkt\/qhp-sparkle-zabo\/","title":{"rendered":"QHP Sparkle \u017eab\u00f3"},"content":{"rendered":"<p>Leskl\u00e9 biele sat\u00e9nov\u00e9 QHP \u017eab\u00f3 so \u0161t\u00fdlov\u00fdmi detailmi. S perle\u0165ov\u00fdmi \u0161trasmi r\u00f4znych ve\u013ekost\u00ed je dokonal\u00fdm doplnkom s\u00fa\u0165a\u017en\u00e9ho outfitu. Vopred uviazan\u00e9 \u017eab\u00f3, \u013eahko sa upev\u0148uje v\u010faka such\u00e9mu zipsu.<\/p>\n","protected":false},"excerpt":{"rendered":"<ul>\n<li>Materi\u00e1l: polyester<\/li>\n<li>Sat\u00e9nov\u00e9 \u017eab\u00f3<\/li>\n<li>Zdoben\u00e9 \u0161trasmi<\/li>\n<li>V\u00fd\u0161ivka ru\u017ee<\/li>\n<li>\u013dahko sa oblieka a vyzlieka<\/li>\n<\/ul>\n","protected":false},"featured_media":73286,"template":"","meta":{"_acf_changed":false},"product_cat":[76,308],"product_tag":[241,1973,2035],"acf":[],"yoast_head":"<!-- This site is optimized with the Yoast SEO plugin v21.4 - https:\/\/yoast.com\/wordpress\/plugins\/seo\/ -->\n<title>QHP Sparkle \u017eab\u00f3 - Spicehorse<\/title>\n<meta name=\"description\" content=\"spicehorse.eu | Leskl\u00e9 biele sat\u00e9nov\u00e9 QHP \u017eab\u00f3 so \u0161t\u00fdlov\u00fdmi detailmi. S perle\u0165ov\u00fdmi \u0161trasmi r\u00f4znych ve\u013ekost\u00ed je dokonal\u00fdm doplnkom s\u00fa\u0165a\u017en\u00e9ho outfitu.\" \/>\n<meta name=\"robots\" content=\"index, follow, max-snippet:-1, max-image-preview:large, max-video-preview:-1\" \/>\n<link rel=\"canonical\" href=\"https:\/\/arak.spicehorse.eu\/termek\/qhp-sparkle-zsabo\/\" \/>\n<meta property=\"og:locale\" content=\"sk_SK\" \/>\n<meta property=\"og:type\" content=\"article\" \/>\n<meta property=\"og:title\" content=\"QHP Sparkle \u017eab\u00f3 - Spicehorse\" \/>\n<meta property=\"og:description\" content=\"spicehorse.eu | Leskl\u00e9 biele sat\u00e9nov\u00e9 QHP \u017eab\u00f3 so \u0161t\u00fdlov\u00fdmi detailmi. S perle\u0165ov\u00fdmi \u0161trasmi r\u00f4znych ve\u013ekost\u00ed je dokonal\u00fdm doplnkom s\u00fa\u0165a\u017en\u00e9ho outfitu.\" \/>\n<meta property=\"og:url\" content=\"https:\/\/arak.spicehorse.eu\/termek\/qhp-sparkle-zsabo\/\" \/>\n<meta property=\"og:site_name\" content=\"Spicehorse\" \/>\n<meta property=\"article:publisher\" content=\"https:\/\/www.facebook.com\/SPICEHORSE-550385625402457\/\" \/>\n<meta property=\"article:modified_time\" content=\"2022-09-29T14:46:16+00:00\" \/>\n<meta property=\"og:image\" content=\"https:\/\/arak.spicehorse.eu\/wp-content\/uploads\/2022\/09\/8106_1-1.jpg\" \/>\n\t<meta property=\"og:image:width\" content=\"800\" \/>\n\t<meta property=\"og:image:height\" content=\"800\" \/>\n\t<meta property=\"og:image:type\" content=\"image\/jpeg\" \/>\n<meta name=\"twitter:card\" content=\"summary_large_image\" \/>\n<script type=\"application\/ld+json\" class=\"yoast-schema-graph\">{\"@context\":\"https:\/\/schema.org\",\"@graph\":[{\"@type\":\"WebPage\",\"@id\":\"https:\/\/arak.spicehorse.eu\/termek\/qhp-sparkle-zsabo\/\",\"url\":\"https:\/\/arak.spicehorse.eu\/termek\/qhp-sparkle-zsabo\/\",\"name\":\"QHP Sparkle \u017eab\u00f3 - Spicehorse\",\"isPartOf\":{\"@id\":\"https:\/\/arak.spicehorse.eu\/en\/#website\"},\"datePublished\":\"2022-09-23T15:15:51+00:00\",\"dateModified\":\"2022-09-29T14:46:16+00:00\",\"description\":\"spicehorse.eu | Leskl\u00e9 biele sat\u00e9nov\u00e9 QHP \u017eab\u00f3 so \u0161t\u00fdlov\u00fdmi detailmi. S perle\u0165ov\u00fdmi \u0161trasmi r\u00f4znych ve\u013ekost\u00ed je dokonal\u00fdm doplnkom s\u00fa\u0165a\u017en\u00e9ho outfitu.\",\"breadcrumb\":{\"@id\":\"https:\/\/arak.spicehorse.eu\/termek\/qhp-sparkle-zsabo\/#breadcrumb\"},\"inLanguage\":\"sk-SK\",\"potentialAction\":[{\"@type\":\"ReadAction\",\"target\":[\"https:\/\/arak.spicehorse.eu\/termek\/qhp-sparkle-zsabo\/\"]}]},{\"@type\":\"BreadcrumbList\",\"@id\":\"https:\/\/arak.spicehorse.eu\/termek\/qhp-sparkle-zsabo\/#breadcrumb\",\"itemListElement\":[{\"@type\":\"ListItem\",\"position\":1,\"name\":\"Home\",\"item\":\"https:\/\/arak.spicehorse.eu\/sk\/\"},{\"@type\":\"ListItem\",\"position\":2,\"name\":\"Predaj\u0148a\",\"item\":\"https:\/\/arak.spicehorse.eu\/sk\/predajna\/\"},{\"@type\":\"ListItem\",\"position\":3,\"name\":\"QHP Sparkle \u017eab\u00f3\"}]},{\"@type\":\"WebSite\",\"@id\":\"https:\/\/arak.spicehorse.eu\/en\/#website\",\"url\":\"https:\/\/arak.spicehorse.eu\/en\/\",\"name\":\"Spicehorse\",\"description\":\"UNDER DEVELOPMENT -\",\"potentialAction\":[{\"@type\":\"SearchAction\",\"target\":{\"@type\":\"EntryPoint\",\"urlTemplate\":\"https:\/\/arak.spicehorse.eu\/en\/?s={search_term_string}\"},\"query-input\":\"required name=search_term_string\"}],\"inLanguage\":\"sk-SK\"}]}<\/script>\n<!-- \/ Yoast SEO plugin. -->","yoast_head_json":{"title":"QHP Sparkle \u017eab\u00f3 - Spicehorse","description":"spicehorse.eu | Leskl\u00e9 biele sat\u00e9nov\u00e9 QHP \u017eab\u00f3 so \u0161t\u00fdlov\u00fdmi detailmi. S perle\u0165ov\u00fdmi \u0161trasmi r\u00f4znych ve\u013ekost\u00ed je dokonal\u00fdm doplnkom s\u00fa\u0165a\u017en\u00e9ho outfitu.","robots":{"index":"index","follow":"follow","max-snippet":"max-snippet:-1","max-image-preview":"max-image-preview:large","max-video-preview":"max-video-preview:-1"},"canonical":"https:\/\/arak.spicehorse.eu\/termek\/qhp-sparkle-zsabo\/","og_locale":"sk_SK","og_type":"article","og_title":"QHP Sparkle \u017eab\u00f3 - Spicehorse","og_description":"spicehorse.eu | Leskl\u00e9 biele sat\u00e9nov\u00e9 QHP \u017eab\u00f3 so \u0161t\u00fdlov\u00fdmi detailmi. S perle\u0165ov\u00fdmi \u0161trasmi r\u00f4znych ve\u013ekost\u00ed je dokonal\u00fdm doplnkom s\u00fa\u0165a\u017en\u00e9ho outfitu.","og_url":"https:\/\/arak.spicehorse.eu\/termek\/qhp-sparkle-zsabo\/","og_site_name":"Spicehorse","article_publisher":"https:\/\/www.facebook.com\/SPICEHORSE-550385625402457\/","article_modified_time":"2022-09-29T14:46:16+00:00","og_image":[{"width":800,"height":800,"url":"https:\/\/arak.spicehorse.eu\/wp-content\/uploads\/2022\/09\/8106_1-1.jpg","type":"image\/jpeg"}],"twitter_card":"summary_large_image","schema":{"@context":"https:\/\/schema.org","@graph":[{"@type":"WebPage","@id":"https:\/\/arak.spicehorse.eu\/termek\/qhp-sparkle-zsabo\/","url":"https:\/\/arak.spicehorse.eu\/termek\/qhp-sparkle-zsabo\/","name":"QHP Sparkle \u017eab\u00f3 - Spicehorse","isPartOf":{"@id":"https:\/\/arak.spicehorse.eu\/en\/#website"},"datePublished":"2022-09-23T15:15:51+00:00","dateModified":"2022-09-29T14:46:16+00:00","description":"spicehorse.eu | Leskl\u00e9 biele sat\u00e9nov\u00e9 QHP \u017eab\u00f3 so \u0161t\u00fdlov\u00fdmi detailmi. S perle\u0165ov\u00fdmi \u0161trasmi r\u00f4znych ve\u013ekost\u00ed je dokonal\u00fdm doplnkom s\u00fa\u0165a\u017en\u00e9ho outfitu.","breadcrumb":{"@id":"https:\/\/arak.spicehorse.eu\/termek\/qhp-sparkle-zsabo\/#breadcrumb"},"inLanguage":"sk-SK","potentialAction":[{"@type":"ReadAction","target":["https:\/\/arak.spicehorse.eu\/termek\/qhp-sparkle-zsabo\/"]}]},{"@type":"BreadcrumbList","@id":"https:\/\/arak.spicehorse.eu\/termek\/qhp-sparkle-zsabo\/#breadcrumb","itemListElement":[{"@type":"ListItem","position":1,"name":"Home","item":"https:\/\/arak.spicehorse.eu\/sk\/"},{"@type":"ListItem","position":2,"name":"Predaj\u0148a","item":"https:\/\/arak.spicehorse.eu\/sk\/predajna\/"},{"@type":"ListItem","position":3,"name":"QHP Sparkle \u017eab\u00f3"}]},{"@type":"WebSite","@id":"https:\/\/arak.spicehorse.eu\/en\/#website","url":"https:\/\/arak.spicehorse.eu\/en\/","name":"Spicehorse","description":"UNDER DEVELOPMENT -","potentialAction":[{"@type":"SearchAction","target":{"@type":"EntryPoint","urlTemplate":"https:\/\/arak.spicehorse.eu\/en\/?s={search_term_string}"},"query-input":"required name=search_term_string"}],"inLanguage":"sk-SK"}]}},"_links":{"self":[{"href":"https:\/\/arak.spicehorse.eu\/sk\/wp-json\/wp\/v2\/product\/72854"}],"collection":[{"href":"https:\/\/arak.spicehorse.eu\/sk\/wp-json\/wp\/v2\/product"}],"about":[{"href":"https:\/\/arak.spicehorse.eu\/sk\/wp-json\/wp\/v2\/types\/product"}],"wp:featuredmedia":[{"embeddable":true,"href":"https:\/\/arak.spicehorse.eu\/sk\/wp-json\/wp\/v2\/media\/73286"}],"wp:attachment":[{"href":"https:\/\/arak.spicehorse.eu\/sk\/wp-json\/wp\/v2\/media?parent=72854"}],"wp:term":[{"taxonomy":"product_cat","embeddable":true,"href":"https:\/\/arak.spicehorse.eu\/sk\/wp-json\/wp\/v2\/product_cat?post=72854"},{"taxonomy":"product_tag","embeddable":true,"href":"https:\/\/arak.spicehorse.eu\/sk\/wp-json\/wp\/v2\/product_tag?post=72854"}],"curies":[{"name":"wp","href":"https:\/\/api.w.org\/{rel}","templated":true}]}}