{"id":72871,"date":"2022-09-23T17:46:16","date_gmt":"2022-09-23T15:46:18","guid":{"rendered":"https:\/\/arak.spicehorse.eu\/?post_type=product&#038;p=72871"},"modified":"2022-09-29T16:47:38","modified_gmt":"2022-09-29T14:47:38","slug":"qhp-john-kravata","status":"publish","type":"product","link":"https:\/\/arak.spicehorse.eu\/sk\/produkt\/qhp-john-kravata\/","title":{"rendered":"QHP John kravata"},"content":{"rendered":"<p>QHP John s\u00fa\u0165a\u017en\u00e1 kravata sa \u013eahko oblieka v\u010fa skryt\u00e9mu zipsu. Potiahnut\u00edm kr\u010dnej \u010dasti bude vo\u013enej\u0161ia, potiahnut\u00edm krat\u0161ej \u010dasti bude u\u017e\u0161ia. Na kravate je diagon\u00e1lny bodkovan\u00fd vzor, na spodku sa nach\u00e1dza QHP v\u00fd\u0161ivka.<\/p>\n","protected":false},"excerpt":{"rendered":"<ul>\n<li>Kravata so zipsom<\/li>\n<li>Na spodku QHP v\u00fd\u0161ivka<\/li>\n<li>S\u00a0diagon\u00e1lne bodkovan\u00fdm vzorom<\/li>\n<li>S\u00a0vopred uviazan\u00fdm uzlom<\/li>\n<li>V\u010faka zipsu sa \u013eahko oblieka<\/li>\n<\/ul>\n","protected":false},"featured_media":73283,"template":"","meta":{"_acf_changed":false},"product_cat":[76,308],"product_tag":[1973,2035],"acf":[],"yoast_head":"<!-- This site is optimized with the Yoast SEO plugin v21.4 - https:\/\/yoast.com\/wordpress\/plugins\/seo\/ -->\n<title>QHP John kravata - Spicehorse<\/title>\n<meta name=\"description\" content=\"spicehorse.eu | QHP John s\u00fa\u0165a\u017en\u00e1 kravata sa \u013eahko oblieka v\u010fa skryt\u00e9mu zipsu. Potiahnut\u00edm kr\u010dnej \u010dasti bude vo\u013enej\u0161ia, potiahnut\u00edm krat\u0161ej \u010dasti bude u\u017e\u0161ia.\" \/>\n<meta name=\"robots\" content=\"index, follow, max-snippet:-1, max-image-preview:large, max-video-preview:-1\" \/>\n<link rel=\"canonical\" href=\"https:\/\/arak.spicehorse.eu\/termek\/qhp-john-nyakkendo\/\" \/>\n<meta property=\"og:locale\" content=\"sk_SK\" \/>\n<meta property=\"og:type\" content=\"article\" \/>\n<meta property=\"og:title\" content=\"QHP John kravata - Spicehorse\" \/>\n<meta property=\"og:description\" content=\"spicehorse.eu | QHP John s\u00fa\u0165a\u017en\u00e1 kravata sa \u013eahko oblieka v\u010fa skryt\u00e9mu zipsu. Potiahnut\u00edm kr\u010dnej \u010dasti bude vo\u013enej\u0161ia, potiahnut\u00edm krat\u0161ej \u010dasti bude u\u017e\u0161ia.\" \/>\n<meta property=\"og:url\" content=\"https:\/\/arak.spicehorse.eu\/termek\/qhp-john-nyakkendo\/\" \/>\n<meta property=\"og:site_name\" content=\"Spicehorse\" \/>\n<meta property=\"article:publisher\" content=\"https:\/\/www.facebook.com\/SPICEHORSE-550385625402457\/\" \/>\n<meta property=\"article:modified_time\" content=\"2022-09-29T14:47:38+00:00\" \/>\n<meta property=\"og:image\" content=\"https:\/\/arak.spicehorse.eu\/wp-content\/uploads\/2022\/09\/8312wi_1.jpeg\" \/>\n\t<meta property=\"og:image:width\" content=\"800\" \/>\n\t<meta property=\"og:image:height\" content=\"800\" \/>\n\t<meta property=\"og:image:type\" content=\"image\/jpeg\" \/>\n<meta name=\"twitter:card\" content=\"summary_large_image\" \/>\n<script type=\"application\/ld+json\" class=\"yoast-schema-graph\">{\"@context\":\"https:\/\/schema.org\",\"@graph\":[{\"@type\":\"WebPage\",\"@id\":\"https:\/\/arak.spicehorse.eu\/termek\/qhp-john-nyakkendo\/\",\"url\":\"https:\/\/arak.spicehorse.eu\/termek\/qhp-john-nyakkendo\/\",\"name\":\"QHP John kravata - Spicehorse\",\"isPartOf\":{\"@id\":\"https:\/\/arak.spicehorse.eu\/en\/#website\"},\"datePublished\":\"2022-09-23T15:46:18+00:00\",\"dateModified\":\"2022-09-29T14:47:38+00:00\",\"description\":\"spicehorse.eu | QHP John s\u00fa\u0165a\u017en\u00e1 kravata sa \u013eahko oblieka v\u010fa skryt\u00e9mu zipsu. Potiahnut\u00edm kr\u010dnej \u010dasti bude vo\u013enej\u0161ia, potiahnut\u00edm krat\u0161ej \u010dasti bude u\u017e\u0161ia.\",\"breadcrumb\":{\"@id\":\"https:\/\/arak.spicehorse.eu\/termek\/qhp-john-nyakkendo\/#breadcrumb\"},\"inLanguage\":\"sk-SK\",\"potentialAction\":[{\"@type\":\"ReadAction\",\"target\":[\"https:\/\/arak.spicehorse.eu\/termek\/qhp-john-nyakkendo\/\"]}]},{\"@type\":\"BreadcrumbList\",\"@id\":\"https:\/\/arak.spicehorse.eu\/termek\/qhp-john-nyakkendo\/#breadcrumb\",\"itemListElement\":[{\"@type\":\"ListItem\",\"position\":1,\"name\":\"Home\",\"item\":\"https:\/\/arak.spicehorse.eu\/sk\/\"},{\"@type\":\"ListItem\",\"position\":2,\"name\":\"Predaj\u0148a\",\"item\":\"https:\/\/arak.spicehorse.eu\/sk\/predajna\/\"},{\"@type\":\"ListItem\",\"position\":3,\"name\":\"QHP John kravata\"}]},{\"@type\":\"WebSite\",\"@id\":\"https:\/\/arak.spicehorse.eu\/en\/#website\",\"url\":\"https:\/\/arak.spicehorse.eu\/en\/\",\"name\":\"Spicehorse\",\"description\":\"UNDER DEVELOPMENT -\",\"potentialAction\":[{\"@type\":\"SearchAction\",\"target\":{\"@type\":\"EntryPoint\",\"urlTemplate\":\"https:\/\/arak.spicehorse.eu\/en\/?s={search_term_string}\"},\"query-input\":\"required name=search_term_string\"}],\"inLanguage\":\"sk-SK\"}]}<\/script>\n<!-- \/ Yoast SEO plugin. -->","yoast_head_json":{"title":"QHP John kravata - Spicehorse","description":"spicehorse.eu | QHP John s\u00fa\u0165a\u017en\u00e1 kravata sa \u013eahko oblieka v\u010fa skryt\u00e9mu zipsu. Potiahnut\u00edm kr\u010dnej \u010dasti bude vo\u013enej\u0161ia, potiahnut\u00edm krat\u0161ej \u010dasti bude u\u017e\u0161ia.","robots":{"index":"index","follow":"follow","max-snippet":"max-snippet:-1","max-image-preview":"max-image-preview:large","max-video-preview":"max-video-preview:-1"},"canonical":"https:\/\/arak.spicehorse.eu\/termek\/qhp-john-nyakkendo\/","og_locale":"sk_SK","og_type":"article","og_title":"QHP John kravata - Spicehorse","og_description":"spicehorse.eu | QHP John s\u00fa\u0165a\u017en\u00e1 kravata sa \u013eahko oblieka v\u010fa skryt\u00e9mu zipsu. Potiahnut\u00edm kr\u010dnej \u010dasti bude vo\u013enej\u0161ia, potiahnut\u00edm krat\u0161ej \u010dasti bude u\u017e\u0161ia.","og_url":"https:\/\/arak.spicehorse.eu\/termek\/qhp-john-nyakkendo\/","og_site_name":"Spicehorse","article_publisher":"https:\/\/www.facebook.com\/SPICEHORSE-550385625402457\/","article_modified_time":"2022-09-29T14:47:38+00:00","og_image":[{"width":800,"height":800,"url":"https:\/\/arak.spicehorse.eu\/wp-content\/uploads\/2022\/09\/8312wi_1.jpeg","type":"image\/jpeg"}],"twitter_card":"summary_large_image","schema":{"@context":"https:\/\/schema.org","@graph":[{"@type":"WebPage","@id":"https:\/\/arak.spicehorse.eu\/termek\/qhp-john-nyakkendo\/","url":"https:\/\/arak.spicehorse.eu\/termek\/qhp-john-nyakkendo\/","name":"QHP John kravata - Spicehorse","isPartOf":{"@id":"https:\/\/arak.spicehorse.eu\/en\/#website"},"datePublished":"2022-09-23T15:46:18+00:00","dateModified":"2022-09-29T14:47:38+00:00","description":"spicehorse.eu | QHP John s\u00fa\u0165a\u017en\u00e1 kravata sa \u013eahko oblieka v\u010fa skryt\u00e9mu zipsu. Potiahnut\u00edm kr\u010dnej \u010dasti bude vo\u013enej\u0161ia, potiahnut\u00edm krat\u0161ej \u010dasti bude u\u017e\u0161ia.","breadcrumb":{"@id":"https:\/\/arak.spicehorse.eu\/termek\/qhp-john-nyakkendo\/#breadcrumb"},"inLanguage":"sk-SK","potentialAction":[{"@type":"ReadAction","target":["https:\/\/arak.spicehorse.eu\/termek\/qhp-john-nyakkendo\/"]}]},{"@type":"BreadcrumbList","@id":"https:\/\/arak.spicehorse.eu\/termek\/qhp-john-nyakkendo\/#breadcrumb","itemListElement":[{"@type":"ListItem","position":1,"name":"Home","item":"https:\/\/arak.spicehorse.eu\/sk\/"},{"@type":"ListItem","position":2,"name":"Predaj\u0148a","item":"https:\/\/arak.spicehorse.eu\/sk\/predajna\/"},{"@type":"ListItem","position":3,"name":"QHP John kravata"}]},{"@type":"WebSite","@id":"https:\/\/arak.spicehorse.eu\/en\/#website","url":"https:\/\/arak.spicehorse.eu\/en\/","name":"Spicehorse","description":"UNDER DEVELOPMENT -","potentialAction":[{"@type":"SearchAction","target":{"@type":"EntryPoint","urlTemplate":"https:\/\/arak.spicehorse.eu\/en\/?s={search_term_string}"},"query-input":"required name=search_term_string"}],"inLanguage":"sk-SK"}]}},"_links":{"self":[{"href":"https:\/\/arak.spicehorse.eu\/sk\/wp-json\/wp\/v2\/product\/72871"}],"collection":[{"href":"https:\/\/arak.spicehorse.eu\/sk\/wp-json\/wp\/v2\/product"}],"about":[{"href":"https:\/\/arak.spicehorse.eu\/sk\/wp-json\/wp\/v2\/types\/product"}],"wp:featuredmedia":[{"embeddable":true,"href":"https:\/\/arak.spicehorse.eu\/sk\/wp-json\/wp\/v2\/media\/73283"}],"wp:attachment":[{"href":"https:\/\/arak.spicehorse.eu\/sk\/wp-json\/wp\/v2\/media?parent=72871"}],"wp:term":[{"taxonomy":"product_cat","embeddable":true,"href":"https:\/\/arak.spicehorse.eu\/sk\/wp-json\/wp\/v2\/product_cat?post=72871"},{"taxonomy":"product_tag","embeddable":true,"href":"https:\/\/arak.spicehorse.eu\/sk\/wp-json\/wp\/v2\/product_tag?post=72871"}],"curies":[{"name":"wp","href":"https:\/\/api.w.org\/{rel}","templated":true}]}}